{"id":8944,"date":"2023-04-18T15:13:16","date_gmt":"2023-04-18T13:13:16","guid":{"rendered":"https:\/\/loeser.createch-media.com\/?page_id=8944"},"modified":"2025-04-08T10:01:11","modified_gmt":"2025-04-08T08:01:11","slug":"ponceuse-lineaire","status":"publish","type":"page","link":"https:\/\/www.wloeser.com\/fr\/rubans\/meuleuses-a-main\/ponceuse-lineaire\/","title":{"rendered":"Ponceuse lin\u00e9aire"},"content":{"rendered":"\n<h1 class=\"wp-block-heading\">Ponceuse lin\u00e9aire<\/h1>\n\n\n\n<div class=\"wp-block-stackable-columns stk-block-columns stk-block stk-b22dad5\" data-block-id=\"b22dad5\"><div class=\"stk-row stk-inner-blocks stk-block-content stk-content-align stk-b22dad5-column\">\n<div class=\"wp-block-stackable-column stk-block-column stk-column stk-block stk-d1b8088\" data-v=\"4\" data-block-id=\"d1b8088\"><div class=\"stk-column-wrapper stk-block-column__content stk-container stk-d1b8088-container stk--no-background stk--no-padding\"><div class=\"stk-block-content stk-inner-blocks stk-d1b8088-inner-blocks\">\n<div class=\"wp-block-stackable-card stk-block-card stk-block stk-75e4a62 is-style-default\" data-v=\"2\" data-block-id=\"75e4a62\"><style>.stk-75e4a62 .stk-block-card__image img{transform:scale(0.8) !important;object-fit:contain !important;}<\/style><div class=\"stk--no-padding stk-container stk-75e4a62-container stk-hover-parent\"><figure class=\"stk-block-card__image stk-img-wrapper stk-image--shape-stretch\"><img loading=\"lazy\" decoding=\"async\" class=\"stk-img wp-image-6240\" src=\"https:\/\/www.wloeser.com\/wp-content\/uploads\/2023\/05\/57400-dynabrade-thumb-300x198.jpg\" width=\"300\" height=\"198\" alt=\"Dynabrade Linearschleifer 57400, 57407, 57401, 57404\" srcset=\"https:\/\/www.wloeser.com\/wp-content\/uploads\/2023\/05\/57400-dynabrade-thumb-300x198.jpg 300w, https:\/\/www.wloeser.com\/wp-content\/uploads\/2023\/05\/57400-dynabrade-thumb.jpg 600w\" sizes=\"auto, (max-width: 300px) 100vw, 300px\" \/><\/figure><div class=\"stk-container-padding stk-block-card__content\"><div class=\"stk-block-content stk-inner-blocks stk-75e4a62-inner-blocks\">\n<div class=\"wp-block-stackable-heading stk-block-heading stk-block-heading--v2 stk-block stk-2e84d22\" id=\"a-href-https-loeser-createch-media-com-fr-ponceuse-lineaire-dynabrade-ponceuse-dynaline-57400-57407-57401-57404-dynabrade-ponceuse-dynaline-57400-57407-57401-57404-a\" data-block-id=\"2e84d22\"><h4 class=\"stk-block-heading__text\"><a href=\"https:\/\/www.wloeser.com\/fr\/ponceuse-lineaire\/dynabrade-ponceuse-dynaline-57400-57407-57401-57404\/\">Dynabrade Ponceuse Dynaline 57400, 57407, 57401, 57404<\/a><\/h4><\/div>\n<\/div><\/div><a class=\"stk-link stk-block-link stk--transparent-overlay\" href=\"https:\/\/www.wloeser.com\/fr\/ponceuse-lineaire\/dynabrade-ponceuse-dynaline-57400-57407-57401-57404\/\" aria-hidden=\"true\" tabindex=\"-1\"><\/a><\/div><\/div>\n<\/div><\/div><\/div>\n\n\n\n<div class=\"wp-block-stackable-column stk-block-column stk-column stk-block stk-199c216\" data-v=\"4\" data-block-id=\"199c216\"><div class=\"stk-column-wrapper stk-block-column__content stk-container stk-199c216-container stk--no-background stk--no-padding\"><div class=\"stk-block-content stk-inner-blocks stk-199c216-inner-blocks\">\n<div class=\"wp-block-stackable-card stk-block-card stk-block stk-91566e7 is-style-default\" data-v=\"2\" data-block-id=\"91566e7\"><style>.stk-91566e7 .stk-block-card__image img{transform:scale(0.9) !important;object-fit:contain !important;}<\/style><div class=\"stk--no-padding stk-container stk-91566e7-container stk-hover-parent\"><figure class=\"stk-block-card__image stk-img-wrapper stk-image--shape-stretch\"><img loading=\"lazy\" decoding=\"async\" class=\"stk-img wp-image-6246\" src=\"https:\/\/www.wloeser.com\/wp-content\/uploads\/2023\/05\/51350-dynabrade-thumb-300x156.jpg\" width=\"300\" height=\"156\" alt=\"Mini-Dynafile II Vakuum-Schleifbandger\u00e4t 15002\" srcset=\"https:\/\/www.wloeser.com\/wp-content\/uploads\/2023\/05\/51350-dynabrade-thumb-300x156.jpg 300w, https:\/\/www.wloeser.com\/wp-content\/uploads\/2023\/05\/51350-dynabrade-thumb.jpg 600w\" sizes=\"auto, (max-width: 300px) 100vw, 300px\" \/><\/figure><div class=\"stk-container-padding stk-block-card__content\"><div class=\"stk-block-content stk-inner-blocks stk-91566e7-inner-blocks\">\n<div class=\"wp-block-stackable-heading stk-block-heading stk-block-heading--v2 stk-block stk-2905da5\" id=\"a-href-https-loeser-createch-media-com-fr-ponceuse-lineaire-dynabrade-ponceuse-lineaire-51350-sans-aspiration-dynabrade-ponceuse-lineaire-51350-sans-aspiration-a\" data-block-id=\"2905da5\"><h4 class=\"stk-block-heading__text\"><a href=\"https:\/\/www.wloeser.com\/fr\/ponceuse-lineaire\/dynabrade-ponceuse-lineaire-51350-sans-aspiration\/\">Dynabrade Ponceuse lin\u00e9aire 51350, sans aspiration<\/a><\/h4><\/div>\n<\/div><\/div><a class=\"stk-link stk-block-link stk--transparent-overlay\" href=\"https:\/\/www.wloeser.com\/fr\/ponceuse-lineaire\/dynabrade-ponceuse-lineaire-51350-sans-aspiration\/\" aria-hidden=\"true\" tabindex=\"-1\"><\/a><\/div><\/div>\n<\/div><\/div><\/div>\n\n\n\n<div class=\"wp-block-stackable-column stk-block-column stk-column stk-block stk-8b3a49c\" data-v=\"4\" data-block-id=\"8b3a49c\"><div class=\"stk-column-wrapper stk-block-column__content stk-container stk-8b3a49c-container stk--no-background stk--no-padding\"><div class=\"stk-block-content stk-inner-blocks stk-8b3a49c-inner-blocks\"><\/div><\/div><\/div>\n<\/div><\/div>\n","protected":false},"excerpt":{"rendered":"<p>Ponceuse lin\u00e9aire Dynabrade Ponceuse Dynaline 57400, 57407, 57401, 57404 Dynabrade Ponceuse lin\u00e9aire 51350, sans aspiration<\/p>\n","protected":false},"author":1,"featured_media":0,"parent":12482,"menu_order":5,"comment_status":"closed","ping_status":"closed","template":"templates\/template-full-width.php","meta":{"pgc_sgb_lightbox_settings":"","footnotes":""},"class_list":["post-8944","page","type-page","status-publish","hentry"],"yoast_head":"<!-- This site is optimized with the Yoast SEO plugin v26.8 - https:\/\/yoast.com\/product\/yoast-seo-wordpress\/ -->\n<title>Ponceuse lin\u00e9aire - Loeser Schleifmaschinen<\/title>\n<meta name=\"description\" content=\"La ponceuse lin\u00e9aire est un outil polyvalent qui peut \u00eatre utilis\u00e9 dans divers domaines, tels que les portes, les tables ou les panneaux de bois.\" \/>\n<meta name=\"robots\" content=\"index, follow, max-snippet:-1, max-image-preview:large, max-video-preview:-1\" \/>\n<link rel=\"canonical\" href=\"https:\/\/www.wloeser.com\/fr\/rubans\/meuleuses-a-main\/ponceuse-lineaire\/\" \/>\n<meta property=\"og:locale\" content=\"fr_FR\" \/>\n<meta property=\"og:type\" content=\"article\" \/>\n<meta property=\"og:title\" content=\"Ponceuse lin\u00e9aire - Loeser Schleifmaschinen\" \/>\n<meta property=\"og:description\" content=\"La ponceuse lin\u00e9aire est un outil polyvalent qui peut \u00eatre utilis\u00e9 dans divers domaines, tels que les portes, les tables ou les panneaux de bois.\" \/>\n<meta property=\"og:url\" content=\"https:\/\/www.wloeser.com\/fr\/rubans\/meuleuses-a-main\/ponceuse-lineaire\/\" \/>\n<meta property=\"og:site_name\" content=\"Loeser Schleifmaschinen\" \/>\n<meta property=\"article:modified_time\" content=\"2025-04-08T08:01:11+00:00\" \/>\n<meta property=\"og:image\" content=\"https:\/\/www.wloeser.com\/wp-content\/uploads\/2023\/05\/57400-dynabrade-thumb.jpg\" \/>\n\t<meta property=\"og:image:width\" content=\"600\" \/>\n\t<meta property=\"og:image:height\" content=\"395\" \/>\n\t<meta property=\"og:image:type\" content=\"image\/jpeg\" \/>\n<meta name=\"twitter:card\" content=\"summary_large_image\" \/>\n<meta name=\"twitter:label1\" content=\"Dur\u00e9e de lecture estim\u00e9e\" \/>\n\t<meta name=\"twitter:data1\" content=\"1 minute\" \/>\n<script type=\"application\/ld+json\" class=\"yoast-schema-graph\">{\"@context\":\"https:\/\/schema.org\",\"@graph\":[{\"@type\":\"WebPage\",\"@id\":\"https:\/\/www.wloeser.com\/fr\/rubans\/meuleuses-a-main\/ponceuse-lineaire\/\",\"url\":\"https:\/\/www.wloeser.com\/fr\/rubans\/meuleuses-a-main\/ponceuse-lineaire\/\",\"name\":\"Ponceuse lin\u00e9aire - Loeser Schleifmaschinen\",\"isPartOf\":{\"@id\":\"https:\/\/www.wloeser.com\/fr\/#website\"},\"primaryImageOfPage\":{\"@id\":\"https:\/\/www.wloeser.com\/fr\/rubans\/meuleuses-a-main\/ponceuse-lineaire\/#primaryimage\"},\"image\":{\"@id\":\"https:\/\/www.wloeser.com\/fr\/rubans\/meuleuses-a-main\/ponceuse-lineaire\/#primaryimage\"},\"thumbnailUrl\":\"https:\/\/www.wloeser.com\/wp-content\/uploads\/2023\/05\/57400-dynabrade-thumb-300x198.jpg\",\"datePublished\":\"2023-04-18T13:13:16+00:00\",\"dateModified\":\"2025-04-08T08:01:11+00:00\",\"description\":\"La ponceuse lin\u00e9aire est un outil polyvalent qui peut \u00eatre utilis\u00e9 dans divers domaines, tels que les portes, les tables ou les panneaux de bois.\",\"breadcrumb\":{\"@id\":\"https:\/\/www.wloeser.com\/fr\/rubans\/meuleuses-a-main\/ponceuse-lineaire\/#breadcrumb\"},\"inLanguage\":\"fr-FR\",\"potentialAction\":[{\"@type\":\"ReadAction\",\"target\":[\"https:\/\/www.wloeser.com\/fr\/rubans\/meuleuses-a-main\/ponceuse-lineaire\/\"]}]},{\"@type\":\"ImageObject\",\"inLanguage\":\"fr-FR\",\"@id\":\"https:\/\/www.wloeser.com\/fr\/rubans\/meuleuses-a-main\/ponceuse-lineaire\/#primaryimage\",\"url\":\"https:\/\/www.wloeser.com\/wp-content\/uploads\/2023\/05\/57400-dynabrade-thumb-300x198.jpg\",\"contentUrl\":\"https:\/\/www.wloeser.com\/wp-content\/uploads\/2023\/05\/57400-dynabrade-thumb-300x198.jpg\"},{\"@type\":\"BreadcrumbList\",\"@id\":\"https:\/\/www.wloeser.com\/fr\/rubans\/meuleuses-a-main\/ponceuse-lineaire\/#breadcrumb\",\"itemListElement\":[{\"@type\":\"ListItem\",\"position\":1,\"name\":\"Page d'accueil\",\"item\":\"https:\/\/www.wloeser.com\/fr\/\"},{\"@type\":\"ListItem\",\"position\":2,\"name\":\"Produits\",\"item\":\"https:\/\/www.wloeser.com\/fr\/rubans\/\"},{\"@type\":\"ListItem\",\"position\":3,\"name\":\"Meuleuses \u00e0 main\",\"item\":\"https:\/\/www.wloeser.com\/fr\/rubans\/meuleuses-a-main\/\"},{\"@type\":\"ListItem\",\"position\":4,\"name\":\"Ponceuse lin\u00e9aire\"}]},{\"@type\":\"WebSite\",\"@id\":\"https:\/\/www.wloeser.com\/fr\/#website\",\"url\":\"https:\/\/www.wloeser.com\/fr\/\",\"name\":\"Loeser Schleifmaschinen\",\"description\":\"\",\"publisher\":{\"@id\":\"https:\/\/www.wloeser.com\/fr\/#organization\"},\"potentialAction\":[{\"@type\":\"SearchAction\",\"target\":{\"@type\":\"EntryPoint\",\"urlTemplate\":\"https:\/\/www.wloeser.com\/fr\/?s={search_term_string}\"},\"query-input\":{\"@type\":\"PropertyValueSpecification\",\"valueRequired\":true,\"valueName\":\"search_term_string\"}}],\"inLanguage\":\"fr-FR\"},{\"@type\":\"Organization\",\"@id\":\"https:\/\/www.wloeser.com\/fr\/#organization\",\"name\":\"Loeser Schleifmaschinen\",\"url\":\"https:\/\/www.wloeser.com\/fr\/\",\"logo\":{\"@type\":\"ImageObject\",\"inLanguage\":\"fr-FR\",\"@id\":\"https:\/\/www.wloeser.com\/fr\/#\/schema\/logo\/image\/\",\"url\":\"https:\/\/www.wloeser.com\/wp-content\/uploads\/2023\/03\/cropped-loeser-logo-2023.jpg\",\"contentUrl\":\"https:\/\/www.wloeser.com\/wp-content\/uploads\/2023\/03\/cropped-loeser-logo-2023.jpg\",\"width\":500,\"height\":238,\"caption\":\"Loeser Schleifmaschinen\"},\"image\":{\"@id\":\"https:\/\/www.wloeser.com\/fr\/#\/schema\/logo\/image\/\"}}]}<\/script>\n<!-- \/ Yoast SEO plugin. -->","yoast_head_json":{"title":"Ponceuse lin\u00e9aire - Loeser Schleifmaschinen","description":"La ponceuse lin\u00e9aire est un outil polyvalent qui peut \u00eatre utilis\u00e9 dans divers domaines, tels que les portes, les tables ou les panneaux de bois.","robots":{"index":"index","follow":"follow","max-snippet":"max-snippet:-1","max-image-preview":"max-image-preview:large","max-video-preview":"max-video-preview:-1"},"canonical":"https:\/\/www.wloeser.com\/fr\/rubans\/meuleuses-a-main\/ponceuse-lineaire\/","og_locale":"fr_FR","og_type":"article","og_title":"Ponceuse lin\u00e9aire - Loeser Schleifmaschinen","og_description":"La ponceuse lin\u00e9aire est un outil polyvalent qui peut \u00eatre utilis\u00e9 dans divers domaines, tels que les portes, les tables ou les panneaux de bois.","og_url":"https:\/\/www.wloeser.com\/fr\/rubans\/meuleuses-a-main\/ponceuse-lineaire\/","og_site_name":"Loeser Schleifmaschinen","article_modified_time":"2025-04-08T08:01:11+00:00","og_image":[{"width":600,"height":395,"url":"https:\/\/www.wloeser.com\/wp-content\/uploads\/2023\/05\/57400-dynabrade-thumb.jpg","type":"image\/jpeg"}],"twitter_card":"summary_large_image","twitter_misc":{"Dur\u00e9e de lecture estim\u00e9e":"1 minute"},"schema":{"@context":"https:\/\/schema.org","@graph":[{"@type":"WebPage","@id":"https:\/\/www.wloeser.com\/fr\/rubans\/meuleuses-a-main\/ponceuse-lineaire\/","url":"https:\/\/www.wloeser.com\/fr\/rubans\/meuleuses-a-main\/ponceuse-lineaire\/","name":"Ponceuse lin\u00e9aire - Loeser Schleifmaschinen","isPartOf":{"@id":"https:\/\/www.wloeser.com\/fr\/#website"},"primaryImageOfPage":{"@id":"https:\/\/www.wloeser.com\/fr\/rubans\/meuleuses-a-main\/ponceuse-lineaire\/#primaryimage"},"image":{"@id":"https:\/\/www.wloeser.com\/fr\/rubans\/meuleuses-a-main\/ponceuse-lineaire\/#primaryimage"},"thumbnailUrl":"https:\/\/www.wloeser.com\/wp-content\/uploads\/2023\/05\/57400-dynabrade-thumb-300x198.jpg","datePublished":"2023-04-18T13:13:16+00:00","dateModified":"2025-04-08T08:01:11+00:00","description":"La ponceuse lin\u00e9aire est un outil polyvalent qui peut \u00eatre utilis\u00e9 dans divers domaines, tels que les portes, les tables ou les panneaux de bois.","breadcrumb":{"@id":"https:\/\/www.wloeser.com\/fr\/rubans\/meuleuses-a-main\/ponceuse-lineaire\/#breadcrumb"},"inLanguage":"fr-FR","potentialAction":[{"@type":"ReadAction","target":["https:\/\/www.wloeser.com\/fr\/rubans\/meuleuses-a-main\/ponceuse-lineaire\/"]}]},{"@type":"ImageObject","inLanguage":"fr-FR","@id":"https:\/\/www.wloeser.com\/fr\/rubans\/meuleuses-a-main\/ponceuse-lineaire\/#primaryimage","url":"https:\/\/www.wloeser.com\/wp-content\/uploads\/2023\/05\/57400-dynabrade-thumb-300x198.jpg","contentUrl":"https:\/\/www.wloeser.com\/wp-content\/uploads\/2023\/05\/57400-dynabrade-thumb-300x198.jpg"},{"@type":"BreadcrumbList","@id":"https:\/\/www.wloeser.com\/fr\/rubans\/meuleuses-a-main\/ponceuse-lineaire\/#breadcrumb","itemListElement":[{"@type":"ListItem","position":1,"name":"Page d'accueil","item":"https:\/\/www.wloeser.com\/fr\/"},{"@type":"ListItem","position":2,"name":"Produits","item":"https:\/\/www.wloeser.com\/fr\/rubans\/"},{"@type":"ListItem","position":3,"name":"Meuleuses \u00e0 main","item":"https:\/\/www.wloeser.com\/fr\/rubans\/meuleuses-a-main\/"},{"@type":"ListItem","position":4,"name":"Ponceuse lin\u00e9aire"}]},{"@type":"WebSite","@id":"https:\/\/www.wloeser.com\/fr\/#website","url":"https:\/\/www.wloeser.com\/fr\/","name":"Loeser Schleifmaschinen","description":"","publisher":{"@id":"https:\/\/www.wloeser.com\/fr\/#organization"},"potentialAction":[{"@type":"SearchAction","target":{"@type":"EntryPoint","urlTemplate":"https:\/\/www.wloeser.com\/fr\/?s={search_term_string}"},"query-input":{"@type":"PropertyValueSpecification","valueRequired":true,"valueName":"search_term_string"}}],"inLanguage":"fr-FR"},{"@type":"Organization","@id":"https:\/\/www.wloeser.com\/fr\/#organization","name":"Loeser Schleifmaschinen","url":"https:\/\/www.wloeser.com\/fr\/","logo":{"@type":"ImageObject","inLanguage":"fr-FR","@id":"https:\/\/www.wloeser.com\/fr\/#\/schema\/logo\/image\/","url":"https:\/\/www.wloeser.com\/wp-content\/uploads\/2023\/03\/cropped-loeser-logo-2023.jpg","contentUrl":"https:\/\/www.wloeser.com\/wp-content\/uploads\/2023\/03\/cropped-loeser-logo-2023.jpg","width":500,"height":238,"caption":"Loeser Schleifmaschinen"},"image":{"@id":"https:\/\/www.wloeser.com\/fr\/#\/schema\/logo\/image\/"}}]}},"_links":{"self":[{"href":"https:\/\/www.wloeser.com\/fr\/wp-json\/wp\/v2\/pages\/8944","targetHints":{"allow":["GET"]}}],"collection":[{"href":"https:\/\/www.wloeser.com\/fr\/wp-json\/wp\/v2\/pages"}],"about":[{"href":"https:\/\/www.wloeser.com\/fr\/wp-json\/wp\/v2\/types\/page"}],"author":[{"embeddable":true,"href":"https:\/\/www.wloeser.com\/fr\/wp-json\/wp\/v2\/users\/1"}],"replies":[{"embeddable":true,"href":"https:\/\/www.wloeser.com\/fr\/wp-json\/wp\/v2\/comments?post=8944"}],"version-history":[{"count":5,"href":"https:\/\/www.wloeser.com\/fr\/wp-json\/wp\/v2\/pages\/8944\/revisions"}],"predecessor-version":[{"id":17383,"href":"https:\/\/www.wloeser.com\/fr\/wp-json\/wp\/v2\/pages\/8944\/revisions\/17383"}],"up":[{"embeddable":true,"href":"https:\/\/www.wloeser.com\/fr\/wp-json\/wp\/v2\/pages\/12482"}],"wp:attachment":[{"href":"https:\/\/www.wloeser.com\/fr\/wp-json\/wp\/v2\/media?parent=8944"}],"curies":[{"name":"wp","href":"https:\/\/api.w.org\/{rel}","templated":true}]}}