{"id":8815,"date":"2023-04-18T15:12:13","date_gmt":"2023-04-18T13:12:13","guid":{"rendered":"https:\/\/loeser.createch-media.com\/?page_id=8815"},"modified":"2025-04-08T08:26:10","modified_gmt":"2025-04-08T06:26:10","slug":"ponceuses-excentrique","status":"publish","type":"page","link":"https:\/\/www.wloeser.com\/fr\/rubans\/meuleuses-a-main\/ponceuses-excentrique\/","title":{"rendered":"Ponceuses excentrique"},"content":{"rendered":"\n<h1 class=\"wp-block-heading\">Ponceuses excentrique<\/h1>\n\n\n\n<p class=\"has-text-align-left\">Pon\u00e7age et polissage sans stries du bois, de surfaces en bois laqu\u00e9 de haute brillance , plastiques, cor\u00e9en.<\/p>\n\n\n\n<div class=\"wp-block-stackable-columns stk-block-columns stk-block stk-b22dad5\" data-block-id=\"b22dad5\"><div class=\"stk-row stk-inner-blocks stk-block-content stk-content-align stk-b22dad5-column\">\n<div class=\"wp-block-stackable-column stk-block-column stk-column stk-block stk-d1b8088\" data-v=\"4\" data-block-id=\"d1b8088\"><div class=\"stk-column-wrapper stk-block-column__content stk-container stk-d1b8088-container stk--no-background stk--no-padding\"><div class=\"stk-block-content stk-inner-blocks stk-d1b8088-inner-blocks\">\n<div class=\"wp-block-stackable-card stk-block-card stk-block stk-75e4a62 is-style-default\" data-v=\"2\" data-block-id=\"75e4a62\"><style>.stk-75e4a62 .stk-block-card__image img{transform:scale(0.8) !important;object-fit:contain !important;}<\/style><div class=\"stk--no-padding stk-container stk-75e4a62-container stk-hover-parent\"><figure class=\"stk-block-card__image stk-img-wrapper stk-image--shape-stretch\"><img loading=\"lazy\" decoding=\"async\" class=\"stk-img wp-image-6182\" src=\"https:\/\/www.wloeser.com\/wp-content\/uploads\/2023\/05\/x51-dynabrade-thumb-300x261.jpg\" width=\"300\" height=\"261\" alt=\"Dynabrade Druckluft Exzenterschleifer DYNORBITAL\u00ae EXTREME\" srcset=\"https:\/\/www.wloeser.com\/wp-content\/uploads\/2023\/05\/x51-dynabrade-thumb-300x261.jpg 300w, https:\/\/www.wloeser.com\/wp-content\/uploads\/2023\/05\/x51-dynabrade-thumb.jpg 600w\" sizes=\"auto, (max-width: 300px) 100vw, 300px\" \/><\/figure><div class=\"stk-container-padding stk-block-card__content\"><div class=\"stk-block-content stk-inner-blocks stk-75e4a62-inner-blocks\">\n<div class=\"wp-block-stackable-heading stk-block-heading stk-block-heading--v2 stk-block stk-2e84d22\" id=\"a-href-https-loeser-createch-media-com-fr-ponceuses-excentrique-dynabrade-ponceuse-orbitale-sans-aspiration-dynorbital-extreme-dynabrade-ponceuse-orbitale-sans-aspiration-dynorbital-extreme-a\" data-block-id=\"2e84d22\"><h4 class=\"stk-block-heading__text\"><a href=\"https:\/\/www.wloeser.com\/fr\/ponceuses-excentrique\/dynabrade-ponceuse-orbitale-sans-aspiration-dynorbital-extreme\/\">Dynabrade Ponceuse orbitale sans aspiration Dynorbital Extreme<\/a><\/h4><\/div>\n<\/div><\/div><a class=\"stk-link stk-block-link stk--transparent-overlay\" href=\"https:\/\/www.wloeser.com\/fr\/ponceuses-excentrique\/dynabrade-ponceuse-orbitale-sans-aspiration-dynorbital-extreme\/\" aria-hidden=\"true\" tabindex=\"-1\"><\/a><\/div><\/div>\n<\/div><\/div><\/div>\n\n\n\n<div class=\"wp-block-stackable-column stk-block-column stk-column stk-block stk-199c216\" data-v=\"4\" data-block-id=\"199c216\"><div class=\"stk-column-wrapper stk-block-column__content stk-container stk-199c216-container stk--no-background stk--no-padding\"><div class=\"stk-block-content stk-inner-blocks stk-199c216-inner-blocks\">\n<div class=\"wp-block-stackable-card stk-block-card stk-block stk-d002f32 is-style-default\" data-v=\"2\" data-block-id=\"d002f32\"><style>.stk-d002f32 .stk-block-card__image img{transform:scale(0.9) !important;object-fit:contain !important;}<\/style><div class=\"stk--no-padding stk-container stk-d002f32-container stk-hover-parent\"><figure class=\"stk-block-card__image stk-img-wrapper stk-image--shape-stretch\"><img loading=\"lazy\" decoding=\"async\" class=\"stk-img wp-image-6232\" src=\"https:\/\/www.wloeser.com\/wp-content\/uploads\/2023\/05\/av150-5-za-el-1-thumb-300x195.jpg\" width=\"300\" height=\"195\" alt=\"AirVANTAGE Elektro-Exzenterschleifer AV150\" srcset=\"https:\/\/www.wloeser.com\/wp-content\/uploads\/2023\/05\/av150-5-za-el-1-thumb-300x195.jpg 300w, https:\/\/www.wloeser.com\/wp-content\/uploads\/2023\/05\/av150-5-za-el-1-thumb.jpg 600w\" sizes=\"auto, (max-width: 300px) 100vw, 300px\" \/><\/figure><div class=\"stk-container-padding stk-block-card__content\"><div class=\"stk-block-content stk-inner-blocks stk-d002f32-inner-blocks\">\n<div class=\"wp-block-stackable-heading stk-block-heading stk-block-heading--v2 stk-block stk-dd3b60c\" id=\"a-href-https-loeser-createch-media-com-fr-ponceuses-excentrique-ponceuse-orbitale-electrique-airvantage-av-150-ponceuse-orbitale-electrique-air-vantage-av-150-a\" data-block-id=\"dd3b60c\"><h4 class=\"stk-block-heading__text\"><a href=\"https:\/\/www.wloeser.com\/fr\/ponceuses-excentrique\/ponceuse-orbitale-electrique-airvantage-av150\/\">Ponceuse orbitale \u00e9lectrique AirVANTAGE AV150<\/a><\/h4><\/div>\n<\/div><\/div><a class=\"stk-link stk-block-link stk--transparent-overlay\" href=\"https:\/\/www.wloeser.com\/fr\/ponceuses-excentrique\/ponceuse-orbitale-electrique-airvantage-av150\/\" aria-hidden=\"true\" tabindex=\"-1\"><\/a><\/div><\/div>\n<\/div><\/div><\/div>\n\n\n\n<div class=\"wp-block-stackable-column stk-block-column stk-column stk-block stk-8b3a49c\" data-v=\"4\" data-block-id=\"8b3a49c\"><div class=\"stk-column-wrapper stk-block-column__content stk-container stk-8b3a49c-container stk--no-background stk--no-padding\"><div class=\"stk-block-content stk-inner-blocks stk-8b3a49c-inner-blocks\">\n<div class=\"wp-block-stackable-card stk-block-card stk-block stk-9cc64d9 is-style-default\" data-v=\"2\" data-block-id=\"9cc64d9\"><style>.stk-9cc64d9 .stk-block-card__image img{transform:scale(0.9) !important;object-fit:contain !important;}<\/style><div class=\"stk--no-padding stk-container stk-9cc64d9-container stk-hover-parent\"><figure class=\"stk-block-card__image stk-img-wrapper stk-image--shape-stretch\"><img loading=\"lazy\" decoding=\"async\" class=\"stk-img wp-image-14760\" src=\"https:\/\/www.wloeser.com\/wp-content\/uploads\/2024\/04\/av-341035-300x237.jpg\" width=\"300\" height=\"237\" alt=\"3M Schwingschleifer\" srcset=\"https:\/\/www.wloeser.com\/wp-content\/uploads\/2024\/04\/av-341035-300x237.jpg 300w, https:\/\/www.wloeser.com\/wp-content\/uploads\/2024\/04\/av-341035-768x607.jpg 768w, https:\/\/www.wloeser.com\/wp-content\/uploads\/2024\/04\/av-341035.jpg 771w\" sizes=\"auto, (max-width: 300px) 100vw, 300px\" \/><\/figure><div class=\"stk-container-padding stk-block-card__content\"><div class=\"stk-block-content stk-inner-blocks stk-9cc64d9-inner-blocks\">\n<div class=\"wp-block-stackable-heading stk-block-heading stk-block-heading--v2 stk-block stk-c274e2a\" id=\"a-href-https-loeser-createch-media-com-schleifen-exzenterschleifer-dynabrade-mini-exzenterschleifer-oe-32-53417-dynabrade-mini-exzenterschleifer-o-32-53417-a\" data-block-id=\"c274e2a\"><h4 class=\"stk-block-heading__text\"><a href=\"https:\/\/www.wloeser.com\/fr\/rubans\/ponceuses-excentrique\/ponceuse-orbitale-airvantage\/\">Pon<\/a><a href=\"https:\/\/www.wloeser.com\/fr\/rubans\/ponceuses-excentrique\/ponceuse-orbitale-3m\/\">ceuse orbitale AirVANTAGE<\/a><\/h4><\/div>\n<\/div><\/div><a class=\"stk-link stk-block-link stk--transparent-overlay\" href=\"https:\/\/www.wloeser.com\/fr\/rubans\/ponceuses-excentrique\/ponceuse-orbitale-airvantage\/\" aria-hidden=\"true\" tabindex=\"-1\"><\/a><\/div><\/div>\n<\/div><\/div><\/div>\n<\/div><\/div>\n\n\n\n<div class=\"wp-block-stackable-columns stk-block-columns stk-block stk-4b0e332\" data-block-id=\"4b0e332\"><div class=\"stk-row stk-inner-blocks stk-block-content stk-content-align stk-4b0e332-column\">\n<div class=\"wp-block-stackable-column stk-block-column stk-column stk-block stk-6020a44\" data-v=\"4\" data-block-id=\"6020a44\"><div class=\"stk-column-wrapper stk-block-column__content stk-container stk-6020a44-container stk--no-background stk--no-padding\"><div class=\"stk-block-content stk-inner-blocks stk-6020a44-inner-blocks\">\n<div class=\"wp-block-stackable-card stk-block-card stk-block stk-acfd15f is-style-default\" data-v=\"2\" data-block-id=\"acfd15f\"><style>.stk-acfd15f .stk-block-card__image img{transform:scale(0.9) !important;object-fit:contain !important;}<\/style><div class=\"stk--no-padding stk-container stk-acfd15f-container stk-hover-parent\"><figure class=\"stk-block-card__image stk-img-wrapper stk-image--shape-stretch\"><img loading=\"lazy\" decoding=\"async\" class=\"stk-img wp-image-13391\" src=\"https:\/\/www.wloeser.com\/wp-content\/uploads\/2023\/06\/3m-av32-2-300x172.png\" width=\"300\" height=\"172\" alt=\"3M Bl\u00fctenschleifer AV32-2\" srcset=\"https:\/\/www.wloeser.com\/wp-content\/uploads\/2023\/06\/3m-av32-2-300x172.png 300w, https:\/\/www.wloeser.com\/wp-content\/uploads\/2023\/06\/3m-av32-2-768x440.png 768w, https:\/\/www.wloeser.com\/wp-content\/uploads\/2023\/06\/3m-av32-2.png 800w\" sizes=\"auto, (max-width: 300px) 100vw, 300px\" \/><\/figure><div class=\"stk-container-padding stk-block-card__content\"><div class=\"stk-block-content stk-inner-blocks stk-acfd15f-inner-blocks\">\n<div class=\"wp-block-stackable-heading stk-block-heading stk-block-heading--v2 stk-block stk-17f5cc5\" id=\"a-href-https-loeser-createch-media-com-schleifen-exzenterschleifer-airvantage-elektro-exzenterschleifer-av-150-air-vantage-elektro-exzenterschleifer-av-150-a\" data-block-id=\"17f5cc5\"><h4 class=\"stk-block-heading__text\"><a href=\"https:\/\/www.wloeser.com\/fr\/rubans\/ponceuses-excentrique\/moulin-a-fleurs-3m-av32-2\/\">Moulin \u00e0 fleurs 3M AV32-2<\/a><\/h4><\/div>\n<\/div><\/div><a class=\"stk-link stk-block-link stk--transparent-overlay\" href=\"https:\/\/www.wloeser.com\/fr\/rubans\/ponceuses-excentrique\/moulin-a-fleurs-3m-av32-2\/\" aria-hidden=\"true\" tabindex=\"-1\"><\/a><\/div><\/div>\n<\/div><\/div><\/div>\n\n\n\n<div class=\"wp-block-stackable-column stk-block-column stk-column stk-block stk-17e5573\" data-v=\"4\" data-block-id=\"17e5573\"><div class=\"stk-column-wrapper stk-block-column__content stk-container stk-17e5573-container stk--no-background stk--no-padding\"><div class=\"stk-block-content stk-inner-blocks stk-17e5573-inner-blocks\"><\/div><\/div><\/div>\n\n\n\n<div class=\"wp-block-stackable-column stk-block-column stk-column stk-block stk-e4fc3ba\" data-v=\"4\" data-block-id=\"e4fc3ba\"><div class=\"stk-column-wrapper stk-block-column__content stk-container stk-e4fc3ba-container stk--no-background stk--no-padding\"><div class=\"stk-block-content stk-inner-blocks stk-e4fc3ba-inner-blocks\"><\/div><\/div><\/div>\n<\/div><\/div>\n","protected":false},"excerpt":{"rendered":"<p>Ponceuses excentrique Pon\u00e7age et polissage sans stries du bois, de surfaces en bois laqu\u00e9 de haute brillance , plastiques, cor\u00e9en. Dynabrade Ponceuse orbitale sans aspiration Dynorbital Extreme Ponceuse orbitale \u00e9lectrique AirVANTAGE AV150 Ponceuse orbitale AirVANTAGE Moulin \u00e0 fleurs 3M AV32-2<\/p>\n","protected":false},"author":1,"featured_media":0,"parent":12482,"menu_order":4,"comment_status":"closed","ping_status":"closed","template":"templates\/template-full-width.php","meta":{"pgc_sgb_lightbox_settings":"","footnotes":""},"class_list":["post-8815","page","type-page","status-publish","hentry"],"yoast_head":"<!-- This site is optimized with the Yoast SEO plugin v26.8 - https:\/\/yoast.com\/product\/yoast-seo-wordpress\/ -->\n<title>Ponceuses excentrique - Loeser Schleifmaschinen<\/title>\n<meta name=\"description\" content=\"La ponceuse orbitale al\u00e9atoire est un outil polyvalent id\u00e9al pour le pon\u00e7age et le polissage sans rayures sur une vari\u00e9t\u00e9 de surfaces.\" \/>\n<meta name=\"robots\" content=\"index, follow, max-snippet:-1, max-image-preview:large, max-video-preview:-1\" \/>\n<link rel=\"canonical\" href=\"https:\/\/www.wloeser.com\/fr\/rubans\/meuleuses-a-main\/ponceuses-excentrique\/\" \/>\n<meta property=\"og:locale\" content=\"fr_FR\" \/>\n<meta property=\"og:type\" content=\"article\" \/>\n<meta property=\"og:title\" content=\"Ponceuses excentrique - Loeser Schleifmaschinen\" \/>\n<meta property=\"og:description\" content=\"La ponceuse orbitale al\u00e9atoire est un outil polyvalent id\u00e9al pour le pon\u00e7age et le polissage sans rayures sur une vari\u00e9t\u00e9 de surfaces.\" \/>\n<meta property=\"og:url\" content=\"https:\/\/www.wloeser.com\/fr\/rubans\/meuleuses-a-main\/ponceuses-excentrique\/\" \/>\n<meta property=\"og:site_name\" content=\"Loeser Schleifmaschinen\" \/>\n<meta property=\"article:modified_time\" content=\"2025-04-08T06:26:10+00:00\" \/>\n<meta property=\"og:image\" content=\"https:\/\/www.wloeser.com\/wp-content\/uploads\/2023\/05\/x51-dynabrade-thumb.jpg\" \/>\n\t<meta property=\"og:image:width\" content=\"600\" \/>\n\t<meta property=\"og:image:height\" content=\"522\" \/>\n\t<meta property=\"og:image:type\" content=\"image\/jpeg\" \/>\n<meta name=\"twitter:card\" content=\"summary_large_image\" \/>\n<meta name=\"twitter:label1\" content=\"Dur\u00e9e de lecture estim\u00e9e\" \/>\n\t<meta name=\"twitter:data1\" content=\"2 minutes\" \/>\n<script type=\"application\/ld+json\" class=\"yoast-schema-graph\">{\"@context\":\"https:\/\/schema.org\",\"@graph\":[{\"@type\":\"WebPage\",\"@id\":\"https:\/\/www.wloeser.com\/fr\/rubans\/meuleuses-a-main\/ponceuses-excentrique\/\",\"url\":\"https:\/\/www.wloeser.com\/fr\/rubans\/meuleuses-a-main\/ponceuses-excentrique\/\",\"name\":\"Ponceuses excentrique - Loeser Schleifmaschinen\",\"isPartOf\":{\"@id\":\"https:\/\/www.wloeser.com\/fr\/#website\"},\"primaryImageOfPage\":{\"@id\":\"https:\/\/www.wloeser.com\/fr\/rubans\/meuleuses-a-main\/ponceuses-excentrique\/#primaryimage\"},\"image\":{\"@id\":\"https:\/\/www.wloeser.com\/fr\/rubans\/meuleuses-a-main\/ponceuses-excentrique\/#primaryimage\"},\"thumbnailUrl\":\"https:\/\/www.wloeser.com\/wp-content\/uploads\/2023\/05\/x51-dynabrade-thumb-300x261.jpg\",\"datePublished\":\"2023-04-18T13:12:13+00:00\",\"dateModified\":\"2025-04-08T06:26:10+00:00\",\"description\":\"La ponceuse orbitale al\u00e9atoire est un outil polyvalent id\u00e9al pour le pon\u00e7age et le polissage sans rayures sur une vari\u00e9t\u00e9 de surfaces.\",\"breadcrumb\":{\"@id\":\"https:\/\/www.wloeser.com\/fr\/rubans\/meuleuses-a-main\/ponceuses-excentrique\/#breadcrumb\"},\"inLanguage\":\"fr-FR\",\"potentialAction\":[{\"@type\":\"ReadAction\",\"target\":[\"https:\/\/www.wloeser.com\/fr\/rubans\/meuleuses-a-main\/ponceuses-excentrique\/\"]}]},{\"@type\":\"ImageObject\",\"inLanguage\":\"fr-FR\",\"@id\":\"https:\/\/www.wloeser.com\/fr\/rubans\/meuleuses-a-main\/ponceuses-excentrique\/#primaryimage\",\"url\":\"https:\/\/www.wloeser.com\/wp-content\/uploads\/2023\/05\/x51-dynabrade-thumb-300x261.jpg\",\"contentUrl\":\"https:\/\/www.wloeser.com\/wp-content\/uploads\/2023\/05\/x51-dynabrade-thumb-300x261.jpg\"},{\"@type\":\"BreadcrumbList\",\"@id\":\"https:\/\/www.wloeser.com\/fr\/rubans\/meuleuses-a-main\/ponceuses-excentrique\/#breadcrumb\",\"itemListElement\":[{\"@type\":\"ListItem\",\"position\":1,\"name\":\"Page d'accueil\",\"item\":\"https:\/\/www.wloeser.com\/fr\/\"},{\"@type\":\"ListItem\",\"position\":2,\"name\":\"Produits\",\"item\":\"https:\/\/www.wloeser.com\/fr\/rubans\/\"},{\"@type\":\"ListItem\",\"position\":3,\"name\":\"Meuleuses \u00e0 main\",\"item\":\"https:\/\/www.wloeser.com\/fr\/rubans\/meuleuses-a-main\/\"},{\"@type\":\"ListItem\",\"position\":4,\"name\":\"Ponceuses excentrique\"}]},{\"@type\":\"WebSite\",\"@id\":\"https:\/\/www.wloeser.com\/fr\/#website\",\"url\":\"https:\/\/www.wloeser.com\/fr\/\",\"name\":\"Loeser Schleifmaschinen\",\"description\":\"\",\"publisher\":{\"@id\":\"https:\/\/www.wloeser.com\/fr\/#organization\"},\"potentialAction\":[{\"@type\":\"SearchAction\",\"target\":{\"@type\":\"EntryPoint\",\"urlTemplate\":\"https:\/\/www.wloeser.com\/fr\/?s={search_term_string}\"},\"query-input\":{\"@type\":\"PropertyValueSpecification\",\"valueRequired\":true,\"valueName\":\"search_term_string\"}}],\"inLanguage\":\"fr-FR\"},{\"@type\":\"Organization\",\"@id\":\"https:\/\/www.wloeser.com\/fr\/#organization\",\"name\":\"Loeser Schleifmaschinen\",\"url\":\"https:\/\/www.wloeser.com\/fr\/\",\"logo\":{\"@type\":\"ImageObject\",\"inLanguage\":\"fr-FR\",\"@id\":\"https:\/\/www.wloeser.com\/fr\/#\/schema\/logo\/image\/\",\"url\":\"https:\/\/www.wloeser.com\/wp-content\/uploads\/2023\/03\/cropped-loeser-logo-2023.jpg\",\"contentUrl\":\"https:\/\/www.wloeser.com\/wp-content\/uploads\/2023\/03\/cropped-loeser-logo-2023.jpg\",\"width\":500,\"height\":238,\"caption\":\"Loeser Schleifmaschinen\"},\"image\":{\"@id\":\"https:\/\/www.wloeser.com\/fr\/#\/schema\/logo\/image\/\"}}]}<\/script>\n<!-- \/ Yoast SEO plugin. -->","yoast_head_json":{"title":"Ponceuses excentrique - Loeser Schleifmaschinen","description":"La ponceuse orbitale al\u00e9atoire est un outil polyvalent id\u00e9al pour le pon\u00e7age et le polissage sans rayures sur une vari\u00e9t\u00e9 de surfaces.","robots":{"index":"index","follow":"follow","max-snippet":"max-snippet:-1","max-image-preview":"max-image-preview:large","max-video-preview":"max-video-preview:-1"},"canonical":"https:\/\/www.wloeser.com\/fr\/rubans\/meuleuses-a-main\/ponceuses-excentrique\/","og_locale":"fr_FR","og_type":"article","og_title":"Ponceuses excentrique - Loeser Schleifmaschinen","og_description":"La ponceuse orbitale al\u00e9atoire est un outil polyvalent id\u00e9al pour le pon\u00e7age et le polissage sans rayures sur une vari\u00e9t\u00e9 de surfaces.","og_url":"https:\/\/www.wloeser.com\/fr\/rubans\/meuleuses-a-main\/ponceuses-excentrique\/","og_site_name":"Loeser Schleifmaschinen","article_modified_time":"2025-04-08T06:26:10+00:00","og_image":[{"width":600,"height":522,"url":"https:\/\/www.wloeser.com\/wp-content\/uploads\/2023\/05\/x51-dynabrade-thumb.jpg","type":"image\/jpeg"}],"twitter_card":"summary_large_image","twitter_misc":{"Dur\u00e9e de lecture estim\u00e9e":"2 minutes"},"schema":{"@context":"https:\/\/schema.org","@graph":[{"@type":"WebPage","@id":"https:\/\/www.wloeser.com\/fr\/rubans\/meuleuses-a-main\/ponceuses-excentrique\/","url":"https:\/\/www.wloeser.com\/fr\/rubans\/meuleuses-a-main\/ponceuses-excentrique\/","name":"Ponceuses excentrique - Loeser Schleifmaschinen","isPartOf":{"@id":"https:\/\/www.wloeser.com\/fr\/#website"},"primaryImageOfPage":{"@id":"https:\/\/www.wloeser.com\/fr\/rubans\/meuleuses-a-main\/ponceuses-excentrique\/#primaryimage"},"image":{"@id":"https:\/\/www.wloeser.com\/fr\/rubans\/meuleuses-a-main\/ponceuses-excentrique\/#primaryimage"},"thumbnailUrl":"https:\/\/www.wloeser.com\/wp-content\/uploads\/2023\/05\/x51-dynabrade-thumb-300x261.jpg","datePublished":"2023-04-18T13:12:13+00:00","dateModified":"2025-04-08T06:26:10+00:00","description":"La ponceuse orbitale al\u00e9atoire est un outil polyvalent id\u00e9al pour le pon\u00e7age et le polissage sans rayures sur une vari\u00e9t\u00e9 de surfaces.","breadcrumb":{"@id":"https:\/\/www.wloeser.com\/fr\/rubans\/meuleuses-a-main\/ponceuses-excentrique\/#breadcrumb"},"inLanguage":"fr-FR","potentialAction":[{"@type":"ReadAction","target":["https:\/\/www.wloeser.com\/fr\/rubans\/meuleuses-a-main\/ponceuses-excentrique\/"]}]},{"@type":"ImageObject","inLanguage":"fr-FR","@id":"https:\/\/www.wloeser.com\/fr\/rubans\/meuleuses-a-main\/ponceuses-excentrique\/#primaryimage","url":"https:\/\/www.wloeser.com\/wp-content\/uploads\/2023\/05\/x51-dynabrade-thumb-300x261.jpg","contentUrl":"https:\/\/www.wloeser.com\/wp-content\/uploads\/2023\/05\/x51-dynabrade-thumb-300x261.jpg"},{"@type":"BreadcrumbList","@id":"https:\/\/www.wloeser.com\/fr\/rubans\/meuleuses-a-main\/ponceuses-excentrique\/#breadcrumb","itemListElement":[{"@type":"ListItem","position":1,"name":"Page d'accueil","item":"https:\/\/www.wloeser.com\/fr\/"},{"@type":"ListItem","position":2,"name":"Produits","item":"https:\/\/www.wloeser.com\/fr\/rubans\/"},{"@type":"ListItem","position":3,"name":"Meuleuses \u00e0 main","item":"https:\/\/www.wloeser.com\/fr\/rubans\/meuleuses-a-main\/"},{"@type":"ListItem","position":4,"name":"Ponceuses excentrique"}]},{"@type":"WebSite","@id":"https:\/\/www.wloeser.com\/fr\/#website","url":"https:\/\/www.wloeser.com\/fr\/","name":"Loeser Schleifmaschinen","description":"","publisher":{"@id":"https:\/\/www.wloeser.com\/fr\/#organization"},"potentialAction":[{"@type":"SearchAction","target":{"@type":"EntryPoint","urlTemplate":"https:\/\/www.wloeser.com\/fr\/?s={search_term_string}"},"query-input":{"@type":"PropertyValueSpecification","valueRequired":true,"valueName":"search_term_string"}}],"inLanguage":"fr-FR"},{"@type":"Organization","@id":"https:\/\/www.wloeser.com\/fr\/#organization","name":"Loeser Schleifmaschinen","url":"https:\/\/www.wloeser.com\/fr\/","logo":{"@type":"ImageObject","inLanguage":"fr-FR","@id":"https:\/\/www.wloeser.com\/fr\/#\/schema\/logo\/image\/","url":"https:\/\/www.wloeser.com\/wp-content\/uploads\/2023\/03\/cropped-loeser-logo-2023.jpg","contentUrl":"https:\/\/www.wloeser.com\/wp-content\/uploads\/2023\/03\/cropped-loeser-logo-2023.jpg","width":500,"height":238,"caption":"Loeser Schleifmaschinen"},"image":{"@id":"https:\/\/www.wloeser.com\/fr\/#\/schema\/logo\/image\/"}}]}},"_links":{"self":[{"href":"https:\/\/www.wloeser.com\/fr\/wp-json\/wp\/v2\/pages\/8815","targetHints":{"allow":["GET"]}}],"collection":[{"href":"https:\/\/www.wloeser.com\/fr\/wp-json\/wp\/v2\/pages"}],"about":[{"href":"https:\/\/www.wloeser.com\/fr\/wp-json\/wp\/v2\/types\/page"}],"author":[{"embeddable":true,"href":"https:\/\/www.wloeser.com\/fr\/wp-json\/wp\/v2\/users\/1"}],"replies":[{"embeddable":true,"href":"https:\/\/www.wloeser.com\/fr\/wp-json\/wp\/v2\/comments?post=8815"}],"version-history":[{"count":14,"href":"https:\/\/www.wloeser.com\/fr\/wp-json\/wp\/v2\/pages\/8815\/revisions"}],"predecessor-version":[{"id":17357,"href":"https:\/\/www.wloeser.com\/fr\/wp-json\/wp\/v2\/pages\/8815\/revisions\/17357"}],"up":[{"embeddable":true,"href":"https:\/\/www.wloeser.com\/fr\/wp-json\/wp\/v2\/pages\/12482"}],"wp:attachment":[{"href":"https:\/\/www.wloeser.com\/fr\/wp-json\/wp\/v2\/media?parent=8815"}],"curies":[{"name":"wp","href":"https:\/\/api.w.org\/{rel}","templated":true}]}}