{"id":8503,"date":"2023-05-12T11:34:42","date_gmt":"2023-05-12T09:34:42","guid":{"rendered":"https:\/\/loeser.createch-media.com\/?page_id=8503"},"modified":"2025-05-21T14:45:50","modified_gmt":"2025-05-21T12:45:50","slug":"kit-de-limes-pour-machine-a-mouvement-alternatif-dynapen-dynabrade-10844","status":"publish","type":"page","link":"https:\/\/www.wloeser.com\/fr\/rubans\/meuleuses-a-main\/outils-pneumatiques-a-pince\/kit-de-limes-pour-machine-a-mouvement-alternatif-dynapen-dynabrade-10844\/","title":{"rendered":"Kit de limes pour Machine \u00e0 mouvement alternatif DynaPen Dynabrade 10844"},"content":{"rendered":"\n<div class=\"wp-block-stackable-columns stk-block-columns stk-block stk-7a8ef8a animated zoomIn\" data-block-id=\"7a8ef8a\"><style>@media screen and (max-width: 767px){.stk-7a8ef8a {--stk-col-order-1:2 !important;--stk-col-order-2:1 !important;}}<\/style><div class=\"stk-row stk-inner-blocks stk-block-content stk-content-align stk-7a8ef8a-column\">\n<div class=\"wp-block-stackable-column stk-block-column stk-column stk-block stk-7d2e3ef\" data-v=\"4\" data-block-id=\"7d2e3ef\"><style>@media screen and (min-width: 768px){.stk-7d2e3ef {flex:var(--stk-flex-grow, 1) 1 calc(40% - var(--stk-column-gap, 0px) * 1 \/ 2 ) !important;}}<\/style><div class=\"stk-column-wrapper stk-block-column__content stk-container stk-7d2e3ef-container stk--no-background stk--no-padding\"><div class=\"stk-block-content stk-inner-blocks stk-7d2e3ef-inner-blocks\"><div class=\"pgc-sgb-cb wp-block-pgcsimplygalleryblock-slider  gal-breit\" data-gallery-id=\"da673770\" style=\"min-height:388px\"><div class=\"sgb-preloader\" id=\"pr_da673770\">\n\t<div class=\"sgb-square\" style=\"background:#d4d4d4\"><\/div>\n\t<div class=\"sgb-square\" style=\"background:#d4d4d4\"><\/div>\n\t<div class=\"sgb-square\" style=\"background:#d4d4d4\"><\/div>\n\t<div class=\"sgb-square\" style=\"background:#d4d4d4\"><\/div><\/div><div class=\"simply-gallery-amp pgc_sgb_slider \" style=\"display: none;\"><div class=\"sgb-gallery\"><div class=\"sgb-item\"><a href=\"https:\/\/www.wloeser.com\/fr\/rubans\/meuleuses-a-main\/outils-pneumatiques-a-pince\/kit-de-limes-pour-machine-a-mouvement-alternatif-dynapen-dynabrade-10844\/10844-dynabrade-2\/\" target=\"_blank\"><img decoding=\"async\" alt=\"Dynabrade DynaPen-Feilenkit 10844\" width=\"300\" height=\"239\" loading=\"lazy\" src=\"https:\/\/www.wloeser.com\/wp-content\/uploads\/2023\/05\/10844-dynabrade-300x239.jpg\" srcset=\"https:\/\/www.wloeser.com\/wp-content\/uploads\/2023\/05\/10844-dynabrade-300x239.jpg 300w,https:\/\/www.wloeser.com\/wp-content\/uploads\/2023\/05\/10844-dynabrade.jpg 500w\" sizes=\"auto, 250px\"\/><\/a><\/div><\/div><\/div><script type=\"application\/json\" class=\"sgb-data\">{\"collectionThumbRecomendedWidth\":300,\"externalLink\":false,\"captionHAlign\":\"bottom\",\"collectionThumbSubMenuDownload\":false,\"collectionThumbSubMenuShare\":false,\"sliderMaxHeight\":388,\"sliderAdminWidth\":0,\"collectionColumns\":1,\"isPremium\":true,\"galleryType\":\"pgc_sgb_slider\",\"galleryId\":\"da673770\",\"images\":[{\"id\":5187,\"title\":\"10844-dynabrade\",\"url\":\"https:\/\/www.wloeser.com\/wp-content\/uploads\/2023\/05\/10844-dynabrade.jpg\",\"link\":\"https:\/\/www.wloeser.com\/fr\/rubans\/meuleuses-a-main\/outils-pneumatiques-a-pince\/kit-de-limes-pour-machine-a-mouvement-alternatif-dynapen-dynabrade-10844\/10844-dynabrade-2\/\",\"alt\":\"Dynabrade DynaPen-Feilenkit 10844\",\"description\":\"\",\"caption\":\"\",\"mime\":\"image\/jpeg\",\"type\":\"image\",\"width\":500,\"height\":398,\"sizes\":{\"thumbnail\":{\"height\":150,\"width\":150,\"url\":\"https:\/\/www.wloeser.com\/wp-content\/uploads\/2023\/05\/10844-dynabrade-150x150.jpg\",\"orientation\":\"landscape\"},\"medium\":{\"height\":239,\"width\":300,\"url\":\"https:\/\/www.wloeser.com\/wp-content\/uploads\/2023\/05\/10844-dynabrade-300x239.jpg\",\"orientation\":\"landscape\"},\"full\":{\"url\":\"https:\/\/www.wloeser.com\/wp-content\/uploads\/2023\/05\/10844-dynabrade.jpg\",\"height\":398,\"width\":500,\"orientation\":\"landscape\"}},\"imageMeta\":{\"aperture\":\"0\",\"credit\":\"\",\"camera\":\"\",\"caption\":\"\",\"created_timestamp\":\"0\",\"copyright\":\"\",\"focal_length\":\"0\",\"iso\":\"0\",\"shutter_speed\":\"0\",\"title\":\"\",\"orientation\":\"0\",\"keywords\":[]},\"meta\":false,\"postlink\":\"https:\/\/www.wloeser.com\/fr\/rubans\/meuleuses-a-main\/outils-pneumatiques-a-pince\/kit-de-limes-pour-machine-a-mouvement-alternatif-dynapen-dynabrade-10844\/10844-dynabrade-2\/\"}],\"sliderSocialShareEnabled\":false,\"sliderZoomEnable\":false,\"className\":\"gal-breit\",\"itemsMetaDataCollection\":[]}<\/script><script>(function(){if(window.PGC_SGB && window.PGC_SGB.searcher){window.PGC_SGB.searcher.initBlocks()}})()<\/script><\/div><\/div><\/div><\/div>\n\n\n\n<div class=\"wp-block-stackable-column stk-block-column stk-column stk-block stk-835a466\" data-v=\"4\" data-block-id=\"835a466\"><style>@media screen and (min-width: 768px){.stk-835a466 {flex:var(--stk-flex-grow, 1) 1 calc(60% - var(--stk-column-gap, 0px) * 1 \/ 2 ) !important;}}<\/style><div class=\"stk-column-wrapper stk-block-column__content stk-container stk-835a466-container stk--no-background stk--no-padding\"><div class=\"stk-block-content stk-inner-blocks stk-835a466-inner-blocks\">\n<h1 class=\"wp-block-heading animated zoomIn\">Kit de limes pour Machine \u00e0 mouvement alternatif DynaPen Dynabrade 10844<\/h1>\n\n\n\n<div class=\"wp-block-stackable-icon-list stk-block-icon-list stk-block stk-d1ed66b\" data-block-id=\"d1ed66b\"><style>.stk-d1ed66b .stk-block-icon-list-item__content{gap:9px !important;align-items:baseline !important;}.stk-d1ed66b {--stk-icon-list-column-gap:0px !important;--stk-icon-list-row-gap:15px !important;--stk-icon-list-marker-color:#2c4f95 !important;--stk-icon-list-icon-size:12.5px !important;}.stk-d1ed66b ul, .stk-d1ed66b ol{padding-left:20px !important;}<\/style><svg style=\"display:none\"><defs><g id=\"stk-icon-list__icon-svg-def-d1ed66b\"><svg aria-hidden=\"true\" focusable=\"false\" data-prefix=\"fas\" data-icon=\"dot-circle\" class=\"svg-inline--fa fa-dot-circle fa-w-16\" role=\"img\" xmlns=\"http:\/\/www.w3.org\/2000\/svg\" viewBox=\"0 0 512 512\"><path fill=\"currentColor\" d=\"M256 8C119.033 8 8 119.033 8 256s111.033 248 248 248 248-111.033 248-248S392.967 8 256 8zm80 248c0 44.112-35.888 80-80 80s-80-35.888-80-80 35.888-80 80-80 80 35.888 80 80z\"><\/path><\/svg><\/g><\/defs><\/svg><div class=\"stk-block-icon-list__ul stk-block-icon-list--column\"><ul class=\"stk-block-icon-list__group\">\n<li class=\"wp-block-stackable-icon-list-item stk-block-icon-list-item stk-block stk-4674347\" data-block-id=\"4674347\"><div class=\"stk-block-icon-list-item__content\"><span class=\"stk--svg-wrapper\"><div class=\"stk--inner-svg\"><svg aria-hidden=\"true\" width=\"32\" height=\"32\"><use xlink:href=\"#stk-icon-list__icon-svg-def-d1ed66b\"><\/use><\/svg><\/div><\/span><span class=\"stk-block-icon-list-item__text\">14 000 mouvements par minute ; longueur de course 0,018 mm ; un enl\u00e8vement de mati\u00e8re de pr\u00e9cision qui entra\u00eene moins de risque d\u2019endommagement des pi\u00e8ces d\u00e9licates, moins agressif qu&rsquo;une meuleuse ; machine l\u00e9g\u00e8re et plus rapide que le limage manuel.<\/span><\/div><\/li>\n\n\n\n<li class=\"wp-block-stackable-icon-list-item stk-block-icon-list-item stk-block stk-5f6d165\" data-block-id=\"5f6d165\"><div class=\"stk-block-icon-list-item__content\"><span class=\"stk--svg-wrapper\"><div class=\"stk--inner-svg\"><svg aria-hidden=\"true\" width=\"32\" height=\"32\"><use xlink:href=\"#stk-icon-list__icon-svg-def-d1ed66b\"><\/use><\/svg><\/div><\/span><span class=\"stk-block-icon-list-item__text\">Une seule cl\u00e9 n\u00e9cessaire ; changement de limes facilit\u00e9 ; manchon en caoutchouc assurant une pr\u00e9hension plus confortable de la poign\u00e9e.<\/span><\/div><\/li>\n\n\n\n<li class=\"wp-block-stackable-icon-list-item stk-block-icon-list-item stk-block stk-a661461\" data-block-id=\"a661461\"><div class=\"stk-block-icon-list-item__content\"><span class=\"stk--svg-wrapper\"><div class=\"stk--inner-svg\"><svg aria-hidden=\"true\" width=\"32\" height=\"32\"><use xlink:href=\"#stk-icon-list__icon-svg-def-d1ed66b\"><\/use><\/svg><\/div><\/span><span class=\"stk-block-icon-list-item__text\">Aucune lubrification n\u2019est recommand\u00e9e pendant le fonctionnement. Une lubrification est recommand\u00e9e UNIQUEMENT durant l&rsquo;entreposage.<\/span><\/div><\/li>\n\n\n\n<li class=\"wp-block-stackable-icon-list-item stk-block-icon-list-item stk-block stk-5dfdc76\" data-block-id=\"5dfdc76\"><div class=\"stk-block-icon-list-item__content\"><span class=\"stk--svg-wrapper\"><div class=\"stk--inner-svg\"><svg aria-hidden=\"true\" width=\"32\" height=\"32\"><use xlink:href=\"#stk-icon-list__icon-svg-def-d1ed66b\"><\/use><\/svg><\/div><\/span><span class=\"stk-block-icon-list-item__text\">Le kit comprend : la machine R\u00e9f. 10832 (un insert de pince 3 mm), un insert de pince 1\/8&Prime; (R\u00e9f. 51659), une lime droite (R\u00e9f. 90900), une lime incurv\u00e9e (R\u00e9f. 90901), une lime demi-ronde (R\u00e9f. 90930) et une cl\u00e9 (R\u00e9f. 95731). Accepte des inserts \u00e0 pince de 1\/16&Prime; et 3\/32&Prime; (vendus s\u00e9par\u00e9ment).<\/span><\/div><\/li>\n<\/ul><\/div><\/div>\n\n\n<div class=\"box-grey bd-qjol1k97lyodkq059im4engidl69f3 wp-block-bd--- wp-block-bd-block-18628\"><p class=\"b-header bd-1kw3re4gcg5i39defuaxdhsmvobe9b\">Secteurs:<\/p><p class=\"b-text bd-sz1pne5f038xwzrfovl7qif1qjm2hg\"><a href=\"https:\/\/www.wloeser.com\/fr\/produits\/construction-metallique\/\">Construction m&#xE9;tallique<\/a>, <a href=\"https:\/\/www.wloeser.com\/fr\/produits\/fournisseur-automobile\/\">Fournisseur automobile<\/a>, <a href=\"https:\/\/www.wloeser.com\/fr\/produits\/ingenierie-aeronautique\/\">Ing&#xE9;nierie a&#xE9;ronautique<\/a>, <a href=\"https:\/\/www.wloeser.com\/fr\/produits\/fabrication-doutils\/\">Fabrication d&#x2019;outils<\/a>, <a href=\"https:\/\/www.wloeser.com\/fr\/produits\/technologie-medicale\/\">Technologie m&#xE9;dicale<\/a>, <a href=\"https:\/\/www.wloeser.com\/fr\/produits\/serrurier\/\">Serrurier<\/a>, <a href=\"https:\/\/www.wloeser.com\/fr\/produits\/fonderie\/\">Fonderie<\/a>, <a href=\"https:\/\/www.wloeser.com\/fr\/produits\/meuleuse-sous-contrat\/\">Meuleuse sous contrat<\/a><\/p><\/div>\n\n<div class=\"box-grey bd-cqadqciibtrdoyagcsdtgrxi2apdgl wp-block-bd--- wp-block-bd-block-18627\"><p class=\"b-header bd-kjns7ezbm0p3wxpowxkghz5l4t504n\">Port&#xE9;e:<\/p><p class=\"bd-rz6urptkvoxof9s95yqkmvvxtqg8vo\">Acier inoxydable, acier fortement alli&#xE9; et non alli&#xE9;, m&#xE9;taux non ferreux, acier moul&#xE9;, aluminium, titane, plastique, verre, papier, pour composants par exemple Aubes de turbine ou pi&#xE8;ces moul&#xE9;es sous pression et pi&#xE8;ces moul&#xE9;es &#xE0; la cire perdue<\/p><p class=\"b-text bd-63yp3rxey5gzwyf36n8o1m4jp1o3pa\"><\/p><\/div>\n\n\n<p class=\"lieferzeit\">D\u00e9lai de livraison : Disponible \u00e0 court terme<\/p>\n\n\n\n<div id=\"mySampleContent\" class=\"fancybox-hide\"><p class=\"wpcf7-contact-form-not-found\"><strong>Erreur\u00a0:<\/strong> Formulaire de contact non trouv\u00e9\u00a0!<\/p><\/div>\n<a href=\"#mySampleContent\" class=\"ari-fancybox popup-button\" style=\"display: inline-block !important;\">Demander un devis<\/a>\n<\/div><\/div><\/div>\n<\/div><\/div>\n\n\n\n<div class=\"wp-block-stackable-divider stk-block-divider stk-block stk-60ae79b\" data-block-id=\"60ae79b\"><hr class=\"stk-block-divider__hr\"\/><\/div>\n\n\n\n<h2 class=\"wp-block-heading has-text-align-left h2-details\" id=\"daten\">Sp\u00e9cifications techniques<\/h2>\n\n\n\n<figure class=\"wp-block-table is-style-regular\"><table class=\"has-white-background-color has-background has-fixed-layout\"><tbody><tr><td><strong>Num\u00e9ro de mod\u00e8le<\/strong><\/td><td>10844<\/td><\/tr><tr><td><strong>Taille d&rsquo;insert de pince<\/strong><\/td><td>1\/8&Prime;<\/td><\/tr><tr><td><strong>SPM<\/strong><\/td><td>14.000<\/td><\/tr><tr><td><strong>Longueur de course en mm (in.)<\/strong><\/td><td>007 (.018)<\/td><\/tr><tr><td><strong>Type d&rsquo;\u00e9chappement<\/strong><\/td><td>Front<\/td><\/tr><tr><td><strong>D\u00e9bit d&rsquo;air max. \u00e0 6,2 bar (90 PSIG) : SCFM (l\/min)<\/strong><\/td><td>1 (28)<\/td><\/tr><tr><td><strong>Raccord filet\u00e9 d&rsquo;entr\u00e9e d&rsquo;air<\/strong><\/td><td>1\/4&Prime; NPT<\/td><\/tr><tr><td><strong>D.I du tuyau en in. (mm)<\/strong><\/td><td>1\/4&Prime; (6)<\/td><\/tr><tr><td><strong>Longueur en <strong>in. (mm)<\/strong><\/strong><\/td><td>3-1\/8&Prime; (80)<\/td><\/tr><tr><td><strong>Hauteur en in. (mm)<\/strong><\/td><td>15\/16&Prime; (23)<\/td><\/tr><tr><td><strong>Niveau sonore dB(A)<\/strong><\/td><td>82<\/td><\/tr><tr><td><strong>Pic de vibrations relev\u00e9 sur l&rsquo;outil selon la norme ISO8662 (m\/sec\u00b2)<\/strong><\/td><td>8,13<\/td><\/tr><tr><td><strong>Configuration<\/strong><\/td><td>Straight-Line<\/td><\/tr><tr><td><strong>Transmission de puissance<\/strong><\/td><td>Piston Driven<\/td><\/tr><tr><td><strong>Poids de l&rsquo;article<\/strong><\/td><td>0.14 kg<\/td><\/tr><\/tbody><\/table><\/figure>\n\n\n\n<div class=\"wp-block-stackable-divider stk-block-divider stk-block stk-zvh84ul\" data-block-id=\"zvh84ul\"><hr class=\"stk-block-divider__hr\"\/><\/div>\n\n\n\n<h2 class=\"wp-block-heading has-text-align-left h2-details\" id=\"zubehoer\">Fiches techniques et pi\u00e8ces d\u00e9tach\u00e9es<\/h2>\n\n\n\n<div class=\"wp-block-file\"><a id=\"wp-block-file--media-c03a4b22-db67-41fc-a3a1-3c38bec8c377\" href=\"https:\/\/www.wloeser.com\/wp-content\/uploads\/2023\/05\/10844-dynabrade.pdf\" target=\"_blank\" rel=\"noreferrer noopener\">Manuel d&rsquo;instructions et liste des pi\u00e8ces Dynabrade DynaPen File Kit 10844 (PDF)<\/a><\/div>\n\n\n\n<a class=\"back\" href=\"javascript:history.back()\">Dos<\/a>\n","protected":false},"excerpt":{"rendered":"<p>Kit de limes pour Machine \u00e0 mouvement alternatif DynaPen Dynabrade 10844 D\u00e9lai de livraison : Disponible \u00e0 court terme Demander un devis Sp\u00e9cifications techniques Num\u00e9ro de mod\u00e8le 10844 Taille d&rsquo;insert de pince 1\/8&Prime; SPM 14.000 Longueur de course en mm (in.) 007 (.018) Type d&rsquo;\u00e9chappement Front D\u00e9bit d&rsquo;air max. \u00e0 6,2 bar (90 PSIG) : [&hellip;]<\/p>\n","protected":false},"author":1,"featured_media":0,"parent":8442,"menu_order":15,"comment_status":"closed","ping_status":"closed","template":"templates\/template-full-width.php","meta":{"pgc_sgb_lightbox_settings":"","footnotes":""},"class_list":["post-8503","page","type-page","status-publish","hentry"],"yoast_head":"<!-- This site is optimized with the Yoast SEO plugin v26.8 - https:\/\/yoast.com\/product\/yoast-seo-wordpress\/ -->\n<title>Kit de limes pour Machine \u00e0 mouvement alternatif DynaPen Dynabrade 10844 - Loeser Schleifmaschinen<\/title>\n<meta name=\"description\" content=\"Le kit de limes Dynabrade DynaPen 10844 offre une solution compl\u00e8te pour des travaux de meulage et de finition pr\u00e9cis.\" \/>\n<meta name=\"robots\" content=\"index, follow, max-snippet:-1, max-image-preview:large, max-video-preview:-1\" \/>\n<link rel=\"canonical\" href=\"https:\/\/www.wloeser.com\/fr\/rubans\/meuleuses-a-main\/outils-pneumatiques-a-pince\/kit-de-limes-pour-machine-a-mouvement-alternatif-dynapen-dynabrade-10844\/\" \/>\n<meta property=\"og:locale\" content=\"fr_FR\" \/>\n<meta property=\"og:type\" content=\"article\" \/>\n<meta property=\"og:title\" content=\"Kit de limes pour Machine \u00e0 mouvement alternatif DynaPen Dynabrade 10844 - Loeser Schleifmaschinen\" \/>\n<meta property=\"og:description\" content=\"Le kit de limes Dynabrade DynaPen 10844 offre une solution compl\u00e8te pour des travaux de meulage et de finition pr\u00e9cis.\" \/>\n<meta property=\"og:url\" content=\"https:\/\/www.wloeser.com\/fr\/rubans\/meuleuses-a-main\/outils-pneumatiques-a-pince\/kit-de-limes-pour-machine-a-mouvement-alternatif-dynapen-dynabrade-10844\/\" \/>\n<meta property=\"og:site_name\" content=\"Loeser Schleifmaschinen\" \/>\n<meta property=\"article:modified_time\" content=\"2025-05-21T12:45:50+00:00\" \/>\n<meta property=\"og:image\" content=\"https:\/\/www.wloeser.com\/wp-content\/uploads\/2023\/05\/10844-dynabrade.jpg\" \/>\n<meta name=\"twitter:card\" content=\"summary_large_image\" \/>\n<meta name=\"twitter:label1\" content=\"Dur\u00e9e de lecture estim\u00e9e\" \/>\n\t<meta name=\"twitter:data1\" content=\"2 minutes\" \/>\n<script type=\"application\/ld+json\" class=\"yoast-schema-graph\">{\"@context\":\"https:\/\/schema.org\",\"@graph\":[{\"@type\":\"WebPage\",\"@id\":\"https:\/\/www.wloeser.com\/fr\/rubans\/meuleuses-a-main\/outils-pneumatiques-a-pince\/kit-de-limes-pour-machine-a-mouvement-alternatif-dynapen-dynabrade-10844\/\",\"url\":\"https:\/\/www.wloeser.com\/fr\/rubans\/meuleuses-a-main\/outils-pneumatiques-a-pince\/kit-de-limes-pour-machine-a-mouvement-alternatif-dynapen-dynabrade-10844\/\",\"name\":\"Kit de limes pour Machine \u00e0 mouvement alternatif DynaPen Dynabrade 10844 - Loeser Schleifmaschinen\",\"isPartOf\":{\"@id\":\"https:\/\/www.wloeser.com\/fr\/#website\"},\"primaryImageOfPage\":{\"@id\":\"https:\/\/www.wloeser.com\/fr\/rubans\/meuleuses-a-main\/outils-pneumatiques-a-pince\/kit-de-limes-pour-machine-a-mouvement-alternatif-dynapen-dynabrade-10844\/#primaryimage\"},\"image\":{\"@id\":\"https:\/\/www.wloeser.com\/fr\/rubans\/meuleuses-a-main\/outils-pneumatiques-a-pince\/kit-de-limes-pour-machine-a-mouvement-alternatif-dynapen-dynabrade-10844\/#primaryimage\"},\"thumbnailUrl\":\"https:\/\/www.wloeser.com\/wp-content\/uploads\/2023\/05\/10844-dynabrade.jpg\",\"datePublished\":\"2023-05-12T09:34:42+00:00\",\"dateModified\":\"2025-05-21T12:45:50+00:00\",\"description\":\"Le kit de limes Dynabrade DynaPen 10844 offre une solution compl\u00e8te pour des travaux de meulage et de finition pr\u00e9cis.\",\"breadcrumb\":{\"@id\":\"https:\/\/www.wloeser.com\/fr\/rubans\/meuleuses-a-main\/outils-pneumatiques-a-pince\/kit-de-limes-pour-machine-a-mouvement-alternatif-dynapen-dynabrade-10844\/#breadcrumb\"},\"inLanguage\":\"fr-FR\",\"potentialAction\":[{\"@type\":\"ReadAction\",\"target\":[\"https:\/\/www.wloeser.com\/fr\/rubans\/meuleuses-a-main\/outils-pneumatiques-a-pince\/kit-de-limes-pour-machine-a-mouvement-alternatif-dynapen-dynabrade-10844\/\"]}]},{\"@type\":\"ImageObject\",\"inLanguage\":\"fr-FR\",\"@id\":\"https:\/\/www.wloeser.com\/fr\/rubans\/meuleuses-a-main\/outils-pneumatiques-a-pince\/kit-de-limes-pour-machine-a-mouvement-alternatif-dynapen-dynabrade-10844\/#primaryimage\",\"url\":\"https:\/\/www.wloeser.com\/wp-content\/uploads\/2023\/05\/10844-dynabrade.jpg\",\"contentUrl\":\"https:\/\/www.wloeser.com\/wp-content\/uploads\/2023\/05\/10844-dynabrade.jpg\"},{\"@type\":\"BreadcrumbList\",\"@id\":\"https:\/\/www.wloeser.com\/fr\/rubans\/meuleuses-a-main\/outils-pneumatiques-a-pince\/kit-de-limes-pour-machine-a-mouvement-alternatif-dynapen-dynabrade-10844\/#breadcrumb\",\"itemListElement\":[{\"@type\":\"ListItem\",\"position\":1,\"name\":\"Page d'accueil\",\"item\":\"https:\/\/www.wloeser.com\/fr\/\"},{\"@type\":\"ListItem\",\"position\":2,\"name\":\"Produits\",\"item\":\"https:\/\/www.wloeser.com\/fr\/rubans\/\"},{\"@type\":\"ListItem\",\"position\":3,\"name\":\"Meuleuses \u00e0 main\",\"item\":\"https:\/\/www.wloeser.com\/fr\/rubans\/meuleuses-a-main\/\"},{\"@type\":\"ListItem\",\"position\":4,\"name\":\"Outils pneumatiques \u00e0 pince\",\"item\":\"https:\/\/www.wloeser.com\/fr\/rubans\/meuleuses-a-main\/outils-pneumatiques-a-pince\/\"},{\"@type\":\"ListItem\",\"position\":5,\"name\":\"Kit de limes pour Machine \u00e0 mouvement alternatif DynaPen Dynabrade 10844\"}]},{\"@type\":\"WebSite\",\"@id\":\"https:\/\/www.wloeser.com\/fr\/#website\",\"url\":\"https:\/\/www.wloeser.com\/fr\/\",\"name\":\"Loeser Schleifmaschinen\",\"description\":\"\",\"publisher\":{\"@id\":\"https:\/\/www.wloeser.com\/fr\/#organization\"},\"potentialAction\":[{\"@type\":\"SearchAction\",\"target\":{\"@type\":\"EntryPoint\",\"urlTemplate\":\"https:\/\/www.wloeser.com\/fr\/?s={search_term_string}\"},\"query-input\":{\"@type\":\"PropertyValueSpecification\",\"valueRequired\":true,\"valueName\":\"search_term_string\"}}],\"inLanguage\":\"fr-FR\"},{\"@type\":\"Organization\",\"@id\":\"https:\/\/www.wloeser.com\/fr\/#organization\",\"name\":\"Loeser Schleifmaschinen\",\"url\":\"https:\/\/www.wloeser.com\/fr\/\",\"logo\":{\"@type\":\"ImageObject\",\"inLanguage\":\"fr-FR\",\"@id\":\"https:\/\/www.wloeser.com\/fr\/#\/schema\/logo\/image\/\",\"url\":\"https:\/\/www.wloeser.com\/wp-content\/uploads\/2023\/03\/cropped-loeser-logo-2023.jpg\",\"contentUrl\":\"https:\/\/www.wloeser.com\/wp-content\/uploads\/2023\/03\/cropped-loeser-logo-2023.jpg\",\"width\":500,\"height\":238,\"caption\":\"Loeser Schleifmaschinen\"},\"image\":{\"@id\":\"https:\/\/www.wloeser.com\/fr\/#\/schema\/logo\/image\/\"}}]}<\/script>\n<!-- \/ Yoast SEO plugin. -->","yoast_head_json":{"title":"Kit de limes pour Machine \u00e0 mouvement alternatif DynaPen Dynabrade 10844 - Loeser Schleifmaschinen","description":"Le kit de limes Dynabrade DynaPen 10844 offre une solution compl\u00e8te pour des travaux de meulage et de finition pr\u00e9cis.","robots":{"index":"index","follow":"follow","max-snippet":"max-snippet:-1","max-image-preview":"max-image-preview:large","max-video-preview":"max-video-preview:-1"},"canonical":"https:\/\/www.wloeser.com\/fr\/rubans\/meuleuses-a-main\/outils-pneumatiques-a-pince\/kit-de-limes-pour-machine-a-mouvement-alternatif-dynapen-dynabrade-10844\/","og_locale":"fr_FR","og_type":"article","og_title":"Kit de limes pour Machine \u00e0 mouvement alternatif DynaPen Dynabrade 10844 - Loeser Schleifmaschinen","og_description":"Le kit de limes Dynabrade DynaPen 10844 offre une solution compl\u00e8te pour des travaux de meulage et de finition pr\u00e9cis.","og_url":"https:\/\/www.wloeser.com\/fr\/rubans\/meuleuses-a-main\/outils-pneumatiques-a-pince\/kit-de-limes-pour-machine-a-mouvement-alternatif-dynapen-dynabrade-10844\/","og_site_name":"Loeser Schleifmaschinen","article_modified_time":"2025-05-21T12:45:50+00:00","og_image":[{"url":"https:\/\/www.wloeser.com\/wp-content\/uploads\/2023\/05\/10844-dynabrade.jpg","type":"","width":"","height":""}],"twitter_card":"summary_large_image","twitter_misc":{"Dur\u00e9e de lecture estim\u00e9e":"2 minutes"},"schema":{"@context":"https:\/\/schema.org","@graph":[{"@type":"WebPage","@id":"https:\/\/www.wloeser.com\/fr\/rubans\/meuleuses-a-main\/outils-pneumatiques-a-pince\/kit-de-limes-pour-machine-a-mouvement-alternatif-dynapen-dynabrade-10844\/","url":"https:\/\/www.wloeser.com\/fr\/rubans\/meuleuses-a-main\/outils-pneumatiques-a-pince\/kit-de-limes-pour-machine-a-mouvement-alternatif-dynapen-dynabrade-10844\/","name":"Kit de limes pour Machine \u00e0 mouvement alternatif DynaPen Dynabrade 10844 - Loeser Schleifmaschinen","isPartOf":{"@id":"https:\/\/www.wloeser.com\/fr\/#website"},"primaryImageOfPage":{"@id":"https:\/\/www.wloeser.com\/fr\/rubans\/meuleuses-a-main\/outils-pneumatiques-a-pince\/kit-de-limes-pour-machine-a-mouvement-alternatif-dynapen-dynabrade-10844\/#primaryimage"},"image":{"@id":"https:\/\/www.wloeser.com\/fr\/rubans\/meuleuses-a-main\/outils-pneumatiques-a-pince\/kit-de-limes-pour-machine-a-mouvement-alternatif-dynapen-dynabrade-10844\/#primaryimage"},"thumbnailUrl":"https:\/\/www.wloeser.com\/wp-content\/uploads\/2023\/05\/10844-dynabrade.jpg","datePublished":"2023-05-12T09:34:42+00:00","dateModified":"2025-05-21T12:45:50+00:00","description":"Le kit de limes Dynabrade DynaPen 10844 offre une solution compl\u00e8te pour des travaux de meulage et de finition pr\u00e9cis.","breadcrumb":{"@id":"https:\/\/www.wloeser.com\/fr\/rubans\/meuleuses-a-main\/outils-pneumatiques-a-pince\/kit-de-limes-pour-machine-a-mouvement-alternatif-dynapen-dynabrade-10844\/#breadcrumb"},"inLanguage":"fr-FR","potentialAction":[{"@type":"ReadAction","target":["https:\/\/www.wloeser.com\/fr\/rubans\/meuleuses-a-main\/outils-pneumatiques-a-pince\/kit-de-limes-pour-machine-a-mouvement-alternatif-dynapen-dynabrade-10844\/"]}]},{"@type":"ImageObject","inLanguage":"fr-FR","@id":"https:\/\/www.wloeser.com\/fr\/rubans\/meuleuses-a-main\/outils-pneumatiques-a-pince\/kit-de-limes-pour-machine-a-mouvement-alternatif-dynapen-dynabrade-10844\/#primaryimage","url":"https:\/\/www.wloeser.com\/wp-content\/uploads\/2023\/05\/10844-dynabrade.jpg","contentUrl":"https:\/\/www.wloeser.com\/wp-content\/uploads\/2023\/05\/10844-dynabrade.jpg"},{"@type":"BreadcrumbList","@id":"https:\/\/www.wloeser.com\/fr\/rubans\/meuleuses-a-main\/outils-pneumatiques-a-pince\/kit-de-limes-pour-machine-a-mouvement-alternatif-dynapen-dynabrade-10844\/#breadcrumb","itemListElement":[{"@type":"ListItem","position":1,"name":"Page d'accueil","item":"https:\/\/www.wloeser.com\/fr\/"},{"@type":"ListItem","position":2,"name":"Produits","item":"https:\/\/www.wloeser.com\/fr\/rubans\/"},{"@type":"ListItem","position":3,"name":"Meuleuses \u00e0 main","item":"https:\/\/www.wloeser.com\/fr\/rubans\/meuleuses-a-main\/"},{"@type":"ListItem","position":4,"name":"Outils pneumatiques \u00e0 pince","item":"https:\/\/www.wloeser.com\/fr\/rubans\/meuleuses-a-main\/outils-pneumatiques-a-pince\/"},{"@type":"ListItem","position":5,"name":"Kit de limes pour Machine \u00e0 mouvement alternatif DynaPen Dynabrade 10844"}]},{"@type":"WebSite","@id":"https:\/\/www.wloeser.com\/fr\/#website","url":"https:\/\/www.wloeser.com\/fr\/","name":"Loeser Schleifmaschinen","description":"","publisher":{"@id":"https:\/\/www.wloeser.com\/fr\/#organization"},"potentialAction":[{"@type":"SearchAction","target":{"@type":"EntryPoint","urlTemplate":"https:\/\/www.wloeser.com\/fr\/?s={search_term_string}"},"query-input":{"@type":"PropertyValueSpecification","valueRequired":true,"valueName":"search_term_string"}}],"inLanguage":"fr-FR"},{"@type":"Organization","@id":"https:\/\/www.wloeser.com\/fr\/#organization","name":"Loeser Schleifmaschinen","url":"https:\/\/www.wloeser.com\/fr\/","logo":{"@type":"ImageObject","inLanguage":"fr-FR","@id":"https:\/\/www.wloeser.com\/fr\/#\/schema\/logo\/image\/","url":"https:\/\/www.wloeser.com\/wp-content\/uploads\/2023\/03\/cropped-loeser-logo-2023.jpg","contentUrl":"https:\/\/www.wloeser.com\/wp-content\/uploads\/2023\/03\/cropped-loeser-logo-2023.jpg","width":500,"height":238,"caption":"Loeser Schleifmaschinen"},"image":{"@id":"https:\/\/www.wloeser.com\/fr\/#\/schema\/logo\/image\/"}}]}},"_links":{"self":[{"href":"https:\/\/www.wloeser.com\/fr\/wp-json\/wp\/v2\/pages\/8503","targetHints":{"allow":["GET"]}}],"collection":[{"href":"https:\/\/www.wloeser.com\/fr\/wp-json\/wp\/v2\/pages"}],"about":[{"href":"https:\/\/www.wloeser.com\/fr\/wp-json\/wp\/v2\/types\/page"}],"author":[{"embeddable":true,"href":"https:\/\/www.wloeser.com\/fr\/wp-json\/wp\/v2\/users\/1"}],"replies":[{"embeddable":true,"href":"https:\/\/www.wloeser.com\/fr\/wp-json\/wp\/v2\/comments?post=8503"}],"version-history":[{"count":11,"href":"https:\/\/www.wloeser.com\/fr\/wp-json\/wp\/v2\/pages\/8503\/revisions"}],"predecessor-version":[{"id":20873,"href":"https:\/\/www.wloeser.com\/fr\/wp-json\/wp\/v2\/pages\/8503\/revisions\/20873"}],"up":[{"embeddable":true,"href":"https:\/\/www.wloeser.com\/fr\/wp-json\/wp\/v2\/pages\/8442"}],"wp:attachment":[{"href":"https:\/\/www.wloeser.com\/fr\/wp-json\/wp\/v2\/media?parent=8503"}],"curies":[{"name":"wp","href":"https:\/\/api.w.org\/{rel}","templated":true}]}}