{"id":8495,"date":"2023-05-12T11:06:22","date_gmt":"2023-05-12T09:06:22","guid":{"rendered":"https:\/\/loeser.createch-media.com\/?page_id=8495"},"modified":"2025-05-21T14:45:35","modified_gmt":"2025-05-21T12:45:35","slug":"3m-meuleuse-droite-pneumatique-25126-25127-25128-25129-28346-28347","status":"publish","type":"page","link":"https:\/\/www.wloeser.com\/fr\/rubans\/meuleuses-a-main\/outils-pneumatiques-a-pince\/3m-meuleuse-droite-pneumatique-25126-25127-25128-25129-28346-28347\/","title":{"rendered":"3M Meuleuse droite pneumatique 25126, 25127, 25128, 25129, 28346, 28347"},"content":{"rendered":"\n<div class=\"wp-block-stackable-columns stk-block-columns stk-block stk-7a8ef8a animated zoomIn\" data-block-id=\"7a8ef8a\"><style>@media screen and (max-width: 767px){.stk-7a8ef8a {--stk-col-order-1:2 !important;--stk-col-order-2:1 !important;}}<\/style><div class=\"stk-row stk-inner-blocks stk-block-content stk-content-align stk-7a8ef8a-column\">\n<div class=\"wp-block-stackable-column stk-block-column stk-column stk-block stk-7d2e3ef\" data-v=\"4\" data-block-id=\"7d2e3ef\"><style>.stk-7d2e3ef-container{margin-top:50px !important;}@media screen and (min-width: 768px){.stk-7d2e3ef {flex:var(--stk-flex-grow, 1) 1 calc(40% - var(--stk-column-gap, 0px) * 1 \/ 2 ) !important;}}<\/style><div class=\"stk-column-wrapper stk-block-column__content stk-container stk-7d2e3ef-container stk--no-background stk--no-padding\"><div class=\"stk-block-content stk-inner-blocks stk-7d2e3ef-inner-blocks\">\n<figure class=\"wp-block-image size-full is-resized\"><a href=\"https:\/\/www.wloeser.com\/wp-content\/uploads\/2023\/05\/3m_geradeschleifer.jpg\"><img loading=\"lazy\" decoding=\"async\" width=\"800\" height=\"571\" src=\"https:\/\/www.wloeser.com\/wp-content\/uploads\/2023\/05\/3m_geradeschleifer.jpg\" alt=\"3M Geradeschleifer 25126, 25127, 25128, 25129, 28346, 28347\" class=\"wp-image-5147\" style=\"width:200px;height:143px\" srcset=\"https:\/\/www.wloeser.com\/wp-content\/uploads\/2023\/05\/3m_geradeschleifer.jpg 800w, https:\/\/www.wloeser.com\/wp-content\/uploads\/2023\/05\/3m_geradeschleifer-300x214.jpg 300w, https:\/\/www.wloeser.com\/wp-content\/uploads\/2023\/05\/3m_geradeschleifer-768x548.jpg 768w\" sizes=\"auto, (max-width: 800px) 100vw, 800px\" \/><\/a><\/figure>\n<\/div><\/div><\/div>\n\n\n\n<div class=\"wp-block-stackable-column stk-block-column stk-column stk-block stk-835a466\" data-v=\"4\" data-block-id=\"835a466\"><style>@media screen and (min-width: 768px){.stk-835a466 {flex:var(--stk-flex-grow, 1) 1 calc(60% - var(--stk-column-gap, 0px) * 1 \/ 2 ) !important;}}<\/style><div class=\"stk-column-wrapper stk-block-column__content stk-container stk-835a466-container stk--no-background stk--no-padding\"><div class=\"stk-block-content stk-inner-blocks stk-835a466-inner-blocks\">\n<h1 class=\"wp-block-heading animated zoomIn\">3M Meuleuse droite pneumatique 25126, 25127, 25128, 25129, 28346, 28347<\/h1>\n\n\n\n<p>Le quatuor de meuleuses droites offre puissance et performance sur toute la ligne. Les mod\u00e8les garantissent des processus de travail \u00e9conomiques avec d&rsquo;excellents r\u00e9sultats de meulage et augmentent ainsi l&rsquo;efficacit\u00e9 et l&rsquo;efficacit\u00e9 de votre travail. Le facteur \u00ab\u00a0confort pour l&rsquo;utilisateur\u00a0\u00bb n&rsquo;est en aucun cas n\u00e9glig\u00e9.<\/p>\n\n\n\n<div class=\"wp-block-stackable-icon-list stk-block-icon-list stk-block stk-d1ed66b\" data-block-id=\"d1ed66b\"><style>.stk-d1ed66b .stk-block-icon-list-item__content{gap:9px !important;align-items:baseline !important;}.stk-d1ed66b {--stk-icon-list-column-gap:0px !important;--stk-icon-list-row-gap:15px !important;--stk-icon-list-marker-color:#2c4f95 !important;--stk-icon-list-icon-size:12.5px !important;}.stk-d1ed66b ul, .stk-d1ed66b ol{padding-left:20px !important;}<\/style><svg style=\"display:none\"><defs><g id=\"stk-icon-list__icon-svg-def-d1ed66b\"><svg aria-hidden=\"true\" focusable=\"false\" data-prefix=\"fas\" data-icon=\"dot-circle\" class=\"svg-inline--fa fa-dot-circle fa-w-16\" role=\"img\" xmlns=\"http:\/\/www.w3.org\/2000\/svg\" viewBox=\"0 0 512 512\"><path fill=\"currentColor\" d=\"M256 8C119.033 8 8 119.033 8 256s111.033 248 248 248 248-111.033 248-248S392.967 8 256 8zm80 248c0 44.112-35.888 80-80 80s-80-35.888-80-80 35.888-80 80-80 80 35.888 80 80z\"><\/path><\/svg><\/g><\/defs><\/svg><div class=\"stk-block-icon-list__ul stk-block-icon-list--column\"><ul class=\"stk-block-icon-list__group\">\n<li class=\"wp-block-stackable-icon-list-item stk-block-icon-list-item stk-block stk-adf9f27\" data-block-id=\"adf9f27\"><div class=\"stk-block-icon-list-item__content\"><span class=\"stk--svg-wrapper\"><div class=\"stk--inner-svg\"><svg aria-hidden=\"true\" width=\"32\" height=\"32\"><use xlink:href=\"#stk-icon-list__icon-svg-def-d1ed66b\"><\/use><\/svg><\/div><\/span><span class=\"stk-block-icon-list-item__text\">Mat\u00e9riau Greptile 3M (la microtechnologie brevet\u00e9e 3M assure une adh\u00e9rence et une manipulation pr\u00e9cise)<\/span><\/div><\/li>\n\n\n\n<li class=\"wp-block-stackable-icon-list-item stk-block-icon-list-item stk-block stk-15ef1b3\" data-block-id=\"15ef1b3\"><div class=\"stk-block-icon-list-item__content\"><span class=\"stk--svg-wrapper\"><div class=\"stk--inner-svg\"><svg aria-hidden=\"true\" width=\"32\" height=\"32\"><use xlink:href=\"#stk-icon-list__icon-svg-def-d1ed66b\"><\/use><\/svg><\/div><\/span><span class=\"stk-block-icon-list-item__text\">Double roulement \u00e0 billes &#8211; double c\u00f4ne sur la pince<\/span><\/div><\/li>\n\n\n\n<li class=\"wp-block-stackable-icon-list-item stk-block-icon-list-item stk-block stk-02f52cc\" data-block-id=\"02f52cc\"><div class=\"stk-block-icon-list-item__content\"><span class=\"stk--svg-wrapper\"><div class=\"stk--inner-svg\"><svg aria-hidden=\"true\" width=\"32\" height=\"32\"><use xlink:href=\"#stk-icon-list__icon-svg-def-d1ed66b\"><\/use><\/svg><\/div><\/span><span class=\"stk-block-icon-list-item__text\">R\u00e9ducteurs d\u00e9port\u00e9s &#8211; interrupteur de s\u00e9curit\u00e9 \u00e0 2 niveaux<\/span><\/div><\/li>\n<\/ul><\/div><\/div>\n\n\n<div class=\"box-grey bd-qjol1k97lyodkq059im4engidl69f3 wp-block-bd--- wp-block-bd-block-18628\"><p class=\"b-header bd-1kw3re4gcg5i39defuaxdhsmvobe9b\">Secteurs:<\/p><p class=\"b-text bd-sz1pne5f038xwzrfovl7qif1qjm2hg\"><a href=\"https:\/\/www.wloeser.com\/fr\/produits\/construction-metallique\/\">Construction m&#xE9;tallique<\/a>, <a href=\"https:\/\/www.wloeser.com\/fr\/produits\/fournisseur-automobile\/\">Fournisseur automobile<\/a>, <a href=\"https:\/\/www.wloeser.com\/fr\/produits\/ingenierie-aeronautique\/\">Ing&#xE9;nierie a&#xE9;ronautique<\/a>, <a href=\"https:\/\/www.wloeser.com\/fr\/produits\/fabrication-doutils\/\">Fabrication d&#x2019;outils<\/a>, <a href=\"https:\/\/www.wloeser.com\/fr\/produits\/technologie-medicale\/\">Technologie m&#xE9;dicale<\/a>, <a href=\"https:\/\/www.wloeser.com\/fr\/produits\/serrurier\/\">Serrurier<\/a>, <a href=\"https:\/\/www.wloeser.com\/fr\/produits\/fonderie\/\">Fonderie<\/a>, <a href=\"https:\/\/www.wloeser.com\/fr\/produits\/meuleuse-sous-contrat\/\">Meuleuse sous contrat<\/a><\/p><\/div>\n\n<div class=\"box-grey bd-cqadqciibtrdoyagcsdtgrxi2apdgl wp-block-bd--- wp-block-bd-block-18627\"><p class=\"b-header bd-kjns7ezbm0p3wxpowxkghz5l4t504n\">Port&#xE9;e:<\/p><p class=\"bd-rz6urptkvoxof9s95yqkmvvxtqg8vo\">Acier inoxydable, acier fortement alli&#xE9; et non alli&#xE9;, m&#xE9;taux non ferreux, acier moul&#xE9;, aluminium, titane, plastique, verre, papier, pour composants par exemple Aubes de turbine ou pi&#xE8;ces moul&#xE9;es sous pression et pi&#xE8;ces moul&#xE9;es &#xE0; la cire perdue<\/p><p class=\"b-text bd-63yp3rxey5gzwyf36n8o1m4jp1o3pa\"><\/p><\/div>\n\n\n<p class=\"lieferzeit\">D\u00e9lai de livraison : Disponible \u00e0 court terme<\/p>\n\n\n\n<div id=\"mySampleContent\" class=\"fancybox-hide\"><p class=\"wpcf7-contact-form-not-found\"><strong>Erreur\u00a0:<\/strong> Formulaire de contact non trouv\u00e9\u00a0!<\/p><\/div>\n<a href=\"#mySampleContent\" class=\"ari-fancybox popup-button\" style=\"display: inline-block !important;\">Demander un devis<\/a>\n<\/div><\/div><\/div>\n<\/div><\/div>\n\n\n\n<div class=\"wp-block-stackable-divider stk-block-divider stk-block stk-60ae79b\" data-block-id=\"60ae79b\"><hr class=\"stk-block-divider__hr\"\/><\/div>\n\n\n\n<h2 class=\"wp-block-heading has-text-align-left h2-details\" id=\"daten\">Sp\u00e9cifications techniques<\/h2>\n\n\n\n<figure class=\"wp-block-table is-style-regular\"><table class=\"has-white-background-color has-background has-fixed-layout\"><tbody><tr><td><strong>Num\u00e9ro de mod\u00e8le<\/strong><\/td><td>25126<\/td><td>25127<\/td><td>25128<\/td><\/tr><tr><td><strong>Tours \/min Maximum<\/strong><\/td><td>20.000<\/td><td>18.000<\/td><td>12.000<\/td><\/tr><tr><td><strong>Pression<\/strong><\/td><td>6<\/td><td>6<\/td><td>6<\/td><\/tr><tr><td><strong>Puissance Moteur CV (hp)<\/strong><\/td><td>744<\/td><td>744<\/td><td>744<\/td><\/tr><tr><td><strong>Consommation ( l par min)<\/strong><\/td><td>991<\/td><td>991<\/td><td>991<\/td><\/tr><tr><td><strong>Poids (kg)<\/strong><\/td><td>0,77<\/td><td>0,77<\/td><td>0,93<\/td><\/tr><tr><td><strong>Longueur (mm)<\/strong><\/td><td>197<\/td><td>197<\/td><td>254<\/td><\/tr><tr><td><strong>Sortie d&rsquo;air<\/strong><\/td><td>Rotatif<\/td><td>Rotatif<\/td><td>Rotatif<\/td><\/tr><tr><td><strong>Raccordement air comprim\u00e9<\/strong><\/td><td>1\/4&Prime; NPT<\/td><td>1\/4&Prime; NPT<\/td><td>1\/4&Prime; NPT<\/td><\/tr><\/tbody><\/table><\/figure>\n\n\n\n<figure class=\"wp-block-table is-style-regular\"><table class=\"has-white-background-color has-background has-fixed-layout\"><tbody><tr><td><strong>Num\u00e9ro de mod\u00e8le<\/strong><\/td><td>25129<\/td><td>28346<\/td><td>28347<\/td><\/tr><tr><td><strong>Tours \/min Maximum<\/strong><\/td><td>8000<\/td><td>18.000<\/td><td>4.000<\/td><\/tr><tr><td><strong>Pression<\/strong><\/td><td>6<\/td><td>6<\/td><td>6<\/td><\/tr><tr><td><strong>Puissance Moteur CV (hp)<\/strong><\/td><td>744<\/td><td>744<\/td><td>744<\/td><\/tr><tr><td><strong>Consommation ( l par min)<\/strong><\/td><td>991<\/td><td>991<\/td><td>991<\/td><\/tr><tr><td><strong>Poids (kg)<\/strong><\/td><td>0,93<\/td><td>0,93<\/td><td>0,93<\/td><\/tr><tr><td><strong>Longueur (mm)<\/strong><\/td><td>254<\/td><td>254<\/td><td>254<\/td><\/tr><tr><td><strong>Sortie d&rsquo;air<\/strong><\/td><td>Rotatif<\/td><td>Rotatif<\/td><td>Rotatif<\/td><\/tr><tr><td><strong>Raccordement air comprim\u00e9<\/strong><\/td><td>1\/4&Prime; NPT<\/td><td>1\/4&Prime; NPT<\/td><td>1\/4&Prime; NPT<\/td><\/tr><\/tbody><\/table><\/figure>\n\n\n\n<a class=\"back\" href=\"javascript:history.back()\">Dos<\/a>\n","protected":false},"excerpt":{"rendered":"<p>3M Meuleuse droite pneumatique 25126, 25127, 25128, 25129, 28346, 28347 Le quatuor de meuleuses droites offre puissance et performance sur toute la ligne. Les mod\u00e8les garantissent des processus de travail \u00e9conomiques avec d&rsquo;excellents r\u00e9sultats de meulage et augmentent ainsi l&rsquo;efficacit\u00e9 et l&rsquo;efficacit\u00e9 de votre travail. Le facteur \u00ab\u00a0confort pour l&rsquo;utilisateur\u00a0\u00bb n&rsquo;est en aucun cas n\u00e9glig\u00e9. [&hellip;]<\/p>\n","protected":false},"author":1,"featured_media":0,"parent":8442,"menu_order":13,"comment_status":"closed","ping_status":"closed","template":"templates\/template-full-width.php","meta":{"pgc_sgb_lightbox_settings":"","footnotes":""},"class_list":["post-8495","page","type-page","status-publish","hentry"],"yoast_head":"<!-- This site is optimized with the Yoast SEO plugin v26.8 - https:\/\/yoast.com\/product\/yoast-seo-wordpress\/ -->\n<title>3M Meuleuse droite pneumatique 25126, 25127, 25128, 25129, 28346, 28347 - Loeser Schleifmaschinen<\/title>\n<meta name=\"description\" content=\"Les meuleuses droites 3M offrent des performances et une puissance impressionnantes pour des processus de meulage efficaces et des r\u00e9sultats de premi\u00e8re classe.\" \/>\n<meta name=\"robots\" content=\"index, follow, max-snippet:-1, max-image-preview:large, max-video-preview:-1\" \/>\n<link rel=\"canonical\" href=\"https:\/\/www.wloeser.com\/fr\/rubans\/meuleuses-a-main\/outils-pneumatiques-a-pince\/3m-meuleuse-droite-pneumatique-25126-25127-25128-25129-28346-28347\/\" \/>\n<meta property=\"og:locale\" content=\"fr_FR\" \/>\n<meta property=\"og:type\" content=\"article\" \/>\n<meta property=\"og:title\" content=\"3M Meuleuse droite pneumatique 25126, 25127, 25128, 25129, 28346, 28347 - Loeser Schleifmaschinen\" \/>\n<meta property=\"og:description\" content=\"Les meuleuses droites 3M offrent des performances et une puissance impressionnantes pour des processus de meulage efficaces et des r\u00e9sultats de premi\u00e8re classe.\" \/>\n<meta property=\"og:url\" content=\"https:\/\/www.wloeser.com\/fr\/rubans\/meuleuses-a-main\/outils-pneumatiques-a-pince\/3m-meuleuse-droite-pneumatique-25126-25127-25128-25129-28346-28347\/\" \/>\n<meta property=\"og:site_name\" content=\"Loeser Schleifmaschinen\" \/>\n<meta property=\"article:modified_time\" content=\"2025-05-21T12:45:35+00:00\" \/>\n<meta property=\"og:image\" content=\"https:\/\/www.wloeser.com\/wp-content\/uploads\/2023\/05\/3m_geradeschleifer.jpg\" \/>\n\t<meta property=\"og:image:width\" content=\"800\" \/>\n\t<meta property=\"og:image:height\" content=\"571\" \/>\n\t<meta property=\"og:image:type\" content=\"image\/jpeg\" \/>\n<meta name=\"twitter:card\" content=\"summary_large_image\" \/>\n<meta name=\"twitter:label1\" content=\"Dur\u00e9e de lecture estim\u00e9e\" \/>\n\t<meta name=\"twitter:data1\" content=\"3 minutes\" \/>\n<script type=\"application\/ld+json\" class=\"yoast-schema-graph\">{\"@context\":\"https:\/\/schema.org\",\"@graph\":[{\"@type\":\"WebPage\",\"@id\":\"https:\/\/www.wloeser.com\/fr\/rubans\/meuleuses-a-main\/outils-pneumatiques-a-pince\/3m-meuleuse-droite-pneumatique-25126-25127-25128-25129-28346-28347\/\",\"url\":\"https:\/\/www.wloeser.com\/fr\/rubans\/meuleuses-a-main\/outils-pneumatiques-a-pince\/3m-meuleuse-droite-pneumatique-25126-25127-25128-25129-28346-28347\/\",\"name\":\"3M Meuleuse droite pneumatique 25126, 25127, 25128, 25129, 28346, 28347 - Loeser Schleifmaschinen\",\"isPartOf\":{\"@id\":\"https:\/\/www.wloeser.com\/fr\/#website\"},\"primaryImageOfPage\":{\"@id\":\"https:\/\/www.wloeser.com\/fr\/rubans\/meuleuses-a-main\/outils-pneumatiques-a-pince\/3m-meuleuse-droite-pneumatique-25126-25127-25128-25129-28346-28347\/#primaryimage\"},\"image\":{\"@id\":\"https:\/\/www.wloeser.com\/fr\/rubans\/meuleuses-a-main\/outils-pneumatiques-a-pince\/3m-meuleuse-droite-pneumatique-25126-25127-25128-25129-28346-28347\/#primaryimage\"},\"thumbnailUrl\":\"https:\/\/www.wloeser.com\/wp-content\/uploads\/2023\/05\/3m_geradeschleifer.jpg\",\"datePublished\":\"2023-05-12T09:06:22+00:00\",\"dateModified\":\"2025-05-21T12:45:35+00:00\",\"description\":\"Les meuleuses droites 3M offrent des performances et une puissance impressionnantes pour des processus de meulage efficaces et des r\u00e9sultats de premi\u00e8re classe.\",\"breadcrumb\":{\"@id\":\"https:\/\/www.wloeser.com\/fr\/rubans\/meuleuses-a-main\/outils-pneumatiques-a-pince\/3m-meuleuse-droite-pneumatique-25126-25127-25128-25129-28346-28347\/#breadcrumb\"},\"inLanguage\":\"fr-FR\",\"potentialAction\":[{\"@type\":\"ReadAction\",\"target\":[\"https:\/\/www.wloeser.com\/fr\/rubans\/meuleuses-a-main\/outils-pneumatiques-a-pince\/3m-meuleuse-droite-pneumatique-25126-25127-25128-25129-28346-28347\/\"]}]},{\"@type\":\"ImageObject\",\"inLanguage\":\"fr-FR\",\"@id\":\"https:\/\/www.wloeser.com\/fr\/rubans\/meuleuses-a-main\/outils-pneumatiques-a-pince\/3m-meuleuse-droite-pneumatique-25126-25127-25128-25129-28346-28347\/#primaryimage\",\"url\":\"https:\/\/www.wloeser.com\/wp-content\/uploads\/2023\/05\/3m_geradeschleifer.jpg\",\"contentUrl\":\"https:\/\/www.wloeser.com\/wp-content\/uploads\/2023\/05\/3m_geradeschleifer.jpg\"},{\"@type\":\"BreadcrumbList\",\"@id\":\"https:\/\/www.wloeser.com\/fr\/rubans\/meuleuses-a-main\/outils-pneumatiques-a-pince\/3m-meuleuse-droite-pneumatique-25126-25127-25128-25129-28346-28347\/#breadcrumb\",\"itemListElement\":[{\"@type\":\"ListItem\",\"position\":1,\"name\":\"Page d'accueil\",\"item\":\"https:\/\/www.wloeser.com\/fr\/\"},{\"@type\":\"ListItem\",\"position\":2,\"name\":\"Produits\",\"item\":\"https:\/\/www.wloeser.com\/fr\/rubans\/\"},{\"@type\":\"ListItem\",\"position\":3,\"name\":\"Meuleuses \u00e0 main\",\"item\":\"https:\/\/www.wloeser.com\/fr\/rubans\/meuleuses-a-main\/\"},{\"@type\":\"ListItem\",\"position\":4,\"name\":\"Outils pneumatiques \u00e0 pince\",\"item\":\"https:\/\/www.wloeser.com\/fr\/rubans\/meuleuses-a-main\/outils-pneumatiques-a-pince\/\"},{\"@type\":\"ListItem\",\"position\":5,\"name\":\"3M Meuleuse droite pneumatique 25126, 25127, 25128, 25129, 28346, 28347\"}]},{\"@type\":\"WebSite\",\"@id\":\"https:\/\/www.wloeser.com\/fr\/#website\",\"url\":\"https:\/\/www.wloeser.com\/fr\/\",\"name\":\"Loeser Schleifmaschinen\",\"description\":\"\",\"publisher\":{\"@id\":\"https:\/\/www.wloeser.com\/fr\/#organization\"},\"potentialAction\":[{\"@type\":\"SearchAction\",\"target\":{\"@type\":\"EntryPoint\",\"urlTemplate\":\"https:\/\/www.wloeser.com\/fr\/?s={search_term_string}\"},\"query-input\":{\"@type\":\"PropertyValueSpecification\",\"valueRequired\":true,\"valueName\":\"search_term_string\"}}],\"inLanguage\":\"fr-FR\"},{\"@type\":\"Organization\",\"@id\":\"https:\/\/www.wloeser.com\/fr\/#organization\",\"name\":\"Loeser Schleifmaschinen\",\"url\":\"https:\/\/www.wloeser.com\/fr\/\",\"logo\":{\"@type\":\"ImageObject\",\"inLanguage\":\"fr-FR\",\"@id\":\"https:\/\/www.wloeser.com\/fr\/#\/schema\/logo\/image\/\",\"url\":\"https:\/\/www.wloeser.com\/wp-content\/uploads\/2023\/03\/cropped-loeser-logo-2023.jpg\",\"contentUrl\":\"https:\/\/www.wloeser.com\/wp-content\/uploads\/2023\/03\/cropped-loeser-logo-2023.jpg\",\"width\":500,\"height\":238,\"caption\":\"Loeser Schleifmaschinen\"},\"image\":{\"@id\":\"https:\/\/www.wloeser.com\/fr\/#\/schema\/logo\/image\/\"}}]}<\/script>\n<!-- \/ Yoast SEO plugin. -->","yoast_head_json":{"title":"3M Meuleuse droite pneumatique 25126, 25127, 25128, 25129, 28346, 28347 - Loeser Schleifmaschinen","description":"Les meuleuses droites 3M offrent des performances et une puissance impressionnantes pour des processus de meulage efficaces et des r\u00e9sultats de premi\u00e8re classe.","robots":{"index":"index","follow":"follow","max-snippet":"max-snippet:-1","max-image-preview":"max-image-preview:large","max-video-preview":"max-video-preview:-1"},"canonical":"https:\/\/www.wloeser.com\/fr\/rubans\/meuleuses-a-main\/outils-pneumatiques-a-pince\/3m-meuleuse-droite-pneumatique-25126-25127-25128-25129-28346-28347\/","og_locale":"fr_FR","og_type":"article","og_title":"3M Meuleuse droite pneumatique 25126, 25127, 25128, 25129, 28346, 28347 - Loeser Schleifmaschinen","og_description":"Les meuleuses droites 3M offrent des performances et une puissance impressionnantes pour des processus de meulage efficaces et des r\u00e9sultats de premi\u00e8re classe.","og_url":"https:\/\/www.wloeser.com\/fr\/rubans\/meuleuses-a-main\/outils-pneumatiques-a-pince\/3m-meuleuse-droite-pneumatique-25126-25127-25128-25129-28346-28347\/","og_site_name":"Loeser Schleifmaschinen","article_modified_time":"2025-05-21T12:45:35+00:00","og_image":[{"width":800,"height":571,"url":"https:\/\/www.wloeser.com\/wp-content\/uploads\/2023\/05\/3m_geradeschleifer.jpg","type":"image\/jpeg"}],"twitter_card":"summary_large_image","twitter_misc":{"Dur\u00e9e de lecture estim\u00e9e":"3 minutes"},"schema":{"@context":"https:\/\/schema.org","@graph":[{"@type":"WebPage","@id":"https:\/\/www.wloeser.com\/fr\/rubans\/meuleuses-a-main\/outils-pneumatiques-a-pince\/3m-meuleuse-droite-pneumatique-25126-25127-25128-25129-28346-28347\/","url":"https:\/\/www.wloeser.com\/fr\/rubans\/meuleuses-a-main\/outils-pneumatiques-a-pince\/3m-meuleuse-droite-pneumatique-25126-25127-25128-25129-28346-28347\/","name":"3M Meuleuse droite pneumatique 25126, 25127, 25128, 25129, 28346, 28347 - Loeser Schleifmaschinen","isPartOf":{"@id":"https:\/\/www.wloeser.com\/fr\/#website"},"primaryImageOfPage":{"@id":"https:\/\/www.wloeser.com\/fr\/rubans\/meuleuses-a-main\/outils-pneumatiques-a-pince\/3m-meuleuse-droite-pneumatique-25126-25127-25128-25129-28346-28347\/#primaryimage"},"image":{"@id":"https:\/\/www.wloeser.com\/fr\/rubans\/meuleuses-a-main\/outils-pneumatiques-a-pince\/3m-meuleuse-droite-pneumatique-25126-25127-25128-25129-28346-28347\/#primaryimage"},"thumbnailUrl":"https:\/\/www.wloeser.com\/wp-content\/uploads\/2023\/05\/3m_geradeschleifer.jpg","datePublished":"2023-05-12T09:06:22+00:00","dateModified":"2025-05-21T12:45:35+00:00","description":"Les meuleuses droites 3M offrent des performances et une puissance impressionnantes pour des processus de meulage efficaces et des r\u00e9sultats de premi\u00e8re classe.","breadcrumb":{"@id":"https:\/\/www.wloeser.com\/fr\/rubans\/meuleuses-a-main\/outils-pneumatiques-a-pince\/3m-meuleuse-droite-pneumatique-25126-25127-25128-25129-28346-28347\/#breadcrumb"},"inLanguage":"fr-FR","potentialAction":[{"@type":"ReadAction","target":["https:\/\/www.wloeser.com\/fr\/rubans\/meuleuses-a-main\/outils-pneumatiques-a-pince\/3m-meuleuse-droite-pneumatique-25126-25127-25128-25129-28346-28347\/"]}]},{"@type":"ImageObject","inLanguage":"fr-FR","@id":"https:\/\/www.wloeser.com\/fr\/rubans\/meuleuses-a-main\/outils-pneumatiques-a-pince\/3m-meuleuse-droite-pneumatique-25126-25127-25128-25129-28346-28347\/#primaryimage","url":"https:\/\/www.wloeser.com\/wp-content\/uploads\/2023\/05\/3m_geradeschleifer.jpg","contentUrl":"https:\/\/www.wloeser.com\/wp-content\/uploads\/2023\/05\/3m_geradeschleifer.jpg"},{"@type":"BreadcrumbList","@id":"https:\/\/www.wloeser.com\/fr\/rubans\/meuleuses-a-main\/outils-pneumatiques-a-pince\/3m-meuleuse-droite-pneumatique-25126-25127-25128-25129-28346-28347\/#breadcrumb","itemListElement":[{"@type":"ListItem","position":1,"name":"Page d'accueil","item":"https:\/\/www.wloeser.com\/fr\/"},{"@type":"ListItem","position":2,"name":"Produits","item":"https:\/\/www.wloeser.com\/fr\/rubans\/"},{"@type":"ListItem","position":3,"name":"Meuleuses \u00e0 main","item":"https:\/\/www.wloeser.com\/fr\/rubans\/meuleuses-a-main\/"},{"@type":"ListItem","position":4,"name":"Outils pneumatiques \u00e0 pince","item":"https:\/\/www.wloeser.com\/fr\/rubans\/meuleuses-a-main\/outils-pneumatiques-a-pince\/"},{"@type":"ListItem","position":5,"name":"3M Meuleuse droite pneumatique 25126, 25127, 25128, 25129, 28346, 28347"}]},{"@type":"WebSite","@id":"https:\/\/www.wloeser.com\/fr\/#website","url":"https:\/\/www.wloeser.com\/fr\/","name":"Loeser Schleifmaschinen","description":"","publisher":{"@id":"https:\/\/www.wloeser.com\/fr\/#organization"},"potentialAction":[{"@type":"SearchAction","target":{"@type":"EntryPoint","urlTemplate":"https:\/\/www.wloeser.com\/fr\/?s={search_term_string}"},"query-input":{"@type":"PropertyValueSpecification","valueRequired":true,"valueName":"search_term_string"}}],"inLanguage":"fr-FR"},{"@type":"Organization","@id":"https:\/\/www.wloeser.com\/fr\/#organization","name":"Loeser Schleifmaschinen","url":"https:\/\/www.wloeser.com\/fr\/","logo":{"@type":"ImageObject","inLanguage":"fr-FR","@id":"https:\/\/www.wloeser.com\/fr\/#\/schema\/logo\/image\/","url":"https:\/\/www.wloeser.com\/wp-content\/uploads\/2023\/03\/cropped-loeser-logo-2023.jpg","contentUrl":"https:\/\/www.wloeser.com\/wp-content\/uploads\/2023\/03\/cropped-loeser-logo-2023.jpg","width":500,"height":238,"caption":"Loeser Schleifmaschinen"},"image":{"@id":"https:\/\/www.wloeser.com\/fr\/#\/schema\/logo\/image\/"}}]}},"_links":{"self":[{"href":"https:\/\/www.wloeser.com\/fr\/wp-json\/wp\/v2\/pages\/8495","targetHints":{"allow":["GET"]}}],"collection":[{"href":"https:\/\/www.wloeser.com\/fr\/wp-json\/wp\/v2\/pages"}],"about":[{"href":"https:\/\/www.wloeser.com\/fr\/wp-json\/wp\/v2\/types\/page"}],"author":[{"embeddable":true,"href":"https:\/\/www.wloeser.com\/fr\/wp-json\/wp\/v2\/users\/1"}],"replies":[{"embeddable":true,"href":"https:\/\/www.wloeser.com\/fr\/wp-json\/wp\/v2\/comments?post=8495"}],"version-history":[{"count":10,"href":"https:\/\/www.wloeser.com\/fr\/wp-json\/wp\/v2\/pages\/8495\/revisions"}],"predecessor-version":[{"id":20872,"href":"https:\/\/www.wloeser.com\/fr\/wp-json\/wp\/v2\/pages\/8495\/revisions\/20872"}],"up":[{"embeddable":true,"href":"https:\/\/www.wloeser.com\/fr\/wp-json\/wp\/v2\/pages\/8442"}],"wp:attachment":[{"href":"https:\/\/www.wloeser.com\/fr\/wp-json\/wp\/v2\/media?parent=8495"}],"curies":[{"name":"wp","href":"https:\/\/api.w.org\/{rel}","templated":true}]}}