{"id":8468,"date":"2023-05-11T14:50:54","date_gmt":"2023-05-11T12:50:54","guid":{"rendered":"https:\/\/loeser.createch-media.com\/?page_id=8468"},"modified":"2025-05-21T14:44:50","modified_gmt":"2025-05-21T12:44:50","slug":"meuleuse-droite-dynabrade-51312-53506","status":"publish","type":"page","link":"https:\/\/www.wloeser.com\/fr\/rubans\/meuleuses-a-main\/outils-pneumatiques-a-pince\/meuleuse-droite-dynabrade-51312-53506\/","title":{"rendered":"Meuleuse droite Dynabrade 51312, 53506"},"content":{"rendered":"\n<div class=\"wp-block-stackable-columns stk-block-columns stk-block stk-7a8ef8a animated zoomIn\" data-block-id=\"7a8ef8a\"><style>@media screen and (max-width: 767px){.stk-7a8ef8a {--stk-col-order-1:2 !important;--stk-col-order-2:1 !important;}}<\/style><div class=\"stk-row stk-inner-blocks stk-block-content stk-content-align stk-7a8ef8a-column\">\n<div class=\"wp-block-stackable-column stk-block-column stk-column stk-block stk-7d2e3ef\" data-v=\"4\" data-block-id=\"7d2e3ef\"><style>@media screen and (min-width: 768px){.stk-7d2e3ef {flex:var(--stk-flex-grow, 1) 1 calc(40% - var(--stk-column-gap, 0px) * 1 \/ 2 ) !important;}}<\/style><div class=\"stk-column-wrapper stk-block-column__content stk-container stk-7d2e3ef-container stk--no-background stk--no-padding\"><div class=\"stk-block-content stk-inner-blocks stk-7d2e3ef-inner-blocks\"><div class=\"pgc-sgb-cb wp-block-pgcsimplygalleryblock-slider  gal-breit\" data-gallery-id=\"da673770\" style=\"min-height:460px\"><div class=\"sgb-preloader\" id=\"pr_da673770\">\n\t<div class=\"sgb-square\" style=\"background:#d4d4d4\"><\/div>\n\t<div class=\"sgb-square\" style=\"background:#d4d4d4\"><\/div>\n\t<div class=\"sgb-square\" style=\"background:#d4d4d4\"><\/div>\n\t<div class=\"sgb-square\" style=\"background:#d4d4d4\"><\/div><\/div><div class=\"simply-gallery-amp pgc_sgb_slider \" style=\"display: none;\"><div class=\"sgb-gallery\"><div class=\"sgb-item\"><a href=\"https:\/\/www.wloeser.com\/fr\/rubans\/meuleuses-a-main\/outils-pneumatiques-a-pince\/meuleuse-droite-dynabrade-51312-53506\/51312-dynabrade-2\/\" target=\"_blank\"><img decoding=\"async\" alt=\"Dynabrade Druckluft- Geradeschleifer 51312, 53506\" width=\"300\" height=\"137\" loading=\"lazy\" src=\"https:\/\/www.wloeser.com\/wp-content\/uploads\/2023\/05\/51312-dynabrade-300x137.jpg\" srcset=\"https:\/\/www.wloeser.com\/wp-content\/uploads\/2023\/05\/51312-dynabrade-300x137.jpg 300w,https:\/\/www.wloeser.com\/wp-content\/uploads\/2023\/05\/51312-dynabrade.jpg 800w\" sizes=\"auto, 250px\"\/><\/a><\/div><div class=\"sgb-item\"><a href=\"https:\/\/www.wloeser.com\/fr\/rubans\/meuleuses-a-main\/outils-pneumatiques-a-pince\/meuleuse-droite-dynabrade-51312-53506\/51312_img2-2\/\" target=\"_blank\"><img decoding=\"async\" alt=\"Dynabrade Druckluft- Geradeschleifer 51312, 53506\" width=\"300\" height=\"134\" loading=\"lazy\" src=\"https:\/\/www.wloeser.com\/wp-content\/uploads\/2023\/05\/51312_img2-300x134.jpg\" srcset=\"https:\/\/www.wloeser.com\/wp-content\/uploads\/2023\/05\/51312_img2-300x134.jpg 300w,https:\/\/www.wloeser.com\/wp-content\/uploads\/2023\/05\/51312_img2.jpg 500w\" sizes=\"auto, 250px\"\/><\/a><div class=\"sgb-item-caption\"><em>Verl\u00e4ngerte Reichweite von 184 mm<\/em><\/div><\/div><\/div><\/div><script type=\"application\/json\" class=\"sgb-data\">{\"collectionThumbRecomendedWidth\":250,\"externalLink\":false,\"collectionThumbSubMenuDownload\":false,\"collectionThumbSubMenuShare\":false,\"sliderMaxHeight\":460,\"sliderAdminWidth\":0,\"collectionColumns\":1,\"isPremium\":true,\"galleryType\":\"pgc_sgb_slider\",\"galleryId\":\"da673770\",\"images\":[{\"id\":4968,\"title\":\"51312-dynabrade\",\"url\":\"https:\/\/www.wloeser.com\/wp-content\/uploads\/2023\/05\/51312-dynabrade.jpg\",\"link\":\"https:\/\/www.wloeser.com\/fr\/rubans\/meuleuses-a-main\/outils-pneumatiques-a-pince\/meuleuse-droite-dynabrade-51312-53506\/51312-dynabrade-2\/\",\"alt\":\"Dynabrade Druckluft- Geradeschleifer 51312, 53506\",\"description\":\"\",\"caption\":\"\",\"mime\":\"image\/jpeg\",\"type\":\"image\",\"width\":800,\"height\":364,\"sizes\":{\"thumbnail\":{\"height\":150,\"width\":150,\"url\":\"https:\/\/www.wloeser.com\/wp-content\/uploads\/2023\/05\/51312-dynabrade-150x150.jpg\",\"orientation\":\"landscape\"},\"medium\":{\"height\":137,\"width\":300,\"url\":\"https:\/\/www.wloeser.com\/wp-content\/uploads\/2023\/05\/51312-dynabrade-300x137.jpg\",\"orientation\":\"landscape\"},\"full\":{\"url\":\"https:\/\/www.wloeser.com\/wp-content\/uploads\/2023\/05\/51312-dynabrade.jpg\",\"height\":364,\"width\":800,\"orientation\":\"landscape\"}},\"imageMeta\":{\"aperture\":\"0\",\"credit\":\"\",\"camera\":\"\",\"caption\":\"\",\"created_timestamp\":\"0\",\"copyright\":\"\",\"focal_length\":\"0\",\"iso\":\"0\",\"shutter_speed\":\"0\",\"title\":\"\",\"orientation\":\"0\",\"keywords\":[]},\"meta\":false,\"postlink\":\"https:\/\/www.wloeser.com\/fr\/rubans\/meuleuses-a-main\/outils-pneumatiques-a-pince\/meuleuse-droite-dynabrade-51312-53506\/51312-dynabrade-2\/\"},{\"id\":4974,\"title\":\"51312_img2\",\"url\":\"https:\/\/www.wloeser.com\/wp-content\/uploads\/2023\/05\/51312_img2.jpg\",\"link\":\"https:\/\/www.wloeser.com\/fr\/rubans\/meuleuses-a-main\/outils-pneumatiques-a-pince\/meuleuse-droite-dynabrade-51312-53506\/51312_img2-2\/\",\"alt\":\"Dynabrade Druckluft- Geradeschleifer 51312, 53506\",\"description\":\"\",\"caption\":\"Verl\u00e4ngerte Reichweite von 184 mm\",\"mime\":\"image\/jpeg\",\"type\":\"image\",\"width\":500,\"height\":223,\"sizes\":{\"thumbnail\":{\"height\":150,\"width\":150,\"url\":\"https:\/\/www.wloeser.com\/wp-content\/uploads\/2023\/05\/51312_img2-150x150.jpg\",\"orientation\":\"landscape\"},\"medium\":{\"height\":134,\"width\":300,\"url\":\"https:\/\/www.wloeser.com\/wp-content\/uploads\/2023\/05\/51312_img2-300x134.jpg\",\"orientation\":\"landscape\"},\"full\":{\"url\":\"https:\/\/www.wloeser.com\/wp-content\/uploads\/2023\/05\/51312_img2.jpg\",\"height\":223,\"width\":500,\"orientation\":\"landscape\"}},\"imageMeta\":{\"aperture\":\"0\",\"credit\":\"\",\"camera\":\"\",\"caption\":\"\",\"created_timestamp\":\"0\",\"copyright\":\"\",\"focal_length\":\"0\",\"iso\":\"0\",\"shutter_speed\":\"0\",\"title\":\"\",\"orientation\":\"0\",\"keywords\":[]},\"meta\":false,\"postlink\":\"https:\/\/www.wloeser.com\/fr\/rubans\/meuleuses-a-main\/outils-pneumatiques-a-pince\/meuleuse-droite-dynabrade-51312-53506\/51312_img2-2\/\"}],\"sliderSocialShareEnabled\":false,\"sliderZoomEnable\":false,\"className\":\"gal-breit\",\"itemsMetaDataCollection\":[]}<\/script><script>(function(){if(window.PGC_SGB && window.PGC_SGB.searcher){window.PGC_SGB.searcher.initBlocks()}})()<\/script><\/div><\/div><\/div><\/div>\n\n\n\n<div class=\"wp-block-stackable-column stk-block-column stk-column stk-block stk-835a466\" data-v=\"4\" data-block-id=\"835a466\"><style>@media screen and (min-width: 768px){.stk-835a466 {flex:var(--stk-flex-grow, 1) 1 calc(60% - var(--stk-column-gap, 0px) * 1 \/ 2 ) !important;}}<\/style><div class=\"stk-column-wrapper stk-block-column__content stk-container stk-835a466-container stk--no-background stk--no-padding\"><div class=\"stk-block-content stk-inner-blocks stk-835a466-inner-blocks\">\n<h1 class=\"wp-block-heading animated zoomIn\">Meuleuse droite Dynabrade 51312, 53506<\/h1>\n\n\n\n<div class=\"wp-block-stackable-icon-list stk-block-icon-list stk-block stk-d1ed66b\" data-block-id=\"d1ed66b\"><style>.stk-d1ed66b .stk-block-icon-list-item__content{gap:9px !important;align-items:baseline !important;}.stk-d1ed66b {--stk-icon-list-column-gap:0px !important;--stk-icon-list-row-gap:15px !important;--stk-icon-list-marker-color:#2c4f95 !important;--stk-icon-list-icon-size:12.5px !important;}.stk-d1ed66b ul, .stk-d1ed66b ol{padding-left:20px !important;}<\/style><svg style=\"display:none\"><defs><g id=\"stk-icon-list__icon-svg-def-d1ed66b\"><svg aria-hidden=\"true\" focusable=\"false\" data-prefix=\"fas\" data-icon=\"dot-circle\" class=\"svg-inline--fa fa-dot-circle fa-w-16\" role=\"img\" xmlns=\"http:\/\/www.w3.org\/2000\/svg\" viewBox=\"0 0 512 512\"><path fill=\"currentColor\" d=\"M256 8C119.033 8 8 119.033 8 256s111.033 248 248 248 248-111.033 248-248S392.967 8 256 8zm80 248c0 44.112-35.888 80-80 80s-80-35.888-80-80 35.888-80 80-80 80 35.888 80 80z\"><\/path><\/svg><\/g><\/defs><\/svg><div class=\"stk-block-icon-list__ul stk-block-icon-list--column\"><ul class=\"stk-block-icon-list__group\">\n<li class=\"wp-block-stackable-icon-list-item stk-block-icon-list-item stk-block stk-97d5d55\" data-block-id=\"97d5d55\"><div class=\"stk-block-icon-list-item__content\"><span class=\"stk--svg-wrapper\"><div class=\"stk--inner-svg\"><svg aria-hidden=\"true\" width=\"32\" height=\"32\"><use xlink:href=\"#stk-icon-list__icon-svg-def-d1ed66b\"><\/use><\/svg><\/div><\/span><span class=\"stk-block-icon-list-item__text\">Port\u00e9e d&rsquo;outil \u00e9tendue de 75 mm ou 184 mm<\/span><\/div><\/li>\n\n\n\n<li class=\"wp-block-stackable-icon-list-item stk-block-icon-list-item stk-block stk-54a584a\" data-block-id=\"54a584a\"><div class=\"stk-block-icon-list-item__content\"><span class=\"stk--svg-wrapper\"><div class=\"stk--inner-svg\"><svg aria-hidden=\"true\" width=\"32\" height=\"32\"><use xlink:href=\"#stk-icon-list__icon-svg-def-d1ed66b\"><\/use><\/svg><\/div><\/span><span class=\"stk-block-icon-list-item__text\">uniquement disponible avec \u00e9chappement arri\u00e8re<\/span><\/div><\/li>\n\n\n\n<li class=\"wp-block-stackable-icon-list-item stk-block-icon-list-item stk-block stk-0a75f94\" data-block-id=\"0a75f94\"><div class=\"stk-block-icon-list-item__content\"><span class=\"stk--svg-wrapper\"><div class=\"stk--inner-svg\"><svg aria-hidden=\"true\" width=\"32\" height=\"32\"><use xlink:href=\"#stk-icon-list__icon-svg-def-d1ed66b\"><\/use><\/svg><\/div><\/span><span class=\"stk-block-icon-list-item__text\">Insert de pince de 6 mm<\/span><\/div><\/li>\n<\/ul><\/div><\/div>\n\n\n<div class=\"box-grey bd-qjol1k97lyodkq059im4engidl69f3 wp-block-bd--- wp-block-bd-block-18628\"><p class=\"b-header bd-1kw3re4gcg5i39defuaxdhsmvobe9b\">Secteurs:<\/p><p class=\"b-text bd-sz1pne5f038xwzrfovl7qif1qjm2hg\"><a href=\"https:\/\/www.wloeser.com\/fr\/produits\/construction-metallique\/\">Construction m&#xE9;tallique<\/a>, <a href=\"https:\/\/www.wloeser.com\/fr\/produits\/fournisseur-automobile\/\">Fournisseur automobile<\/a>, <a href=\"https:\/\/www.wloeser.com\/fr\/produits\/ingenierie-aeronautique\/\">Ing&#xE9;nierie a&#xE9;ronautique<\/a>, <a href=\"https:\/\/www.wloeser.com\/fr\/produits\/fabrication-doutils\/\">Fabrication d&#x2019;outils<\/a>, <a href=\"https:\/\/www.wloeser.com\/fr\/produits\/technologie-medicale\/\">Technologie m&#xE9;dicale<\/a>, <a href=\"https:\/\/www.wloeser.com\/fr\/produits\/serrurier\/\">Serrurier<\/a>, <a href=\"https:\/\/www.wloeser.com\/fr\/produits\/fonderie\/\">Fonderie<\/a>, <a href=\"https:\/\/www.wloeser.com\/fr\/produits\/meuleuse-sous-contrat\/\">Meuleuse sous contrat<\/a><\/p><\/div>\n\n<div class=\"box-grey bd-cqadqciibtrdoyagcsdtgrxi2apdgl wp-block-bd--- wp-block-bd-block-18627\"><p class=\"b-header bd-kjns7ezbm0p3wxpowxkghz5l4t504n\">Port&#xE9;e:<\/p><p class=\"bd-rz6urptkvoxof9s95yqkmvvxtqg8vo\">Acier inoxydable, acier fortement alli&#xE9; et non alli&#xE9;, m&#xE9;taux non ferreux, acier moul&#xE9;, aluminium, titane, plastique, verre, papier, pour composants par exemple Aubes de turbine ou pi&#xE8;ces moul&#xE9;es sous pression et pi&#xE8;ces moul&#xE9;es &#xE0; la cire perdue<\/p><p class=\"b-text bd-63yp3rxey5gzwyf36n8o1m4jp1o3pa\"><\/p><\/div>\n\n\n<p class=\"lieferzeit\">D\u00e9lai de livraison : Disponible \u00e0 court terme<\/p>\n\n\n\n<div id=\"mySampleContent\" class=\"fancybox-hide\"><p class=\"wpcf7-contact-form-not-found\"><strong>Erreur\u00a0:<\/strong> Formulaire de contact non trouv\u00e9\u00a0!<\/p><\/div>\n<a href=\"#mySampleContent\" class=\"ari-fancybox popup-button\" style=\"display: inline-block !important;\">Demander un devis<\/a>\n<\/div><\/div><\/div>\n<\/div><\/div>\n\n\n\n<div class=\"wp-block-stackable-divider stk-block-divider stk-block stk-60ae79b\" data-block-id=\"60ae79b\"><hr class=\"stk-block-divider__hr\"\/><\/div>\n\n\n\n<h2 class=\"wp-block-heading has-text-align-left h2-details\" id=\"daten\">Sp\u00e9cifications techniques<\/h2>\n\n\n\n<figure class=\"wp-block-table is-style-regular\"><table class=\"has-white-background-color has-background has-fixed-layout\"><tbody><tr><td><strong>Num\u00e9ro de mod\u00e8le<\/strong><\/td><td>51312<\/td><td>51313<\/td><\/tr><tr><td><strong>hp (W)<\/strong><\/td><td>380 W<\/td><td>380 W<\/td><\/tr><tr><td><strong>R\u00e9gime moteur hors charge (tr\/min)<\/strong><\/td><td>18.000<\/td><td>20.000<\/td><\/tr><tr><td><strong>Niveau sonore<\/strong><\/td><td>75 dB(A)<\/td><td>77 dB(A)<\/td><\/tr><tr><td><strong>D\u00e9bit d&rsquo;air max. \u00e0 6,2 bar (90 PSIG) : SCFM<\/strong><\/td><td>850 L\/min<\/td><td>870 L\/min.<\/td><\/tr><tr><td><strong>Poids de l&rsquo;article<\/strong><\/td><td>1,1 kg<\/td><td>1,1 kg<\/td><\/tr><tr><td><strong>Longier<\/strong><\/td><td>327 mm<\/td><td>327 mm<\/td><\/tr><tr><td><strong>Diam\u00e8tre<\/strong><\/td><td>48 mm<\/td><td>48 mm<\/td><\/tr><\/tbody><\/table><\/figure>\n\n\n\n<div class=\"wp-block-stackable-divider stk-block-divider stk-block stk-8b20dzw\" data-block-id=\"8b20dzw\"><hr class=\"stk-block-divider__hr\"\/><\/div>\n\n\n\n<h3 class=\"wp-block-heading animated zoomIn\"><em>Port\u00e9e \u00e9tendue de 184 mm<\/em><\/h3>\n\n\n\n<figure class=\"wp-block-table is-style-regular\"><table class=\"has-white-background-color has-background has-fixed-layout\"><tbody><tr><td><strong><strong>Num\u00e9ro de mod\u00e8le<\/strong><\/strong><\/td><td>53506<\/td><td>53507<\/td><\/tr><tr><td><strong><strong>hp (W)<\/strong><\/strong><\/td><td>380 W<\/td><td>380 W<\/td><\/tr><tr><td><strong><strong>R\u00e9gime moteur hors charge (tr\/min)<\/strong><\/strong><\/td><td>18.000<\/td><td>20.000<\/td><\/tr><tr><td><strong><strong>Niveau sonore<\/strong><\/strong><\/td><td>75 dB(A)<\/td><td>77 dB(A)<\/td><\/tr><tr><td><strong><strong>D\u00e9bit d&rsquo;air max. \u00e0 6,2 bar (90 PSIG) : SCFM<\/strong><\/strong><\/td><td>850 L\/min.<\/td><td>870 L\/min.<\/td><\/tr><tr><td><strong><strong>Poids de l&rsquo;article<\/strong><\/strong><\/td><td>1,5 kg<\/td><td>1,5 kg<\/td><\/tr><tr><td><strong><strong>Longier<\/strong><\/strong><\/td><td>454 mm<\/td><td>454 mm<\/td><\/tr><tr><td><strong>Renouvellement<\/strong><\/td><td>48 mm<\/td><td>48 mm<\/td><\/tr><\/tbody><\/table><\/figure>\n\n\n\n<a class=\"back\" href=\"javascript:history.back()\">Dos<\/a>\n","protected":false},"excerpt":{"rendered":"<p>Meuleuse droite Dynabrade 51312, 53506 D\u00e9lai de livraison : Disponible \u00e0 court terme Demander un devis Sp\u00e9cifications techniques Num\u00e9ro de mod\u00e8le 51312 51313 hp (W) 380 W 380 W R\u00e9gime moteur hors charge (tr\/min) 18.000 20.000 Niveau sonore 75 dB(A) 77 dB(A) D\u00e9bit d&rsquo;air max. \u00e0 6,2 bar (90 PSIG) : SCFM 850 L\/min 870 [&hellip;]<\/p>\n","protected":false},"author":1,"featured_media":0,"parent":8442,"menu_order":6,"comment_status":"closed","ping_status":"closed","template":"templates\/template-full-width.php","meta":{"pgc_sgb_lightbox_settings":"","footnotes":""},"class_list":["post-8468","page","type-page","status-publish","hentry"],"yoast_head":"<!-- This site is optimized with the Yoast SEO plugin v26.8 - https:\/\/yoast.com\/product\/yoast-seo-wordpress\/ -->\n<title>Meuleuse droite Dynabrade 51312, 53506 - Loeser Schleifmaschinen<\/title>\n<meta name=\"description\" content=\"Les meuleuses droites pneumatiques Dynabrade 51312 et 53506 offrent une port\u00e9e \u00e9tendue pour finir efficacement les zones difficiles d&#039;acc\u00e8s.\" \/>\n<meta name=\"robots\" content=\"index, follow, max-snippet:-1, max-image-preview:large, max-video-preview:-1\" \/>\n<link rel=\"canonical\" href=\"https:\/\/www.wloeser.com\/fr\/rubans\/meuleuses-a-main\/outils-pneumatiques-a-pince\/meuleuse-droite-dynabrade-51312-53506\/\" \/>\n<meta property=\"og:locale\" content=\"fr_FR\" \/>\n<meta property=\"og:type\" content=\"article\" \/>\n<meta property=\"og:title\" content=\"Meuleuse droite Dynabrade 51312, 53506 - Loeser Schleifmaschinen\" \/>\n<meta property=\"og:description\" content=\"Les meuleuses droites pneumatiques Dynabrade 51312 et 53506 offrent une port\u00e9e \u00e9tendue pour finir efficacement les zones difficiles d&#039;acc\u00e8s.\" \/>\n<meta property=\"og:url\" content=\"https:\/\/www.wloeser.com\/fr\/rubans\/meuleuses-a-main\/outils-pneumatiques-a-pince\/meuleuse-droite-dynabrade-51312-53506\/\" \/>\n<meta property=\"og:site_name\" content=\"Loeser Schleifmaschinen\" \/>\n<meta property=\"article:modified_time\" content=\"2025-05-21T12:44:50+00:00\" \/>\n<meta property=\"og:image\" content=\"https:\/\/www.wloeser.com\/wp-content\/uploads\/2023\/05\/51312-dynabrade.jpg\" \/>\n<meta name=\"twitter:card\" content=\"summary_large_image\" \/>\n<meta name=\"twitter:label1\" content=\"Dur\u00e9e de lecture estim\u00e9e\" \/>\n\t<meta name=\"twitter:data1\" content=\"4 minutes\" \/>\n<script type=\"application\/ld+json\" class=\"yoast-schema-graph\">{\"@context\":\"https:\/\/schema.org\",\"@graph\":[{\"@type\":\"WebPage\",\"@id\":\"https:\/\/www.wloeser.com\/fr\/rubans\/meuleuses-a-main\/outils-pneumatiques-a-pince\/meuleuse-droite-dynabrade-51312-53506\/\",\"url\":\"https:\/\/www.wloeser.com\/fr\/rubans\/meuleuses-a-main\/outils-pneumatiques-a-pince\/meuleuse-droite-dynabrade-51312-53506\/\",\"name\":\"Meuleuse droite Dynabrade 51312, 53506 - Loeser Schleifmaschinen\",\"isPartOf\":{\"@id\":\"https:\/\/www.wloeser.com\/fr\/#website\"},\"primaryImageOfPage\":{\"@id\":\"https:\/\/www.wloeser.com\/fr\/rubans\/meuleuses-a-main\/outils-pneumatiques-a-pince\/meuleuse-droite-dynabrade-51312-53506\/#primaryimage\"},\"image\":{\"@id\":\"https:\/\/www.wloeser.com\/fr\/rubans\/meuleuses-a-main\/outils-pneumatiques-a-pince\/meuleuse-droite-dynabrade-51312-53506\/#primaryimage\"},\"thumbnailUrl\":\"https:\/\/www.wloeser.com\/wp-content\/uploads\/2023\/05\/51312-dynabrade.jpg\",\"datePublished\":\"2023-05-11T12:50:54+00:00\",\"dateModified\":\"2025-05-21T12:44:50+00:00\",\"description\":\"Les meuleuses droites pneumatiques Dynabrade 51312 et 53506 offrent une port\u00e9e \u00e9tendue pour finir efficacement les zones difficiles d'acc\u00e8s.\",\"breadcrumb\":{\"@id\":\"https:\/\/www.wloeser.com\/fr\/rubans\/meuleuses-a-main\/outils-pneumatiques-a-pince\/meuleuse-droite-dynabrade-51312-53506\/#breadcrumb\"},\"inLanguage\":\"fr-FR\",\"potentialAction\":[{\"@type\":\"ReadAction\",\"target\":[\"https:\/\/www.wloeser.com\/fr\/rubans\/meuleuses-a-main\/outils-pneumatiques-a-pince\/meuleuse-droite-dynabrade-51312-53506\/\"]}]},{\"@type\":\"ImageObject\",\"inLanguage\":\"fr-FR\",\"@id\":\"https:\/\/www.wloeser.com\/fr\/rubans\/meuleuses-a-main\/outils-pneumatiques-a-pince\/meuleuse-droite-dynabrade-51312-53506\/#primaryimage\",\"url\":\"https:\/\/www.wloeser.com\/wp-content\/uploads\/2023\/05\/51312-dynabrade.jpg\",\"contentUrl\":\"https:\/\/www.wloeser.com\/wp-content\/uploads\/2023\/05\/51312-dynabrade.jpg\"},{\"@type\":\"BreadcrumbList\",\"@id\":\"https:\/\/www.wloeser.com\/fr\/rubans\/meuleuses-a-main\/outils-pneumatiques-a-pince\/meuleuse-droite-dynabrade-51312-53506\/#breadcrumb\",\"itemListElement\":[{\"@type\":\"ListItem\",\"position\":1,\"name\":\"Page d'accueil\",\"item\":\"https:\/\/www.wloeser.com\/fr\/\"},{\"@type\":\"ListItem\",\"position\":2,\"name\":\"Produits\",\"item\":\"https:\/\/www.wloeser.com\/fr\/rubans\/\"},{\"@type\":\"ListItem\",\"position\":3,\"name\":\"Meuleuses \u00e0 main\",\"item\":\"https:\/\/www.wloeser.com\/fr\/rubans\/meuleuses-a-main\/\"},{\"@type\":\"ListItem\",\"position\":4,\"name\":\"Outils pneumatiques \u00e0 pince\",\"item\":\"https:\/\/www.wloeser.com\/fr\/rubans\/meuleuses-a-main\/outils-pneumatiques-a-pince\/\"},{\"@type\":\"ListItem\",\"position\":5,\"name\":\"Meuleuse droite Dynabrade 51312, 53506\"}]},{\"@type\":\"WebSite\",\"@id\":\"https:\/\/www.wloeser.com\/fr\/#website\",\"url\":\"https:\/\/www.wloeser.com\/fr\/\",\"name\":\"Loeser Schleifmaschinen\",\"description\":\"\",\"publisher\":{\"@id\":\"https:\/\/www.wloeser.com\/fr\/#organization\"},\"potentialAction\":[{\"@type\":\"SearchAction\",\"target\":{\"@type\":\"EntryPoint\",\"urlTemplate\":\"https:\/\/www.wloeser.com\/fr\/?s={search_term_string}\"},\"query-input\":{\"@type\":\"PropertyValueSpecification\",\"valueRequired\":true,\"valueName\":\"search_term_string\"}}],\"inLanguage\":\"fr-FR\"},{\"@type\":\"Organization\",\"@id\":\"https:\/\/www.wloeser.com\/fr\/#organization\",\"name\":\"Loeser Schleifmaschinen\",\"url\":\"https:\/\/www.wloeser.com\/fr\/\",\"logo\":{\"@type\":\"ImageObject\",\"inLanguage\":\"fr-FR\",\"@id\":\"https:\/\/www.wloeser.com\/fr\/#\/schema\/logo\/image\/\",\"url\":\"https:\/\/www.wloeser.com\/wp-content\/uploads\/2023\/03\/cropped-loeser-logo-2023.jpg\",\"contentUrl\":\"https:\/\/www.wloeser.com\/wp-content\/uploads\/2023\/03\/cropped-loeser-logo-2023.jpg\",\"width\":500,\"height\":238,\"caption\":\"Loeser Schleifmaschinen\"},\"image\":{\"@id\":\"https:\/\/www.wloeser.com\/fr\/#\/schema\/logo\/image\/\"}}]}<\/script>\n<!-- \/ Yoast SEO plugin. -->","yoast_head_json":{"title":"Meuleuse droite Dynabrade 51312, 53506 - Loeser Schleifmaschinen","description":"Les meuleuses droites pneumatiques Dynabrade 51312 et 53506 offrent une port\u00e9e \u00e9tendue pour finir efficacement les zones difficiles d'acc\u00e8s.","robots":{"index":"index","follow":"follow","max-snippet":"max-snippet:-1","max-image-preview":"max-image-preview:large","max-video-preview":"max-video-preview:-1"},"canonical":"https:\/\/www.wloeser.com\/fr\/rubans\/meuleuses-a-main\/outils-pneumatiques-a-pince\/meuleuse-droite-dynabrade-51312-53506\/","og_locale":"fr_FR","og_type":"article","og_title":"Meuleuse droite Dynabrade 51312, 53506 - Loeser Schleifmaschinen","og_description":"Les meuleuses droites pneumatiques Dynabrade 51312 et 53506 offrent une port\u00e9e \u00e9tendue pour finir efficacement les zones difficiles d'acc\u00e8s.","og_url":"https:\/\/www.wloeser.com\/fr\/rubans\/meuleuses-a-main\/outils-pneumatiques-a-pince\/meuleuse-droite-dynabrade-51312-53506\/","og_site_name":"Loeser Schleifmaschinen","article_modified_time":"2025-05-21T12:44:50+00:00","og_image":[{"url":"https:\/\/www.wloeser.com\/wp-content\/uploads\/2023\/05\/51312-dynabrade.jpg","type":"","width":"","height":""}],"twitter_card":"summary_large_image","twitter_misc":{"Dur\u00e9e de lecture estim\u00e9e":"4 minutes"},"schema":{"@context":"https:\/\/schema.org","@graph":[{"@type":"WebPage","@id":"https:\/\/www.wloeser.com\/fr\/rubans\/meuleuses-a-main\/outils-pneumatiques-a-pince\/meuleuse-droite-dynabrade-51312-53506\/","url":"https:\/\/www.wloeser.com\/fr\/rubans\/meuleuses-a-main\/outils-pneumatiques-a-pince\/meuleuse-droite-dynabrade-51312-53506\/","name":"Meuleuse droite Dynabrade 51312, 53506 - Loeser Schleifmaschinen","isPartOf":{"@id":"https:\/\/www.wloeser.com\/fr\/#website"},"primaryImageOfPage":{"@id":"https:\/\/www.wloeser.com\/fr\/rubans\/meuleuses-a-main\/outils-pneumatiques-a-pince\/meuleuse-droite-dynabrade-51312-53506\/#primaryimage"},"image":{"@id":"https:\/\/www.wloeser.com\/fr\/rubans\/meuleuses-a-main\/outils-pneumatiques-a-pince\/meuleuse-droite-dynabrade-51312-53506\/#primaryimage"},"thumbnailUrl":"https:\/\/www.wloeser.com\/wp-content\/uploads\/2023\/05\/51312-dynabrade.jpg","datePublished":"2023-05-11T12:50:54+00:00","dateModified":"2025-05-21T12:44:50+00:00","description":"Les meuleuses droites pneumatiques Dynabrade 51312 et 53506 offrent une port\u00e9e \u00e9tendue pour finir efficacement les zones difficiles d'acc\u00e8s.","breadcrumb":{"@id":"https:\/\/www.wloeser.com\/fr\/rubans\/meuleuses-a-main\/outils-pneumatiques-a-pince\/meuleuse-droite-dynabrade-51312-53506\/#breadcrumb"},"inLanguage":"fr-FR","potentialAction":[{"@type":"ReadAction","target":["https:\/\/www.wloeser.com\/fr\/rubans\/meuleuses-a-main\/outils-pneumatiques-a-pince\/meuleuse-droite-dynabrade-51312-53506\/"]}]},{"@type":"ImageObject","inLanguage":"fr-FR","@id":"https:\/\/www.wloeser.com\/fr\/rubans\/meuleuses-a-main\/outils-pneumatiques-a-pince\/meuleuse-droite-dynabrade-51312-53506\/#primaryimage","url":"https:\/\/www.wloeser.com\/wp-content\/uploads\/2023\/05\/51312-dynabrade.jpg","contentUrl":"https:\/\/www.wloeser.com\/wp-content\/uploads\/2023\/05\/51312-dynabrade.jpg"},{"@type":"BreadcrumbList","@id":"https:\/\/www.wloeser.com\/fr\/rubans\/meuleuses-a-main\/outils-pneumatiques-a-pince\/meuleuse-droite-dynabrade-51312-53506\/#breadcrumb","itemListElement":[{"@type":"ListItem","position":1,"name":"Page d'accueil","item":"https:\/\/www.wloeser.com\/fr\/"},{"@type":"ListItem","position":2,"name":"Produits","item":"https:\/\/www.wloeser.com\/fr\/rubans\/"},{"@type":"ListItem","position":3,"name":"Meuleuses \u00e0 main","item":"https:\/\/www.wloeser.com\/fr\/rubans\/meuleuses-a-main\/"},{"@type":"ListItem","position":4,"name":"Outils pneumatiques \u00e0 pince","item":"https:\/\/www.wloeser.com\/fr\/rubans\/meuleuses-a-main\/outils-pneumatiques-a-pince\/"},{"@type":"ListItem","position":5,"name":"Meuleuse droite Dynabrade 51312, 53506"}]},{"@type":"WebSite","@id":"https:\/\/www.wloeser.com\/fr\/#website","url":"https:\/\/www.wloeser.com\/fr\/","name":"Loeser Schleifmaschinen","description":"","publisher":{"@id":"https:\/\/www.wloeser.com\/fr\/#organization"},"potentialAction":[{"@type":"SearchAction","target":{"@type":"EntryPoint","urlTemplate":"https:\/\/www.wloeser.com\/fr\/?s={search_term_string}"},"query-input":{"@type":"PropertyValueSpecification","valueRequired":true,"valueName":"search_term_string"}}],"inLanguage":"fr-FR"},{"@type":"Organization","@id":"https:\/\/www.wloeser.com\/fr\/#organization","name":"Loeser Schleifmaschinen","url":"https:\/\/www.wloeser.com\/fr\/","logo":{"@type":"ImageObject","inLanguage":"fr-FR","@id":"https:\/\/www.wloeser.com\/fr\/#\/schema\/logo\/image\/","url":"https:\/\/www.wloeser.com\/wp-content\/uploads\/2023\/03\/cropped-loeser-logo-2023.jpg","contentUrl":"https:\/\/www.wloeser.com\/wp-content\/uploads\/2023\/03\/cropped-loeser-logo-2023.jpg","width":500,"height":238,"caption":"Loeser Schleifmaschinen"},"image":{"@id":"https:\/\/www.wloeser.com\/fr\/#\/schema\/logo\/image\/"}}]}},"_links":{"self":[{"href":"https:\/\/www.wloeser.com\/fr\/wp-json\/wp\/v2\/pages\/8468","targetHints":{"allow":["GET"]}}],"collection":[{"href":"https:\/\/www.wloeser.com\/fr\/wp-json\/wp\/v2\/pages"}],"about":[{"href":"https:\/\/www.wloeser.com\/fr\/wp-json\/wp\/v2\/types\/page"}],"author":[{"embeddable":true,"href":"https:\/\/www.wloeser.com\/fr\/wp-json\/wp\/v2\/users\/1"}],"replies":[{"embeddable":true,"href":"https:\/\/www.wloeser.com\/fr\/wp-json\/wp\/v2\/comments?post=8468"}],"version-history":[{"count":13,"href":"https:\/\/www.wloeser.com\/fr\/wp-json\/wp\/v2\/pages\/8468\/revisions"}],"predecessor-version":[{"id":20869,"href":"https:\/\/www.wloeser.com\/fr\/wp-json\/wp\/v2\/pages\/8468\/revisions\/20869"}],"up":[{"embeddable":true,"href":"https:\/\/www.wloeser.com\/fr\/wp-json\/wp\/v2\/pages\/8442"}],"wp:attachment":[{"href":"https:\/\/www.wloeser.com\/fr\/wp-json\/wp\/v2\/media?parent=8468"}],"curies":[{"name":"wp","href":"https:\/\/api.w.org\/{rel}","templated":true}]}}