{"id":8462,"date":"2023-05-11T12:30:29","date_gmt":"2023-05-11T10:30:29","guid":{"rendered":"https:\/\/loeser.createch-media.com\/?page_id=8462"},"modified":"2025-05-21T14:44:36","modified_gmt":"2025-05-21T12:44:36","slug":"meuleuse-droite-dynabrade-51300","status":"publish","type":"page","link":"https:\/\/www.wloeser.com\/fr\/rubans\/meuleuses-a-main\/outils-pneumatiques-a-pince\/meuleuse-droite-dynabrade-51300\/","title":{"rendered":"Meuleuse droite Dynabrade 51300"},"content":{"rendered":"\n<div class=\"wp-block-stackable-columns stk-block-columns stk-block stk-7a8ef8a animated zoomIn\" data-block-id=\"7a8ef8a\"><style>@media screen and (max-width: 767px){.stk-7a8ef8a {--stk-col-order-1:2 !important;--stk-col-order-2:1 !important;}}<\/style><div class=\"stk-row stk-inner-blocks stk-block-content stk-content-align stk-7a8ef8a-column\">\n<div class=\"wp-block-stackable-column stk-block-column stk-column stk-block stk-7d2e3ef\" data-v=\"4\" data-block-id=\"7d2e3ef\"><style>.stk-7d2e3ef-container{margin-top:50px !important;}@media screen and (min-width: 768px){.stk-7d2e3ef {flex:var(--stk-flex-grow, 1) 1 calc(40% - var(--stk-column-gap, 0px) * 1 \/ 2 ) !important;}}<\/style><div class=\"stk-column-wrapper stk-block-column__content stk-container stk-7d2e3ef-container stk--no-background stk--no-padding\"><div class=\"stk-block-content stk-inner-blocks stk-7d2e3ef-inner-blocks\">\n<figure class=\"wp-block-image size-large\"><a href=\"https:\/\/www.wloeser.com\/wp-content\/uploads\/2023\/05\/51300-dynabrade.jpg\"><img loading=\"lazy\" decoding=\"async\" width=\"1024\" height=\"550\" src=\"https:\/\/www.wloeser.com\/wp-content\/uploads\/2023\/05\/51300-dynabrade-1024x550.jpg\" alt=\"Dynabrade Druckluft- Geradeschleifer 51300\" class=\"wp-image-4935\" srcset=\"https:\/\/www.wloeser.com\/wp-content\/uploads\/2023\/05\/51300-dynabrade-1024x550.jpg 1024w, https:\/\/www.wloeser.com\/wp-content\/uploads\/2023\/05\/51300-dynabrade-300x161.jpg 300w, https:\/\/www.wloeser.com\/wp-content\/uploads\/2023\/05\/51300-dynabrade-768x413.jpg 768w, https:\/\/www.wloeser.com\/wp-content\/uploads\/2023\/05\/51300-dynabrade.jpg 1200w\" sizes=\"auto, (max-width: 1024px) 100vw, 1024px\" \/><\/a><\/figure>\n<\/div><\/div><\/div>\n\n\n\n<div class=\"wp-block-stackable-column stk-block-column stk-column stk-block stk-835a466\" data-v=\"4\" data-block-id=\"835a466\"><style>@media screen and (min-width: 768px){.stk-835a466 {flex:var(--stk-flex-grow, 1) 1 calc(60% - var(--stk-column-gap, 0px) * 1 \/ 2 ) !important;}}<\/style><div class=\"stk-column-wrapper stk-block-column__content stk-container stk-835a466-container stk--no-background stk--no-padding\"><div class=\"stk-block-content stk-inner-blocks stk-835a466-inner-blocks\">\n<h1 class=\"wp-block-heading animated zoomIn\">Meuleuse droite Dynabrade 51300<\/h1>\n\n\n\n<div class=\"wp-block-stackable-icon-list stk-block-icon-list stk-block stk-d1ed66b\" data-block-id=\"d1ed66b\"><style>.stk-d1ed66b .stk-block-icon-list-item__content{gap:9px !important;align-items:baseline !important;}.stk-d1ed66b {--stk-icon-list-column-gap:0px !important;--stk-icon-list-row-gap:15px !important;--stk-icon-list-marker-color:#2c4f95 !important;--stk-icon-list-icon-size:12.5px !important;}.stk-d1ed66b ul, .stk-d1ed66b ol{padding-left:20px !important;}<\/style><svg style=\"display:none\"><defs><g id=\"stk-icon-list__icon-svg-def-d1ed66b\"><svg aria-hidden=\"true\" focusable=\"false\" data-prefix=\"fas\" data-icon=\"dot-circle\" class=\"svg-inline--fa fa-dot-circle fa-w-16\" role=\"img\" xmlns=\"http:\/\/www.w3.org\/2000\/svg\" viewBox=\"0 0 512 512\"><path fill=\"currentColor\" d=\"M256 8C119.033 8 8 119.033 8 256s111.033 248 248 248 248-111.033 248-248S392.967 8 256 8zm80 248c0 44.112-35.888 80-80 80s-80-35.888-80-80 35.888-80 80-80 80 35.888 80 80z\"><\/path><\/svg><\/g><\/defs><\/svg><div class=\"stk-block-icon-list__ul stk-block-icon-list--column\"><ul class=\"stk-block-icon-list__group\">\n<li class=\"wp-block-stackable-icon-list-item stk-block-icon-list-item stk-block stk-1f21dc9\" data-block-id=\"1f21dc9\"><div class=\"stk-block-icon-list-item__content\"><span class=\"stk--svg-wrapper\"><div class=\"stk--inner-svg\"><svg aria-hidden=\"true\" width=\"32\" height=\"32\"><use xlink:href=\"#stk-icon-list__icon-svg-def-d1ed66b\"><\/use><\/svg><\/div><\/span><span class=\"stk-block-icon-list-item__text\">Les petits puissants<\/span><\/div><\/li>\n\n\n\n<li class=\"wp-block-stackable-icon-list-item stk-block-icon-list-item stk-block stk-c9b85ae\" data-block-id=\"c9b85ae\"><div class=\"stk-block-icon-list-item__content\"><span class=\"stk--svg-wrapper\"><div class=\"stk--inner-svg\"><svg aria-hidden=\"true\" width=\"32\" height=\"32\"><use xlink:href=\"#stk-icon-list__icon-svg-def-d1ed66b\"><\/use><\/svg><\/div><\/span><span class=\"stk-block-icon-list-item__text\">Inserts de pince disponibles en option avec 3, 6, 8 et 10 mm<\/span><\/div><\/li>\n\n\n\n<li class=\"wp-block-stackable-icon-list-item stk-block-icon-list-item stk-block stk-71e99c1\" data-block-id=\"71e99c1\"><div class=\"stk-block-icon-list-item__content\"><span class=\"stk--svg-wrapper\"><div class=\"stk--inner-svg\"><svg aria-hidden=\"true\" width=\"32\" height=\"32\"><use xlink:href=\"#stk-icon-list__icon-svg-def-d1ed66b\"><\/use><\/svg><\/div><\/span><span class=\"stk-block-icon-list-item__text\">\u00c9chappement \u00e0 l&rsquo;arri\u00e8re avec silencieux suppl\u00e9mentaire<\/span><\/div><\/li>\n\n\n\n<li class=\"wp-block-stackable-icon-list-item stk-block-icon-list-item stk-block stk-9f99938\" data-block-id=\"9f99938\"><div class=\"stk-block-icon-list-item__content\"><span class=\"stk--svg-wrapper\"><div class=\"stk--inner-svg\"><svg aria-hidden=\"true\" width=\"32\" height=\"32\"><use xlink:href=\"#stk-icon-list__icon-svg-def-d1ed66b\"><\/use><\/svg><\/div><\/span><span class=\"stk-block-icon-list-item__text\">\u00e9chappement vers l&rsquo;avant<\/span><\/div><\/li>\n<\/ul><\/div><\/div>\n\n\n<div class=\"box-grey bd-qjol1k97lyodkq059im4engidl69f3 wp-block-bd--- wp-block-bd-block-18628\"><p class=\"b-header bd-1kw3re4gcg5i39defuaxdhsmvobe9b\">Secteurs:<\/p><p class=\"b-text bd-sz1pne5f038xwzrfovl7qif1qjm2hg\"><a href=\"https:\/\/www.wloeser.com\/fr\/produits\/construction-metallique\/\">Construction m&#xE9;tallique<\/a>, <a href=\"https:\/\/www.wloeser.com\/fr\/produits\/fournisseur-automobile\/\">Fournisseur automobile<\/a>, <a href=\"https:\/\/www.wloeser.com\/fr\/produits\/ingenierie-aeronautique\/\">Ing&#xE9;nierie a&#xE9;ronautique<\/a>, <a href=\"https:\/\/www.wloeser.com\/fr\/produits\/fabrication-doutils\/\">Fabrication d&#x2019;outils<\/a>, <a href=\"https:\/\/www.wloeser.com\/fr\/produits\/technologie-medicale\/\">Technologie m&#xE9;dicale<\/a>, <a href=\"https:\/\/www.wloeser.com\/fr\/produits\/serrurier\/\">Serrurier<\/a>, <a href=\"https:\/\/www.wloeser.com\/fr\/produits\/fonderie\/\">Fonderie<\/a>, <a href=\"https:\/\/www.wloeser.com\/fr\/produits\/meuleuse-sous-contrat\/\">Meuleuse sous contrat<\/a><\/p><\/div>\n\n<div class=\"box-grey bd-cqadqciibtrdoyagcsdtgrxi2apdgl wp-block-bd--- wp-block-bd-block-18627\"><p class=\"b-header bd-kjns7ezbm0p3wxpowxkghz5l4t504n\">Port&#xE9;e:<\/p><p class=\"bd-rz6urptkvoxof9s95yqkmvvxtqg8vo\">Acier inoxydable, acier fortement alli&#xE9; et non alli&#xE9;, m&#xE9;taux non ferreux, acier moul&#xE9;, aluminium, titane, plastique, verre, papier, pour composants par exemple Aubes de turbine ou pi&#xE8;ces moul&#xE9;es sous pression et pi&#xE8;ces moul&#xE9;es &#xE0; la cire perdue<\/p><p class=\"b-text bd-63yp3rxey5gzwyf36n8o1m4jp1o3pa\"><\/p><\/div>\n\n\n<p class=\"lieferzeit\">D\u00e9lai de livraison : Disponible \u00e0 court terme<\/p>\n\n\n\n<div id=\"mySampleContent\" class=\"fancybox-hide\"><p class=\"wpcf7-contact-form-not-found\"><strong>Erreur\u00a0:<\/strong> Formulaire de contact non trouv\u00e9\u00a0!<\/p><\/div>\n<a href=\"#mySampleContent\" class=\"ari-fancybox popup-button\" style=\"display: inline-block !important;\">Demander un devis<\/a>\n<\/div><\/div><\/div>\n<\/div><\/div>\n\n\n\n<div class=\"wp-block-stackable-divider stk-block-divider stk-block stk-60ae79b\" data-block-id=\"60ae79b\"><hr class=\"stk-block-divider__hr\"\/><\/div>\n\n\n\n<h2 class=\"wp-block-heading has-text-align-left h2-details\" id=\"daten\">Sp\u00e9cifications techniques<\/h2>\n\n\n\n<h3 class=\"wp-block-heading animated zoomIn\"><em>\u00e9chappement vers l&rsquo;avant<\/em><\/h3>\n\n\n\n<figure class=\"wp-block-table is-style-regular\"><table class=\"has-white-background-color has-background has-fixed-layout\"><tbody><tr><td><strong>Num\u00e9ro de mod\u00e8le<\/strong><\/td><td>51300<\/td><td>51301<\/td><td>51302<\/td><td>51303<\/td><\/tr><tr><td><strong>hp (W)<\/strong><\/td><td>380 W<\/td><td>380 W<\/td><td>380 W<\/td><td>380 W<\/td><\/tr><tr><td><strong>R\u00e9gime moteur hors charge (tr\/min)<\/strong><\/td><td>15.000<\/td><td>18.000<\/td><td>20.000<\/td><td>24.000<\/td><\/tr><tr><td><strong>Niveau sonore<\/strong><\/td><td>80 dB(A)<\/td><td>81 dB(A)<\/td><td>82 dB(A)<\/td><td>84 DB(A)<\/td><\/tr><tr><td><strong>D\u00e9bit d&rsquo;air max. \u00e0 6,2 bar (90 PSIG) : SCFM<\/strong><\/td><td>680 L\/min.<\/td><td>680 L\/min.<\/td><td>700 L\/min.<\/td><td>730 L\/min.<\/td><\/tr><tr><td><strong>Poids de l&rsquo;article<\/strong><\/td><td>0,7 kg<\/td><td>0,7 kg<\/td><td>0,7 kg<\/td><td>0,7 kg<\/td><\/tr><tr><td><strong>Longueur<\/strong><\/td><td>178 mm<\/td><td>178 mm<\/td><td>178 mm<\/td><td> 178 mm<\/td><\/tr><tr><td><strong>Hauteur<\/strong><\/td><td>48 mm<\/td><td>48 mm<\/td><td>48 mm<\/td><td>48 mm<\/td><\/tr><\/tbody><\/table><\/figure>\n\n\n\n<h3 class=\"wp-block-heading animated zoomIn\"><em>\u00e9chappement \u00e0 l&rsquo;arri\u00e8re<\/em><\/h3>\n\n\n\n<figure class=\"wp-block-table is-style-regular\"><table class=\"has-white-background-color has-background has-fixed-layout\"><tbody><tr><td><strong>Num\u00e9ro de mod\u00e8le<\/strong><\/td><td>51304<\/td><td>51305<\/td><td>51306<\/td><td>51307<\/td><\/tr><tr><td><strong><strong>hp (W)<\/strong><\/strong><\/td><td>380 W<\/td><td>380 W<\/td><td>373 W<\/td><td>373 W<\/td><\/tr><tr><td><strong><strong>R\u00e9gime moteur hors charge (tr\/min)<\/strong><\/strong><\/td><td>15.000<\/td><td>18.000<\/td><td>20.000<\/td><td>24.000<\/td><\/tr><tr><td><strong><strong>Niveau sonore<\/strong><\/strong><\/td><td>79 dB(A)<\/td><td>79 dB(A)<\/td><td>75 dB(A)<\/td><td>76 dB(A)<\/td><\/tr><tr><td><strong><strong>D\u00e9bit d&rsquo;air max. \u00e0 6,2 bar (90 PSIG) : SCFM<\/strong><\/strong><\/td><td>700 L\/min.<\/td><td>730 L\/min.<\/td><td>765 L\/min.<\/td><td>765 L\/min.<\/td><\/tr><tr><td><strong><strong>Poids de l&rsquo;article<\/strong><\/strong><\/td><td>0,8 kg<\/td><td>0,8 kg<\/td><td>0,8 kg<\/td><td>0,8 kg<\/td><\/tr><tr><td><strong><strong>Longueur<\/strong><\/strong><\/td><td>235 mm<\/td><td>235 mm<\/td><td>235 mm<\/td><td> 235 mm<\/td><\/tr><tr><td><strong><strong>Hauteur<\/strong><\/strong><\/td><td>48 mm<\/td><td>48 mm<\/td><td>48 mm<\/td><td>48 mm<\/td><\/tr><\/tbody><\/table><\/figure>\n\n\n\n<div class=\"wp-block-stackable-divider stk-block-divider stk-block stk-8e61zrl\" data-block-id=\"8e61zrl\"><hr class=\"stk-block-divider__hr\"\/><\/div>\n\n\n\n<h2 class=\"wp-block-heading has-text-align-left h2-details\" id=\"zubehoer\">Fiches techniques et pi\u00e8ces d\u00e9tach\u00e9es<\/h2>\n\n\n\n<div class=\"wp-block-file\"><a id=\"wp-block-file--media-c03a4b22-db67-41fc-a3a1-3c38bec8c377\" href=\"https:\/\/www.wloeser.com\/wp-content\/uploads\/2023\/05\/51300-dynabrade.pdf\" target=\"_blank\" rel=\"noreferrer noopener\">Mode d&#8217;emploi et liste des pi\u00e8ces de rechange Meuleuse droite \u00e0 air comprim\u00e9 Dynabrade 51300, 51301, 51302, 51303 (PDF)<\/a><\/div>\n\n\n\n<div class=\"wp-block-file\"><a id=\"wp-block-file--media-c03a4b22-db67-41fc-a3a1-3c38bec8c377\" href=\"https:\/\/www.wloeser.com\/wp-content\/uploads\/2023\/05\/51304-dynabrade.pdf\" target=\"_blank\" rel=\"noreferrer noopener\">Mode d&#8217;emploi et liste des pi\u00e8ces de rechange Meuleuse droite pneumatique Dynabrade 51304, 51305, 51306, 51307 (PDF)<\/a><\/div>\n\n\n\n<a class=\"back\" href=\"javascript:history.back()\">Dos<\/a>\n","protected":false},"excerpt":{"rendered":"<p>Meuleuse droite Dynabrade 51300 D\u00e9lai de livraison : Disponible \u00e0 court terme Demander un devis Sp\u00e9cifications techniques \u00e9chappement vers l&rsquo;avant Num\u00e9ro de mod\u00e8le 51300 51301 51302 51303 hp (W) 380 W 380 W 380 W 380 W R\u00e9gime moteur hors charge (tr\/min) 15.000 18.000 20.000 24.000 Niveau sonore 80 dB(A) 81 dB(A) 82 dB(A) 84 [&hellip;]<\/p>\n","protected":false},"author":1,"featured_media":0,"parent":8442,"menu_order":4,"comment_status":"closed","ping_status":"closed","template":"templates\/template-full-width.php","meta":{"pgc_sgb_lightbox_settings":"","footnotes":""},"class_list":["post-8462","page","type-page","status-publish","hentry"],"yoast_head":"<!-- This site is optimized with the Yoast SEO plugin v26.8 - https:\/\/yoast.com\/product\/yoast-seo-wordpress\/ -->\n<title>Meuleuse droite Dynabrade 51300 - Loeser Schleifmaschinen<\/title>\n<meta name=\"description\" content=\"La meuleuse droite \u00e0 air comprim\u00e9 Dynabrade 51300 est l&#039;un des outils puissants et compacts qui offre une large gamme d&#039;applications.\" \/>\n<meta name=\"robots\" content=\"index, follow, max-snippet:-1, max-image-preview:large, max-video-preview:-1\" \/>\n<link rel=\"canonical\" href=\"https:\/\/www.wloeser.com\/fr\/rubans\/meuleuses-a-main\/outils-pneumatiques-a-pince\/meuleuse-droite-dynabrade-51300\/\" \/>\n<meta property=\"og:locale\" content=\"fr_FR\" \/>\n<meta property=\"og:type\" content=\"article\" \/>\n<meta property=\"og:title\" content=\"Meuleuse droite Dynabrade 51300 - Loeser Schleifmaschinen\" \/>\n<meta property=\"og:description\" content=\"La meuleuse droite \u00e0 air comprim\u00e9 Dynabrade 51300 est l&#039;un des outils puissants et compacts qui offre une large gamme d&#039;applications.\" \/>\n<meta property=\"og:url\" content=\"https:\/\/www.wloeser.com\/fr\/rubans\/meuleuses-a-main\/outils-pneumatiques-a-pince\/meuleuse-droite-dynabrade-51300\/\" \/>\n<meta property=\"og:site_name\" content=\"Loeser Schleifmaschinen\" \/>\n<meta property=\"article:modified_time\" content=\"2025-05-21T12:44:36+00:00\" \/>\n<meta property=\"og:image\" content=\"https:\/\/www.wloeser.com\/wp-content\/uploads\/2023\/05\/51300-dynabrade.jpg\" \/>\n\t<meta property=\"og:image:width\" content=\"1200\" \/>\n\t<meta property=\"og:image:height\" content=\"645\" \/>\n\t<meta property=\"og:image:type\" content=\"image\/jpeg\" \/>\n<meta name=\"twitter:card\" content=\"summary_large_image\" \/>\n<script type=\"application\/ld+json\" class=\"yoast-schema-graph\">{\"@context\":\"https:\/\/schema.org\",\"@graph\":[{\"@type\":\"WebPage\",\"@id\":\"https:\/\/www.wloeser.com\/fr\/rubans\/meuleuses-a-main\/outils-pneumatiques-a-pince\/meuleuse-droite-dynabrade-51300\/\",\"url\":\"https:\/\/www.wloeser.com\/fr\/rubans\/meuleuses-a-main\/outils-pneumatiques-a-pince\/meuleuse-droite-dynabrade-51300\/\",\"name\":\"Meuleuse droite Dynabrade 51300 - Loeser Schleifmaschinen\",\"isPartOf\":{\"@id\":\"https:\/\/www.wloeser.com\/fr\/#website\"},\"primaryImageOfPage\":{\"@id\":\"https:\/\/www.wloeser.com\/fr\/rubans\/meuleuses-a-main\/outils-pneumatiques-a-pince\/meuleuse-droite-dynabrade-51300\/#primaryimage\"},\"image\":{\"@id\":\"https:\/\/www.wloeser.com\/fr\/rubans\/meuleuses-a-main\/outils-pneumatiques-a-pince\/meuleuse-droite-dynabrade-51300\/#primaryimage\"},\"thumbnailUrl\":\"https:\/\/www.wloeser.com\/wp-content\/uploads\/2023\/05\/51300-dynabrade-1024x550.jpg\",\"datePublished\":\"2023-05-11T10:30:29+00:00\",\"dateModified\":\"2025-05-21T12:44:36+00:00\",\"description\":\"La meuleuse droite \u00e0 air comprim\u00e9 Dynabrade 51300 est l'un des outils puissants et compacts qui offre une large gamme d'applications.\",\"breadcrumb\":{\"@id\":\"https:\/\/www.wloeser.com\/fr\/rubans\/meuleuses-a-main\/outils-pneumatiques-a-pince\/meuleuse-droite-dynabrade-51300\/#breadcrumb\"},\"inLanguage\":\"fr-FR\",\"potentialAction\":[{\"@type\":\"ReadAction\",\"target\":[\"https:\/\/www.wloeser.com\/fr\/rubans\/meuleuses-a-main\/outils-pneumatiques-a-pince\/meuleuse-droite-dynabrade-51300\/\"]}]},{\"@type\":\"ImageObject\",\"inLanguage\":\"fr-FR\",\"@id\":\"https:\/\/www.wloeser.com\/fr\/rubans\/meuleuses-a-main\/outils-pneumatiques-a-pince\/meuleuse-droite-dynabrade-51300\/#primaryimage\",\"url\":\"https:\/\/www.wloeser.com\/wp-content\/uploads\/2023\/05\/51300-dynabrade-1024x550.jpg\",\"contentUrl\":\"https:\/\/www.wloeser.com\/wp-content\/uploads\/2023\/05\/51300-dynabrade-1024x550.jpg\"},{\"@type\":\"BreadcrumbList\",\"@id\":\"https:\/\/www.wloeser.com\/fr\/rubans\/meuleuses-a-main\/outils-pneumatiques-a-pince\/meuleuse-droite-dynabrade-51300\/#breadcrumb\",\"itemListElement\":[{\"@type\":\"ListItem\",\"position\":1,\"name\":\"Page d'accueil\",\"item\":\"https:\/\/www.wloeser.com\/fr\/\"},{\"@type\":\"ListItem\",\"position\":2,\"name\":\"Produits\",\"item\":\"https:\/\/www.wloeser.com\/fr\/rubans\/\"},{\"@type\":\"ListItem\",\"position\":3,\"name\":\"Meuleuses \u00e0 main\",\"item\":\"https:\/\/www.wloeser.com\/fr\/rubans\/meuleuses-a-main\/\"},{\"@type\":\"ListItem\",\"position\":4,\"name\":\"Outils pneumatiques \u00e0 pince\",\"item\":\"https:\/\/www.wloeser.com\/fr\/rubans\/meuleuses-a-main\/outils-pneumatiques-a-pince\/\"},{\"@type\":\"ListItem\",\"position\":5,\"name\":\"Meuleuse droite Dynabrade 51300\"}]},{\"@type\":\"WebSite\",\"@id\":\"https:\/\/www.wloeser.com\/fr\/#website\",\"url\":\"https:\/\/www.wloeser.com\/fr\/\",\"name\":\"Loeser Schleifmaschinen\",\"description\":\"\",\"publisher\":{\"@id\":\"https:\/\/www.wloeser.com\/fr\/#organization\"},\"potentialAction\":[{\"@type\":\"SearchAction\",\"target\":{\"@type\":\"EntryPoint\",\"urlTemplate\":\"https:\/\/www.wloeser.com\/fr\/?s={search_term_string}\"},\"query-input\":{\"@type\":\"PropertyValueSpecification\",\"valueRequired\":true,\"valueName\":\"search_term_string\"}}],\"inLanguage\":\"fr-FR\"},{\"@type\":\"Organization\",\"@id\":\"https:\/\/www.wloeser.com\/fr\/#organization\",\"name\":\"Loeser Schleifmaschinen\",\"url\":\"https:\/\/www.wloeser.com\/fr\/\",\"logo\":{\"@type\":\"ImageObject\",\"inLanguage\":\"fr-FR\",\"@id\":\"https:\/\/www.wloeser.com\/fr\/#\/schema\/logo\/image\/\",\"url\":\"https:\/\/www.wloeser.com\/wp-content\/uploads\/2023\/03\/cropped-loeser-logo-2023.jpg\",\"contentUrl\":\"https:\/\/www.wloeser.com\/wp-content\/uploads\/2023\/03\/cropped-loeser-logo-2023.jpg\",\"width\":500,\"height\":238,\"caption\":\"Loeser Schleifmaschinen\"},\"image\":{\"@id\":\"https:\/\/www.wloeser.com\/fr\/#\/schema\/logo\/image\/\"}}]}<\/script>\n<!-- \/ Yoast SEO plugin. -->","yoast_head_json":{"title":"Meuleuse droite Dynabrade 51300 - Loeser Schleifmaschinen","description":"La meuleuse droite \u00e0 air comprim\u00e9 Dynabrade 51300 est l'un des outils puissants et compacts qui offre une large gamme d'applications.","robots":{"index":"index","follow":"follow","max-snippet":"max-snippet:-1","max-image-preview":"max-image-preview:large","max-video-preview":"max-video-preview:-1"},"canonical":"https:\/\/www.wloeser.com\/fr\/rubans\/meuleuses-a-main\/outils-pneumatiques-a-pince\/meuleuse-droite-dynabrade-51300\/","og_locale":"fr_FR","og_type":"article","og_title":"Meuleuse droite Dynabrade 51300 - Loeser Schleifmaschinen","og_description":"La meuleuse droite \u00e0 air comprim\u00e9 Dynabrade 51300 est l'un des outils puissants et compacts qui offre une large gamme d'applications.","og_url":"https:\/\/www.wloeser.com\/fr\/rubans\/meuleuses-a-main\/outils-pneumatiques-a-pince\/meuleuse-droite-dynabrade-51300\/","og_site_name":"Loeser Schleifmaschinen","article_modified_time":"2025-05-21T12:44:36+00:00","og_image":[{"width":1200,"height":645,"url":"https:\/\/www.wloeser.com\/wp-content\/uploads\/2023\/05\/51300-dynabrade.jpg","type":"image\/jpeg"}],"twitter_card":"summary_large_image","schema":{"@context":"https:\/\/schema.org","@graph":[{"@type":"WebPage","@id":"https:\/\/www.wloeser.com\/fr\/rubans\/meuleuses-a-main\/outils-pneumatiques-a-pince\/meuleuse-droite-dynabrade-51300\/","url":"https:\/\/www.wloeser.com\/fr\/rubans\/meuleuses-a-main\/outils-pneumatiques-a-pince\/meuleuse-droite-dynabrade-51300\/","name":"Meuleuse droite Dynabrade 51300 - Loeser Schleifmaschinen","isPartOf":{"@id":"https:\/\/www.wloeser.com\/fr\/#website"},"primaryImageOfPage":{"@id":"https:\/\/www.wloeser.com\/fr\/rubans\/meuleuses-a-main\/outils-pneumatiques-a-pince\/meuleuse-droite-dynabrade-51300\/#primaryimage"},"image":{"@id":"https:\/\/www.wloeser.com\/fr\/rubans\/meuleuses-a-main\/outils-pneumatiques-a-pince\/meuleuse-droite-dynabrade-51300\/#primaryimage"},"thumbnailUrl":"https:\/\/www.wloeser.com\/wp-content\/uploads\/2023\/05\/51300-dynabrade-1024x550.jpg","datePublished":"2023-05-11T10:30:29+00:00","dateModified":"2025-05-21T12:44:36+00:00","description":"La meuleuse droite \u00e0 air comprim\u00e9 Dynabrade 51300 est l'un des outils puissants et compacts qui offre une large gamme d'applications.","breadcrumb":{"@id":"https:\/\/www.wloeser.com\/fr\/rubans\/meuleuses-a-main\/outils-pneumatiques-a-pince\/meuleuse-droite-dynabrade-51300\/#breadcrumb"},"inLanguage":"fr-FR","potentialAction":[{"@type":"ReadAction","target":["https:\/\/www.wloeser.com\/fr\/rubans\/meuleuses-a-main\/outils-pneumatiques-a-pince\/meuleuse-droite-dynabrade-51300\/"]}]},{"@type":"ImageObject","inLanguage":"fr-FR","@id":"https:\/\/www.wloeser.com\/fr\/rubans\/meuleuses-a-main\/outils-pneumatiques-a-pince\/meuleuse-droite-dynabrade-51300\/#primaryimage","url":"https:\/\/www.wloeser.com\/wp-content\/uploads\/2023\/05\/51300-dynabrade-1024x550.jpg","contentUrl":"https:\/\/www.wloeser.com\/wp-content\/uploads\/2023\/05\/51300-dynabrade-1024x550.jpg"},{"@type":"BreadcrumbList","@id":"https:\/\/www.wloeser.com\/fr\/rubans\/meuleuses-a-main\/outils-pneumatiques-a-pince\/meuleuse-droite-dynabrade-51300\/#breadcrumb","itemListElement":[{"@type":"ListItem","position":1,"name":"Page d'accueil","item":"https:\/\/www.wloeser.com\/fr\/"},{"@type":"ListItem","position":2,"name":"Produits","item":"https:\/\/www.wloeser.com\/fr\/rubans\/"},{"@type":"ListItem","position":3,"name":"Meuleuses \u00e0 main","item":"https:\/\/www.wloeser.com\/fr\/rubans\/meuleuses-a-main\/"},{"@type":"ListItem","position":4,"name":"Outils pneumatiques \u00e0 pince","item":"https:\/\/www.wloeser.com\/fr\/rubans\/meuleuses-a-main\/outils-pneumatiques-a-pince\/"},{"@type":"ListItem","position":5,"name":"Meuleuse droite Dynabrade 51300"}]},{"@type":"WebSite","@id":"https:\/\/www.wloeser.com\/fr\/#website","url":"https:\/\/www.wloeser.com\/fr\/","name":"Loeser Schleifmaschinen","description":"","publisher":{"@id":"https:\/\/www.wloeser.com\/fr\/#organization"},"potentialAction":[{"@type":"SearchAction","target":{"@type":"EntryPoint","urlTemplate":"https:\/\/www.wloeser.com\/fr\/?s={search_term_string}"},"query-input":{"@type":"PropertyValueSpecification","valueRequired":true,"valueName":"search_term_string"}}],"inLanguage":"fr-FR"},{"@type":"Organization","@id":"https:\/\/www.wloeser.com\/fr\/#organization","name":"Loeser Schleifmaschinen","url":"https:\/\/www.wloeser.com\/fr\/","logo":{"@type":"ImageObject","inLanguage":"fr-FR","@id":"https:\/\/www.wloeser.com\/fr\/#\/schema\/logo\/image\/","url":"https:\/\/www.wloeser.com\/wp-content\/uploads\/2023\/03\/cropped-loeser-logo-2023.jpg","contentUrl":"https:\/\/www.wloeser.com\/wp-content\/uploads\/2023\/03\/cropped-loeser-logo-2023.jpg","width":500,"height":238,"caption":"Loeser Schleifmaschinen"},"image":{"@id":"https:\/\/www.wloeser.com\/fr\/#\/schema\/logo\/image\/"}}]}},"_links":{"self":[{"href":"https:\/\/www.wloeser.com\/fr\/wp-json\/wp\/v2\/pages\/8462","targetHints":{"allow":["GET"]}}],"collection":[{"href":"https:\/\/www.wloeser.com\/fr\/wp-json\/wp\/v2\/pages"}],"about":[{"href":"https:\/\/www.wloeser.com\/fr\/wp-json\/wp\/v2\/types\/page"}],"author":[{"embeddable":true,"href":"https:\/\/www.wloeser.com\/fr\/wp-json\/wp\/v2\/users\/1"}],"replies":[{"embeddable":true,"href":"https:\/\/www.wloeser.com\/fr\/wp-json\/wp\/v2\/comments?post=8462"}],"version-history":[{"count":11,"href":"https:\/\/www.wloeser.com\/fr\/wp-json\/wp\/v2\/pages\/8462\/revisions"}],"predecessor-version":[{"id":20868,"href":"https:\/\/www.wloeser.com\/fr\/wp-json\/wp\/v2\/pages\/8462\/revisions\/20868"}],"up":[{"embeddable":true,"href":"https:\/\/www.wloeser.com\/fr\/wp-json\/wp\/v2\/pages\/8442"}],"wp:attachment":[{"href":"https:\/\/www.wloeser.com\/fr\/wp-json\/wp\/v2\/media?parent=8462"}],"curies":[{"name":"wp","href":"https:\/\/api.w.org\/{rel}","templated":true}]}}