{"id":7352,"date":"2023-04-17T10:29:50","date_gmt":"2023-04-17T08:29:50","guid":{"rendered":"https:\/\/loeser.createch-media.com\/?page_id=7352"},"modified":"2025-05-21T14:42:38","modified_gmt":"2025-05-21T12:42:38","slug":"ponceuse-a-bande-abrasive-15002","status":"publish","type":"page","link":"https:\/\/www.wloeser.com\/fr\/rubans\/meuleuses-a-main\/ponceuses-a-bande-abrasive\/ponceuse-a-bande-abrasive-15002\/","title":{"rendered":"Ponceuse \u00e0 bande abrasive 15002, 15003"},"content":{"rendered":"\n<div class=\"wp-block-stackable-columns stk-block-columns stk-block stk-7a8ef8a animated zoomIn\" data-block-id=\"7a8ef8a\"><style>@media screen and (max-width: 767px){.stk-7a8ef8a {--stk-col-order-1:2 !important;--stk-col-order-2:1 !important;}}<\/style><div class=\"stk-row stk-inner-blocks stk-block-content stk-content-align stk-7a8ef8a-column\">\n<div class=\"wp-block-stackable-column stk-block-column stk-column stk-block stk-7d2e3ef\" data-v=\"4\" data-block-id=\"7d2e3ef\"><style>.stk-7d2e3ef-container{margin-top:50px !important;}@media screen and (min-width: 768px){.stk-7d2e3ef {flex:var(--stk-flex-grow, 1) 1 calc(40% - var(--stk-column-gap, 0px) * 1 \/ 2 ) !important;}}<\/style><div class=\"stk-column-wrapper stk-block-column__content stk-container stk-7d2e3ef-container stk--no-background stk--no-padding\"><div class=\"stk-block-content stk-inner-blocks stk-7d2e3ef-inner-blocks\">\n<figure class=\"wp-block-image size-full\"><a href=\"https:\/\/www.wloeser.com\/wp-content\/uploads\/2023\/04\/dynabrade-15002.jpg\"><img loading=\"lazy\" decoding=\"async\" width=\"800\" height=\"327\" src=\"https:\/\/www.wloeser.com\/wp-content\/uploads\/2023\/04\/dynabrade-15002.jpg\" alt=\"\" class=\"wp-image-2108\" srcset=\"https:\/\/www.wloeser.com\/wp-content\/uploads\/2023\/04\/dynabrade-15002.jpg 800w, https:\/\/www.wloeser.com\/wp-content\/uploads\/2023\/04\/dynabrade-15002-300x123.jpg 300w, https:\/\/www.wloeser.com\/wp-content\/uploads\/2023\/04\/dynabrade-15002-768x314.jpg 768w\" sizes=\"auto, (max-width: 800px) 100vw, 800px\" \/><\/a><\/figure>\n<\/div><\/div><\/div>\n\n\n\n<div class=\"wp-block-stackable-column stk-block-column stk-column stk-block stk-835a466\" data-v=\"4\" data-block-id=\"835a466\"><style>@media screen and (min-width: 768px){.stk-835a466 {flex:var(--stk-flex-grow, 1) 1 calc(60% - var(--stk-column-gap, 0px) * 1 \/ 2 ) !important;}}<\/style><div class=\"stk-column-wrapper stk-block-column__content stk-container stk-835a466-container stk--no-background stk--no-padding\"><div class=\"stk-block-content stk-inner-blocks stk-835a466-inner-blocks\">\n<h1 class=\"wp-block-heading animated zoomIn\">Ponceuse \u00e0 bande abrasive 15002, 15003<\/h1>\n\n\n\n<div class=\"wp-block-stackable-icon-list stk-block-icon-list stk-block stk-d1ed66b\" data-block-id=\"d1ed66b\"><style>.stk-d1ed66b .stk-block-icon-list-item__content{gap:9px !important;align-items:baseline !important;}.stk-d1ed66b {--stk-icon-list-column-gap:0px !important;--stk-icon-list-row-gap:15px !important;--stk-icon-list-marker-color:#2c4f95 !important;--stk-icon-list-icon-size:12.5px !important;}.stk-d1ed66b ul, .stk-d1ed66b ol{padding-left:20px !important;}<\/style><svg style=\"display:none\"><defs><g id=\"stk-icon-list__icon-svg-def-d1ed66b\"><svg aria-hidden=\"true\" focusable=\"false\" data-prefix=\"fas\" data-icon=\"dot-circle\" class=\"svg-inline--fa fa-dot-circle fa-w-16\" role=\"img\" xmlns=\"http:\/\/www.w3.org\/2000\/svg\" viewBox=\"0 0 512 512\"><path fill=\"currentColor\" d=\"M256 8C119.033 8 8 119.033 8 256s111.033 248 248 248 248-111.033 248-248S392.967 8 256 8zm80 248c0 44.112-35.888 80-80 80s-80-35.888-80-80 35.888-80 80-80 80 35.888 80 80z\"><\/path><\/svg><\/g><\/defs><\/svg><div class=\"stk-block-icon-list__ul stk-block-icon-list--column\"><ul class=\"stk-block-icon-list__group\">\n<li class=\"wp-block-stackable-icon-list-item stk-block-icon-list-item stk-block stk-3979102\" data-block-id=\"3979102\"><div class=\"stk-block-icon-list-item__content\"><span class=\"stk--svg-wrapper\"><div class=\"stk--inner-svg\"><svg aria-hidden=\"true\" width=\"32\" height=\"32\"><use xlink:href=\"#stk-icon-list__icon-svg-def-d1ed66b\"><\/use><\/svg><\/div><\/span><span class=\"stk-block-icon-list-item__text\">Petit format pratique<\/span><\/div><\/li>\n\n\n\n<li class=\"wp-block-stackable-icon-list-item stk-block-icon-list-item stk-block stk-8d8053e\" data-block-id=\"8d8053e\"><div class=\"stk-block-icon-list-item__content\"><span class=\"stk--svg-wrapper\"><div class=\"stk--inner-svg\"><svg aria-hidden=\"true\" width=\"32\" height=\"32\"><use xlink:href=\"#stk-icon-list__icon-svg-def-d1ed66b\"><\/use><\/svg><\/div><\/span><span class=\"stk-block-icon-list-item__text\">Utilisation universelle gr\u00e2ce aux bras de contact interchangeables<\/span><\/div><\/li>\n\n\n\n<li class=\"wp-block-stackable-icon-list-item stk-block-icon-list-item stk-block stk-3e39054\" data-block-id=\"3e39054\"><div class=\"stk-block-icon-list-item__content\"><span class=\"stk--svg-wrapper\"><div class=\"stk--inner-svg\"><svg aria-hidden=\"true\" width=\"32\" height=\"32\"><use xlink:href=\"#stk-icon-list__icon-svg-def-d1ed66b\"><\/use><\/svg><\/div><\/span><span class=\"stk-block-icon-list-item__text\">Avec mamelon de raccordement, bras de contact 15026 et levier de s\u00e9curit\u00e9<\/span><\/div><\/li>\n\n\n\n<li class=\"wp-block-stackable-icon-list-item stk-block-icon-list-item stk-block stk-108486c\" data-block-id=\"108486c\"><div class=\"stk-block-icon-list-item__content\"><span class=\"stk--svg-wrapper\"><div class=\"stk--inner-svg\"><svg aria-hidden=\"true\" width=\"32\" height=\"32\"><use xlink:href=\"#stk-icon-list__icon-svg-def-d1ed66b\"><\/use><\/svg><\/div><\/span><span class=\"stk-block-icon-list-item__text\">Pour bandes abrasives 3 et 13 x 305 mm<\/span><\/div><\/li>\n\n\n\n<li class=\"wp-block-stackable-icon-list-item stk-block-icon-list-item stk-block stk-4ea21fe\" data-block-id=\"4ea21fe\"><div class=\"stk-block-icon-list-item__content\"><span class=\"stk--svg-wrapper\"><div class=\"stk--inner-svg\"><svg aria-hidden=\"true\" width=\"32\" height=\"32\"><use xlink:href=\"#stk-icon-list__icon-svg-def-d1ed66b\"><\/use><\/svg><\/div><\/span><span class=\"stk-block-icon-list-item__text\">\u00e9chappement \u00e0 l&rsquo;arri\u00e8re<\/span><\/div><\/li>\n\n\n\n<li class=\"wp-block-stackable-icon-list-item stk-block-icon-list-item stk-block stk-d96e3e5\" data-block-id=\"d96e3e5\"><div class=\"stk-block-icon-list-item__content\"><span class=\"stk--svg-wrapper\"><div class=\"stk--inner-svg\"><svg aria-hidden=\"true\" width=\"32\" height=\"32\"><use xlink:href=\"#stk-icon-list__icon-svg-def-d1ed66b\"><\/use><\/svg><\/div><\/span><span class=\"stk-block-icon-list-item__text\">Avec raccord d&rsquo;aspiration sur le bo\u00eetier<\/span><\/div><\/li>\n\n\n\n<li class=\"wp-block-stackable-icon-list-item stk-block-icon-list-item stk-block stk-2460b63\" data-block-id=\"2460b63\"><div class=\"stk-block-icon-list-item__content\"><span class=\"stk--svg-wrapper\"><div class=\"stk--inner-svg\"><svg aria-hidden=\"true\" width=\"32\" height=\"32\"><use xlink:href=\"#stk-icon-list__icon-svg-def-d1ed66b\"><\/use><\/svg><\/div><\/span><span class=\"stk-block-icon-list-item__text\">Pour raccordement \u00e0 une extraction centrale ou mobile<\/span><\/div><\/li>\n<\/ul><\/div><\/div>\n\n\n<div class=\"box-grey bd-qjol1k97lyodkq059im4engidl69f3 wp-block-bd--- wp-block-bd-block-18628\"><p class=\"b-header bd-1kw3re4gcg5i39defuaxdhsmvobe9b\">Secteurs:<\/p><p class=\"b-text bd-sz1pne5f038xwzrfovl7qif1qjm2hg\"><a href=\"https:\/\/www.wloeser.com\/fr\/produits\/construction-metallique\/\">Construction m&#xE9;tallique<\/a>, <a href=\"https:\/\/www.wloeser.com\/fr\/produits\/fournisseur-automobile\/\">Fournisseur automobile<\/a>, <a href=\"https:\/\/www.wloeser.com\/fr\/produits\/ingenierie-aeronautique\/\">Ing&#xE9;nierie a&#xE9;ronautique<\/a>, <a href=\"https:\/\/www.wloeser.com\/fr\/produits\/fabrication-doutils\/\">Fabrication d&#x2019;outils<\/a>, <a href=\"https:\/\/www.wloeser.com\/fr\/produits\/technologie-medicale\/\">Technologie m&#xE9;dicale<\/a>, <a href=\"https:\/\/www.wloeser.com\/fr\/produits\/serrurier\/\">Serrurier<\/a>, <a href=\"https:\/\/www.wloeser.com\/fr\/produits\/fonderie\/\">Fonderie<\/a>, <a href=\"https:\/\/www.wloeser.com\/fr\/produits\/meuleuse-sous-contrat\/\">Meuleuse sous contrat<\/a><\/p><\/div>\n\n<div class=\"box-grey bd-cqadqciibtrdoyagcsdtgrxi2apdgl wp-block-bd--- wp-block-bd-block-18627\"><p class=\"b-header bd-kjns7ezbm0p3wxpowxkghz5l4t504n\">Port&#xE9;e:<\/p><p class=\"bd-rz6urptkvoxof9s95yqkmvvxtqg8vo\">Acier inoxydable, acier fortement alli&#xE9; et non alli&#xE9;, m&#xE9;taux non ferreux, acier moul&#xE9;, aluminium, titane, plastique, verre, papier, pour composants par exemple Aubes de turbine ou pi&#xE8;ces moul&#xE9;es sous pression et pi&#xE8;ces moul&#xE9;es &#xE0; la cire perdue<\/p><p class=\"b-text bd-63yp3rxey5gzwyf36n8o1m4jp1o3pa\"><\/p><\/div>\n\n\n<p class=\"lieferzeit\">D\u00e9lai de livraison : Disponible \u00e0 court terme<\/p>\n\n\n\n<div id=\"mySampleContent\" class=\"fancybox-hide\"><p class=\"wpcf7-contact-form-not-found\"><strong>Erreur\u00a0:<\/strong> Formulaire de contact non trouv\u00e9\u00a0!<\/p><\/div>\n<a href=\"#mySampleContent\" class=\"ari-fancybox popup-button fr\" style=\"display: inline-block !important;\">Demander un devis<\/a>\n<\/div><\/div><\/div>\n<\/div><\/div>\n\n\n\n<div class=\"wp-block-stackable-divider stk-block-divider stk-block stk-60ae79b\" data-block-id=\"60ae79b\"><hr class=\"stk-block-divider__hr\"\/><\/div>\n\n\n\n<h2 class=\"wp-block-heading has-text-align-left h2-details\" id=\"daten\">Sp\u00e9cifications techniques<\/h2>\n\n\n\n<figure class=\"wp-block-table is-style-regular\"><table class=\"has-white-background-color has-background has-fixed-layout\"><tbody><tr><td><strong>Num\u00e9ro de mod\u00e8le<\/strong><\/td><td>15002<\/td><td>15003<\/td><\/tr><tr><td><strong>hp (W)<\/strong><\/td><td>298 W<\/td><td>300 W<\/td><\/tr><tr><td><strong>Vitesse par min.<\/strong><\/td><td>25.000<\/td><td>25.000<\/td><\/tr><tr><td><strong>Niveau sonore<\/strong><\/td><td>83 dB(A)<\/td><td>78 dB(A)<\/td><\/tr><tr><td><strong>Poids de l&rsquo;article<\/strong><\/td><td>0,74 kg<\/td><td>0,8 kg<\/td><\/tr><tr><td><strong>Longueur<\/strong><\/td><td>294 mm<\/td><td>298 mm<\/td><\/tr><\/tbody><\/table><\/figure>\n\n\n\n<div class=\"wp-block-stackable-divider stk-block-divider stk-block stk-g2di34e\" data-block-id=\"g2di34e\"><hr class=\"stk-block-divider__hr\"\/><\/div>\n\n\n\n<h2 class=\"wp-block-heading has-text-align-left h2-details\" id=\"zubehoer\">Fiches techniques et pi\u00e8ces d\u00e9tach\u00e9es<\/h2>\n\n\n\n<div class=\"wp-block-file\"><a id=\"wp-block-file--media-c03a4b22-db67-41fc-a3a1-3c38bec8c377\" href=\"https:\/\/www.wloeser.com\/wp-content\/uploads\/2023\/05\/15002-dynabrade.pdf\" target=\"_blank\" rel=\"noreferrer noopener\">Mode d&#8217;emploi et liste des pi\u00e8ces de rechange Ponceuse \u00e0 bande \u00e0 air comprim\u00e9 Dynabrade 15002 (PDF)<\/a><\/div>\n\n\n\n<div class=\"wp-block-file\"><a id=\"wp-block-file--media-c03a4b22-db67-41fc-a3a1-3c38bec8c377\" href=\"https:\/\/www.wloeser.com\/wp-content\/uploads\/2023\/05\/15003-dynabrade.pdf\" target=\"_blank\" rel=\"noreferrer noopener\">Mode d&#8217;emploi et liste des pi\u00e8ces de rechange Ponceuse \u00e0 bande \u00e0 air comprim\u00e9 Dynabrade 15003 (PDF)<\/a><\/div>\n\n\n\n<a class=\"back\" href=\"javascript:history.back()\">Dos<\/a>\n","protected":false},"excerpt":{"rendered":"<p>Ponceuse \u00e0 bande abrasive 15002, 15003 D\u00e9lai de livraison : Disponible \u00e0 court terme Demander un devis Sp\u00e9cifications techniques Num\u00e9ro de mod\u00e8le 15002 15003 hp (W) 298 W 300 W Vitesse par min. 25.000 25.000 Niveau sonore 83 dB(A) 78 dB(A) Poids de l&rsquo;article 0,74 kg 0,8 kg Longueur 294 mm 298 mm Fiches techniques [&hellip;]<\/p>\n","protected":false},"author":1,"featured_media":0,"parent":7180,"menu_order":1,"comment_status":"closed","ping_status":"closed","template":"templates\/template-full-width.php","meta":{"pgc_sgb_lightbox_settings":"","footnotes":""},"class_list":["post-7352","page","type-page","status-publish","hentry"],"yoast_head":"<!-- This site is optimized with the Yoast SEO plugin v26.8 - https:\/\/yoast.com\/product\/yoast-seo-wordpress\/ -->\n<title>Ponceuse \u00e0 bande abrasive 15002, 15003 - Loeser Schleifmaschinen<\/title>\n<meta name=\"description\" content=\"La ponceuse \u00e0 bande \u00e0 air comprim\u00e9 Dynabrade 15002 est une machine compacte et maniable id\u00e9ale pour les travaux de meulage polyvalents.\" \/>\n<meta name=\"robots\" content=\"index, follow, max-snippet:-1, max-image-preview:large, max-video-preview:-1\" \/>\n<link rel=\"canonical\" href=\"https:\/\/www.wloeser.com\/fr\/rubans\/meuleuses-a-main\/ponceuses-a-bande-abrasive\/ponceuse-a-bande-abrasive-15002\/\" \/>\n<meta property=\"og:locale\" content=\"fr_FR\" \/>\n<meta property=\"og:type\" content=\"article\" \/>\n<meta property=\"og:title\" content=\"Ponceuse \u00e0 bande abrasive 15002, 15003 - Loeser Schleifmaschinen\" \/>\n<meta property=\"og:description\" content=\"La ponceuse \u00e0 bande \u00e0 air comprim\u00e9 Dynabrade 15002 est une machine compacte et maniable id\u00e9ale pour les travaux de meulage polyvalents.\" \/>\n<meta property=\"og:url\" content=\"https:\/\/www.wloeser.com\/fr\/rubans\/meuleuses-a-main\/ponceuses-a-bande-abrasive\/ponceuse-a-bande-abrasive-15002\/\" \/>\n<meta property=\"og:site_name\" content=\"Loeser Schleifmaschinen\" \/>\n<meta property=\"article:modified_time\" content=\"2025-05-21T12:42:38+00:00\" \/>\n<meta property=\"og:image\" content=\"https:\/\/www.wloeser.com\/wp-content\/uploads\/2023\/04\/dynabrade-15002.jpg\" \/>\n\t<meta property=\"og:image:width\" content=\"800\" \/>\n\t<meta property=\"og:image:height\" content=\"327\" \/>\n\t<meta property=\"og:image:type\" content=\"image\/jpeg\" \/>\n<meta name=\"twitter:card\" content=\"summary_large_image\" \/>\n<meta name=\"twitter:label1\" content=\"Dur\u00e9e de lecture estim\u00e9e\" \/>\n\t<meta name=\"twitter:data1\" content=\"2 minutes\" \/>\n<script type=\"application\/ld+json\" class=\"yoast-schema-graph\">{\"@context\":\"https:\/\/schema.org\",\"@graph\":[{\"@type\":\"WebPage\",\"@id\":\"https:\/\/www.wloeser.com\/fr\/rubans\/meuleuses-a-main\/ponceuses-a-bande-abrasive\/ponceuse-a-bande-abrasive-15002\/\",\"url\":\"https:\/\/www.wloeser.com\/fr\/rubans\/meuleuses-a-main\/ponceuses-a-bande-abrasive\/ponceuse-a-bande-abrasive-15002\/\",\"name\":\"Ponceuse \u00e0 bande abrasive 15002, 15003 - Loeser Schleifmaschinen\",\"isPartOf\":{\"@id\":\"https:\/\/www.wloeser.com\/fr\/#website\"},\"primaryImageOfPage\":{\"@id\":\"https:\/\/www.wloeser.com\/fr\/rubans\/meuleuses-a-main\/ponceuses-a-bande-abrasive\/ponceuse-a-bande-abrasive-15002\/#primaryimage\"},\"image\":{\"@id\":\"https:\/\/www.wloeser.com\/fr\/rubans\/meuleuses-a-main\/ponceuses-a-bande-abrasive\/ponceuse-a-bande-abrasive-15002\/#primaryimage\"},\"thumbnailUrl\":\"https:\/\/www.wloeser.com\/wp-content\/uploads\/2023\/04\/dynabrade-15002.jpg\",\"datePublished\":\"2023-04-17T08:29:50+00:00\",\"dateModified\":\"2025-05-21T12:42:38+00:00\",\"description\":\"La ponceuse \u00e0 bande \u00e0 air comprim\u00e9 Dynabrade 15002 est une machine compacte et maniable id\u00e9ale pour les travaux de meulage polyvalents.\",\"breadcrumb\":{\"@id\":\"https:\/\/www.wloeser.com\/fr\/rubans\/meuleuses-a-main\/ponceuses-a-bande-abrasive\/ponceuse-a-bande-abrasive-15002\/#breadcrumb\"},\"inLanguage\":\"fr-FR\",\"potentialAction\":[{\"@type\":\"ReadAction\",\"target\":[\"https:\/\/www.wloeser.com\/fr\/rubans\/meuleuses-a-main\/ponceuses-a-bande-abrasive\/ponceuse-a-bande-abrasive-15002\/\"]}]},{\"@type\":\"ImageObject\",\"inLanguage\":\"fr-FR\",\"@id\":\"https:\/\/www.wloeser.com\/fr\/rubans\/meuleuses-a-main\/ponceuses-a-bande-abrasive\/ponceuse-a-bande-abrasive-15002\/#primaryimage\",\"url\":\"https:\/\/www.wloeser.com\/wp-content\/uploads\/2023\/04\/dynabrade-15002.jpg\",\"contentUrl\":\"https:\/\/www.wloeser.com\/wp-content\/uploads\/2023\/04\/dynabrade-15002.jpg\"},{\"@type\":\"BreadcrumbList\",\"@id\":\"https:\/\/www.wloeser.com\/fr\/rubans\/meuleuses-a-main\/ponceuses-a-bande-abrasive\/ponceuse-a-bande-abrasive-15002\/#breadcrumb\",\"itemListElement\":[{\"@type\":\"ListItem\",\"position\":1,\"name\":\"Page d'accueil\",\"item\":\"https:\/\/www.wloeser.com\/fr\/\"},{\"@type\":\"ListItem\",\"position\":2,\"name\":\"Produits\",\"item\":\"https:\/\/www.wloeser.com\/fr\/rubans\/\"},{\"@type\":\"ListItem\",\"position\":3,\"name\":\"Meuleuses \u00e0 main\",\"item\":\"https:\/\/www.wloeser.com\/fr\/rubans\/meuleuses-a-main\/\"},{\"@type\":\"ListItem\",\"position\":4,\"name\":\"Ponceuses \u00e0 bande abrasive\",\"item\":\"https:\/\/www.wloeser.com\/fr\/rubans\/meuleuses-a-main\/ponceuses-a-bande-abrasive\/\"},{\"@type\":\"ListItem\",\"position\":5,\"name\":\"Ponceuse \u00e0 bande abrasive 15002, 15003\"}]},{\"@type\":\"WebSite\",\"@id\":\"https:\/\/www.wloeser.com\/fr\/#website\",\"url\":\"https:\/\/www.wloeser.com\/fr\/\",\"name\":\"Loeser Schleifmaschinen\",\"description\":\"\",\"publisher\":{\"@id\":\"https:\/\/www.wloeser.com\/fr\/#organization\"},\"potentialAction\":[{\"@type\":\"SearchAction\",\"target\":{\"@type\":\"EntryPoint\",\"urlTemplate\":\"https:\/\/www.wloeser.com\/fr\/?s={search_term_string}\"},\"query-input\":{\"@type\":\"PropertyValueSpecification\",\"valueRequired\":true,\"valueName\":\"search_term_string\"}}],\"inLanguage\":\"fr-FR\"},{\"@type\":\"Organization\",\"@id\":\"https:\/\/www.wloeser.com\/fr\/#organization\",\"name\":\"Loeser Schleifmaschinen\",\"url\":\"https:\/\/www.wloeser.com\/fr\/\",\"logo\":{\"@type\":\"ImageObject\",\"inLanguage\":\"fr-FR\",\"@id\":\"https:\/\/www.wloeser.com\/fr\/#\/schema\/logo\/image\/\",\"url\":\"https:\/\/www.wloeser.com\/wp-content\/uploads\/2023\/03\/cropped-loeser-logo-2023.jpg\",\"contentUrl\":\"https:\/\/www.wloeser.com\/wp-content\/uploads\/2023\/03\/cropped-loeser-logo-2023.jpg\",\"width\":500,\"height\":238,\"caption\":\"Loeser Schleifmaschinen\"},\"image\":{\"@id\":\"https:\/\/www.wloeser.com\/fr\/#\/schema\/logo\/image\/\"}}]}<\/script>\n<!-- \/ Yoast SEO plugin. -->","yoast_head_json":{"title":"Ponceuse \u00e0 bande abrasive 15002, 15003 - Loeser Schleifmaschinen","description":"La ponceuse \u00e0 bande \u00e0 air comprim\u00e9 Dynabrade 15002 est une machine compacte et maniable id\u00e9ale pour les travaux de meulage polyvalents.","robots":{"index":"index","follow":"follow","max-snippet":"max-snippet:-1","max-image-preview":"max-image-preview:large","max-video-preview":"max-video-preview:-1"},"canonical":"https:\/\/www.wloeser.com\/fr\/rubans\/meuleuses-a-main\/ponceuses-a-bande-abrasive\/ponceuse-a-bande-abrasive-15002\/","og_locale":"fr_FR","og_type":"article","og_title":"Ponceuse \u00e0 bande abrasive 15002, 15003 - Loeser Schleifmaschinen","og_description":"La ponceuse \u00e0 bande \u00e0 air comprim\u00e9 Dynabrade 15002 est une machine compacte et maniable id\u00e9ale pour les travaux de meulage polyvalents.","og_url":"https:\/\/www.wloeser.com\/fr\/rubans\/meuleuses-a-main\/ponceuses-a-bande-abrasive\/ponceuse-a-bande-abrasive-15002\/","og_site_name":"Loeser Schleifmaschinen","article_modified_time":"2025-05-21T12:42:38+00:00","og_image":[{"width":800,"height":327,"url":"https:\/\/www.wloeser.com\/wp-content\/uploads\/2023\/04\/dynabrade-15002.jpg","type":"image\/jpeg"}],"twitter_card":"summary_large_image","twitter_misc":{"Dur\u00e9e de lecture estim\u00e9e":"2 minutes"},"schema":{"@context":"https:\/\/schema.org","@graph":[{"@type":"WebPage","@id":"https:\/\/www.wloeser.com\/fr\/rubans\/meuleuses-a-main\/ponceuses-a-bande-abrasive\/ponceuse-a-bande-abrasive-15002\/","url":"https:\/\/www.wloeser.com\/fr\/rubans\/meuleuses-a-main\/ponceuses-a-bande-abrasive\/ponceuse-a-bande-abrasive-15002\/","name":"Ponceuse \u00e0 bande abrasive 15002, 15003 - Loeser Schleifmaschinen","isPartOf":{"@id":"https:\/\/www.wloeser.com\/fr\/#website"},"primaryImageOfPage":{"@id":"https:\/\/www.wloeser.com\/fr\/rubans\/meuleuses-a-main\/ponceuses-a-bande-abrasive\/ponceuse-a-bande-abrasive-15002\/#primaryimage"},"image":{"@id":"https:\/\/www.wloeser.com\/fr\/rubans\/meuleuses-a-main\/ponceuses-a-bande-abrasive\/ponceuse-a-bande-abrasive-15002\/#primaryimage"},"thumbnailUrl":"https:\/\/www.wloeser.com\/wp-content\/uploads\/2023\/04\/dynabrade-15002.jpg","datePublished":"2023-04-17T08:29:50+00:00","dateModified":"2025-05-21T12:42:38+00:00","description":"La ponceuse \u00e0 bande \u00e0 air comprim\u00e9 Dynabrade 15002 est une machine compacte et maniable id\u00e9ale pour les travaux de meulage polyvalents.","breadcrumb":{"@id":"https:\/\/www.wloeser.com\/fr\/rubans\/meuleuses-a-main\/ponceuses-a-bande-abrasive\/ponceuse-a-bande-abrasive-15002\/#breadcrumb"},"inLanguage":"fr-FR","potentialAction":[{"@type":"ReadAction","target":["https:\/\/www.wloeser.com\/fr\/rubans\/meuleuses-a-main\/ponceuses-a-bande-abrasive\/ponceuse-a-bande-abrasive-15002\/"]}]},{"@type":"ImageObject","inLanguage":"fr-FR","@id":"https:\/\/www.wloeser.com\/fr\/rubans\/meuleuses-a-main\/ponceuses-a-bande-abrasive\/ponceuse-a-bande-abrasive-15002\/#primaryimage","url":"https:\/\/www.wloeser.com\/wp-content\/uploads\/2023\/04\/dynabrade-15002.jpg","contentUrl":"https:\/\/www.wloeser.com\/wp-content\/uploads\/2023\/04\/dynabrade-15002.jpg"},{"@type":"BreadcrumbList","@id":"https:\/\/www.wloeser.com\/fr\/rubans\/meuleuses-a-main\/ponceuses-a-bande-abrasive\/ponceuse-a-bande-abrasive-15002\/#breadcrumb","itemListElement":[{"@type":"ListItem","position":1,"name":"Page d'accueil","item":"https:\/\/www.wloeser.com\/fr\/"},{"@type":"ListItem","position":2,"name":"Produits","item":"https:\/\/www.wloeser.com\/fr\/rubans\/"},{"@type":"ListItem","position":3,"name":"Meuleuses \u00e0 main","item":"https:\/\/www.wloeser.com\/fr\/rubans\/meuleuses-a-main\/"},{"@type":"ListItem","position":4,"name":"Ponceuses \u00e0 bande abrasive","item":"https:\/\/www.wloeser.com\/fr\/rubans\/meuleuses-a-main\/ponceuses-a-bande-abrasive\/"},{"@type":"ListItem","position":5,"name":"Ponceuse \u00e0 bande abrasive 15002, 15003"}]},{"@type":"WebSite","@id":"https:\/\/www.wloeser.com\/fr\/#website","url":"https:\/\/www.wloeser.com\/fr\/","name":"Loeser Schleifmaschinen","description":"","publisher":{"@id":"https:\/\/www.wloeser.com\/fr\/#organization"},"potentialAction":[{"@type":"SearchAction","target":{"@type":"EntryPoint","urlTemplate":"https:\/\/www.wloeser.com\/fr\/?s={search_term_string}"},"query-input":{"@type":"PropertyValueSpecification","valueRequired":true,"valueName":"search_term_string"}}],"inLanguage":"fr-FR"},{"@type":"Organization","@id":"https:\/\/www.wloeser.com\/fr\/#organization","name":"Loeser Schleifmaschinen","url":"https:\/\/www.wloeser.com\/fr\/","logo":{"@type":"ImageObject","inLanguage":"fr-FR","@id":"https:\/\/www.wloeser.com\/fr\/#\/schema\/logo\/image\/","url":"https:\/\/www.wloeser.com\/wp-content\/uploads\/2023\/03\/cropped-loeser-logo-2023.jpg","contentUrl":"https:\/\/www.wloeser.com\/wp-content\/uploads\/2023\/03\/cropped-loeser-logo-2023.jpg","width":500,"height":238,"caption":"Loeser Schleifmaschinen"},"image":{"@id":"https:\/\/www.wloeser.com\/fr\/#\/schema\/logo\/image\/"}}]}},"_links":{"self":[{"href":"https:\/\/www.wloeser.com\/fr\/wp-json\/wp\/v2\/pages\/7352","targetHints":{"allow":["GET"]}}],"collection":[{"href":"https:\/\/www.wloeser.com\/fr\/wp-json\/wp\/v2\/pages"}],"about":[{"href":"https:\/\/www.wloeser.com\/fr\/wp-json\/wp\/v2\/types\/page"}],"author":[{"embeddable":true,"href":"https:\/\/www.wloeser.com\/fr\/wp-json\/wp\/v2\/users\/1"}],"replies":[{"embeddable":true,"href":"https:\/\/www.wloeser.com\/fr\/wp-json\/wp\/v2\/comments?post=7352"}],"version-history":[{"count":13,"href":"https:\/\/www.wloeser.com\/fr\/wp-json\/wp\/v2\/pages\/7352\/revisions"}],"predecessor-version":[{"id":20860,"href":"https:\/\/www.wloeser.com\/fr\/wp-json\/wp\/v2\/pages\/7352\/revisions\/20860"}],"up":[{"embeddable":true,"href":"https:\/\/www.wloeser.com\/fr\/wp-json\/wp\/v2\/pages\/7180"}],"wp:attachment":[{"href":"https:\/\/www.wloeser.com\/fr\/wp-json\/wp\/v2\/media?parent=7352"}],"curies":[{"name":"wp","href":"https:\/\/api.w.org\/{rel}","templated":true}]}}