{"id":21819,"date":"2025-08-14T11:24:06","date_gmt":"2025-08-14T09:24:06","guid":{"rendered":"https:\/\/neu.wloeser.com\/?page_id=21819"},"modified":"2025-08-14T12:04:51","modified_gmt":"2025-08-14T10:04:51","slug":"systeme-dextraction-fixes-pc-01-tv-q","status":"publish","type":"page","link":"https:\/\/www.wloeser.com\/fr\/rubans\/broyeurs\/systemes-dextraction-fixes\/systeme-dextraction-fixes-pc-01-tv-q\/","title":{"rendered":"Syst\u00e8me d&rsquo;extraction fixes PC 01\/TV-Q"},"content":{"rendered":"\n<div class=\"wp-block-stackable-columns stk-block-columns stk-block stk-d9b0168\" data-block-id=\"d9b0168\"><div class=\"stk-row stk-inner-blocks stk-block-content stk-content-align stk-d9b0168-column\">\n<div class=\"wp-block-stackable-column stk-block-column stk-column stk-block stk-4850159\" data-v=\"4\" data-block-id=\"4850159\"><style>@media screen and (min-width: 768px){.stk-4850159 {flex:var(--stk-flex-grow, 1) 1 calc(40% - var(--stk-column-gap, 0px) * 1 \/ 2 ) !important;}}<\/style><div class=\"stk-column-wrapper stk-block-column__content stk-container stk-4850159-container stk--no-background stk--no-padding\"><div class=\"stk-block-content stk-inner-blocks stk-4850159-inner-blocks\">\n<figure class=\"wp-block-image size-full is-resized\"><img loading=\"lazy\" decoding=\"async\" width=\"312\" height=\"882\" src=\"https:\/\/www.wloeser.com\/wp-content\/uploads\/2024\/03\/absaugung-pc01-1.jpg\" alt=\"Station\u00e4re Absaugung PC 01\" class=\"wp-image-14606\" style=\"width:200px\" srcset=\"https:\/\/www.wloeser.com\/wp-content\/uploads\/2024\/03\/absaugung-pc01-1.jpg 312w, https:\/\/www.wloeser.com\/wp-content\/uploads\/2024\/03\/absaugung-pc01-1-106x300.jpg 106w\" sizes=\"auto, (max-width: 312px) 100vw, 312px\" \/><\/figure>\n<\/div><\/div><\/div>\n\n\n\n<div class=\"wp-block-stackable-column stk-block-column stk-column stk-block stk-476eaf3\" data-v=\"4\" data-block-id=\"476eaf3\"><style>@media screen and (min-width: 768px){.stk-476eaf3 {flex:var(--stk-flex-grow, 1) 1 calc(60% - var(--stk-column-gap, 0px) * 1 \/ 2 ) !important;}}<\/style><div class=\"stk-column-wrapper stk-block-column__content stk-container stk-476eaf3-container stk--no-background stk--no-padding\"><div class=\"stk-block-content stk-inner-blocks stk-476eaf3-inner-blocks\">\n<h1 class=\"wp-block-heading\">Syst\u00e8me d&rsquo;extraction fixes PC 01\/TV-Q<\/h1>\n\n\n\n<p><strong>Zones d&rsquo;application<\/strong><br>Aspiration des poussi\u00e8res de meulage et de polissage.<\/p>\n\n\n\n<p>En classant les poussi\u00e8res selon leur type, leur taille de particules et leur concentration, il est possible de d\u00e9terminer la meilleure technologie possible et de dimensionner correctement le syst\u00e8me de filtration.<\/p>\n\n\n\n<p><strong>Avantages particuliers<\/strong><\/p>\n\n\n\n<div class=\"wp-block-stackable-icon-list stk-block-icon-list has-text-align-left stk-block stk-aa2f0ca\" data-block-id=\"aa2f0ca\"><style>.stk-aa2f0ca .stk-block-icon-list-item__content{gap:9px !important;align-items:baseline !important;}.stk-aa2f0ca {--stk-icon-list-column-gap:0px !important;--stk-icon-list-row-gap:15px !important;--stk-icon-list-marker-color:#2c4f95 !important;--stk-icon-list-icon-size:12.5px !important;}.stk-aa2f0ca ul, .stk-aa2f0ca ol{padding-left:20px !important;}.stk-aa2f0ca .stk-block-icon-list__group{margin-inline:0 auto !important;}<\/style><svg style=\"display:none\"><defs><g id=\"stk-icon-list__icon-svg-def-aa2f0ca\"><svg aria-hidden=\"true\" focusable=\"false\" data-prefix=\"fas\" data-icon=\"dot-circle\" class=\"svg-inline--fa fa-dot-circle fa-w-16\" role=\"img\" xmlns=\"http:\/\/www.w3.org\/2000\/svg\" viewBox=\"0 0 512 512\"><path fill=\"currentColor\" d=\"M256 8C119.033 8 8 119.033 8 256s111.033 248 248 248 248-111.033 248-248S392.967 8 256 8zm80 248c0 44.112-35.888 80-80 80s-80-35.888-80-80 35.888-80 80-80 80 35.888 80 80z\"><\/path><\/svg><\/g><\/defs><\/svg><div class=\"stk-block-icon-list__ul stk-block-icon-list--column\"><ul class=\"stk-block-icon-list__group\">\n<li class=\"wp-block-stackable-icon-list-item stk-block-icon-list-item stk-block stk-e746a17\" data-block-id=\"e746a17\"><div class=\"stk-block-icon-list-item__content\"><span class=\"stk--svg-wrapper\"><div class=\"stk--inner-svg\"><svg aria-hidden=\"true\" width=\"32\" height=\"32\"><use xlink:href=\"#stk-icon-list__icon-svg-def-aa2f0ca\"><\/use><\/svg><\/div><\/span><span class=\"stk-block-icon-list-item__text\">Zone de filtration \u00e9lev\u00e9e et efficacit\u00e9<\/span><\/div><\/li>\n\n\n\n<li class=\"wp-block-stackable-icon-list-item stk-block-icon-list-item stk-block stk-99cc84a\" data-block-id=\"99cc84a\"><div class=\"stk-block-icon-list-item__content\"><span class=\"stk--svg-wrapper\"><div class=\"stk--inner-svg\"><svg aria-hidden=\"true\" width=\"32\" height=\"32\"><use xlink:href=\"#stk-icon-list__icon-svg-def-aa2f0ca\"><\/use><\/svg><\/div><\/span><span class=\"stk-block-icon-list-item__text\">Grand choix de mat\u00e9riaux filtrants<\/span><\/div><\/li>\n\n\n\n<li class=\"wp-block-stackable-icon-list-item stk-block-icon-list-item stk-block stk-d678dde\" data-block-id=\"d678dde\"><div class=\"stk-block-icon-list-item__content\"><span class=\"stk--svg-wrapper\"><div class=\"stk--inner-svg\"><svg aria-hidden=\"true\" width=\"32\" height=\"32\"><use xlink:href=\"#stk-icon-list__icon-svg-def-aa2f0ca\"><\/use><\/svg><\/div><\/span><span class=\"stk-block-icon-list-item__text\">Filtre absolu pour poussi\u00e8res d&rsquo;acier inoxydable<\/span><\/div><\/li>\n\n\n\n<li class=\"wp-block-stackable-icon-list-item stk-block-icon-list-item stk-block stk-ea1bfa1\" data-block-id=\"ea1bfa1\"><div class=\"stk-block-icon-list-item__content\"><span class=\"stk--svg-wrapper\"><div class=\"stk--inner-svg\"><svg aria-hidden=\"true\" width=\"32\" height=\"32\"><use xlink:href=\"#stk-icon-list__icon-svg-def-aa2f0ca\"><\/use><\/svg><\/div><\/span><span class=\"stk-block-icon-list-item__text\">Arr\u00eat automatique en cas d&rsquo;arr\u00eat d&rsquo;urgence<\/span><\/div><\/li>\n<\/ul><\/div><\/div>\n\n\n\n<div id=\"mySampleContent2\" class=\"fancybox-hide\"><p class=\"wpcf7-contact-form-not-found\"><strong>Erreur\u00a0:<\/strong> Formulaire de contact non trouv\u00e9\u00a0!<\/p><\/div>\n<a href=\"#mySampleContent2\" class=\"ari-fancybox popup-button\" style=\"display: inline-block !important;\">Demander un devis<\/a>\n<\/div><\/div><\/div>\n<\/div><\/div>\n\n\n\n<div class=\"wp-block-stackable-columns stk-block-columns stk-block stk-0a56b35\" data-block-id=\"0a56b35\"><div class=\"stk-row stk-inner-blocks stk-block-content stk-content-align stk-0a56b35-column\">\n<div class=\"wp-block-stackable-column stk-block-column stk-column stk-block stk-841d1bf\" data-v=\"4\" data-block-id=\"841d1bf\"><div class=\"stk-column-wrapper stk-block-column__content stk-container stk-841d1bf-container stk--no-background stk--no-padding\"><div class=\"stk-block-content stk-inner-blocks stk-841d1bf-inner-blocks\">\n<figure class=\"wp-block-image size-full is-resized\"><img loading=\"lazy\" decoding=\"async\" width=\"504\" height=\"672\" src=\"https:\/\/www.wloeser.com\/wp-content\/uploads\/2024\/03\/absaugung-pc01-feinstfilter-en.jpg\" alt=\"Dust extraction unit PC 01\" class=\"wp-image-14657\" style=\"width:400px\" srcset=\"https:\/\/www.wloeser.com\/wp-content\/uploads\/2024\/03\/absaugung-pc01-feinstfilter-en.jpg 504w, https:\/\/www.wloeser.com\/wp-content\/uploads\/2024\/03\/absaugung-pc01-feinstfilter-en-225x300.jpg 225w\" sizes=\"auto, (max-width: 504px) 100vw, 504px\" \/><\/figure>\n<\/div><\/div><\/div>\n\n\n\n<div class=\"wp-block-stackable-column stk-block-column stk-column stk-block stk-0b7910a\" data-v=\"4\" data-block-id=\"0b7910a\"><div class=\"stk-column-wrapper stk-block-column__content stk-container stk-0b7910a-container stk--no-background stk--no-padding\"><div class=\"stk-block-content stk-inner-blocks stk-0b7910a-inner-blocks\">\n<figure class=\"wp-block-image size-full\"><img loading=\"lazy\" decoding=\"async\" width=\"645\" height=\"501\" src=\"https:\/\/www.wloeser.com\/wp-content\/uploads\/2024\/03\/absaugung-pc01-prallblech-en.jpg\" alt=\"Dust extraction unit PC 01\" class=\"wp-image-14662\" style=\"object-fit:cover\" srcset=\"https:\/\/www.wloeser.com\/wp-content\/uploads\/2024\/03\/absaugung-pc01-prallblech-en.jpg 645w, https:\/\/www.wloeser.com\/wp-content\/uploads\/2024\/03\/absaugung-pc01-prallblech-en-300x233.jpg 300w\" sizes=\"auto, (max-width: 645px) 100vw, 645px\" \/><\/figure>\n<\/div><\/div><\/div>\n<\/div><\/div>\n\n\n\n<div class=\"wp-block-stackable-columns stk-block-columns stk-block stk-b81c7cc\" data-block-id=\"b81c7cc\"><div class=\"stk-row stk-inner-blocks stk-block-content stk-content-align stk-b81c7cc-column\">\n<div class=\"wp-block-stackable-column stk-block-column stk-column stk-block stk-6c92d8e\" data-v=\"4\" data-block-id=\"6c92d8e\"><style>@media screen and (min-width: 768px){.stk-6c92d8e {flex:var(--stk-flex-grow, 1) 1 calc(60% - var(--stk-column-gap, 0px) * 1 \/ 2 ) !important;}}<\/style><div class=\"stk-column-wrapper stk-block-column__content stk-container stk-6c92d8e-container stk--no-background stk--no-padding\"><div class=\"stk-block-content stk-inner-blocks stk-6c92d8e-inner-blocks\">\n<p><strong>Description et fonctionnalit\u00e9<\/strong><\/p>\n\n\n\n<p>L&rsquo;air \u00e0 traiter s&rsquo;\u00e9coule dans le filtre (1) et p\u00e9n\u00e8tre dans une antichambre (1), qui favorise la s\u00e9paration des grosses particules polluantes. Le flux d&rsquo;air traverse ensuite la cartouche filtrante (2) et d\u00e9pose les contaminants \u00e0 l&rsquo;ext\u00e9rieur de la cartouche filtrante tandis que l&rsquo;air propre est \u00e9vacu\u00e9 par la partie sup\u00e9rieure du filtre (6). Un dispositif \u00e9lectronique (4) commande le nettoyage des \u00e9l\u00e9ments filtrants (2) \u00e0 l&rsquo;aide d&rsquo;un syst\u00e8me \u00e0 jet puls\u00e9.<\/p>\n\n\n\n<p>Le syst\u00e8me de nettoyage Pulse Jet consiste en l&rsquo;injection \u00e0 contre-courant d&rsquo;un flux d&rsquo;air \u00e0 haute pression pour pouvoir \u00e9liminer la poussi\u00e8re des \u00e9l\u00e9ments filtrants sans interrompre le fonctionnement. Un nettoyage correct du tissu filtrant garantit le flux d&rsquo;air de l&rsquo;air aspir\u00e9.<\/p>\n<\/div><\/div><\/div>\n\n\n\n<div class=\"wp-block-stackable-column stk-block-column stk-column stk-block stk-45f7f1b\" data-v=\"4\" data-block-id=\"45f7f1b\"><style>@media screen and (min-width: 768px){.stk-45f7f1b {flex:var(--stk-flex-grow, 1) 1 calc(40% - var(--stk-column-gap, 0px) * 1 \/ 2 ) !important;}}<\/style><div class=\"stk-column-wrapper stk-block-column__content stk-container stk-45f7f1b-container stk--no-background stk--no-padding\"><div class=\"stk-block-content stk-inner-blocks stk-45f7f1b-inner-blocks\">\n<figure class=\"wp-block-image size-full\"><img loading=\"lazy\" decoding=\"async\" width=\"612\" height=\"399\" src=\"https:\/\/www.wloeser.com\/wp-content\/uploads\/2024\/03\/absaugung-pc01-funktion.png\" alt=\"Absaugung PC 01 Funktionsweise\" class=\"wp-image-14635\" srcset=\"https:\/\/www.wloeser.com\/wp-content\/uploads\/2024\/03\/absaugung-pc01-funktion.png 612w, https:\/\/www.wloeser.com\/wp-content\/uploads\/2024\/03\/absaugung-pc01-funktion-300x196.png 300w\" sizes=\"auto, (max-width: 612px) 100vw, 612px\" \/><\/figure>\n<\/div><\/div><\/div>\n<\/div><\/div>\n\n\n\n<div class=\"wp-block-stackable-divider stk-block-divider stk-block stk-60ae79b\" data-block-id=\"60ae79b\"><hr class=\"stk-block-divider__hr\"\/><\/div>\n\n\n\n<h2 class=\"wp-block-heading has-text-align-left h2-details\" id=\"daten\">Donn\u00e9es techniques<\/h2>\n\n\n\n<figure class=\"wp-block-table is-style-regular\"><table class=\"has-white-background-color has-background has-fixed-layout\"><tbody><tr><td>Performance du moteur:<\/td><td>1,1 kW<\/td><\/tr><tr><td>Surface du filtre:<\/td><td>10 m\u00b2<\/td><\/tr><tr><td>Performances d&rsquo;aspiration:<\/td><td>800 m\u00b3\/h<\/td><\/tr><tr><td>Dimension:<\/td><td>500x500x1900 mm<\/td><\/tr><\/tbody><\/table><\/figure>\n\n\n\n<a class=\"back\" href=\"javascript:history.back()\">Dos<\/a>\n","protected":false},"excerpt":{"rendered":"<p>Syst\u00e8me d&rsquo;extraction fixes PC 01\/TV-Q Zones d&rsquo;applicationAspiration des poussi\u00e8res de meulage et de polissage. En classant les poussi\u00e8res selon leur type, leur taille de particules et leur concentration, il est possible de d\u00e9terminer la meilleure technologie possible et de dimensionner correctement le syst\u00e8me de filtration. Avantages particuliers Demander un devis Description et fonctionnalit\u00e9 L&rsquo;air \u00e0 [&hellip;]<\/p>\n","protected":false},"author":1,"featured_media":0,"parent":12428,"menu_order":0,"comment_status":"closed","ping_status":"closed","template":"templates\/template-full-width.php","meta":{"pgc_sgb_lightbox_settings":"","footnotes":""},"class_list":["post-21819","page","type-page","status-publish","hentry"],"yoast_head":"<!-- This site is optimized with the Yoast SEO plugin v26.8 - https:\/\/yoast.com\/product\/yoast-seo-wordpress\/ -->\n<title>Syst\u00e8me d&#039;extraction fixes PC 01\/TV-Q - Loeser Schleifmaschinen<\/title>\n<meta name=\"description\" content=\"Nos syst\u00e8mes d&#039;aspiration fixes offrent une solution efficace pour extraire la poussi\u00e8re des ponceuses \u00e0 bande et d&#039;autres applications.\" \/>\n<meta name=\"robots\" content=\"index, follow, max-snippet:-1, max-image-preview:large, max-video-preview:-1\" \/>\n<link rel=\"canonical\" href=\"https:\/\/www.wloeser.com\/fr\/rubans\/broyeurs\/systemes-dextraction-fixes\/systeme-dextraction-fixes-pc-01-tv-q\/\" \/>\n<meta property=\"og:locale\" content=\"fr_FR\" \/>\n<meta property=\"og:type\" content=\"article\" \/>\n<meta property=\"og:title\" content=\"Syst\u00e8me d&#039;extraction fixes PC 01\/TV-Q - Loeser Schleifmaschinen\" \/>\n<meta property=\"og:description\" content=\"Nos syst\u00e8mes d&#039;aspiration fixes offrent une solution efficace pour extraire la poussi\u00e8re des ponceuses \u00e0 bande et d&#039;autres applications.\" \/>\n<meta property=\"og:url\" content=\"https:\/\/www.wloeser.com\/fr\/rubans\/broyeurs\/systemes-dextraction-fixes\/systeme-dextraction-fixes-pc-01-tv-q\/\" \/>\n<meta property=\"og:site_name\" content=\"Loeser Schleifmaschinen\" \/>\n<meta property=\"article:modified_time\" content=\"2025-08-14T10:04:51+00:00\" \/>\n<meta property=\"og:image\" content=\"https:\/\/www.wloeser.com\/wp-content\/uploads\/2024\/03\/absaugung-pc01-1.jpg\" \/>\n\t<meta property=\"og:image:width\" content=\"312\" \/>\n\t<meta property=\"og:image:height\" content=\"882\" \/>\n\t<meta property=\"og:image:type\" content=\"image\/jpeg\" \/>\n<meta name=\"twitter:card\" content=\"summary_large_image\" \/>\n<meta name=\"twitter:label1\" content=\"Dur\u00e9e de lecture estim\u00e9e\" \/>\n\t<meta name=\"twitter:data1\" content=\"3 minutes\" \/>\n<script type=\"application\/ld+json\" class=\"yoast-schema-graph\">{\"@context\":\"https:\/\/schema.org\",\"@graph\":[{\"@type\":\"WebPage\",\"@id\":\"https:\/\/www.wloeser.com\/fr\/rubans\/broyeurs\/systemes-dextraction-fixes\/systeme-dextraction-fixes-pc-01-tv-q\/\",\"url\":\"https:\/\/www.wloeser.com\/fr\/rubans\/broyeurs\/systemes-dextraction-fixes\/systeme-dextraction-fixes-pc-01-tv-q\/\",\"name\":\"Syst\u00e8me d'extraction fixes PC 01\/TV-Q - Loeser Schleifmaschinen\",\"isPartOf\":{\"@id\":\"https:\/\/www.wloeser.com\/fr\/#website\"},\"primaryImageOfPage\":{\"@id\":\"https:\/\/www.wloeser.com\/fr\/rubans\/broyeurs\/systemes-dextraction-fixes\/systeme-dextraction-fixes-pc-01-tv-q\/#primaryimage\"},\"image\":{\"@id\":\"https:\/\/www.wloeser.com\/fr\/rubans\/broyeurs\/systemes-dextraction-fixes\/systeme-dextraction-fixes-pc-01-tv-q\/#primaryimage\"},\"thumbnailUrl\":\"https:\/\/www.wloeser.com\/wp-content\/uploads\/2024\/03\/absaugung-pc01-1.jpg\",\"datePublished\":\"2025-08-14T09:24:06+00:00\",\"dateModified\":\"2025-08-14T10:04:51+00:00\",\"description\":\"Nos syst\u00e8mes d'aspiration fixes offrent une solution efficace pour extraire la poussi\u00e8re des ponceuses \u00e0 bande et d'autres applications.\",\"breadcrumb\":{\"@id\":\"https:\/\/www.wloeser.com\/fr\/rubans\/broyeurs\/systemes-dextraction-fixes\/systeme-dextraction-fixes-pc-01-tv-q\/#breadcrumb\"},\"inLanguage\":\"fr-FR\",\"potentialAction\":[{\"@type\":\"ReadAction\",\"target\":[\"https:\/\/www.wloeser.com\/fr\/rubans\/broyeurs\/systemes-dextraction-fixes\/systeme-dextraction-fixes-pc-01-tv-q\/\"]}]},{\"@type\":\"ImageObject\",\"inLanguage\":\"fr-FR\",\"@id\":\"https:\/\/www.wloeser.com\/fr\/rubans\/broyeurs\/systemes-dextraction-fixes\/systeme-dextraction-fixes-pc-01-tv-q\/#primaryimage\",\"url\":\"https:\/\/www.wloeser.com\/wp-content\/uploads\/2024\/03\/absaugung-pc01-1.jpg\",\"contentUrl\":\"https:\/\/www.wloeser.com\/wp-content\/uploads\/2024\/03\/absaugung-pc01-1.jpg\"},{\"@type\":\"BreadcrumbList\",\"@id\":\"https:\/\/www.wloeser.com\/fr\/rubans\/broyeurs\/systemes-dextraction-fixes\/systeme-dextraction-fixes-pc-01-tv-q\/#breadcrumb\",\"itemListElement\":[{\"@type\":\"ListItem\",\"position\":1,\"name\":\"Page d'accueil\",\"item\":\"https:\/\/www.wloeser.com\/fr\/\"},{\"@type\":\"ListItem\",\"position\":2,\"name\":\"Produits\",\"item\":\"https:\/\/www.wloeser.com\/fr\/rubans\/\"},{\"@type\":\"ListItem\",\"position\":3,\"name\":\"Meuleuses\",\"item\":\"https:\/\/www.wloeser.com\/fr\/rubans\/broyeurs\/\"},{\"@type\":\"ListItem\",\"position\":4,\"name\":\"Syst\u00e8mes d&#8217;extraction fixes\",\"item\":\"https:\/\/www.wloeser.com\/fr\/rubans\/broyeurs\/systemes-dextraction-fixes\/\"},{\"@type\":\"ListItem\",\"position\":5,\"name\":\"Syst\u00e8me d&#8217;extraction fixes PC 01\/TV-Q\"}]},{\"@type\":\"WebSite\",\"@id\":\"https:\/\/www.wloeser.com\/fr\/#website\",\"url\":\"https:\/\/www.wloeser.com\/fr\/\",\"name\":\"Loeser Schleifmaschinen\",\"description\":\"\",\"publisher\":{\"@id\":\"https:\/\/www.wloeser.com\/fr\/#organization\"},\"potentialAction\":[{\"@type\":\"SearchAction\",\"target\":{\"@type\":\"EntryPoint\",\"urlTemplate\":\"https:\/\/www.wloeser.com\/fr\/?s={search_term_string}\"},\"query-input\":{\"@type\":\"PropertyValueSpecification\",\"valueRequired\":true,\"valueName\":\"search_term_string\"}}],\"inLanguage\":\"fr-FR\"},{\"@type\":\"Organization\",\"@id\":\"https:\/\/www.wloeser.com\/fr\/#organization\",\"name\":\"Loeser Schleifmaschinen\",\"url\":\"https:\/\/www.wloeser.com\/fr\/\",\"logo\":{\"@type\":\"ImageObject\",\"inLanguage\":\"fr-FR\",\"@id\":\"https:\/\/www.wloeser.com\/fr\/#\/schema\/logo\/image\/\",\"url\":\"https:\/\/www.wloeser.com\/wp-content\/uploads\/2023\/03\/cropped-loeser-logo-2023.jpg\",\"contentUrl\":\"https:\/\/www.wloeser.com\/wp-content\/uploads\/2023\/03\/cropped-loeser-logo-2023.jpg\",\"width\":500,\"height\":238,\"caption\":\"Loeser Schleifmaschinen\"},\"image\":{\"@id\":\"https:\/\/www.wloeser.com\/fr\/#\/schema\/logo\/image\/\"}}]}<\/script>\n<!-- \/ Yoast SEO plugin. -->","yoast_head_json":{"title":"Syst\u00e8me d'extraction fixes PC 01\/TV-Q - Loeser Schleifmaschinen","description":"Nos syst\u00e8mes d'aspiration fixes offrent une solution efficace pour extraire la poussi\u00e8re des ponceuses \u00e0 bande et d'autres applications.","robots":{"index":"index","follow":"follow","max-snippet":"max-snippet:-1","max-image-preview":"max-image-preview:large","max-video-preview":"max-video-preview:-1"},"canonical":"https:\/\/www.wloeser.com\/fr\/rubans\/broyeurs\/systemes-dextraction-fixes\/systeme-dextraction-fixes-pc-01-tv-q\/","og_locale":"fr_FR","og_type":"article","og_title":"Syst\u00e8me d'extraction fixes PC 01\/TV-Q - Loeser Schleifmaschinen","og_description":"Nos syst\u00e8mes d'aspiration fixes offrent une solution efficace pour extraire la poussi\u00e8re des ponceuses \u00e0 bande et d'autres applications.","og_url":"https:\/\/www.wloeser.com\/fr\/rubans\/broyeurs\/systemes-dextraction-fixes\/systeme-dextraction-fixes-pc-01-tv-q\/","og_site_name":"Loeser Schleifmaschinen","article_modified_time":"2025-08-14T10:04:51+00:00","og_image":[{"width":312,"height":882,"url":"https:\/\/www.wloeser.com\/wp-content\/uploads\/2024\/03\/absaugung-pc01-1.jpg","type":"image\/jpeg"}],"twitter_card":"summary_large_image","twitter_misc":{"Dur\u00e9e de lecture estim\u00e9e":"3 minutes"},"schema":{"@context":"https:\/\/schema.org","@graph":[{"@type":"WebPage","@id":"https:\/\/www.wloeser.com\/fr\/rubans\/broyeurs\/systemes-dextraction-fixes\/systeme-dextraction-fixes-pc-01-tv-q\/","url":"https:\/\/www.wloeser.com\/fr\/rubans\/broyeurs\/systemes-dextraction-fixes\/systeme-dextraction-fixes-pc-01-tv-q\/","name":"Syst\u00e8me d'extraction fixes PC 01\/TV-Q - Loeser Schleifmaschinen","isPartOf":{"@id":"https:\/\/www.wloeser.com\/fr\/#website"},"primaryImageOfPage":{"@id":"https:\/\/www.wloeser.com\/fr\/rubans\/broyeurs\/systemes-dextraction-fixes\/systeme-dextraction-fixes-pc-01-tv-q\/#primaryimage"},"image":{"@id":"https:\/\/www.wloeser.com\/fr\/rubans\/broyeurs\/systemes-dextraction-fixes\/systeme-dextraction-fixes-pc-01-tv-q\/#primaryimage"},"thumbnailUrl":"https:\/\/www.wloeser.com\/wp-content\/uploads\/2024\/03\/absaugung-pc01-1.jpg","datePublished":"2025-08-14T09:24:06+00:00","dateModified":"2025-08-14T10:04:51+00:00","description":"Nos syst\u00e8mes d'aspiration fixes offrent une solution efficace pour extraire la poussi\u00e8re des ponceuses \u00e0 bande et d'autres applications.","breadcrumb":{"@id":"https:\/\/www.wloeser.com\/fr\/rubans\/broyeurs\/systemes-dextraction-fixes\/systeme-dextraction-fixes-pc-01-tv-q\/#breadcrumb"},"inLanguage":"fr-FR","potentialAction":[{"@type":"ReadAction","target":["https:\/\/www.wloeser.com\/fr\/rubans\/broyeurs\/systemes-dextraction-fixes\/systeme-dextraction-fixes-pc-01-tv-q\/"]}]},{"@type":"ImageObject","inLanguage":"fr-FR","@id":"https:\/\/www.wloeser.com\/fr\/rubans\/broyeurs\/systemes-dextraction-fixes\/systeme-dextraction-fixes-pc-01-tv-q\/#primaryimage","url":"https:\/\/www.wloeser.com\/wp-content\/uploads\/2024\/03\/absaugung-pc01-1.jpg","contentUrl":"https:\/\/www.wloeser.com\/wp-content\/uploads\/2024\/03\/absaugung-pc01-1.jpg"},{"@type":"BreadcrumbList","@id":"https:\/\/www.wloeser.com\/fr\/rubans\/broyeurs\/systemes-dextraction-fixes\/systeme-dextraction-fixes-pc-01-tv-q\/#breadcrumb","itemListElement":[{"@type":"ListItem","position":1,"name":"Page d'accueil","item":"https:\/\/www.wloeser.com\/fr\/"},{"@type":"ListItem","position":2,"name":"Produits","item":"https:\/\/www.wloeser.com\/fr\/rubans\/"},{"@type":"ListItem","position":3,"name":"Meuleuses","item":"https:\/\/www.wloeser.com\/fr\/rubans\/broyeurs\/"},{"@type":"ListItem","position":4,"name":"Syst\u00e8mes d&#8217;extraction fixes","item":"https:\/\/www.wloeser.com\/fr\/rubans\/broyeurs\/systemes-dextraction-fixes\/"},{"@type":"ListItem","position":5,"name":"Syst\u00e8me d&#8217;extraction fixes PC 01\/TV-Q"}]},{"@type":"WebSite","@id":"https:\/\/www.wloeser.com\/fr\/#website","url":"https:\/\/www.wloeser.com\/fr\/","name":"Loeser Schleifmaschinen","description":"","publisher":{"@id":"https:\/\/www.wloeser.com\/fr\/#organization"},"potentialAction":[{"@type":"SearchAction","target":{"@type":"EntryPoint","urlTemplate":"https:\/\/www.wloeser.com\/fr\/?s={search_term_string}"},"query-input":{"@type":"PropertyValueSpecification","valueRequired":true,"valueName":"search_term_string"}}],"inLanguage":"fr-FR"},{"@type":"Organization","@id":"https:\/\/www.wloeser.com\/fr\/#organization","name":"Loeser Schleifmaschinen","url":"https:\/\/www.wloeser.com\/fr\/","logo":{"@type":"ImageObject","inLanguage":"fr-FR","@id":"https:\/\/www.wloeser.com\/fr\/#\/schema\/logo\/image\/","url":"https:\/\/www.wloeser.com\/wp-content\/uploads\/2023\/03\/cropped-loeser-logo-2023.jpg","contentUrl":"https:\/\/www.wloeser.com\/wp-content\/uploads\/2023\/03\/cropped-loeser-logo-2023.jpg","width":500,"height":238,"caption":"Loeser Schleifmaschinen"},"image":{"@id":"https:\/\/www.wloeser.com\/fr\/#\/schema\/logo\/image\/"}}]}},"_links":{"self":[{"href":"https:\/\/www.wloeser.com\/fr\/wp-json\/wp\/v2\/pages\/21819","targetHints":{"allow":["GET"]}}],"collection":[{"href":"https:\/\/www.wloeser.com\/fr\/wp-json\/wp\/v2\/pages"}],"about":[{"href":"https:\/\/www.wloeser.com\/fr\/wp-json\/wp\/v2\/types\/page"}],"author":[{"embeddable":true,"href":"https:\/\/www.wloeser.com\/fr\/wp-json\/wp\/v2\/users\/1"}],"replies":[{"embeddable":true,"href":"https:\/\/www.wloeser.com\/fr\/wp-json\/wp\/v2\/comments?post=21819"}],"version-history":[{"count":2,"href":"https:\/\/www.wloeser.com\/fr\/wp-json\/wp\/v2\/pages\/21819\/revisions"}],"predecessor-version":[{"id":21847,"href":"https:\/\/www.wloeser.com\/fr\/wp-json\/wp\/v2\/pages\/21819\/revisions\/21847"}],"up":[{"embeddable":true,"href":"https:\/\/www.wloeser.com\/fr\/wp-json\/wp\/v2\/pages\/12428"}],"wp:attachment":[{"href":"https:\/\/www.wloeser.com\/fr\/wp-json\/wp\/v2\/media?parent=21819"}],"curies":[{"name":"wp","href":"https:\/\/api.w.org\/{rel}","templated":true}]}}