{"id":12318,"date":"2023-02-20T12:11:16","date_gmt":"2023-02-20T11:11:16","guid":{"rendered":"https:\/\/loeser.createch-media.com\/?page_id=12318"},"modified":"2023-06-12T16:08:55","modified_gmt":"2023-06-12T14:08:55","slug":"protection-des-donnees","status":"publish","type":"page","link":"https:\/\/www.wloeser.com\/fr\/protection-des-donnees\/","title":{"rendered":"Protection des donn\u00e9es"},"content":{"rendered":"\n<h1 class=\"wp-block-heading\">Protection des donn\u00e9es<\/h1>\n\n\n\n<div class=\"wp-block-stackable-columns stk-block-columns stk-block stk-d364dfa\" data-block-id=\"d364dfa\"><div class=\"stk-row stk-inner-blocks stk-block-content stk-content-align stk-d364dfa-column\">\n<div class=\"wp-block-stackable-column stk-block-column stk-block-column--v3 stk-column stk-block-column--v2 stk-block stk-9142e42\" data-block-id=\"9142e42\"><div class=\"stk-column-wrapper stk-block-column__content stk-container stk-9142e42-container stk--no-background stk--no-padding\"><div class=\"stk-block-content stk-inner-blocks stk-9142e42-inner-blocks\">\n<div class=\"wp-block-stackable-columns stk-block-columns stk-block stk-83ab968\" data-block-id=\"83ab968\"><div class=\"stk-row stk-inner-blocks stk-block-content stk-content-align stk-83ab968-column\">\n<div class=\"wp-block-stackable-column stk-block-column stk-block-column--v3 stk-column stk-block-column--v2 stk-block stk-697ff97\" data-block-id=\"697ff97\"><div class=\"stk-column-wrapper stk-block-column__content stk-container stk-697ff97-container stk--no-background stk--no-padding\"><div class=\"stk-block-content stk-inner-blocks stk-697ff97-inner-blocks\">\n<p>L&rsquo;organisme responsable au sens des lois sur la protection des donn\u00e9es, en particulier le r\u00e8glement g\u00e9n\u00e9ral de l&rsquo;UE sur la protection des donn\u00e9es (RGPD), est :<\/p>\n\n\n\n<p>Waldemar Loeser GmbH &amp; Co. KG, Siemensstr. 9, 67346 Speyer<\/p>\n\n\n\n<p>T\u00e9l\u00e9phone 06232 87593-0<br>Courriel : info@wloeser.com<\/p>\n\n\n\n<h2 class=\"wp-block-heading\">Vos droits en tant que personne concern\u00e9e<\/h2>\n\n\n\n<p>Vous pouvez \u00e0 tout moment exercer les droits suivants en utilisant les coordonn\u00e9es fournies par notre d\u00e9l\u00e9gu\u00e9 \u00e0 la protection des donn\u00e9es :<\/p>\n\n\n\n<ul class=\"wp-block-list\">\n<li>Informations sur vos donn\u00e9es stock\u00e9es par nous et leur traitement,<\/li>\n\n\n\n<li>rectification de donn\u00e9es personnelles inexactes,<\/li>\n\n\n\n<li>Suppression de vos donn\u00e9es stock\u00e9es chez nous,<\/li>\n\n\n\n<li>Restriction du traitement des donn\u00e9es si nous ne sommes pas encore autoris\u00e9s \u00e0 supprimer vos donn\u00e9es en raison d&rsquo;obligations l\u00e9gales,<\/li>\n\n\n\n<li>Opposition au traitement de vos donn\u00e9es par nous et<\/li>\n\n\n\n<li>Transf\u00e9rabilit\u00e9 des donn\u00e9es si vous avez consenti au traitement des donn\u00e9es ou si vous avez conclu un contrat avec nous.<\/li>\n<\/ul>\n\n\n\n<p>Si vous nous avez donn\u00e9 votre consentement, vous pouvez le r\u00e9voquer \u00e0 tout moment avec effet pour l&rsquo;avenir.<\/p>\n\n\n\n<p>Vous pouvez \u00e0 tout moment adresser une r\u00e9clamation \u00e0 l&rsquo;autorit\u00e9 de contr\u00f4le dont vous d\u00e9pendez. Votre autorit\u00e9 de contr\u00f4le responsable d\u00e9pend de l&rsquo;\u00e9tat de votre r\u00e9sidence, de votre travail ou de l&rsquo;infraction all\u00e9gu\u00e9e. Vous trouverez une liste des autorit\u00e9s de surveillance (pour le domaine non public) avec leurs adresses sur : https:\/\/www.bfdi.bund.de\/DE\/Infothek\/Anschriften_Links\/anschriften_links-node.html.<\/p>\n\n\n\n<h2 class=\"wp-block-heading\">Finalit\u00e9s du traitement des donn\u00e9es par le responsable et les tiers<\/h2>\n\n\n\n<p>Nous traitons vos donn\u00e9es personnelles uniquement aux fins \u00e9nonc\u00e9es dans la pr\u00e9sente d\u00e9claration de protection des donn\u00e9es. Vos donn\u00e9es personnelles ne seront pas transmises \u00e0 des tiers \u00e0 des fins autres que celles mentionn\u00e9es. Nous ne transmettons vos donn\u00e9es personnelles \u00e0 des tiers que si :<\/p>\n\n\n\n<ul class=\"wp-block-list\">\n<li>vous avez donn\u00e9 votre consentement expr\u00e8s,<\/li>\n\n\n\n<li>le traitement est n\u00e9cessaire \u00e0 l&rsquo;ex\u00e9cution d&rsquo;un contrat avec vous,<\/li>\n\n\n\n<li>le traitement est n\u00e9cessaire pour remplir une obligation l\u00e9gale,<\/li>\n\n\n\n<li>le traitement est n\u00e9cessaire pour prot\u00e9ger des int\u00e9r\u00eats l\u00e9gitimes et il n&rsquo;y a aucune raison de supposer que vous avez un int\u00e9r\u00eat l\u00e9gitime sup\u00e9rieur \u00e0 ne pas divulguer vos donn\u00e9es.<\/li>\n<\/ul>\n\n\n\n<h2 class=\"wp-block-heading\">Suppression ou blocage des donn\u00e9es<\/h2>\n\n\n\n<p>Nous adh\u00e9rons aux principes d&rsquo;\u00e9vitement des donn\u00e9es et d&rsquo;\u00e9conomie des donn\u00e9es. Nous ne conservons donc vos donn\u00e9es personnelles que le temps n\u00e9cessaire \u00e0 la r\u00e9alisation des finalit\u00e9s ici \u00e9nonc\u00e9es ou tel que pr\u00e9vu par les diff\u00e9rentes dur\u00e9es de conservation pr\u00e9vues par le l\u00e9gislateur. Une fois que l&rsquo;objectif respectif a cess\u00e9 d&rsquo;exister ou que ces d\u00e9lais ont expir\u00e9, les donn\u00e9es correspondantes seront syst\u00e9matiquement bloqu\u00e9es ou supprim\u00e9es conform\u00e9ment aux dispositions l\u00e9gales.<\/p>\n\n\n\n<h2 class=\"wp-block-heading\">Collecte d&rsquo;informations g\u00e9n\u00e9rales lors de la visite de notre site Web<\/h2>\n\n\n\n<p>Lorsque vous acc\u00e9dez \u00e0 notre site Internet, des informations \u00e0 caract\u00e8re g\u00e9n\u00e9ral sont automatiquement collect\u00e9es au moyen d&rsquo;un cookie. Ces informations (fichiers journaux du serveur) comprennent le type de navigateur Web, le syst\u00e8me d&rsquo;exploitation utilis\u00e9, le nom de domaine de votre fournisseur de services Internet et autres. Il s&rsquo;agit exclusivement d&rsquo;informations qui ne permettent pas de tirer des conclusions sur votre personne.<\/p>\n\n\n\n<p>Ces informations sont techniquement n\u00e9cessaires pour fournir correctement le contenu que vous avez demand\u00e9 aux sites Web et sont obligatoires lors de l&rsquo;utilisation d&rsquo;Internet. En particulier, elles sont trait\u00e9es pour les finalit\u00e9s suivantes:<\/p>\n\n\n\n<ul class=\"wp-block-list\">\n<li>Assurer une connexion sans probl\u00e8me au site Web,<\/li>\n\n\n\n<li>garantir une utilisation fluide de notre site Web,<\/li>\n\n\n\n<li>\u00c9valuation de la s\u00e9curit\u00e9 et de la stabilit\u00e9 du syst\u00e8me ainsi<\/li>\n\n\n\n<li>\u00e0 d&rsquo;autres fins administratives.<\/li>\n<\/ul>\n\n\n\n<p>Le traitement de vos donn\u00e9es personnelles est bas\u00e9 sur notre int\u00e9r\u00eat l\u00e9gitime aux fins de collecte de donn\u00e9es susmentionn\u00e9es. Nous n&rsquo;utilisons pas vos donn\u00e9es pour tirer des conclusions sur votre personne. Les destinataires des donn\u00e9es sont uniquement l&rsquo;organisme responsable et, le cas \u00e9ch\u00e9ant, le sous-traitant.<\/p>\n\n\n\n<p>Les informations anonymes de ce type peuvent \u00eatre \u00e9valu\u00e9es statistiquement par nous afin d&rsquo;optimiser notre site Web et la technologie qui le sous-tend<\/p>\n\n\n\n<h2 class=\"wp-block-heading\">Cookies<\/h2>\n\n\n\n<p>Comme de nombreux autres sites Web, nous utilisons \u00e9galement des \u00ab\u00a0cookies\u00a0\u00bb. Les cookies sont de petits fichiers texte qui sont transf\u00e9r\u00e9s sur votre disque dur par un serveur de site Web. En cons\u00e9quence, nous recevons automatiquement certaines donn\u00e9es, par ex. B. Adresse IP, navigateur utilis\u00e9, syst\u00e8me d&rsquo;exploitation et votre connexion \u00e0 Internet.<\/p>\n\n\n\n<p>Les cookies ne peuvent pas \u00eatre utilis\u00e9s pour d\u00e9marrer des programmes ou transmettre des virus \u00e0 un ordinateur. Sur la base des informations contenues dans les cookies, nous pouvons vous faciliter la navigation et permettre un affichage correct de nos sites Web.<\/p>\n\n\n\n<p>En aucun cas, les donn\u00e9es que nous collectons ne seront transmises \u00e0 des tiers ou li\u00e9es \u00e0 des donn\u00e9es personnelles sans votre consentement.<\/p>\n\n\n\n<p>Bien entendu, vous pouvez \u00e9galement consulter notre site Web sans cookies. Les navigateurs Internet sont r\u00e9guli\u00e8rement configur\u00e9s pour accepter les cookies. De mani\u00e8re g\u00e9n\u00e9rale, vous pouvez \u00e0 tout moment d\u00e9sactiver l&rsquo;utilisation des cookies via les param\u00e8tres de votre navigateur. Veuillez utiliser les fonctions d&rsquo;aide de votre navigateur Internet pour savoir comment vous pouvez modifier ces param\u00e8tres. Veuillez noter que certaines fonctions de notre site Web peuvent ne pas fonctionner si vous avez d\u00e9sactiv\u00e9 l&rsquo;utilisation des cookies.<\/p>\n\n\n\n<h2 class=\"wp-block-heading\">Cryptage SSL<\/h2>\n\n\n\n<p>Afin de prot\u00e9ger la s\u00e9curit\u00e9 de vos donn\u00e9es lors de la transmission, nous utilisons des m\u00e9thodes de cryptage de pointe (par exemple SSL) via HTTPS.<\/p>\n\n\n\n<h2 class=\"wp-block-heading\">Formulaire de contact<\/h2>\n\n\n\n<p>Si vous nous contactez par e-mail ou via le formulaire de contact avec des questions de toute nature, donnez-nous votre consentement volontaire dans le but d&rsquo;\u00e9tablir un contact. Cela n\u00e9cessite la sp\u00e9cification d&rsquo;une adresse e-mail valide. Ceci est utilis\u00e9 pour allouer la requ\u00eate puis pour y r\u00e9pondre. La fourniture de donn\u00e9es suppl\u00e9mentaires est facultative. Les informations que vous fournissez seront stock\u00e9es dans le but de traiter la demande et pour d&rsquo;\u00e9ventuelles questions de suivi. Apr\u00e8s traitement de la demande que vous avez formul\u00e9e, les donn\u00e9es personnelles seront automatiquement supprim\u00e9es.<\/p>\n\n\n\n<h2 class=\"wp-block-heading\">Modification de notre politique de confidentialit\u00e9<\/h2>\n\n\n\n<p>Nous nous r\u00e9servons le droit d&rsquo;adapter occasionnellement cette d\u00e9claration de protection des donn\u00e9es afin qu&rsquo;elle corresponde toujours aux exigences l\u00e9gales en vigueur ou d&rsquo;apporter des modifications \u00e0 nos services dans la d\u00e9claration de protection des donn\u00e9es, par ex. B. lors de l&rsquo;introduction de nouveaux services. La nouvelle d\u00e9claration de protection des donn\u00e9es s&rsquo;appliquera alors \u00e0 votre prochaine visite.<\/p>\n\n\n\n<h2 class=\"wp-block-heading\">Questions au d\u00e9l\u00e9gu\u00e9 \u00e0 la protection des donn\u00e9es<\/h2>\n\n\n\n<p>Si vous avez des questions sur la protection des donn\u00e9es, veuillez nous envoyer un e-mail :<\/p>\n\n\n\n<p><a href=\"info@wloeser.com\">info(at)wloeser.com<\/a><\/p>\n\n\n\n<p>La d\u00e9claration de protection des donn\u00e9es a \u00e9t\u00e9 cr\u00e9\u00e9e avec le <a href=\"https:\/\/www.activemind.de\/datenschutz\/generatoren\/datenschutzerklaerung\/\" target=\"_blank\" rel=\"noreferrer noopener\">g\u00e9n\u00e9rateur de d\u00e9claration de protection des donn\u00e9es d&rsquo;activeMind AG<\/a>.<\/p>\n<\/div><\/div><\/div>\n<\/div><\/div>\n<\/div><\/div><\/div>\n<\/div><\/div>\n","protected":false},"excerpt":{"rendered":"<p>Protection des donn\u00e9es L&rsquo;organisme responsable au sens des lois sur la protection des donn\u00e9es, en particulier le r\u00e8glement g\u00e9n\u00e9ral de l&rsquo;UE sur la protection des donn\u00e9es (RGPD), est : Waldemar Loeser GmbH &amp; Co. KG, Siemensstr. 9, 67346 Speyer T\u00e9l\u00e9phone 06232 87593-0Courriel : info@wloeser.com Vos droits en tant que personne concern\u00e9e Vous pouvez \u00e0 tout [&hellip;]<\/p>\n","protected":false},"author":1,"featured_media":0,"parent":0,"menu_order":0,"comment_status":"closed","ping_status":"open","template":"templates\/template-full-width.php","meta":{"pgc_sgb_lightbox_settings":"","footnotes":""},"class_list":["post-12318","page","type-page","status-publish","hentry"],"yoast_head":"<!-- This site is optimized with the Yoast SEO plugin v26.8 - https:\/\/yoast.com\/product\/yoast-seo-wordpress\/ -->\n<title>Protection des donn\u00e9es - Loeser Schleifmaschinen<\/title>\n<meta name=\"robots\" content=\"index, follow, max-snippet:-1, max-image-preview:large, max-video-preview:-1\" \/>\n<link rel=\"canonical\" href=\"https:\/\/www.wloeser.com\/fr\/protection-des-donnees\/\" \/>\n<meta property=\"og:locale\" content=\"fr_FR\" \/>\n<meta property=\"og:type\" content=\"article\" \/>\n<meta property=\"og:title\" content=\"Protection des donn\u00e9es - Loeser Schleifmaschinen\" \/>\n<meta property=\"og:description\" content=\"Protection des donn\u00e9es L&rsquo;organisme responsable au sens des lois sur la protection des donn\u00e9es, en particulier le r\u00e8glement g\u00e9n\u00e9ral de l&rsquo;UE sur la protection des donn\u00e9es (RGPD), est : Waldemar Loeser GmbH &amp; Co. KG, Siemensstr. 9, 67346 Speyer T\u00e9l\u00e9phone 06232 87593-0Courriel : info@wloeser.com Vos droits en tant que personne concern\u00e9e Vous pouvez \u00e0 tout [&hellip;]\" \/>\n<meta property=\"og:url\" content=\"https:\/\/www.wloeser.com\/fr\/protection-des-donnees\/\" \/>\n<meta property=\"og:site_name\" content=\"Loeser Schleifmaschinen\" \/>\n<meta property=\"article:modified_time\" content=\"2023-06-12T14:08:55+00:00\" \/>\n<meta name=\"twitter:card\" content=\"summary_large_image\" \/>\n<meta name=\"twitter:label1\" content=\"Dur\u00e9e de lecture estim\u00e9e\" \/>\n\t<meta name=\"twitter:data1\" content=\"6 minutes\" \/>\n<script type=\"application\/ld+json\" class=\"yoast-schema-graph\">{\"@context\":\"https:\/\/schema.org\",\"@graph\":[{\"@type\":\"WebPage\",\"@id\":\"https:\/\/www.wloeser.com\/fr\/protection-des-donnees\/\",\"url\":\"https:\/\/www.wloeser.com\/fr\/protection-des-donnees\/\",\"name\":\"Protection des donn\u00e9es - Loeser Schleifmaschinen\",\"isPartOf\":{\"@id\":\"https:\/\/www.wloeser.com\/fr\/#website\"},\"datePublished\":\"2023-02-20T11:11:16+00:00\",\"dateModified\":\"2023-06-12T14:08:55+00:00\",\"breadcrumb\":{\"@id\":\"https:\/\/www.wloeser.com\/fr\/protection-des-donnees\/#breadcrumb\"},\"inLanguage\":\"fr-FR\",\"potentialAction\":[{\"@type\":\"ReadAction\",\"target\":[\"https:\/\/www.wloeser.com\/fr\/protection-des-donnees\/\"]}]},{\"@type\":\"BreadcrumbList\",\"@id\":\"https:\/\/www.wloeser.com\/fr\/protection-des-donnees\/#breadcrumb\",\"itemListElement\":[{\"@type\":\"ListItem\",\"position\":1,\"name\":\"Page d'accueil\",\"item\":\"https:\/\/www.wloeser.com\/fr\/\"},{\"@type\":\"ListItem\",\"position\":2,\"name\":\"Protection des donn\u00e9es\"}]},{\"@type\":\"WebSite\",\"@id\":\"https:\/\/www.wloeser.com\/fr\/#website\",\"url\":\"https:\/\/www.wloeser.com\/fr\/\",\"name\":\"Loeser Schleifmaschinen\",\"description\":\"\",\"publisher\":{\"@id\":\"https:\/\/www.wloeser.com\/fr\/#organization\"},\"potentialAction\":[{\"@type\":\"SearchAction\",\"target\":{\"@type\":\"EntryPoint\",\"urlTemplate\":\"https:\/\/www.wloeser.com\/fr\/?s={search_term_string}\"},\"query-input\":{\"@type\":\"PropertyValueSpecification\",\"valueRequired\":true,\"valueName\":\"search_term_string\"}}],\"inLanguage\":\"fr-FR\"},{\"@type\":\"Organization\",\"@id\":\"https:\/\/www.wloeser.com\/fr\/#organization\",\"name\":\"Loeser Schleifmaschinen\",\"url\":\"https:\/\/www.wloeser.com\/fr\/\",\"logo\":{\"@type\":\"ImageObject\",\"inLanguage\":\"fr-FR\",\"@id\":\"https:\/\/www.wloeser.com\/fr\/#\/schema\/logo\/image\/\",\"url\":\"https:\/\/www.wloeser.com\/wp-content\/uploads\/2023\/03\/cropped-loeser-logo-2023.jpg\",\"contentUrl\":\"https:\/\/www.wloeser.com\/wp-content\/uploads\/2023\/03\/cropped-loeser-logo-2023.jpg\",\"width\":500,\"height\":238,\"caption\":\"Loeser Schleifmaschinen\"},\"image\":{\"@id\":\"https:\/\/www.wloeser.com\/fr\/#\/schema\/logo\/image\/\"}}]}<\/script>\n<!-- \/ Yoast SEO plugin. -->","yoast_head_json":{"title":"Protection des donn\u00e9es - Loeser Schleifmaschinen","robots":{"index":"index","follow":"follow","max-snippet":"max-snippet:-1","max-image-preview":"max-image-preview:large","max-video-preview":"max-video-preview:-1"},"canonical":"https:\/\/www.wloeser.com\/fr\/protection-des-donnees\/","og_locale":"fr_FR","og_type":"article","og_title":"Protection des donn\u00e9es - Loeser Schleifmaschinen","og_description":"Protection des donn\u00e9es L&rsquo;organisme responsable au sens des lois sur la protection des donn\u00e9es, en particulier le r\u00e8glement g\u00e9n\u00e9ral de l&rsquo;UE sur la protection des donn\u00e9es (RGPD), est : Waldemar Loeser GmbH &amp; Co. KG, Siemensstr. 9, 67346 Speyer T\u00e9l\u00e9phone 06232 87593-0Courriel : info@wloeser.com Vos droits en tant que personne concern\u00e9e Vous pouvez \u00e0 tout [&hellip;]","og_url":"https:\/\/www.wloeser.com\/fr\/protection-des-donnees\/","og_site_name":"Loeser Schleifmaschinen","article_modified_time":"2023-06-12T14:08:55+00:00","twitter_card":"summary_large_image","twitter_misc":{"Dur\u00e9e de lecture estim\u00e9e":"6 minutes"},"schema":{"@context":"https:\/\/schema.org","@graph":[{"@type":"WebPage","@id":"https:\/\/www.wloeser.com\/fr\/protection-des-donnees\/","url":"https:\/\/www.wloeser.com\/fr\/protection-des-donnees\/","name":"Protection des donn\u00e9es - Loeser Schleifmaschinen","isPartOf":{"@id":"https:\/\/www.wloeser.com\/fr\/#website"},"datePublished":"2023-02-20T11:11:16+00:00","dateModified":"2023-06-12T14:08:55+00:00","breadcrumb":{"@id":"https:\/\/www.wloeser.com\/fr\/protection-des-donnees\/#breadcrumb"},"inLanguage":"fr-FR","potentialAction":[{"@type":"ReadAction","target":["https:\/\/www.wloeser.com\/fr\/protection-des-donnees\/"]}]},{"@type":"BreadcrumbList","@id":"https:\/\/www.wloeser.com\/fr\/protection-des-donnees\/#breadcrumb","itemListElement":[{"@type":"ListItem","position":1,"name":"Page d'accueil","item":"https:\/\/www.wloeser.com\/fr\/"},{"@type":"ListItem","position":2,"name":"Protection des donn\u00e9es"}]},{"@type":"WebSite","@id":"https:\/\/www.wloeser.com\/fr\/#website","url":"https:\/\/www.wloeser.com\/fr\/","name":"Loeser Schleifmaschinen","description":"","publisher":{"@id":"https:\/\/www.wloeser.com\/fr\/#organization"},"potentialAction":[{"@type":"SearchAction","target":{"@type":"EntryPoint","urlTemplate":"https:\/\/www.wloeser.com\/fr\/?s={search_term_string}"},"query-input":{"@type":"PropertyValueSpecification","valueRequired":true,"valueName":"search_term_string"}}],"inLanguage":"fr-FR"},{"@type":"Organization","@id":"https:\/\/www.wloeser.com\/fr\/#organization","name":"Loeser Schleifmaschinen","url":"https:\/\/www.wloeser.com\/fr\/","logo":{"@type":"ImageObject","inLanguage":"fr-FR","@id":"https:\/\/www.wloeser.com\/fr\/#\/schema\/logo\/image\/","url":"https:\/\/www.wloeser.com\/wp-content\/uploads\/2023\/03\/cropped-loeser-logo-2023.jpg","contentUrl":"https:\/\/www.wloeser.com\/wp-content\/uploads\/2023\/03\/cropped-loeser-logo-2023.jpg","width":500,"height":238,"caption":"Loeser Schleifmaschinen"},"image":{"@id":"https:\/\/www.wloeser.com\/fr\/#\/schema\/logo\/image\/"}}]}},"_links":{"self":[{"href":"https:\/\/www.wloeser.com\/fr\/wp-json\/wp\/v2\/pages\/12318","targetHints":{"allow":["GET"]}}],"collection":[{"href":"https:\/\/www.wloeser.com\/fr\/wp-json\/wp\/v2\/pages"}],"about":[{"href":"https:\/\/www.wloeser.com\/fr\/wp-json\/wp\/v2\/types\/page"}],"author":[{"embeddable":true,"href":"https:\/\/www.wloeser.com\/fr\/wp-json\/wp\/v2\/users\/1"}],"replies":[{"embeddable":true,"href":"https:\/\/www.wloeser.com\/fr\/wp-json\/wp\/v2\/comments?post=12318"}],"version-history":[{"count":1,"href":"https:\/\/www.wloeser.com\/fr\/wp-json\/wp\/v2\/pages\/12318\/revisions"}],"predecessor-version":[{"id":12321,"href":"https:\/\/www.wloeser.com\/fr\/wp-json\/wp\/v2\/pages\/12318\/revisions\/12321"}],"wp:attachment":[{"href":"https:\/\/www.wloeser.com\/fr\/wp-json\/wp\/v2\/media?parent=12318"}],"curies":[{"name":"wp","href":"https:\/\/api.w.org\/{rel}","templated":true}]}}