{"id":11519,"date":"2023-02-20T15:21:12","date_gmt":"2023-02-20T14:21:12","guid":{"rendered":"https:\/\/loeser.createch-media.com\/?page_id=11519"},"modified":"2026-01-21T10:58:52","modified_gmt":"2026-01-21T09:58:52","slug":"lentreprise","status":"publish","type":"page","link":"https:\/\/www.wloeser.com\/fr\/lentreprise\/","title":{"rendered":"L&rsquo;entreprise"},"content":{"rendered":"\n<h1 class=\"wp-block-heading animated zoomIn\">L&rsquo;entreprise<\/h1>\n\n\n\n<div class=\"wp-block-stackable-columns stk-block-columns stk-block stk-d036b1f animated zoomIn\" data-block-id=\"d036b1f\"><div class=\"stk-row stk-inner-blocks stk-block-content stk-content-align stk-d036b1f-column\">\n<div class=\"wp-block-stackable-column stk-block-column stk-column stk-block stk-a9f2eb8\" data-v=\"4\" data-block-id=\"a9f2eb8\"><style>.stk-a9f2eb8-container{margin-left:0px !important;}@media screen and (min-width: 768px){.stk-a9f2eb8 {flex:var(--stk-flex-grow, 1) 1 66.7% !important;}}<\/style><div class=\"stk-column-wrapper stk-block-column__content stk-container stk-a9f2eb8-container stk--no-background stk--no-padding\"><div class=\"stk-block-content stk-inner-blocks stk-a9f2eb8-inner-blocks\">\n<p>Loeser est l&rsquo;un des fournisseurs les plus importants et les plus comp\u00e9tents pour la gamme compl\u00e8te de la technologie de pon\u00e7age \u00e0 bande en Allemagne. Chaque fois qu&rsquo;il s&rsquo;agit d&rsquo;am\u00e9liorer des surfaces, Loeser est votre partenaire puissant pour r\u00e9soudre vos probl\u00e8mes de meulage.<\/p>\n\n\n\n<p>En plus de nos propres rectifieuses, nous proposons le programme complet Dynabrade et avons toujours en stock des centaines de machines et leurs pi\u00e8ces de rechange.<\/p>\n\n\n\n<p>Des produits exceptionnels, des employ\u00e9s hautement qualifi\u00e9s et l&rsquo;engagement du fondateur de l&rsquo;entreprise \u00e0 \u00ab\u00a0ne produire que ce que les autres ne peuvent offrir de mieux\u00a0\u00bb font de nous ce que nous sommes.<\/p>\n<\/div><\/div><\/div>\n\n\n\n<div class=\"wp-block-stackable-column stk-block-column stk-column stk-block stk-7333df4\" data-v=\"4\" data-block-id=\"7333df4\"><style>@media screen and (min-width: 768px){.stk-7333df4 {flex:var(--stk-flex-grow, 1) 1 33.3% !important;}}<\/style><div class=\"stk-column-wrapper stk-block-column__content stk-container stk-7333df4-container stk--no-background stk--no-padding\"><div class=\"stk-block-content stk-inner-blocks stk-7333df4-inner-blocks\">\n<figure class=\"wp-block-image size-large\"><img loading=\"lazy\" decoding=\"async\" width=\"903\" height=\"1024\" src=\"https:\/\/www.wloeser.com\/wp-content\/uploads\/2023\/05\/Eingang-loeser-s-903x1024.jpg\" alt=\"Eingang Waldemar Loeser GmbH &amp; Co. KG\" class=\"wp-image-5908\" srcset=\"https:\/\/www.wloeser.com\/wp-content\/uploads\/2023\/05\/Eingang-loeser-s-903x1024.jpg 903w, https:\/\/www.wloeser.com\/wp-content\/uploads\/2023\/05\/Eingang-loeser-s-265x300.jpg 265w, https:\/\/www.wloeser.com\/wp-content\/uploads\/2023\/05\/Eingang-loeser-s-768x871.jpg 768w, https:\/\/www.wloeser.com\/wp-content\/uploads\/2023\/05\/Eingang-loeser-s-1200x1361.jpg 1200w, https:\/\/www.wloeser.com\/wp-content\/uploads\/2023\/05\/Eingang-loeser-s.jpg 1300w\" sizes=\"auto, (max-width: 903px) 100vw, 903px\" \/><\/figure>\n<\/div><\/div><\/div>\n<\/div><\/div>\n\n\n\n<div class=\"wp-block-stackable-columns stk-block-columns stk-block stk-e77f011\" data-block-id=\"e77f011\"><div class=\"stk-row stk-inner-blocks stk-block-content stk-content-align stk-e77f011-column\">\n<div class=\"wp-block-stackable-column stk-block-column stk-column stk-block stk-b1e1b11\" data-v=\"4\" data-block-id=\"b1e1b11\"><div class=\"stk-column-wrapper stk-block-column__content stk-container stk-b1e1b11-container stk--no-background stk--no-padding\"><div class=\"stk-block-content stk-inner-blocks stk-b1e1b11-inner-blocks\"><\/div><\/div><\/div>\n<\/div><\/div>\n\n\n\n<div class=\"wp-block-stackable-divider stk-block-divider stk-block stk-60ae79b\" data-block-id=\"60ae79b\"><hr class=\"stk-block-divider__hr\"\/><\/div>\n\n\n\n<h2 class=\"wp-block-heading has-text-align-left animated zoomIn\">Service de r\u00e9paration de meuleuses Dynabrade et 3M<\/h2>\n\n\n\n<div class=\"wp-block-stackable-columns stk-block-columns stk-block stk-e271d6b animated zoomIn\" data-block-id=\"e271d6b\"><div class=\"stk-row stk-inner-blocks stk-block-content stk-content-align stk-e271d6b-column\">\n<div class=\"wp-block-stackable-column stk-block-column stk-column stk-block stk-0fff0d2\" data-v=\"4\" data-block-id=\"0fff0d2\"><style>.stk-0fff0d2-container{margin-left:0px !important;}@media screen and (min-width: 768px){.stk-0fff0d2 {flex:var(--stk-flex-grow, 1) 1 calc(66.7% - var(--stk-column-gap, 0px) * 1 \/ 2 ) !important;}}<\/style><div class=\"stk-column-wrapper stk-block-column__content stk-container stk-0fff0d2-container stk--no-background stk--no-padding\"><div class=\"stk-block-content stk-inner-blocks stk-0fff0d2-inner-blocks\">\n<p><strong>Nous avons 38 ans d&rsquo;exp\u00e9rience dans la r\u00e9paration de machines Dynabrade !<\/strong><\/p>\n<\/div><\/div><\/div>\n\n\n\n<div class=\"wp-block-stackable-column stk-block-column stk-column stk-block stk-42c4182\" data-v=\"4\" data-block-id=\"42c4182\"><style>@media screen and (min-width: 768px){.stk-42c4182 {flex:var(--stk-flex-grow, 1) 1 calc(33.3% - var(--stk-column-gap, 0px) * 1 \/ 2 ) !important;}}<\/style><div class=\"stk-column-wrapper stk-block-column__content stk-container stk-42c4182-container stk--no-background stk--no-padding\"><div class=\"stk-block-content stk-inner-blocks stk-42c4182-inner-blocks\"><\/div><\/div><\/div>\n<\/div><\/div>\n\n\n\n<div class=\"wp-block-stackable-columns stk-block-columns stk-block stk-b5ea372 animated zoomIn\" data-block-id=\"b5ea372\"><div class=\"stk-row stk-inner-blocks stk-block-content stk-content-align stk-b5ea372-column\">\n<div class=\"wp-block-stackable-column stk-block-column stk-column stk-block stk-edc6111\" data-v=\"4\" data-block-id=\"edc6111\"><style>.stk-edc6111-container{margin-left:0px !important;}@media screen and (min-width: 768px){.stk-edc6111 {flex:var(--stk-flex-grow, 1) 1 66.7% !important;}}<\/style><div class=\"stk-column-wrapper stk-block-column__content stk-container stk-edc6111-container stk--no-background stk--no-padding\"><div class=\"stk-block-content stk-inner-blocks stk-edc6111-inner-blocks\">\n<h4 class=\"wp-block-heading\">Gamme de services service de r\u00e9paration pour les rectifieuses Dynabrade et 3M :<\/h4>\n\n\n\n<div class=\"wp-block-stackable-icon-list stk-block-icon-list stk-block stk-d1ed66b\" data-block-id=\"d1ed66b\"><style>.stk-d1ed66b .stk-block-icon-list-item__content{gap:9px !important;align-items:baseline !important;}.stk-d1ed66b {--stk-icon-list-column-gap:0px !important;--stk-icon-list-row-gap:15px !important;--stk-icon-list-marker-color:#2c4f95 !important;--stk-icon-list-icon-size:12.5px !important;}.stk-d1ed66b ul, .stk-d1ed66b ol{padding-left:20px !important;}<\/style><svg style=\"display:none\"><defs><g id=\"stk-icon-list__icon-svg-def-d1ed66b\"><svg aria-hidden=\"true\" focusable=\"false\" data-prefix=\"fas\" data-icon=\"dot-circle\" class=\"svg-inline--fa fa-dot-circle fa-w-16\" role=\"img\" xmlns=\"http:\/\/www.w3.org\/2000\/svg\" viewBox=\"0 0 512 512\"><path fill=\"currentColor\" d=\"M256 8C119.033 8 8 119.033 8 256s111.033 248 248 248 248-111.033 248-248S392.967 8 256 8zm80 248c0 44.112-35.888 80-80 80s-80-35.888-80-80 35.888-80 80-80 80 35.888 80 80z\"><\/path><\/svg><\/g><\/defs><\/svg><div class=\"stk-block-icon-list__ul stk-block-icon-list--column\"><ul class=\"stk-block-icon-list__group\">\n<li class=\"wp-block-stackable-icon-list-item stk-block-icon-list-item stk-block stk-7e4ad85\" data-block-id=\"7e4ad85\"><div class=\"stk-block-icon-list-item__content\"><span class=\"stk--svg-wrapper\"><div class=\"stk--inner-svg\"><svg aria-hidden=\"true\" width=\"32\" height=\"32\"><use xlink:href=\"#stk-icon-list__icon-svg-def-d1ed66b\"><\/use><\/svg><\/div><\/span><span class=\"stk-block-icon-list-item__text\">Stockage de pi\u00e8ces<\/span><\/div><\/li>\n\n\n\n<li class=\"wp-block-stackable-icon-list-item stk-block-icon-list-item stk-block stk-60faeae\" data-block-id=\"60faeae\"><div class=\"stk-block-icon-list-item__content\"><span class=\"stk--svg-wrapper\"><div class=\"stk--inner-svg\"><svg aria-hidden=\"true\" width=\"32\" height=\"32\"><use xlink:href=\"#stk-icon-list__icon-svg-def-d1ed66b\"><\/use><\/svg><\/div><\/span><span class=\"stk-block-icon-list-item__text\">Prix \u200b\u200bestim\u00e9<\/span><\/div><\/li>\n\n\n\n<li class=\"wp-block-stackable-icon-list-item stk-block-icon-list-item stk-block stk-ffc5b41\" data-block-id=\"ffc5b41\"><div class=\"stk-block-icon-list-item__content\"><span class=\"stk--svg-wrapper\"><div class=\"stk--inner-svg\"><svg aria-hidden=\"true\" width=\"32\" height=\"32\"><use xlink:href=\"#stk-icon-list__icon-svg-def-d1ed66b\"><\/use><\/svg><\/div><\/span><span class=\"stk-block-icon-list-item__text\">Nettoyage par appareil \u00e0 ultrasons<\/span><\/div><\/li>\n\n\n\n<li class=\"wp-block-stackable-icon-list-item stk-block-icon-list-item stk-block stk-6608cef\" data-block-id=\"6608cef\"><div class=\"stk-block-icon-list-item__content\"><span class=\"stk--svg-wrapper\"><div class=\"stk--inner-svg\"><svg aria-hidden=\"true\" width=\"32\" height=\"32\"><use xlink:href=\"#stk-icon-list__icon-svg-def-d1ed66b\"><\/use><\/svg><\/div><\/span><span class=\"stk-block-icon-list-item__text\">service rapide<\/span><\/div><\/li>\n<\/ul><\/div><\/div>\n<\/div><\/div><\/div>\n\n\n\n<div class=\"wp-block-stackable-column stk-block-column stk-column stk-block stk-e26ad3f\" data-v=\"4\" data-block-id=\"e26ad3f\"><style>@media screen and (min-width: 768px){.stk-e26ad3f {flex:var(--stk-flex-grow, 1) 1 33.3% !important;}}<\/style><div class=\"stk-column-wrapper stk-block-column__content stk-container stk-e26ad3f-container stk--no-background stk--no-padding\"><div class=\"stk-block-content stk-inner-blocks stk-e26ad3f-inner-blocks\">\n<figure class=\"wp-block-image size-full\"><img loading=\"lazy\" decoding=\"async\" width=\"220\" height=\"147\" src=\"https:\/\/www.wloeser.com\/wp-content\/uploads\/2023\/05\/csm_dynabrade-logo_401e498b03.jpg\" alt=\"\" class=\"wp-image-2875\"\/><\/figure>\n\n\n\n<figure class=\"wp-block-image size-full\"><img loading=\"lazy\" decoding=\"async\" width=\"220\" height=\"137\" src=\"https:\/\/www.wloeser.com\/wp-content\/uploads\/2023\/05\/csm_3mlogo_eb85894518.gif\" alt=\"\" class=\"wp-image-2880\"\/><\/figure>\n<\/div><\/div><\/div>\n<\/div><\/div>\n","protected":false},"excerpt":{"rendered":"<p>L&rsquo;entreprise Loeser est l&rsquo;un des fournisseurs les plus importants et les plus comp\u00e9tents pour la gamme compl\u00e8te de la technologie de pon\u00e7age \u00e0 bande en Allemagne. Chaque fois qu&rsquo;il s&rsquo;agit d&rsquo;am\u00e9liorer des surfaces, Loeser est votre partenaire puissant pour r\u00e9soudre vos probl\u00e8mes de meulage. En plus de nos propres rectifieuses, nous proposons le programme complet [&hellip;]<\/p>\n","protected":false},"author":1,"featured_media":0,"parent":0,"menu_order":0,"comment_status":"closed","ping_status":"closed","template":"templates\/template-full-width.php","meta":{"pgc_sgb_lightbox_settings":"","footnotes":""},"class_list":["post-11519","page","type-page","status-publish","hentry"],"yoast_head":"<!-- This site is optimized with the Yoast SEO plugin v26.8 - https:\/\/yoast.com\/product\/yoast-seo-wordpress\/ -->\n<title>L&#039;entreprise - Loeser Schleifmaschinen<\/title>\n<meta name=\"description\" content=\"Loeser est une entreprise leader en Allemagne et l&#039;un des plus grands fournisseurs de technologie de meulage \u00e0 bande.\" \/>\n<meta name=\"robots\" content=\"index, follow, max-snippet:-1, max-image-preview:large, max-video-preview:-1\" \/>\n<link rel=\"canonical\" href=\"https:\/\/www.wloeser.com\/fr\/lentreprise\/\" \/>\n<meta property=\"og:locale\" content=\"fr_FR\" \/>\n<meta property=\"og:type\" content=\"article\" \/>\n<meta property=\"og:title\" content=\"L&#039;entreprise - Loeser Schleifmaschinen\" \/>\n<meta property=\"og:description\" content=\"Loeser est une entreprise leader en Allemagne et l&#039;un des plus grands fournisseurs de technologie de meulage \u00e0 bande.\" \/>\n<meta property=\"og:url\" content=\"https:\/\/www.wloeser.com\/fr\/lentreprise\/\" \/>\n<meta property=\"og:site_name\" content=\"Loeser Schleifmaschinen\" \/>\n<meta property=\"article:modified_time\" content=\"2026-01-21T09:58:52+00:00\" \/>\n<meta property=\"og:image\" content=\"https:\/\/www.wloeser.com\/wp-content\/uploads\/2023\/05\/Eingang-loeser-s.jpg\" \/>\n\t<meta property=\"og:image:width\" content=\"1300\" \/>\n\t<meta property=\"og:image:height\" content=\"1474\" \/>\n\t<meta property=\"og:image:type\" content=\"image\/jpeg\" \/>\n<meta name=\"twitter:card\" content=\"summary_large_image\" \/>\n<meta name=\"twitter:label1\" content=\"Dur\u00e9e de lecture estim\u00e9e\" \/>\n\t<meta name=\"twitter:data1\" content=\"2 minutes\" \/>\n<script type=\"application\/ld+json\" class=\"yoast-schema-graph\">{\"@context\":\"https:\/\/schema.org\",\"@graph\":[{\"@type\":\"WebPage\",\"@id\":\"https:\/\/www.wloeser.com\/fr\/lentreprise\/\",\"url\":\"https:\/\/www.wloeser.com\/fr\/lentreprise\/\",\"name\":\"L'entreprise - Loeser Schleifmaschinen\",\"isPartOf\":{\"@id\":\"https:\/\/www.wloeser.com\/fr\/#website\"},\"primaryImageOfPage\":{\"@id\":\"https:\/\/www.wloeser.com\/fr\/lentreprise\/#primaryimage\"},\"image\":{\"@id\":\"https:\/\/www.wloeser.com\/fr\/lentreprise\/#primaryimage\"},\"thumbnailUrl\":\"https:\/\/www.wloeser.com\/wp-content\/uploads\/2023\/05\/Eingang-loeser-s-903x1024.jpg\",\"datePublished\":\"2023-02-20T14:21:12+00:00\",\"dateModified\":\"2026-01-21T09:58:52+00:00\",\"description\":\"Loeser est une entreprise leader en Allemagne et l'un des plus grands fournisseurs de technologie de meulage \u00e0 bande.\",\"breadcrumb\":{\"@id\":\"https:\/\/www.wloeser.com\/fr\/lentreprise\/#breadcrumb\"},\"inLanguage\":\"fr-FR\",\"potentialAction\":[{\"@type\":\"ReadAction\",\"target\":[\"https:\/\/www.wloeser.com\/fr\/lentreprise\/\"]}]},{\"@type\":\"ImageObject\",\"inLanguage\":\"fr-FR\",\"@id\":\"https:\/\/www.wloeser.com\/fr\/lentreprise\/#primaryimage\",\"url\":\"https:\/\/www.wloeser.com\/wp-content\/uploads\/2023\/05\/Eingang-loeser-s-903x1024.jpg\",\"contentUrl\":\"https:\/\/www.wloeser.com\/wp-content\/uploads\/2023\/05\/Eingang-loeser-s-903x1024.jpg\"},{\"@type\":\"BreadcrumbList\",\"@id\":\"https:\/\/www.wloeser.com\/fr\/lentreprise\/#breadcrumb\",\"itemListElement\":[{\"@type\":\"ListItem\",\"position\":1,\"name\":\"Page d'accueil\",\"item\":\"https:\/\/www.wloeser.com\/fr\/\"},{\"@type\":\"ListItem\",\"position\":2,\"name\":\"L&#8217;entreprise\"}]},{\"@type\":\"WebSite\",\"@id\":\"https:\/\/www.wloeser.com\/fr\/#website\",\"url\":\"https:\/\/www.wloeser.com\/fr\/\",\"name\":\"Loeser Schleifmaschinen\",\"description\":\"\",\"publisher\":{\"@id\":\"https:\/\/www.wloeser.com\/fr\/#organization\"},\"potentialAction\":[{\"@type\":\"SearchAction\",\"target\":{\"@type\":\"EntryPoint\",\"urlTemplate\":\"https:\/\/www.wloeser.com\/fr\/?s={search_term_string}\"},\"query-input\":{\"@type\":\"PropertyValueSpecification\",\"valueRequired\":true,\"valueName\":\"search_term_string\"}}],\"inLanguage\":\"fr-FR\"},{\"@type\":\"Organization\",\"@id\":\"https:\/\/www.wloeser.com\/fr\/#organization\",\"name\":\"Loeser Schleifmaschinen\",\"url\":\"https:\/\/www.wloeser.com\/fr\/\",\"logo\":{\"@type\":\"ImageObject\",\"inLanguage\":\"fr-FR\",\"@id\":\"https:\/\/www.wloeser.com\/fr\/#\/schema\/logo\/image\/\",\"url\":\"https:\/\/www.wloeser.com\/wp-content\/uploads\/2023\/03\/cropped-loeser-logo-2023.jpg\",\"contentUrl\":\"https:\/\/www.wloeser.com\/wp-content\/uploads\/2023\/03\/cropped-loeser-logo-2023.jpg\",\"width\":500,\"height\":238,\"caption\":\"Loeser Schleifmaschinen\"},\"image\":{\"@id\":\"https:\/\/www.wloeser.com\/fr\/#\/schema\/logo\/image\/\"}}]}<\/script>\n<!-- \/ Yoast SEO plugin. -->","yoast_head_json":{"title":"L'entreprise - Loeser Schleifmaschinen","description":"Loeser est une entreprise leader en Allemagne et l'un des plus grands fournisseurs de technologie de meulage \u00e0 bande.","robots":{"index":"index","follow":"follow","max-snippet":"max-snippet:-1","max-image-preview":"max-image-preview:large","max-video-preview":"max-video-preview:-1"},"canonical":"https:\/\/www.wloeser.com\/fr\/lentreprise\/","og_locale":"fr_FR","og_type":"article","og_title":"L'entreprise - Loeser Schleifmaschinen","og_description":"Loeser est une entreprise leader en Allemagne et l'un des plus grands fournisseurs de technologie de meulage \u00e0 bande.","og_url":"https:\/\/www.wloeser.com\/fr\/lentreprise\/","og_site_name":"Loeser Schleifmaschinen","article_modified_time":"2026-01-21T09:58:52+00:00","og_image":[{"width":1300,"height":1474,"url":"https:\/\/www.wloeser.com\/wp-content\/uploads\/2023\/05\/Eingang-loeser-s.jpg","type":"image\/jpeg"}],"twitter_card":"summary_large_image","twitter_misc":{"Dur\u00e9e de lecture estim\u00e9e":"2 minutes"},"schema":{"@context":"https:\/\/schema.org","@graph":[{"@type":"WebPage","@id":"https:\/\/www.wloeser.com\/fr\/lentreprise\/","url":"https:\/\/www.wloeser.com\/fr\/lentreprise\/","name":"L'entreprise - Loeser Schleifmaschinen","isPartOf":{"@id":"https:\/\/www.wloeser.com\/fr\/#website"},"primaryImageOfPage":{"@id":"https:\/\/www.wloeser.com\/fr\/lentreprise\/#primaryimage"},"image":{"@id":"https:\/\/www.wloeser.com\/fr\/lentreprise\/#primaryimage"},"thumbnailUrl":"https:\/\/www.wloeser.com\/wp-content\/uploads\/2023\/05\/Eingang-loeser-s-903x1024.jpg","datePublished":"2023-02-20T14:21:12+00:00","dateModified":"2026-01-21T09:58:52+00:00","description":"Loeser est une entreprise leader en Allemagne et l'un des plus grands fournisseurs de technologie de meulage \u00e0 bande.","breadcrumb":{"@id":"https:\/\/www.wloeser.com\/fr\/lentreprise\/#breadcrumb"},"inLanguage":"fr-FR","potentialAction":[{"@type":"ReadAction","target":["https:\/\/www.wloeser.com\/fr\/lentreprise\/"]}]},{"@type":"ImageObject","inLanguage":"fr-FR","@id":"https:\/\/www.wloeser.com\/fr\/lentreprise\/#primaryimage","url":"https:\/\/www.wloeser.com\/wp-content\/uploads\/2023\/05\/Eingang-loeser-s-903x1024.jpg","contentUrl":"https:\/\/www.wloeser.com\/wp-content\/uploads\/2023\/05\/Eingang-loeser-s-903x1024.jpg"},{"@type":"BreadcrumbList","@id":"https:\/\/www.wloeser.com\/fr\/lentreprise\/#breadcrumb","itemListElement":[{"@type":"ListItem","position":1,"name":"Page d'accueil","item":"https:\/\/www.wloeser.com\/fr\/"},{"@type":"ListItem","position":2,"name":"L&#8217;entreprise"}]},{"@type":"WebSite","@id":"https:\/\/www.wloeser.com\/fr\/#website","url":"https:\/\/www.wloeser.com\/fr\/","name":"Loeser Schleifmaschinen","description":"","publisher":{"@id":"https:\/\/www.wloeser.com\/fr\/#organization"},"potentialAction":[{"@type":"SearchAction","target":{"@type":"EntryPoint","urlTemplate":"https:\/\/www.wloeser.com\/fr\/?s={search_term_string}"},"query-input":{"@type":"PropertyValueSpecification","valueRequired":true,"valueName":"search_term_string"}}],"inLanguage":"fr-FR"},{"@type":"Organization","@id":"https:\/\/www.wloeser.com\/fr\/#organization","name":"Loeser Schleifmaschinen","url":"https:\/\/www.wloeser.com\/fr\/","logo":{"@type":"ImageObject","inLanguage":"fr-FR","@id":"https:\/\/www.wloeser.com\/fr\/#\/schema\/logo\/image\/","url":"https:\/\/www.wloeser.com\/wp-content\/uploads\/2023\/03\/cropped-loeser-logo-2023.jpg","contentUrl":"https:\/\/www.wloeser.com\/wp-content\/uploads\/2023\/03\/cropped-loeser-logo-2023.jpg","width":500,"height":238,"caption":"Loeser Schleifmaschinen"},"image":{"@id":"https:\/\/www.wloeser.com\/fr\/#\/schema\/logo\/image\/"}}]}},"_links":{"self":[{"href":"https:\/\/www.wloeser.com\/fr\/wp-json\/wp\/v2\/pages\/11519","targetHints":{"allow":["GET"]}}],"collection":[{"href":"https:\/\/www.wloeser.com\/fr\/wp-json\/wp\/v2\/pages"}],"about":[{"href":"https:\/\/www.wloeser.com\/fr\/wp-json\/wp\/v2\/types\/page"}],"author":[{"embeddable":true,"href":"https:\/\/www.wloeser.com\/fr\/wp-json\/wp\/v2\/users\/1"}],"replies":[{"embeddable":true,"href":"https:\/\/www.wloeser.com\/fr\/wp-json\/wp\/v2\/comments?post=11519"}],"version-history":[{"count":7,"href":"https:\/\/www.wloeser.com\/fr\/wp-json\/wp\/v2\/pages\/11519\/revisions"}],"predecessor-version":[{"id":22077,"href":"https:\/\/www.wloeser.com\/fr\/wp-json\/wp\/v2\/pages\/11519\/revisions\/22077"}],"wp:attachment":[{"href":"https:\/\/www.wloeser.com\/fr\/wp-json\/wp\/v2\/media?parent=11519"}],"curies":[{"name":"wp","href":"https:\/\/api.w.org\/{rel}","templated":true}]}}