{"id":11010,"date":"2023-04-18T14:08:35","date_gmt":"2023-04-18T12:08:35","guid":{"rendered":"https:\/\/loeser.createch-media.com\/?page_id=11010"},"modified":"2025-05-07T08:35:59","modified_gmt":"2025-05-07T06:35:59","slug":"loeser-ponceuse-cylindrique","status":"publish","type":"page","link":"https:\/\/www.wloeser.com\/fr\/rubans\/broyeurs\/loeser-ponceuse-cylindrique\/","title":{"rendered":"Loeser Ponceuse cylindrique"},"content":{"rendered":"\n<h1 class=\"wp-block-heading\">Ponceuse cylindrique<\/h1>\n\n\n\n<p class=\"has-text-align-left has-normal-font-size\">Nos diff\u00e9rents mod\u00e8les vous offrent une vari\u00e9t\u00e9 d&rsquo;options.<\/p>\n\n\n\n<div class=\"wp-block-stackable-columns stk-block-columns stk-block stk-541423f\" data-block-id=\"541423f\"><div class=\"stk-row stk-inner-blocks stk-block-content stk-content-align stk-541423f-column\">\n<div class=\"wp-block-stackable-column stk-block-column stk-column stk-block stk-d2bc049\" data-v=\"4\" data-block-id=\"d2bc049\"><div class=\"stk-column-wrapper stk-block-column__content stk-container stk-d2bc049-container stk--no-background stk--no-padding\"><div class=\"stk-block-content stk-inner-blocks stk-d2bc049-inner-blocks\">\n<div class=\"wp-block-stackable-card stk-block-card stk-block stk-cdf899b is-style-default\" data-v=\"2\" data-block-id=\"cdf899b\"><style>.stk-cdf899b .stk-block-card__image{height:300px !important;}.stk-cdf899b .stk-block-card__image img{transform:scale(0.9) !important;object-fit:contain !important;}<\/style><div class=\"stk--no-padding stk-container stk-cdf899b-container stk-hover-parent\"><figure class=\"stk-block-card__image stk-img-wrapper stk-image--shape-stretch\"><img loading=\"lazy\" decoding=\"async\" class=\"stk-img wp-image-10047\" src=\"https:\/\/www.wloeser.com\/wp-content\/uploads\/2023\/05\/csm_ks100ba1-1-174x300.jpg\" width=\"174\" height=\"300\" alt=\"Rohrschleifmaschine Typ KS 100-BA\" srcset=\"https:\/\/www.wloeser.com\/wp-content\/uploads\/2023\/05\/csm_ks100ba1-1-174x300.jpg 174w, https:\/\/www.wloeser.com\/wp-content\/uploads\/2023\/05\/csm_ks100ba1-1.jpg 348w\" sizes=\"auto, (max-width: 174px) 100vw, 174px\" \/><\/figure><div class=\"stk-container-padding stk-block-card__content\"><div class=\"stk-block-content stk-inner-blocks stk-cdf899b-inner-blocks\">\n<div class=\"wp-block-stackable-heading stk-block-heading stk-block-heading--v2 stk-block stk-23c2216\" id=\"a-href-https-loeser-createch-media-com-fr-ponceuse-cylindrique-type-ks-100-ba-ponceuse-cylindrique-type-ks-100-ba-a\" data-block-id=\"23c2216\"><h4 class=\"stk-block-heading__text\"><a href=\"https:\/\/www.wloeser.com\/fr\/rubans\/broyeurs\/loeser-ponceuse-cylindrique\/ponceuse-cylindrique-type-ks-100-ba\/\">Ponceuse cylindrique Type KS 100-BA<\/a><\/h4><\/div>\n<\/div><\/div><a class=\"stk-link stk-block-link stk--transparent-overlay\" href=\"https:\/\/www.wloeser.com\/fr\/rubans\/broyeurs\/loeser-ponceuse-cylindrique\/ponceuse-cylindrique-type-ks-100-ba\/\" aria-hidden=\"true\" tabindex=\"-1\"><\/a><\/div><\/div>\n<\/div><\/div><\/div>\n\n\n\n<div class=\"wp-block-stackable-column stk-block-column stk-column stk-block stk-2ddd046\" data-v=\"4\" data-block-id=\"2ddd046\"><div class=\"stk-column-wrapper stk-block-column__content stk-container stk-2ddd046-container stk--no-background stk--no-padding\"><div class=\"stk-block-content stk-inner-blocks stk-2ddd046-inner-blocks\">\n<div class=\"wp-block-stackable-card stk-block-card stk-block stk-323778c is-style-default\" data-v=\"2\" data-block-id=\"323778c\"><style>.stk-323778c .stk-block-card__image{height:300px !important;}.stk-323778c .stk-block-card__image img{transform:scale(0.9) !important;object-fit:contain !important;}<\/style><div class=\"stk--no-padding stk-container stk-323778c-container stk-hover-parent\"><figure class=\"stk-block-card__image stk-img-wrapper stk-image--shape-stretch\"><img loading=\"lazy\" decoding=\"async\" class=\"stk-img wp-image-10054\" src=\"https:\/\/www.wloeser.com\/wp-content\/uploads\/2023\/05\/csm_ks360bc-1-frei-257x300.png\" width=\"257\" height=\"300\" alt=\"Rohrschleifmaschine Typ KS 360-BC\" srcset=\"https:\/\/www.wloeser.com\/wp-content\/uploads\/2023\/05\/csm_ks360bc-1-frei-257x300.png 257w, https:\/\/www.wloeser.com\/wp-content\/uploads\/2023\/05\/csm_ks360bc-1-frei.png 513w\" sizes=\"auto, (max-width: 257px) 100vw, 257px\" \/><\/figure><div class=\"stk-container-padding stk-block-card__content\"><div class=\"stk-block-content stk-inner-blocks stk-323778c-inner-blocks\">\n<div class=\"wp-block-stackable-heading stk-block-heading stk-block-heading--v2 stk-block stk-07314a3\" id=\"a-href-https-loeser-createch-media-com-fr-ponceuse-cylindrique-type-ks-360-bc-ponceuse-cylindrique-type-ks-360-bc-a\" data-block-id=\"07314a3\"><h4 class=\"stk-block-heading__text\"><a href=\"https:\/\/www.wloeser.com\/fr\/rubans\/broyeurs\/loeser-ponceuse-cylindrique\/ponceuse-cylindrique-type-ks-360-bc\/\">Ponceuse cylindrique Type KS 360-BC<\/a><\/h4><\/div>\n<\/div><\/div><a class=\"stk-link stk-block-link stk--transparent-overlay\" href=\"https:\/\/www.wloeser.com\/fr\/rubans\/broyeurs\/loeser-ponceuse-cylindrique\/ponceuse-cylindrique-type-ks-360-bc\/\" aria-hidden=\"true\" tabindex=\"-1\"><\/a><\/div><\/div>\n<\/div><\/div><\/div>\n\n\n\n<div class=\"wp-block-stackable-column stk-block-column stk-column stk-block stk-5f77657\" data-v=\"4\" data-block-id=\"5f77657\"><div class=\"stk-column-wrapper stk-block-column__content stk-container stk-5f77657-container stk--no-background stk--no-padding\"><div class=\"stk-block-content stk-inner-blocks stk-5f77657-inner-blocks\">\n<div class=\"wp-block-stackable-card stk-block-card stk-block stk-e0c69e4 is-style-default\" data-v=\"2\" data-block-id=\"e0c69e4\"><style>.stk-e0c69e4 .stk-block-card__image{height:300px !important;}.stk-e0c69e4 .stk-block-card__image img{transform:scale(0.9) !important;object-fit:contain !important;}<\/style><div class=\"stk--no-padding stk-container stk-e0c69e4-container stk-hover-parent\"><figure class=\"stk-block-card__image stk-img-wrapper stk-image--shape-stretch\"><img loading=\"lazy\" decoding=\"async\" class=\"stk-img wp-image-10061\" src=\"https:\/\/www.wloeser.com\/wp-content\/uploads\/2023\/05\/tp-100-Absaugung-frei-209x300.png\" width=\"209\" height=\"300\" alt=\"Rohrschleifmaschine TP 80, TP 80-S und TP 100\" srcset=\"https:\/\/www.wloeser.com\/wp-content\/uploads\/2023\/05\/tp-100-Absaugung-frei-209x300.png 209w, https:\/\/www.wloeser.com\/wp-content\/uploads\/2023\/05\/tp-100-Absaugung-frei.png 418w\" sizes=\"auto, (max-width: 209px) 100vw, 209px\" \/><\/figure><div class=\"stk-container-padding stk-block-card__content\"><div class=\"stk-block-content stk-inner-blocks stk-e0c69e4-inner-blocks\">\n<div class=\"wp-block-stackable-heading stk-block-heading stk-block-heading--v2 stk-block stk-6f57f89\" id=\"a-href-https-loeser-createch-media-com-fr-ponceuse-cylindrique-tp-80-tp-80-s-et-tp-100-ponceuse-cylindrique-tp-80-tp-80-s-et-tp-100-a\" data-block-id=\"6f57f89\"><h4 class=\"stk-block-heading__text\"><a href=\"https:\/\/www.wloeser.com\/fr\/rubans\/broyeurs\/loeser-ponceuse-cylindrique\/ponceuse-cylindrique-tp-80-tp-80-s-et-tp-100\/\">Ponceuse cylindrique TP 80, TP 80-S et TP 100<\/a><\/h4><\/div>\n<\/div><\/div><a class=\"stk-link stk-block-link stk--transparent-overlay\" href=\"https:\/\/www.wloeser.com\/fr\/rubans\/broyeurs\/loeser-ponceuse-cylindrique\/ponceuse-cylindrique-tp-80-tp-80-s-et-tp-100\/\" aria-hidden=\"true\" tabindex=\"-1\"><\/a><\/div><\/div>\n<\/div><\/div><\/div>\n<\/div><\/div>\n\n\n\n<div class=\"wp-block-stackable-columns stk-block-columns stk-block stk-a260089\" data-block-id=\"a260089\"><div class=\"stk-row stk-inner-blocks stk-block-content stk-content-align stk-a260089-column\">\n<div class=\"wp-block-stackable-column stk-block-column stk-column stk-block stk-95ddc41\" data-v=\"4\" data-block-id=\"95ddc41\"><div class=\"stk-column-wrapper stk-block-column__content stk-container stk-95ddc41-container stk--no-background stk--no-padding\"><div class=\"stk-block-content stk-inner-blocks stk-95ddc41-inner-blocks\">\n<div class=\"wp-block-stackable-card stk-block-card stk-block stk-c79e3f9 is-style-default\" data-v=\"2\" data-block-id=\"c79e3f9\"><style>.stk-c79e3f9 .stk-block-card__image{height:300px !important;}.stk-c79e3f9 .stk-block-card__image img{transform:scale(0.9) !important;object-fit:contain !important;}<\/style><div class=\"stk--no-padding stk-container stk-c79e3f9-container stk-hover-parent\"><figure class=\"stk-block-card__image stk-img-wrapper stk-image--shape-stretch\"><img loading=\"lazy\" decoding=\"async\" class=\"stk-img wp-image-10068\" src=\"https:\/\/www.wloeser.com\/wp-content\/uploads\/2023\/05\/ks337-rund-frei-300x272.png\" width=\"300\" height=\"272\" alt=\"Rundschleifmaschine Typ KS 337\" srcset=\"https:\/\/www.wloeser.com\/wp-content\/uploads\/2023\/05\/ks337-rund-frei-300x272.png 300w, https:\/\/www.wloeser.com\/wp-content\/uploads\/2023\/05\/ks337-rund-frei.png 662w\" sizes=\"auto, (max-width: 300px) 100vw, 300px\" \/><\/figure><div class=\"stk-container-padding stk-block-card__content\"><div class=\"stk-block-content stk-inner-blocks stk-c79e3f9-inner-blocks\">\n<div class=\"wp-block-stackable-heading stk-block-heading stk-block-heading--v2 stk-block stk-e23c503\" id=\"a-href-https-loeser-createch-media-com-fr-rectifieuse-cylindrique-type-ks-337-rectifieuse-cylindrique-type-ks-337-a\" data-block-id=\"e23c503\"><h4 class=\"stk-block-heading__text\"><a href=\"https:\/\/www.wloeser.com\/fr\/rubans\/broyeurs\/loeser-ponceuse-cylindrique\/rectifieuse-cylindrique-type-ks-337\/\">Rectifieuse cylindrique type KS 337<\/a><\/h4><\/div>\n<\/div><\/div><a class=\"stk-link stk-block-link stk--transparent-overlay\" href=\"https:\/\/www.wloeser.com\/fr\/rubans\/broyeurs\/loeser-ponceuse-cylindrique\/rectifieuse-cylindrique-type-ks-337\/\" aria-hidden=\"true\" tabindex=\"-1\"><\/a><\/div><\/div>\n<\/div><\/div><\/div>\n\n\n\n<div class=\"wp-block-stackable-column stk-block-column stk-column stk-block stk-24e9277\" data-v=\"4\" data-block-id=\"24e9277\"><div class=\"stk-column-wrapper stk-block-column__content stk-container stk-24e9277-container stk--no-background stk--no-padding\"><div class=\"stk-block-content stk-inner-blocks stk-24e9277-inner-blocks\">\n<div class=\"wp-block-stackable-card stk-block-card stk-block stk-77f610b is-style-default\" data-v=\"2\" data-block-id=\"77f610b\"><style>.stk-77f610b .stk-block-card__image{height:300px !important;}.stk-77f610b .stk-block-card__image img{transform:scale(0.9) !important;object-fit:contain !important;}<\/style><div class=\"stk--no-padding stk-container stk-77f610b-container stk-hover-parent\"><figure class=\"stk-block-card__image stk-img-wrapper stk-image--shape-stretch\"><img loading=\"lazy\" decoding=\"async\" class=\"stk-img wp-image-15362\" src=\"https:\/\/www.wloeser.com\/wp-content\/uploads\/2024\/06\/rundstabschleifmaschine-rs100-Photoroom-197x300.jpg\" width=\"197\" height=\"300\" alt=\"Rundstabschleifmaschine RS 100\" srcset=\"https:\/\/www.wloeser.com\/wp-content\/uploads\/2024\/06\/rundstabschleifmaschine-rs100-Photoroom-197x300.jpg 197w, https:\/\/www.wloeser.com\/wp-content\/uploads\/2024\/06\/rundstabschleifmaschine-rs100-Photoroom.jpg 395w\" sizes=\"auto, (max-width: 197px) 100vw, 197px\" \/><\/figure><div class=\"stk-container-padding stk-block-card__content\"><div class=\"stk-block-content stk-inner-blocks stk-77f610b-inner-blocks\">\n<div class=\"wp-block-stackable-heading stk-block-heading stk-block-heading--v2 stk-block stk-6a84b29\" id=\"a-href-https-loeser-createch-media-com-fr-rectifieuse-de-barres-rs-100-rectifieuse-de-barres-rs-100-a\" data-block-id=\"6a84b29\"><h4 class=\"stk-block-heading__text\"><a href=\"https:\/\/www.wloeser.com\/fr\/rubans\/broyeurs\/loeser-ponceuse-cylindrique\/rectifieuse-de-barres-rs-100\/\">Rectifieuse de barres RS 100<\/a><\/h4><\/div>\n<\/div><\/div><a class=\"stk-link stk-block-link stk--transparent-overlay\" href=\"https:\/\/www.wloeser.com\/fr\/rubans\/broyeurs\/loeser-ponceuse-cylindrique\/rectifieuse-de-barres-rs-100\/\" aria-hidden=\"true\" tabindex=\"-1\"><\/a><\/div><\/div>\n<\/div><\/div><\/div>\n\n\n\n<div class=\"wp-block-stackable-column stk-block-column stk-column stk-block stk-fc1a54c\" data-v=\"4\" data-block-id=\"fc1a54c\"><div class=\"stk-column-wrapper stk-block-column__content stk-container stk-fc1a54c-container stk--no-background stk--no-padding\"><div class=\"stk-block-content stk-inner-blocks stk-fc1a54c-inner-blocks\"><\/div><\/div><\/div>\n<\/div><\/div>\n","protected":false},"excerpt":{"rendered":"<p>Ponceuse cylindrique Nos diff\u00e9rents mod\u00e8les vous offrent une vari\u00e9t\u00e9 d&rsquo;options. Ponceuse cylindrique Type KS 100-BA Ponceuse cylindrique Type KS 360-BC Ponceuse cylindrique TP 80, TP 80-S et TP 100 Rectifieuse cylindrique type KS 337 Rectifieuse de barres RS 100<\/p>\n","protected":false},"author":1,"featured_media":0,"parent":12462,"menu_order":2,"comment_status":"closed","ping_status":"closed","template":"templates\/template-full-width.php","meta":{"pgc_sgb_lightbox_settings":"","footnotes":""},"class_list":["post-11010","page","type-page","status-publish","hentry"],"yoast_head":"<!-- This site is optimized with the Yoast SEO plugin v26.8 - https:\/\/yoast.com\/product\/yoast-seo-wordpress\/ -->\n<title>Loeser Ponceuse cylindrique - Loeser Schleifmaschinen<\/title>\n<meta name=\"description\" content=\"Nos rectifieuses cylindriques vous offrent une vari\u00e9t\u00e9 d&#039;options pour effectuer vos t\u00e2ches de rectification avec efficacit\u00e9 et pr\u00e9cision.\" \/>\n<meta name=\"robots\" content=\"index, follow, max-snippet:-1, max-image-preview:large, max-video-preview:-1\" \/>\n<link rel=\"canonical\" href=\"https:\/\/www.wloeser.com\/fr\/rubans\/broyeurs\/loeser-ponceuse-cylindrique\/\" \/>\n<meta property=\"og:locale\" content=\"fr_FR\" \/>\n<meta property=\"og:type\" content=\"article\" \/>\n<meta property=\"og:title\" content=\"Loeser Ponceuse cylindrique - Loeser Schleifmaschinen\" \/>\n<meta property=\"og:description\" content=\"Nos rectifieuses cylindriques vous offrent une vari\u00e9t\u00e9 d&#039;options pour effectuer vos t\u00e2ches de rectification avec efficacit\u00e9 et pr\u00e9cision.\" \/>\n<meta property=\"og:url\" content=\"https:\/\/www.wloeser.com\/fr\/rubans\/broyeurs\/loeser-ponceuse-cylindrique\/\" \/>\n<meta property=\"og:site_name\" content=\"Loeser Schleifmaschinen\" \/>\n<meta property=\"article:modified_time\" content=\"2025-05-07T06:35:59+00:00\" \/>\n<meta property=\"og:image\" content=\"https:\/\/www.wloeser.com\/wp-content\/uploads\/2023\/05\/csm_ks100ba1-1.jpg\" \/>\n\t<meta property=\"og:image:width\" content=\"348\" \/>\n\t<meta property=\"og:image:height\" content=\"600\" \/>\n\t<meta property=\"og:image:type\" content=\"image\/jpeg\" \/>\n<meta name=\"twitter:card\" content=\"summary_large_image\" \/>\n<meta name=\"twitter:label1\" content=\"Dur\u00e9e de lecture estim\u00e9e\" \/>\n\t<meta name=\"twitter:data1\" content=\"2 minutes\" \/>\n<script type=\"application\/ld+json\" class=\"yoast-schema-graph\">{\"@context\":\"https:\/\/schema.org\",\"@graph\":[{\"@type\":\"WebPage\",\"@id\":\"https:\/\/www.wloeser.com\/fr\/rubans\/broyeurs\/loeser-ponceuse-cylindrique\/\",\"url\":\"https:\/\/www.wloeser.com\/fr\/rubans\/broyeurs\/loeser-ponceuse-cylindrique\/\",\"name\":\"Loeser Ponceuse cylindrique - Loeser Schleifmaschinen\",\"isPartOf\":{\"@id\":\"https:\/\/www.wloeser.com\/fr\/#website\"},\"primaryImageOfPage\":{\"@id\":\"https:\/\/www.wloeser.com\/fr\/rubans\/broyeurs\/loeser-ponceuse-cylindrique\/#primaryimage\"},\"image\":{\"@id\":\"https:\/\/www.wloeser.com\/fr\/rubans\/broyeurs\/loeser-ponceuse-cylindrique\/#primaryimage\"},\"thumbnailUrl\":\"https:\/\/www.wloeser.com\/wp-content\/uploads\/2023\/05\/csm_ks100ba1-1-174x300.jpg\",\"datePublished\":\"2023-04-18T12:08:35+00:00\",\"dateModified\":\"2025-05-07T06:35:59+00:00\",\"description\":\"Nos rectifieuses cylindriques vous offrent une vari\u00e9t\u00e9 d'options pour effectuer vos t\u00e2ches de rectification avec efficacit\u00e9 et pr\u00e9cision.\",\"breadcrumb\":{\"@id\":\"https:\/\/www.wloeser.com\/fr\/rubans\/broyeurs\/loeser-ponceuse-cylindrique\/#breadcrumb\"},\"inLanguage\":\"fr-FR\",\"potentialAction\":[{\"@type\":\"ReadAction\",\"target\":[\"https:\/\/www.wloeser.com\/fr\/rubans\/broyeurs\/loeser-ponceuse-cylindrique\/\"]}]},{\"@type\":\"ImageObject\",\"inLanguage\":\"fr-FR\",\"@id\":\"https:\/\/www.wloeser.com\/fr\/rubans\/broyeurs\/loeser-ponceuse-cylindrique\/#primaryimage\",\"url\":\"https:\/\/www.wloeser.com\/wp-content\/uploads\/2023\/05\/csm_ks100ba1-1-174x300.jpg\",\"contentUrl\":\"https:\/\/www.wloeser.com\/wp-content\/uploads\/2023\/05\/csm_ks100ba1-1-174x300.jpg\"},{\"@type\":\"BreadcrumbList\",\"@id\":\"https:\/\/www.wloeser.com\/fr\/rubans\/broyeurs\/loeser-ponceuse-cylindrique\/#breadcrumb\",\"itemListElement\":[{\"@type\":\"ListItem\",\"position\":1,\"name\":\"Page d'accueil\",\"item\":\"https:\/\/www.wloeser.com\/fr\/\"},{\"@type\":\"ListItem\",\"position\":2,\"name\":\"Produits\",\"item\":\"https:\/\/www.wloeser.com\/fr\/rubans\/\"},{\"@type\":\"ListItem\",\"position\":3,\"name\":\"Meuleuses\",\"item\":\"https:\/\/www.wloeser.com\/fr\/rubans\/broyeurs\/\"},{\"@type\":\"ListItem\",\"position\":4,\"name\":\"Loeser Ponceuse cylindrique\"}]},{\"@type\":\"WebSite\",\"@id\":\"https:\/\/www.wloeser.com\/fr\/#website\",\"url\":\"https:\/\/www.wloeser.com\/fr\/\",\"name\":\"Loeser Schleifmaschinen\",\"description\":\"\",\"publisher\":{\"@id\":\"https:\/\/www.wloeser.com\/fr\/#organization\"},\"potentialAction\":[{\"@type\":\"SearchAction\",\"target\":{\"@type\":\"EntryPoint\",\"urlTemplate\":\"https:\/\/www.wloeser.com\/fr\/?s={search_term_string}\"},\"query-input\":{\"@type\":\"PropertyValueSpecification\",\"valueRequired\":true,\"valueName\":\"search_term_string\"}}],\"inLanguage\":\"fr-FR\"},{\"@type\":\"Organization\",\"@id\":\"https:\/\/www.wloeser.com\/fr\/#organization\",\"name\":\"Loeser Schleifmaschinen\",\"url\":\"https:\/\/www.wloeser.com\/fr\/\",\"logo\":{\"@type\":\"ImageObject\",\"inLanguage\":\"fr-FR\",\"@id\":\"https:\/\/www.wloeser.com\/fr\/#\/schema\/logo\/image\/\",\"url\":\"https:\/\/www.wloeser.com\/wp-content\/uploads\/2023\/03\/cropped-loeser-logo-2023.jpg\",\"contentUrl\":\"https:\/\/www.wloeser.com\/wp-content\/uploads\/2023\/03\/cropped-loeser-logo-2023.jpg\",\"width\":500,\"height\":238,\"caption\":\"Loeser Schleifmaschinen\"},\"image\":{\"@id\":\"https:\/\/www.wloeser.com\/fr\/#\/schema\/logo\/image\/\"}}]}<\/script>\n<!-- \/ Yoast SEO plugin. -->","yoast_head_json":{"title":"Loeser Ponceuse cylindrique - Loeser Schleifmaschinen","description":"Nos rectifieuses cylindriques vous offrent une vari\u00e9t\u00e9 d'options pour effectuer vos t\u00e2ches de rectification avec efficacit\u00e9 et pr\u00e9cision.","robots":{"index":"index","follow":"follow","max-snippet":"max-snippet:-1","max-image-preview":"max-image-preview:large","max-video-preview":"max-video-preview:-1"},"canonical":"https:\/\/www.wloeser.com\/fr\/rubans\/broyeurs\/loeser-ponceuse-cylindrique\/","og_locale":"fr_FR","og_type":"article","og_title":"Loeser Ponceuse cylindrique - Loeser Schleifmaschinen","og_description":"Nos rectifieuses cylindriques vous offrent une vari\u00e9t\u00e9 d'options pour effectuer vos t\u00e2ches de rectification avec efficacit\u00e9 et pr\u00e9cision.","og_url":"https:\/\/www.wloeser.com\/fr\/rubans\/broyeurs\/loeser-ponceuse-cylindrique\/","og_site_name":"Loeser Schleifmaschinen","article_modified_time":"2025-05-07T06:35:59+00:00","og_image":[{"width":348,"height":600,"url":"https:\/\/www.wloeser.com\/wp-content\/uploads\/2023\/05\/csm_ks100ba1-1.jpg","type":"image\/jpeg"}],"twitter_card":"summary_large_image","twitter_misc":{"Dur\u00e9e de lecture estim\u00e9e":"2 minutes"},"schema":{"@context":"https:\/\/schema.org","@graph":[{"@type":"WebPage","@id":"https:\/\/www.wloeser.com\/fr\/rubans\/broyeurs\/loeser-ponceuse-cylindrique\/","url":"https:\/\/www.wloeser.com\/fr\/rubans\/broyeurs\/loeser-ponceuse-cylindrique\/","name":"Loeser Ponceuse cylindrique - Loeser Schleifmaschinen","isPartOf":{"@id":"https:\/\/www.wloeser.com\/fr\/#website"},"primaryImageOfPage":{"@id":"https:\/\/www.wloeser.com\/fr\/rubans\/broyeurs\/loeser-ponceuse-cylindrique\/#primaryimage"},"image":{"@id":"https:\/\/www.wloeser.com\/fr\/rubans\/broyeurs\/loeser-ponceuse-cylindrique\/#primaryimage"},"thumbnailUrl":"https:\/\/www.wloeser.com\/wp-content\/uploads\/2023\/05\/csm_ks100ba1-1-174x300.jpg","datePublished":"2023-04-18T12:08:35+00:00","dateModified":"2025-05-07T06:35:59+00:00","description":"Nos rectifieuses cylindriques vous offrent une vari\u00e9t\u00e9 d'options pour effectuer vos t\u00e2ches de rectification avec efficacit\u00e9 et pr\u00e9cision.","breadcrumb":{"@id":"https:\/\/www.wloeser.com\/fr\/rubans\/broyeurs\/loeser-ponceuse-cylindrique\/#breadcrumb"},"inLanguage":"fr-FR","potentialAction":[{"@type":"ReadAction","target":["https:\/\/www.wloeser.com\/fr\/rubans\/broyeurs\/loeser-ponceuse-cylindrique\/"]}]},{"@type":"ImageObject","inLanguage":"fr-FR","@id":"https:\/\/www.wloeser.com\/fr\/rubans\/broyeurs\/loeser-ponceuse-cylindrique\/#primaryimage","url":"https:\/\/www.wloeser.com\/wp-content\/uploads\/2023\/05\/csm_ks100ba1-1-174x300.jpg","contentUrl":"https:\/\/www.wloeser.com\/wp-content\/uploads\/2023\/05\/csm_ks100ba1-1-174x300.jpg"},{"@type":"BreadcrumbList","@id":"https:\/\/www.wloeser.com\/fr\/rubans\/broyeurs\/loeser-ponceuse-cylindrique\/#breadcrumb","itemListElement":[{"@type":"ListItem","position":1,"name":"Page d'accueil","item":"https:\/\/www.wloeser.com\/fr\/"},{"@type":"ListItem","position":2,"name":"Produits","item":"https:\/\/www.wloeser.com\/fr\/rubans\/"},{"@type":"ListItem","position":3,"name":"Meuleuses","item":"https:\/\/www.wloeser.com\/fr\/rubans\/broyeurs\/"},{"@type":"ListItem","position":4,"name":"Loeser Ponceuse cylindrique"}]},{"@type":"WebSite","@id":"https:\/\/www.wloeser.com\/fr\/#website","url":"https:\/\/www.wloeser.com\/fr\/","name":"Loeser Schleifmaschinen","description":"","publisher":{"@id":"https:\/\/www.wloeser.com\/fr\/#organization"},"potentialAction":[{"@type":"SearchAction","target":{"@type":"EntryPoint","urlTemplate":"https:\/\/www.wloeser.com\/fr\/?s={search_term_string}"},"query-input":{"@type":"PropertyValueSpecification","valueRequired":true,"valueName":"search_term_string"}}],"inLanguage":"fr-FR"},{"@type":"Organization","@id":"https:\/\/www.wloeser.com\/fr\/#organization","name":"Loeser Schleifmaschinen","url":"https:\/\/www.wloeser.com\/fr\/","logo":{"@type":"ImageObject","inLanguage":"fr-FR","@id":"https:\/\/www.wloeser.com\/fr\/#\/schema\/logo\/image\/","url":"https:\/\/www.wloeser.com\/wp-content\/uploads\/2023\/03\/cropped-loeser-logo-2023.jpg","contentUrl":"https:\/\/www.wloeser.com\/wp-content\/uploads\/2023\/03\/cropped-loeser-logo-2023.jpg","width":500,"height":238,"caption":"Loeser Schleifmaschinen"},"image":{"@id":"https:\/\/www.wloeser.com\/fr\/#\/schema\/logo\/image\/"}}]}},"_links":{"self":[{"href":"https:\/\/www.wloeser.com\/fr\/wp-json\/wp\/v2\/pages\/11010","targetHints":{"allow":["GET"]}}],"collection":[{"href":"https:\/\/www.wloeser.com\/fr\/wp-json\/wp\/v2\/pages"}],"about":[{"href":"https:\/\/www.wloeser.com\/fr\/wp-json\/wp\/v2\/types\/page"}],"author":[{"embeddable":true,"href":"https:\/\/www.wloeser.com\/fr\/wp-json\/wp\/v2\/users\/1"}],"replies":[{"embeddable":true,"href":"https:\/\/www.wloeser.com\/fr\/wp-json\/wp\/v2\/comments?post=11010"}],"version-history":[{"count":8,"href":"https:\/\/www.wloeser.com\/fr\/wp-json\/wp\/v2\/pages\/11010\/revisions"}],"predecessor-version":[{"id":19733,"href":"https:\/\/www.wloeser.com\/fr\/wp-json\/wp\/v2\/pages\/11010\/revisions\/19733"}],"up":[{"embeddable":true,"href":"https:\/\/www.wloeser.com\/fr\/wp-json\/wp\/v2\/pages\/12462"}],"wp:attachment":[{"href":"https:\/\/www.wloeser.com\/fr\/wp-json\/wp\/v2\/media?parent=11010"}],"curies":[{"name":"wp","href":"https:\/\/api.w.org\/{rel}","templated":true}]}}