{"id":9193,"date":"2023-05-16T10:11:31","date_gmt":"2023-05-16T08:11:31","guid":{"rendered":"https:\/\/loeser.createch-media.com\/?page_id=9193"},"modified":"2025-05-21T15:08:57","modified_gmt":"2025-05-21T13:08:57","slug":"04-cv-taladradora-con-aspiracion-central-dynabrade-52903-52905","status":"publish","type":"page","link":"https:\/\/www.wloeser.com\/es\/cintas\/amoladoras-de-mano\/taladradoras\/04-cv-taladradora-con-aspiracion-central-dynabrade-52903-52905\/","title":{"rendered":"0,4 CV Taladradora con aspiraci\u00f3n central Dynabrade 52903 &#8211; 52905"},"content":{"rendered":"\n<div class=\"wp-block-stackable-columns stk-block-columns stk-block stk-7a8ef8a animated zoomIn\" data-block-id=\"7a8ef8a\"><style>@media screen and (max-width: 767px){.stk-7a8ef8a {--stk-col-order-1:2 !important;--stk-col-order-2:1 !important;}}<\/style><div class=\"stk-row stk-inner-blocks stk-block-content stk-content-align stk-7a8ef8a-column\">\n<div class=\"wp-block-stackable-column stk-block-column stk-column stk-block stk-7d2e3ef\" data-v=\"4\" data-block-id=\"7d2e3ef\"><style>@media screen and (min-width: 768px){.stk-7d2e3ef {flex:var(--stk-flex-grow, 1) 1 calc(40% - var(--stk-column-gap, 0px) * 1 \/ 2 ) !important;}}<\/style><div class=\"stk-column-wrapper stk-block-column__content stk-container stk-7d2e3ef-container stk--no-background stk--no-padding\"><div class=\"stk-block-content stk-inner-blocks stk-7d2e3ef-inner-blocks\"><div class=\"pgc-sgb-cb wp-block-pgcsimplygalleryblock-slider \" data-gallery-id=\"da673770\" style=\"min-height:388px\"><div class=\"sgb-preloader\" id=\"pr_da673770\">\n\t<div class=\"sgb-square\" style=\"background:#d4d4d4\"><\/div>\n\t<div class=\"sgb-square\" style=\"background:#d4d4d4\"><\/div>\n\t<div class=\"sgb-square\" style=\"background:#d4d4d4\"><\/div>\n\t<div class=\"sgb-square\" style=\"background:#d4d4d4\"><\/div><\/div><div class=\"simply-gallery-amp pgc_sgb_slider \" style=\"display: none;\"><div class=\"sgb-gallery\"><div class=\"sgb-item\"><a href=\"https:\/\/www.wloeser.com\/?attachment_id=5975\" target=\"_blank\"><img decoding=\"async\" alt=\"Dynabrade 0,4 PS Bohrer mit Absaugung 52903, 52904, 52905\" width=\"300\" height=\"263\" loading=\"lazy\" src=\"https:\/\/www.wloeser.com\/wp-content\/uploads\/2023\/05\/52903-dynabrade-300x263.jpg\" srcset=\"https:\/\/www.wloeser.com\/wp-content\/uploads\/2023\/05\/52903-dynabrade-300x263.jpg 300w,https:\/\/www.wloeser.com\/wp-content\/uploads\/2023\/05\/52903-dynabrade-1024x896.jpg 580w,https:\/\/www.wloeser.com\/wp-content\/uploads\/2023\/05\/52903-dynabrade.jpg 1200w\" sizes=\"auto, 250px\"\/><\/a><\/div><\/div><\/div><script type=\"application\/json\" class=\"sgb-data\">{\"collectionThumbRecomendedWidth\":300,\"externalLink\":false,\"captionHAlign\":\"bottom\",\"collectionThumbSubMenuDownload\":false,\"collectionThumbSubMenuShare\":false,\"sliderMaxHeight\":388,\"sliderAdminWidth\":0,\"collectionColumns\":1,\"isPremium\":true,\"galleryType\":\"pgc_sgb_slider\",\"galleryId\":\"da673770\",\"images\":[{\"id\":5975,\"title\":\"Dynabrade 0,4 PS Bohrer mit Absaugung 52903, 52904, 52905\",\"url\":\"https:\/\/www.wloeser.com\/wp-content\/uploads\/2023\/05\/52903-dynabrade.jpg\",\"link\":\"https:\/\/www.wloeser.com\/?attachment_id=5975\",\"alt\":\"Dynabrade 0,4 PS Bohrer mit Absaugung 52903, 52904, 52905\",\"description\":\"\",\"caption\":\"\",\"mime\":\"image\/jpeg\",\"type\":\"image\",\"width\":1200,\"height\":1050,\"sizes\":{\"thumbnail\":{\"height\":150,\"width\":150,\"url\":\"https:\/\/www.wloeser.com\/wp-content\/uploads\/2023\/05\/52903-dynabrade-150x150.jpg\",\"orientation\":\"landscape\"},\"medium\":{\"height\":263,\"width\":300,\"url\":\"https:\/\/www.wloeser.com\/wp-content\/uploads\/2023\/05\/52903-dynabrade-300x263.jpg\",\"orientation\":\"landscape\"},\"large\":{\"height\":508,\"width\":580,\"url\":\"https:\/\/www.wloeser.com\/wp-content\/uploads\/2023\/05\/52903-dynabrade-1024x896.jpg\",\"orientation\":\"landscape\"},\"full\":{\"url\":\"https:\/\/www.wloeser.com\/wp-content\/uploads\/2023\/05\/52903-dynabrade.jpg\",\"height\":1050,\"width\":1200,\"orientation\":\"landscape\"}},\"meta\":false,\"postlink\":\"https:\/\/www.wloeser.com\/?attachment_id=5975\"}],\"sliderSocialShareEnabled\":false,\"sliderZoomEnable\":false,\"itemsMetaDataCollection\":[]}<\/script><script>(function(){if(window.PGC_SGB && window.PGC_SGB.searcher){window.PGC_SGB.searcher.initBlocks()}})()<\/script><\/div><\/div><\/div><\/div>\n\n\n\n<div class=\"wp-block-stackable-column stk-block-column stk-column stk-block stk-835a466\" data-v=\"4\" data-block-id=\"835a466\"><style>@media screen and (min-width: 768px){.stk-835a466 {flex:var(--stk-flex-grow, 1) 1 calc(60% - var(--stk-column-gap, 0px) * 1 \/ 2 ) !important;}}<\/style><div class=\"stk-column-wrapper stk-block-column__content stk-container stk-835a466-container stk--no-background stk--no-padding\"><div class=\"stk-block-content stk-inner-blocks stk-835a466-inner-blocks\">\n<h1 class=\"wp-block-heading animated zoomIn\">0,4 CV Taladradora con aspiraci\u00f3n central Dynabrade 52903 &#8211; 52905<\/h1>\n\n\n\n<div class=\"wp-block-stackable-icon-list stk-block-icon-list stk-block stk-d1ed66b\" data-block-id=\"d1ed66b\"><style>.stk-d1ed66b .stk-block-icon-list-item__content{gap:9px !important;align-items:baseline !important;}.stk-d1ed66b {--stk-icon-list-column-gap:0px !important;--stk-icon-list-row-gap:15px !important;--stk-icon-list-marker-color:#2c4f95 !important;--stk-icon-list-icon-size:12.5px !important;}.stk-d1ed66b ul, .stk-d1ed66b ol{padding-left:20px !important;}<\/style><svg style=\"display:none\"><defs><g id=\"stk-icon-list__icon-svg-def-d1ed66b\"><svg aria-hidden=\"true\" focusable=\"false\" data-prefix=\"fas\" data-icon=\"dot-circle\" class=\"svg-inline--fa fa-dot-circle fa-w-16\" role=\"img\" xmlns=\"http:\/\/www.w3.org\/2000\/svg\" viewBox=\"0 0 512 512\"><path fill=\"currentColor\" d=\"M256 8C119.033 8 8 119.033 8 256s111.033 248 248 248 248-111.033 248-248S392.967 8 256 8zm80 248c0 44.112-35.888 80-80 80s-80-35.888-80-80 35.888-80 80-80 80 35.888 80 80z\"><\/path><\/svg><\/g><\/defs><\/svg><div class=\"stk-block-icon-list__ul stk-block-icon-list--column\"><ul class=\"stk-block-icon-list__group\">\n<li class=\"wp-block-stackable-icon-list-item stk-block-icon-list-item stk-block stk-cc48994\" data-block-id=\"cc48994\"><div class=\"stk-block-icon-list-item__content\"><span class=\"stk--svg-wrapper\"><div class=\"stk--inner-svg\"><svg aria-hidden=\"true\" width=\"32\" height=\"32\"><use xlink:href=\"#stk-icon-list__icon-svg-def-d1ed66b\"><\/use><\/svg><\/div><\/span><span class=\"stk-block-icon-list-item__text\">Taladro con succi\u00f3n de .4hp (298W) incluye guarda flexible que se comprime alrededor de la broca para capturar efizcamente las rebabas<\/span><\/div><\/li>\n\n\n\n<li class=\"wp-block-stackable-icon-list-item stk-block-icon-list-item stk-block stk-f71a134\" data-block-id=\"f71a134\"><div class=\"stk-block-icon-list-item__content\"><span class=\"stk--svg-wrapper\"><div class=\"stk--inner-svg\"><svg aria-hidden=\"true\" width=\"32\" height=\"32\"><use xlink:href=\"#stk-icon-list__icon-svg-def-d1ed66b\"><\/use><\/svg><\/div><\/span><span class=\"stk-block-icon-list-item__text\">Dise\u00f1o de empu\u00f1adura tipo pistola inlcuye boton arranque a baja velocidad.<\/span><\/div><\/li>\n\n\n\n<li class=\"wp-block-stackable-icon-list-item stk-block-icon-list-item stk-block stk-a7ba442\" data-block-id=\"a7ba442\"><div class=\"stk-block-icon-list-item__content\"><span class=\"stk--svg-wrapper\"><div class=\"stk--inner-svg\"><svg aria-hidden=\"true\" width=\"32\" height=\"32\"><use xlink:href=\"#stk-icon-list__icon-svg-def-d1ed66b\"><\/use><\/svg><\/div><\/span><span class=\"stk-block-icon-list-item__text\">Motor neum\u00e1tico de alto torque; confortable empu\u00f1adura insulada.<\/span><\/div><\/li>\n\n\n\n<li class=\"wp-block-stackable-icon-list-item stk-block-icon-list-item stk-block stk-df963e1\" data-block-id=\"df963e1\"><div class=\"stk-block-icon-list-item__content\"><span class=\"stk--svg-wrapper\"><div class=\"stk--inner-svg\"><svg aria-hidden=\"true\" width=\"32\" height=\"32\"><use xlink:href=\"#stk-icon-list__icon-svg-def-d1ed66b\"><\/use><\/svg><\/div><\/span><span class=\"stk-block-icon-list-item__text\">Incluye manguera y conectores que conducen la electricidad, para proteger al operaroo de de cargas electrostaticas (ESD), 1-1\/4&#8243;(32 mm) de Daimetro del puerto de succi\u00f3n para la conexii\u00f3n a un sistema central de succi\u00f3n.<\/span><\/div><\/li>\n\n\n\n<li class=\"wp-block-stackable-icon-list-item stk-block-icon-list-item stk-block stk-ddd0a48\" data-block-id=\"ddd0a48\"><div class=\"stk-block-icon-list-item__content\"><span class=\"stk--svg-wrapper\"><div class=\"stk--inner-svg\"><svg aria-hidden=\"true\" width=\"32\" height=\"32\"><use xlink:href=\"#stk-icon-list__icon-svg-def-d1ed66b\"><\/use><\/svg><\/div><\/span><span class=\"stk-block-icon-list-item__text\">Cada modelo inlcuye Dynachuck de 1\/4&#8243; con llave.<\/span><\/div><\/li>\n<\/ul><\/div><\/div>\n\n\n<div class=\"box-grey bd-toyv1dvlmxcbinpfj2jdortghplaei wp-block-bd--- wp-block-bd-block-18665\"><p class=\"b-header bd-op3bnr48jjjaf7zapgujp8bi7pt5g6\">Industrias:<\/p><p class=\"b-text bd-n3hxovf2dpvvbxo864pxpkbh8v8k29\"><a href=\"https:\/\/www.wloeser.com\/es\/productos\/construccion-metalica\/\">Construcci&#xF3;n met&#xE1;lica<\/a>, <a href=\"https:\/\/www.wloeser.com\/es\/productos\/proveedor-automotriz\/\">Proveedor automotriz<\/a>, <a href=\"https:\/\/www.wloeser.com\/es\/productos\/ingenieria-aeronautica\/\">Ingenier&#xED;a aeron&#xE1;utica<\/a>, <a href=\"https:\/\/www.wloeser.com\/es\/productos\/fabricacion-de-herramientas\/\">Fabricaci&#xF3;n de herramientas<\/a>, <a href=\"https:\/\/www.wloeser.com\/es\/productos\/tecnologia-medica\/\">Tecnolog&#xED;a medica<\/a>, <a href=\"https:\/\/www.wloeser.com\/es\/productos\/cerrajero\/\">Cerrajero<\/a>, <a href=\"https:\/\/www.wloeser.com\/es\/productos\/fundicion\/\">Fundici&#xF3;n<\/a>, <a href=\"https:\/\/www.wloeser.com\/es\/productos\/amoladora-de-contrato\/\">Amoladora de contrato<\/a><\/p><\/div>\n\n<div class=\"box-grey bd-srbqyrpkvqinrlv2smk1zr2p59ucxc wp-block-bd--- wp-block-bd-block-18666\"><p class=\"b-header bd-xwd4czafo7dtha7vthukfkmqre3uit\">Alcance:<\/p><p class=\"bd-32n06608ko2ftrnmos6efwozj1flkm\">Acero inoxidable, acero de alta aleaci&#xF3;n y sin alear, metales no ferrosos, acero fundido, aluminio, titanio, pl&#xE1;stico, vidrio, papel, para componentes, p. ej.  &#xC1;labes de turbina o piezas fundidas a presi&#xF3;n y de inversi&#xF3;n<\/p><p class=\"b-text bd-3t3wt1nvcdcp86sobnohnf5e8rfx1r\"><\/p><\/div>\n\n\n<p class=\"lieferzeit\">Tiempo de entrega: Disponible a corto plazo.<\/p>\n\n\n\n<div id=\"mySampleContent\" class=\"fancybox-hide\"><p class=\"wpcf7-contact-form-not-found\"><strong>Error:<\/strong> Formulario de contacto no encontrado.<\/p><\/div>\n<a href=\"#mySampleContent\" class=\"ari-fancybox popup-button es\" style=\"display: inline-block !important;\">Solicitar una cotizaci\u00f3n<\/a>\n<\/div><\/div><\/div>\n<\/div><\/div>\n\n\n\n<div class=\"wp-block-stackable-divider stk-block-divider stk-block stk-60ae79b\" data-block-id=\"60ae79b\"><hr class=\"stk-block-divider__hr\"\/><\/div>\n\n\n\n<h2 class=\"wp-block-heading has-text-align-left h2-details\" id=\"daten\">Especificaciones t\u00e9cnicas<\/h2>\n\n\n\n<figure class=\"wp-block-table is-style-regular\"><table class=\"has-white-background-color has-background has-fixed-layout\"><tbody><tr><td><strong>N\u00famero de modelo<\/strong><\/td><td>52903<\/td><td>52904<\/td><td>52905<\/td><\/tr><tr><td><strong>Tama\u00f1o del mandril pulg. (mm)<\/strong><\/td><td>1\/4&#8243; (6)<\/td><td>1\/4&#8243; (6)<\/td><td>1\/4&#8243; (6)<\/td><\/tr><tr><td><strong>Tama\u00f1o de la Rosca del eje<\/strong><\/td><td>3\/8&#8243;-24 Male<\/td><td>3\/8&#8243;-24 Male<\/td><td>3\/8&#8243;-24 Male<\/td><\/tr><tr><td><strong>hp (W)<\/strong><\/td><td>.4 (298)<\/td><td>.4 (298)<\/td><td>.4 (298)<\/td><\/tr><tr><td><strong>Velocidad en vac\u00edo del motor (RPM)<\/strong><\/td><td>500<\/td><td>1.000<\/td><td>2.400<\/td><\/tr><tr><td><strong>Tipo de escape<\/strong><\/td><td>Rear<\/td><td>Rear<\/td><td>Rear<\/td><\/tr><tr><td><strong>M\u00e1x. flujo de aire a 90 PSIG (6.2 Bar): SCFM (L\/Min.)<\/strong><\/td><td>23 (651)<\/td><td>25 (708)<\/td><td>22 (623)<\/td><\/tr><tr><td><strong>Rosca de la entrada de aire<\/strong><\/td><td>1\/4&#8243; NPT<\/td><td>1\/4&#8243; NPT<\/td><td>1\/4&#8243; NPT<\/td><\/tr><tr><td><strong>Tama\u00f1o de D.I. de la manguera pulg. (mm)<\/strong><\/td><td>1\/4&#8243; (6)<\/td><td>1\/4&#8243; (6)<\/td><td>1\/4&#8243; (6)<\/td><\/tr><tr><td><strong>Longitud Pulgadas (mm)<\/strong><\/td><td>10-1\/2&#8243; (268)<\/td><td>10-1\/2&#8243; (268)<\/td><td>10-1\/2&#8243; (268)<\/td><\/tr><tr><td><strong>Altura Pulgadas (mm)<\/strong><\/td><td>11-3\/4&#8243; (300)<\/td><td>11-3\/4&#8243; (300)<\/td><td>11-3\/4&#8243; (300)<\/td><\/tr><tr><td><strong>Nivel de sonido dB(A)<\/strong><\/td><td>76<\/td><td>80<\/td><td>77<\/td><\/tr><tr><td><strong>Informaci\u00f3n de las vibraciones<\/strong><\/td><td>1.1<\/td><td>2.9<\/td><td>2.9<\/td><\/tr><tr><td><strong>Peso del art\u00edculo<\/strong><\/td><td>1.68 kg<\/td><td>1.68 kg<\/td><td>1.68 kg<\/td><\/tr><\/tbody><\/table><\/figure>\n\n\n\n<div class=\"wp-block-stackable-divider stk-block-divider stk-block stk-rb2fpa8\" data-block-id=\"rb2fpa8\"><hr class=\"stk-block-divider__hr\"\/><\/div>\n\n\n\n<h2 class=\"wp-block-heading has-text-align-left h2-details\" id=\"zubehoer\">Hojas de datos y repuestos<\/h2>\n\n\n\n<div class=\"wp-block-file\"><a id=\"wp-block-file--media-c03a4b22-db67-41fc-a3a1-3c38bec8c377\" href=\"https:\/\/www.wloeser.com\/wp-content\/uploads\/2023\/05\/52903-dynabrade.pdf\" target=\"_blank\" rel=\"noreferrer noopener\">Manual de instrucciones y lista de piezas Taladro de succi\u00f3n Dynabrade de 0,4 HP 52903, 52904, 52905 (PDF)<\/a><\/div>\n\n\n\n<a class=\"back\" href=\"javascript:history.back()\">Atr\u00e1s<\/a>\n","protected":false},"excerpt":{"rendered":"<p>0,4 CV Taladradora con aspiraci\u00f3n central Dynabrade 52903 &#8211; 52905 Tiempo de entrega: Disponible a corto plazo. Solicitar una cotizaci\u00f3n Especificaciones t\u00e9cnicas N\u00famero de modelo 52903 52904 52905 Tama\u00f1o del mandril pulg. (mm) 1\/4&#8243; (6) 1\/4&#8243; (6) 1\/4&#8243; (6) Tama\u00f1o de la Rosca del eje 3\/8&#8243;-24 Male 3\/8&#8243;-24 Male 3\/8&#8243;-24 Male hp (W) .4 (298) [&hellip;]<\/p>\n","protected":false},"author":1,"featured_media":0,"parent":9181,"menu_order":1,"comment_status":"closed","ping_status":"closed","template":"templates\/template-full-width.php","meta":{"pgc_sgb_lightbox_settings":"","footnotes":""},"class_list":["post-9193","page","type-page","status-publish","hentry"],"yoast_head":"<!-- This site is optimized with the Yoast SEO plugin v26.8 - https:\/\/yoast.com\/product\/yoast-seo-wordpress\/ -->\n<title>0,4 CV Taladradora con aspiraci\u00f3n central Dynabrade 52903 - 52905 - Loeser Schleifmaschinen<\/title>\n<meta name=\"description\" content=\"Con una potencia de 298 W (0,4 HP), estos taladros de vac\u00edo ofrecen una potente succi\u00f3n para un entorno de trabajo limpio.\" \/>\n<meta name=\"robots\" content=\"index, follow, max-snippet:-1, max-image-preview:large, max-video-preview:-1\" \/>\n<link rel=\"canonical\" href=\"https:\/\/www.wloeser.com\/es\/cintas\/amoladoras-de-mano\/taladradoras\/04-cv-taladradora-con-aspiracion-central-dynabrade-52903-52905\/\" \/>\n<meta property=\"og:locale\" content=\"es_ES\" \/>\n<meta property=\"og:type\" content=\"article\" \/>\n<meta property=\"og:title\" content=\"0,4 CV Taladradora con aspiraci\u00f3n central Dynabrade 52903 - 52905 - Loeser Schleifmaschinen\" \/>\n<meta property=\"og:description\" content=\"Con una potencia de 298 W (0,4 HP), estos taladros de vac\u00edo ofrecen una potente succi\u00f3n para un entorno de trabajo limpio.\" \/>\n<meta property=\"og:url\" content=\"https:\/\/www.wloeser.com\/es\/cintas\/amoladoras-de-mano\/taladradoras\/04-cv-taladradora-con-aspiracion-central-dynabrade-52903-52905\/\" \/>\n<meta property=\"og:site_name\" content=\"Loeser Schleifmaschinen\" \/>\n<meta property=\"article:modified_time\" content=\"2025-05-21T13:08:57+00:00\" \/>\n<meta property=\"og:image\" content=\"https:\/\/www.wloeser.com\/wp-content\/uploads\/2023\/05\/52903-dynabrade-1024x896.jpg\" \/>\n<meta name=\"twitter:card\" content=\"summary_large_image\" \/>\n<meta name=\"twitter:label1\" content=\"Tiempo de lectura\" \/>\n\t<meta name=\"twitter:data1\" content=\"2 minutos\" \/>\n<script type=\"application\/ld+json\" class=\"yoast-schema-graph\">{\"@context\":\"https:\/\/schema.org\",\"@graph\":[{\"@type\":\"WebPage\",\"@id\":\"https:\/\/www.wloeser.com\/es\/cintas\/amoladoras-de-mano\/taladradoras\/04-cv-taladradora-con-aspiracion-central-dynabrade-52903-52905\/\",\"url\":\"https:\/\/www.wloeser.com\/es\/cintas\/amoladoras-de-mano\/taladradoras\/04-cv-taladradora-con-aspiracion-central-dynabrade-52903-52905\/\",\"name\":\"0,4 CV Taladradora con aspiraci\u00f3n central Dynabrade 52903 - 52905 - Loeser Schleifmaschinen\",\"isPartOf\":{\"@id\":\"https:\/\/www.wloeser.com\/es\/#website\"},\"primaryImageOfPage\":{\"@id\":\"https:\/\/www.wloeser.com\/es\/cintas\/amoladoras-de-mano\/taladradoras\/04-cv-taladradora-con-aspiracion-central-dynabrade-52903-52905\/#primaryimage\"},\"image\":{\"@id\":\"https:\/\/www.wloeser.com\/es\/cintas\/amoladoras-de-mano\/taladradoras\/04-cv-taladradora-con-aspiracion-central-dynabrade-52903-52905\/#primaryimage\"},\"thumbnailUrl\":\"https:\/\/www.wloeser.com\/wp-content\/uploads\/2023\/05\/52903-dynabrade-1024x896.jpg\",\"datePublished\":\"2023-05-16T08:11:31+00:00\",\"dateModified\":\"2025-05-21T13:08:57+00:00\",\"description\":\"Con una potencia de 298 W (0,4 HP), estos taladros de vac\u00edo ofrecen una potente succi\u00f3n para un entorno de trabajo limpio.\",\"breadcrumb\":{\"@id\":\"https:\/\/www.wloeser.com\/es\/cintas\/amoladoras-de-mano\/taladradoras\/04-cv-taladradora-con-aspiracion-central-dynabrade-52903-52905\/#breadcrumb\"},\"inLanguage\":\"es\",\"potentialAction\":[{\"@type\":\"ReadAction\",\"target\":[\"https:\/\/www.wloeser.com\/es\/cintas\/amoladoras-de-mano\/taladradoras\/04-cv-taladradora-con-aspiracion-central-dynabrade-52903-52905\/\"]}]},{\"@type\":\"ImageObject\",\"inLanguage\":\"es\",\"@id\":\"https:\/\/www.wloeser.com\/es\/cintas\/amoladoras-de-mano\/taladradoras\/04-cv-taladradora-con-aspiracion-central-dynabrade-52903-52905\/#primaryimage\",\"url\":\"https:\/\/www.wloeser.com\/wp-content\/uploads\/2023\/05\/52903-dynabrade-1024x896.jpg\",\"contentUrl\":\"https:\/\/www.wloeser.com\/wp-content\/uploads\/2023\/05\/52903-dynabrade-1024x896.jpg\"},{\"@type\":\"BreadcrumbList\",\"@id\":\"https:\/\/www.wloeser.com\/es\/cintas\/amoladoras-de-mano\/taladradoras\/04-cv-taladradora-con-aspiracion-central-dynabrade-52903-52905\/#breadcrumb\",\"itemListElement\":[{\"@type\":\"ListItem\",\"position\":1,\"name\":\"P\u00e1gina de inicio\",\"item\":\"https:\/\/www.wloeser.com\/es\/\"},{\"@type\":\"ListItem\",\"position\":2,\"name\":\"Productos\",\"item\":\"https:\/\/www.wloeser.com\/es\/cintas\/\"},{\"@type\":\"ListItem\",\"position\":3,\"name\":\"Amoladoras de mano\",\"item\":\"https:\/\/www.wloeser.com\/es\/cintas\/amoladoras-de-mano\/\"},{\"@type\":\"ListItem\",\"position\":4,\"name\":\"Taladradoras\",\"item\":\"https:\/\/www.wloeser.com\/es\/cintas\/amoladoras-de-mano\/taladradoras\/\"},{\"@type\":\"ListItem\",\"position\":5,\"name\":\"0,4 CV Taladradora con aspiraci\u00f3n central Dynabrade 52903 &#8211; 52905\"}]},{\"@type\":\"WebSite\",\"@id\":\"https:\/\/www.wloeser.com\/es\/#website\",\"url\":\"https:\/\/www.wloeser.com\/es\/\",\"name\":\"Loeser Schleifmaschinen\",\"description\":\"\",\"publisher\":{\"@id\":\"https:\/\/www.wloeser.com\/es\/#organization\"},\"potentialAction\":[{\"@type\":\"SearchAction\",\"target\":{\"@type\":\"EntryPoint\",\"urlTemplate\":\"https:\/\/www.wloeser.com\/es\/?s={search_term_string}\"},\"query-input\":{\"@type\":\"PropertyValueSpecification\",\"valueRequired\":true,\"valueName\":\"search_term_string\"}}],\"inLanguage\":\"es\"},{\"@type\":\"Organization\",\"@id\":\"https:\/\/www.wloeser.com\/es\/#organization\",\"name\":\"Loeser Schleifmaschinen\",\"url\":\"https:\/\/www.wloeser.com\/es\/\",\"logo\":{\"@type\":\"ImageObject\",\"inLanguage\":\"es\",\"@id\":\"https:\/\/www.wloeser.com\/es\/#\/schema\/logo\/image\/\",\"url\":\"https:\/\/www.wloeser.com\/wp-content\/uploads\/2023\/03\/cropped-loeser-logo-2023.jpg\",\"contentUrl\":\"https:\/\/www.wloeser.com\/wp-content\/uploads\/2023\/03\/cropped-loeser-logo-2023.jpg\",\"width\":500,\"height\":238,\"caption\":\"Loeser Schleifmaschinen\"},\"image\":{\"@id\":\"https:\/\/www.wloeser.com\/es\/#\/schema\/logo\/image\/\"}}]}<\/script>\n<!-- \/ Yoast SEO plugin. -->","yoast_head_json":{"title":"0,4 CV Taladradora con aspiraci\u00f3n central Dynabrade 52903 - 52905 - Loeser Schleifmaschinen","description":"Con una potencia de 298 W (0,4 HP), estos taladros de vac\u00edo ofrecen una potente succi\u00f3n para un entorno de trabajo limpio.","robots":{"index":"index","follow":"follow","max-snippet":"max-snippet:-1","max-image-preview":"max-image-preview:large","max-video-preview":"max-video-preview:-1"},"canonical":"https:\/\/www.wloeser.com\/es\/cintas\/amoladoras-de-mano\/taladradoras\/04-cv-taladradora-con-aspiracion-central-dynabrade-52903-52905\/","og_locale":"es_ES","og_type":"article","og_title":"0,4 CV Taladradora con aspiraci\u00f3n central Dynabrade 52903 - 52905 - Loeser Schleifmaschinen","og_description":"Con una potencia de 298 W (0,4 HP), estos taladros de vac\u00edo ofrecen una potente succi\u00f3n para un entorno de trabajo limpio.","og_url":"https:\/\/www.wloeser.com\/es\/cintas\/amoladoras-de-mano\/taladradoras\/04-cv-taladradora-con-aspiracion-central-dynabrade-52903-52905\/","og_site_name":"Loeser Schleifmaschinen","article_modified_time":"2025-05-21T13:08:57+00:00","og_image":[{"url":"https:\/\/www.wloeser.com\/wp-content\/uploads\/2023\/05\/52903-dynabrade-1024x896.jpg","type":"","width":"","height":""}],"twitter_card":"summary_large_image","twitter_misc":{"Tiempo de lectura":"2 minutos"},"schema":{"@context":"https:\/\/schema.org","@graph":[{"@type":"WebPage","@id":"https:\/\/www.wloeser.com\/es\/cintas\/amoladoras-de-mano\/taladradoras\/04-cv-taladradora-con-aspiracion-central-dynabrade-52903-52905\/","url":"https:\/\/www.wloeser.com\/es\/cintas\/amoladoras-de-mano\/taladradoras\/04-cv-taladradora-con-aspiracion-central-dynabrade-52903-52905\/","name":"0,4 CV Taladradora con aspiraci\u00f3n central Dynabrade 52903 - 52905 - Loeser Schleifmaschinen","isPartOf":{"@id":"https:\/\/www.wloeser.com\/es\/#website"},"primaryImageOfPage":{"@id":"https:\/\/www.wloeser.com\/es\/cintas\/amoladoras-de-mano\/taladradoras\/04-cv-taladradora-con-aspiracion-central-dynabrade-52903-52905\/#primaryimage"},"image":{"@id":"https:\/\/www.wloeser.com\/es\/cintas\/amoladoras-de-mano\/taladradoras\/04-cv-taladradora-con-aspiracion-central-dynabrade-52903-52905\/#primaryimage"},"thumbnailUrl":"https:\/\/www.wloeser.com\/wp-content\/uploads\/2023\/05\/52903-dynabrade-1024x896.jpg","datePublished":"2023-05-16T08:11:31+00:00","dateModified":"2025-05-21T13:08:57+00:00","description":"Con una potencia de 298 W (0,4 HP), estos taladros de vac\u00edo ofrecen una potente succi\u00f3n para un entorno de trabajo limpio.","breadcrumb":{"@id":"https:\/\/www.wloeser.com\/es\/cintas\/amoladoras-de-mano\/taladradoras\/04-cv-taladradora-con-aspiracion-central-dynabrade-52903-52905\/#breadcrumb"},"inLanguage":"es","potentialAction":[{"@type":"ReadAction","target":["https:\/\/www.wloeser.com\/es\/cintas\/amoladoras-de-mano\/taladradoras\/04-cv-taladradora-con-aspiracion-central-dynabrade-52903-52905\/"]}]},{"@type":"ImageObject","inLanguage":"es","@id":"https:\/\/www.wloeser.com\/es\/cintas\/amoladoras-de-mano\/taladradoras\/04-cv-taladradora-con-aspiracion-central-dynabrade-52903-52905\/#primaryimage","url":"https:\/\/www.wloeser.com\/wp-content\/uploads\/2023\/05\/52903-dynabrade-1024x896.jpg","contentUrl":"https:\/\/www.wloeser.com\/wp-content\/uploads\/2023\/05\/52903-dynabrade-1024x896.jpg"},{"@type":"BreadcrumbList","@id":"https:\/\/www.wloeser.com\/es\/cintas\/amoladoras-de-mano\/taladradoras\/04-cv-taladradora-con-aspiracion-central-dynabrade-52903-52905\/#breadcrumb","itemListElement":[{"@type":"ListItem","position":1,"name":"P\u00e1gina de inicio","item":"https:\/\/www.wloeser.com\/es\/"},{"@type":"ListItem","position":2,"name":"Productos","item":"https:\/\/www.wloeser.com\/es\/cintas\/"},{"@type":"ListItem","position":3,"name":"Amoladoras de mano","item":"https:\/\/www.wloeser.com\/es\/cintas\/amoladoras-de-mano\/"},{"@type":"ListItem","position":4,"name":"Taladradoras","item":"https:\/\/www.wloeser.com\/es\/cintas\/amoladoras-de-mano\/taladradoras\/"},{"@type":"ListItem","position":5,"name":"0,4 CV Taladradora con aspiraci\u00f3n central Dynabrade 52903 &#8211; 52905"}]},{"@type":"WebSite","@id":"https:\/\/www.wloeser.com\/es\/#website","url":"https:\/\/www.wloeser.com\/es\/","name":"Loeser Schleifmaschinen","description":"","publisher":{"@id":"https:\/\/www.wloeser.com\/es\/#organization"},"potentialAction":[{"@type":"SearchAction","target":{"@type":"EntryPoint","urlTemplate":"https:\/\/www.wloeser.com\/es\/?s={search_term_string}"},"query-input":{"@type":"PropertyValueSpecification","valueRequired":true,"valueName":"search_term_string"}}],"inLanguage":"es"},{"@type":"Organization","@id":"https:\/\/www.wloeser.com\/es\/#organization","name":"Loeser Schleifmaschinen","url":"https:\/\/www.wloeser.com\/es\/","logo":{"@type":"ImageObject","inLanguage":"es","@id":"https:\/\/www.wloeser.com\/es\/#\/schema\/logo\/image\/","url":"https:\/\/www.wloeser.com\/wp-content\/uploads\/2023\/03\/cropped-loeser-logo-2023.jpg","contentUrl":"https:\/\/www.wloeser.com\/wp-content\/uploads\/2023\/03\/cropped-loeser-logo-2023.jpg","width":500,"height":238,"caption":"Loeser Schleifmaschinen"},"image":{"@id":"https:\/\/www.wloeser.com\/es\/#\/schema\/logo\/image\/"}}]}},"_links":{"self":[{"href":"https:\/\/www.wloeser.com\/es\/wp-json\/wp\/v2\/pages\/9193","targetHints":{"allow":["GET"]}}],"collection":[{"href":"https:\/\/www.wloeser.com\/es\/wp-json\/wp\/v2\/pages"}],"about":[{"href":"https:\/\/www.wloeser.com\/es\/wp-json\/wp\/v2\/types\/page"}],"author":[{"embeddable":true,"href":"https:\/\/www.wloeser.com\/es\/wp-json\/wp\/v2\/users\/1"}],"replies":[{"embeddable":true,"href":"https:\/\/www.wloeser.com\/es\/wp-json\/wp\/v2\/comments?post=9193"}],"version-history":[{"count":10,"href":"https:\/\/www.wloeser.com\/es\/wp-json\/wp\/v2\/pages\/9193\/revisions"}],"predecessor-version":[{"id":20927,"href":"https:\/\/www.wloeser.com\/es\/wp-json\/wp\/v2\/pages\/9193\/revisions\/20927"}],"up":[{"embeddable":true,"href":"https:\/\/www.wloeser.com\/es\/wp-json\/wp\/v2\/pages\/9181"}],"wp:attachment":[{"href":"https:\/\/www.wloeser.com\/es\/wp-json\/wp\/v2\/media?parent=9193"}],"curies":[{"name":"wp","href":"https:\/\/api.w.org\/{rel}","templated":true}]}}