{"id":8570,"date":"2023-05-12T11:34:42","date_gmt":"2023-05-12T09:34:42","guid":{"rendered":"https:\/\/loeser.createch-media.com\/?page_id=8570"},"modified":"2025-05-21T14:57:11","modified_gmt":"2025-05-21T12:57:11","slug":"paquete-versatil-de-limadora-de-mano-en-linea-recta-dynabrade-10844","status":"publish","type":"page","link":"https:\/\/www.wloeser.com\/es\/cintas\/amoladoras-de-mano\/herramientas-neumaticas-con-pinza\/paquete-versatil-de-limadora-de-mano-en-linea-recta-dynabrade-10844\/","title":{"rendered":"Paquete vers\u00e1til de limadora de mano en l\u00ednea recta Dynabrade 10844"},"content":{"rendered":"\n<div class=\"wp-block-stackable-columns stk-block-columns stk-block stk-7a8ef8a animated zoomIn\" data-block-id=\"7a8ef8a\"><style>@media screen and (max-width: 767px){.stk-7a8ef8a {--stk-col-order-1:2 !important;--stk-col-order-2:1 !important;}}<\/style><div class=\"stk-row stk-inner-blocks stk-block-content stk-content-align stk-7a8ef8a-column\">\n<div class=\"wp-block-stackable-column stk-block-column stk-column stk-block stk-7d2e3ef\" data-v=\"4\" data-block-id=\"7d2e3ef\"><style>@media screen and (min-width: 768px){.stk-7d2e3ef {flex:var(--stk-flex-grow, 1) 1 calc(40% - var(--stk-column-gap, 0px) * 1 \/ 2 ) !important;}}<\/style><div class=\"stk-column-wrapper stk-block-column__content stk-container stk-7d2e3ef-container stk--no-background stk--no-padding\"><div class=\"stk-block-content stk-inner-blocks stk-7d2e3ef-inner-blocks\"><div class=\"pgc-sgb-cb wp-block-pgcsimplygalleryblock-slider  gal-breit\" data-gallery-id=\"da673770\" style=\"min-height:388px\"><div class=\"sgb-preloader\" id=\"pr_da673770\">\n\t<div class=\"sgb-square\" style=\"background:#d4d4d4\"><\/div>\n\t<div class=\"sgb-square\" style=\"background:#d4d4d4\"><\/div>\n\t<div class=\"sgb-square\" style=\"background:#d4d4d4\"><\/div>\n\t<div class=\"sgb-square\" style=\"background:#d4d4d4\"><\/div><\/div><div class=\"simply-gallery-amp pgc_sgb_slider \" style=\"display: none;\"><div class=\"sgb-gallery\"><div class=\"sgb-item\"><a href=\"https:\/\/www.wloeser.com\/es\/cintas\/amoladoras-de-mano\/herramientas-neumaticas-con-pinza\/paquete-versatil-de-limadora-de-mano-en-linea-recta-dynabrade-10844\/10844-dynabrade-2\/\" target=\"_blank\"><img decoding=\"async\" alt=\"Dynabrade DynaPen-Feilenkit 10844\" width=\"300\" height=\"239\" loading=\"lazy\" src=\"https:\/\/www.wloeser.com\/wp-content\/uploads\/2023\/05\/10844-dynabrade-300x239.jpg\" srcset=\"https:\/\/www.wloeser.com\/wp-content\/uploads\/2023\/05\/10844-dynabrade-300x239.jpg 300w,https:\/\/www.wloeser.com\/wp-content\/uploads\/2023\/05\/10844-dynabrade.jpg 500w\" sizes=\"auto, 250px\"\/><\/a><\/div><\/div><\/div><script type=\"application\/json\" class=\"sgb-data\">{\"collectionThumbRecomendedWidth\":300,\"externalLink\":false,\"captionHAlign\":\"bottom\",\"collectionThumbSubMenuDownload\":false,\"collectionThumbSubMenuShare\":false,\"sliderMaxHeight\":388,\"sliderAdminWidth\":0,\"collectionColumns\":1,\"isPremium\":true,\"galleryType\":\"pgc_sgb_slider\",\"galleryId\":\"da673770\",\"images\":[{\"id\":5189,\"title\":\"10844-dynabrade\",\"url\":\"https:\/\/www.wloeser.com\/wp-content\/uploads\/2023\/05\/10844-dynabrade.jpg\",\"link\":\"https:\/\/www.wloeser.com\/es\/cintas\/amoladoras-de-mano\/herramientas-neumaticas-con-pinza\/paquete-versatil-de-limadora-de-mano-en-linea-recta-dynabrade-10844\/10844-dynabrade-2\/\",\"alt\":\"Dynabrade DynaPen-Feilenkit 10844\",\"description\":\"\",\"caption\":\"\",\"mime\":\"image\/jpeg\",\"type\":\"image\",\"width\":500,\"height\":398,\"sizes\":{\"thumbnail\":{\"height\":150,\"width\":150,\"url\":\"https:\/\/www.wloeser.com\/wp-content\/uploads\/2023\/05\/10844-dynabrade-150x150.jpg\",\"orientation\":\"landscape\"},\"medium\":{\"height\":239,\"width\":300,\"url\":\"https:\/\/www.wloeser.com\/wp-content\/uploads\/2023\/05\/10844-dynabrade-300x239.jpg\",\"orientation\":\"landscape\"},\"full\":{\"url\":\"https:\/\/www.wloeser.com\/wp-content\/uploads\/2023\/05\/10844-dynabrade.jpg\",\"height\":398,\"width\":500,\"orientation\":\"landscape\"}},\"imageMeta\":{\"aperture\":\"0\",\"credit\":\"\",\"camera\":\"\",\"caption\":\"\",\"created_timestamp\":\"0\",\"copyright\":\"\",\"focal_length\":\"0\",\"iso\":\"0\",\"shutter_speed\":\"0\",\"title\":\"\",\"orientation\":\"0\",\"keywords\":[]},\"meta\":false,\"postlink\":\"https:\/\/www.wloeser.com\/es\/cintas\/amoladoras-de-mano\/herramientas-neumaticas-con-pinza\/paquete-versatil-de-limadora-de-mano-en-linea-recta-dynabrade-10844\/10844-dynabrade-2\/\"}],\"sliderSocialShareEnabled\":false,\"sliderZoomEnable\":false,\"className\":\"gal-breit\",\"itemsMetaDataCollection\":[]}<\/script><script>(function(){if(window.PGC_SGB && window.PGC_SGB.searcher){window.PGC_SGB.searcher.initBlocks()}})()<\/script><\/div><\/div><\/div><\/div>\n\n\n\n<div class=\"wp-block-stackable-column stk-block-column stk-column stk-block stk-835a466\" data-v=\"4\" data-block-id=\"835a466\"><style>@media screen and (min-width: 768px){.stk-835a466 {flex:var(--stk-flex-grow, 1) 1 calc(60% - var(--stk-column-gap, 0px) * 1 \/ 2 ) !important;}}<\/style><div class=\"stk-column-wrapper stk-block-column__content stk-container stk-835a466-container stk--no-background stk--no-padding\"><div class=\"stk-block-content stk-inner-blocks stk-835a466-inner-blocks\">\n<h1 class=\"wp-block-heading animated zoomIn\">Paquete vers\u00e1til de limadora de mano en l\u00ednea recta Dynabrade 10844<\/h1>\n\n\n\n<div class=\"wp-block-stackable-icon-list stk-block-icon-list stk-block stk-d1ed66b\" data-block-id=\"d1ed66b\"><style>.stk-d1ed66b .stk-block-icon-list-item__content{gap:9px !important;align-items:baseline !important;}.stk-d1ed66b {--stk-icon-list-column-gap:0px !important;--stk-icon-list-row-gap:15px !important;--stk-icon-list-marker-color:#2c4f95 !important;--stk-icon-list-icon-size:12.5px !important;}.stk-d1ed66b ul, .stk-d1ed66b ol{padding-left:20px !important;}<\/style><svg style=\"display:none\"><defs><g id=\"stk-icon-list__icon-svg-def-d1ed66b\"><svg aria-hidden=\"true\" focusable=\"false\" data-prefix=\"fas\" data-icon=\"dot-circle\" class=\"svg-inline--fa fa-dot-circle fa-w-16\" role=\"img\" xmlns=\"http:\/\/www.w3.org\/2000\/svg\" viewBox=\"0 0 512 512\"><path fill=\"currentColor\" d=\"M256 8C119.033 8 8 119.033 8 256s111.033 248 248 248 248-111.033 248-248S392.967 8 256 8zm80 248c0 44.112-35.888 80-80 80s-80-35.888-80-80 35.888-80 80-80 80 35.888 80 80z\"><\/path><\/svg><\/g><\/defs><\/svg><div class=\"stk-block-icon-list__ul stk-block-icon-list--column\"><ul class=\"stk-block-icon-list__group\">\n<li class=\"wp-block-stackable-icon-list-item stk-block-icon-list-item stk-block stk-12ae31d\" data-block-id=\"12ae31d\"><div class=\"stk-block-icon-list-item__content\"><span class=\"stk--svg-wrapper\"><div class=\"stk--inner-svg\"><svg aria-hidden=\"true\" width=\"32\" height=\"32\"><use xlink:href=\"#stk-icon-list__icon-svg-def-d1ed66b\"><\/use><\/svg><\/div><\/span><span class=\"stk-block-icon-list-item__text\">14.000 carreras por minuto, longitud de carrera de 0,007 pulgadas (0,018 mm), eliminaci\u00f3n de gran precisi\u00f3n con menos riesgo de da\u00f1ar piezas delicadas; menos agresiva que una rectificadora de matrices; liviana y m\u00e1s r\u00e1pida que el limado a mano.<\/span><\/div><\/li>\n\n\n\n<li class=\"wp-block-stackable-icon-list-item stk-block-icon-list-item stk-block stk-a1e9729\" data-block-id=\"a1e9729\"><div class=\"stk-block-icon-list-item__content\"><span class=\"stk--svg-wrapper\"><div class=\"stk--inner-svg\"><svg aria-hidden=\"true\" width=\"32\" height=\"32\"><use xlink:href=\"#stk-icon-list__icon-svg-def-d1ed66b\"><\/use><\/svg><\/div><\/span><span class=\"stk-block-icon-list-item__text\">S\u00f3lo se necesita una llave. Limas m\u00e1s f\u00e1ciles de cambiar. Manguera de goma f\u00e1cil de sujetar.<\/span><\/div><\/li>\n\n\n\n<li class=\"wp-block-stackable-icon-list-item stk-block-icon-list-item stk-block stk-61fd65b\" data-block-id=\"61fd65b\"><div class=\"stk-block-icon-list-item__content\"><span class=\"stk--svg-wrapper\"><div class=\"stk--inner-svg\"><svg aria-hidden=\"true\" width=\"32\" height=\"32\"><use xlink:href=\"#stk-icon-list__icon-svg-def-d1ed66b\"><\/use><\/svg><\/div><\/span><span class=\"stk-block-icon-list-item__text\">No se recomienda efectuar la lubricaci\u00f3n durante la operaci\u00f3n. Se recomienda efectuar la lubricaci\u00f3n EXCLUSIVAMENTE durante el almacenamiento.<\/span><\/div><\/li>\n\n\n\n<li class=\"wp-block-stackable-icon-list-item stk-block-icon-list-item stk-block stk-9b581c2\" data-block-id=\"9b581c2\"><div class=\"stk-block-icon-list-item__content\"><span class=\"stk--svg-wrapper\"><div class=\"stk--inner-svg\"><svg aria-hidden=\"true\" width=\"32\" height=\"32\"><use xlink:href=\"#stk-icon-list__icon-svg-def-d1ed66b\"><\/use><\/svg><\/div><\/span><span class=\"stk-block-icon-list-item__text\">El kit incluye: herramienta 10832 (conector para mordazas de 3 mm), conector para mordazas de 1\/8 pulgada (51659), lima recta (90900), lima curva (90901), lima en semic\u00edrculo (90930) y llave (95731). Tambi\u00e9n es apto para conectores para mordazas de 1\/16 y 3\/32 pulgada (se venden por separado).<\/span><\/div><\/li>\n<\/ul><\/div><\/div>\n\n\n<div class=\"box-grey bd-toyv1dvlmxcbinpfj2jdortghplaei wp-block-bd--- wp-block-bd-block-18665\"><p class=\"b-header bd-op3bnr48jjjaf7zapgujp8bi7pt5g6\">Industrias:<\/p><p class=\"b-text bd-n3hxovf2dpvvbxo864pxpkbh8v8k29\"><a href=\"https:\/\/www.wloeser.com\/es\/productos\/construccion-metalica\/\">Construcci&#xF3;n met&#xE1;lica<\/a>, <a href=\"https:\/\/www.wloeser.com\/es\/productos\/proveedor-automotriz\/\">Proveedor automotriz<\/a>, <a href=\"https:\/\/www.wloeser.com\/es\/productos\/ingenieria-aeronautica\/\">Ingenier&#xED;a aeron&#xE1;utica<\/a>, <a href=\"https:\/\/www.wloeser.com\/es\/productos\/fabricacion-de-herramientas\/\">Fabricaci&#xF3;n de herramientas<\/a>, <a href=\"https:\/\/www.wloeser.com\/es\/productos\/tecnologia-medica\/\">Tecnolog&#xED;a medica<\/a>, <a href=\"https:\/\/www.wloeser.com\/es\/productos\/cerrajero\/\">Cerrajero<\/a>, <a href=\"https:\/\/www.wloeser.com\/es\/productos\/fundicion\/\">Fundici&#xF3;n<\/a>, <a href=\"https:\/\/www.wloeser.com\/es\/productos\/amoladora-de-contrato\/\">Amoladora de contrato<\/a><\/p><\/div>\n\n<div class=\"box-grey bd-srbqyrpkvqinrlv2smk1zr2p59ucxc wp-block-bd--- wp-block-bd-block-18666\"><p class=\"b-header bd-xwd4czafo7dtha7vthukfkmqre3uit\">Alcance:<\/p><p class=\"bd-32n06608ko2ftrnmos6efwozj1flkm\">Acero inoxidable, acero de alta aleaci&#xF3;n y sin alear, metales no ferrosos, acero fundido, aluminio, titanio, pl&#xE1;stico, vidrio, papel, para componentes, p. ej.  &#xC1;labes de turbina o piezas fundidas a presi&#xF3;n y de inversi&#xF3;n<\/p><p class=\"b-text bd-3t3wt1nvcdcp86sobnohnf5e8rfx1r\"><\/p><\/div>\n\n\n<p class=\"lieferzeit\">Tiempo de entrega: Disponible a corto plazo.<\/p>\n\n\n\n<div id=\"mySampleContent\" class=\"fancybox-hide\"><p class=\"wpcf7-contact-form-not-found\"><strong>Error:<\/strong> Formulario de contacto no encontrado.<\/p><\/div>\n<a href=\"#mySampleContent\" class=\"ari-fancybox popup-button es\" style=\"display: inline-block !important;\">Solicitar una cotizaci\u00f3n<\/a>\n<\/div><\/div><\/div>\n<\/div><\/div>\n\n\n\n<div class=\"wp-block-stackable-divider stk-block-divider stk-block stk-60ae79b\" data-block-id=\"60ae79b\"><hr class=\"stk-block-divider__hr\"\/><\/div>\n\n\n\n<h2 class=\"wp-block-heading has-text-align-left h2-details\" id=\"daten\">Especificaciones t\u00e9cnicas<\/h2>\n\n\n\n<figure class=\"wp-block-table is-style-regular\"><table class=\"has-white-background-color has-background has-fixed-layout\"><tbody><tr><td><strong>N\u00famero de modelo<\/strong><\/td><td>10844<\/td><\/tr><tr><td><strong>Tama\u00f1o del collar<\/strong><\/td><td>1\/8&#8243;<\/td><\/tr><tr><td><strong>Golpes\/min<\/strong><\/td><td>14.000<\/td><\/tr><tr><td><strong>Longitud de carrera pulgadas (mm)<\/strong><\/td><td>007 (.018)<\/td><\/tr><tr><td><strong>Tipo de salida de aire<\/strong><\/td><td>Front<\/td><\/tr><tr><td><strong>Flujo de aire m\u00e1ximo a 6,2 bar (90 psig) l\/min (cft\/min)<\/strong><\/td><td>1 (28)<\/td><\/tr><tr><td><strong><strong>Rosca de entrada de aire<\/strong><\/strong><\/td><td>1\/4&#8243; NPT<\/td><\/tr><tr><td><strong>ID de manguera mm (pulgadas)<\/strong><\/td><td>1\/4&#8243; (6)<\/td><\/tr><tr><td><strong>Longitud pulgadas (mm)<\/strong><\/td><td>3-1\/8&#8243; (80)<\/td><\/tr><tr><td><strong>Altura pulgadas (mm)<\/strong><\/td><td>15\/16&#8243; (23)<\/td><\/tr><tr><td><strong>Nivel sonoro dB(A)<\/strong><\/td><td>82<\/td><\/tr><tr><td><strong>Picos de vibraci\u00f3n de la m\u00e1quina ISO8662 (m\/s\u00b2)<\/strong><\/td><td>8,13<\/td><\/tr><tr><td><strong>Configuraci\u00f3n<\/strong><\/td><td>Straight-Line<\/td><\/tr><tr><td><strong>Transmisi\u00f3n de potencia<\/strong><\/td><td>Piston Driven<\/td><\/tr><tr><td><strong>Peso parcial<\/strong><\/td><td>0.14 kg<\/td><\/tr><\/tbody><\/table><\/figure>\n\n\n\n<div class=\"wp-block-stackable-divider stk-block-divider stk-block stk-nr4q3zf\" data-block-id=\"nr4q3zf\"><hr class=\"stk-block-divider__hr\"\/><\/div>\n\n\n\n<h2 class=\"wp-block-heading has-text-align-left h2-details\" id=\"zubehoer\">Hojas de datos y repuestos<\/h2>\n\n\n\n<div class=\"wp-block-file\"><a id=\"wp-block-file--media-c03a4b22-db67-41fc-a3a1-3c38bec8c377\" href=\"https:\/\/www.wloeser.com\/wp-content\/uploads\/2023\/05\/10844-dynabrade.pdf\" target=\"_blank\" rel=\"noreferrer noopener\">Manual de instrucciones y lista de piezas Dynabrade DynaPen File Kit 10844 (PDF)<\/a><\/div>\n\n\n\n<a class=\"back\" href=\"javascript:history.back()\">Atr\u00e1s<\/a>\n","protected":false},"excerpt":{"rendered":"<p>Paquete vers\u00e1til de limadora de mano en l\u00ednea recta Dynabrade 10844 Tiempo de entrega: Disponible a corto plazo. Solicitar una cotizaci\u00f3n Especificaciones t\u00e9cnicas N\u00famero de modelo 10844 Tama\u00f1o del collar 1\/8&#8243; Golpes\/min 14.000 Longitud de carrera pulgadas (mm) 007 (.018) Tipo de salida de aire Front Flujo de aire m\u00e1ximo a 6,2 bar (90 psig) [&hellip;]<\/p>\n","protected":false},"author":1,"featured_media":0,"parent":8513,"menu_order":15,"comment_status":"closed","ping_status":"closed","template":"templates\/template-full-width.php","meta":{"pgc_sgb_lightbox_settings":"","footnotes":""},"class_list":["post-8570","page","type-page","status-publish","hentry"],"yoast_head":"<!-- This site is optimized with the Yoast SEO plugin v26.8 - https:\/\/yoast.com\/product\/yoast-seo-wordpress\/ -->\n<title>Paquete vers\u00e1til de limadora de mano en l\u00ednea recta Dynabrade 10844 - Loeser Schleifmaschinen<\/title>\n<meta name=\"description\" content=\"El kit de limas Dynabrade DynaPen 10844 ofrece una soluci\u00f3n integral para trabajos precisos de esmerilado y acabado.\" \/>\n<meta name=\"robots\" content=\"index, follow, max-snippet:-1, max-image-preview:large, max-video-preview:-1\" \/>\n<link rel=\"canonical\" href=\"https:\/\/www.wloeser.com\/es\/cintas\/amoladoras-de-mano\/herramientas-neumaticas-con-pinza\/paquete-versatil-de-limadora-de-mano-en-linea-recta-dynabrade-10844\/\" \/>\n<meta property=\"og:locale\" content=\"es_ES\" \/>\n<meta property=\"og:type\" content=\"article\" \/>\n<meta property=\"og:title\" content=\"Paquete vers\u00e1til de limadora de mano en l\u00ednea recta Dynabrade 10844 - Loeser Schleifmaschinen\" \/>\n<meta property=\"og:description\" content=\"El kit de limas Dynabrade DynaPen 10844 ofrece una soluci\u00f3n integral para trabajos precisos de esmerilado y acabado.\" \/>\n<meta property=\"og:url\" content=\"https:\/\/www.wloeser.com\/es\/cintas\/amoladoras-de-mano\/herramientas-neumaticas-con-pinza\/paquete-versatil-de-limadora-de-mano-en-linea-recta-dynabrade-10844\/\" \/>\n<meta property=\"og:site_name\" content=\"Loeser Schleifmaschinen\" \/>\n<meta property=\"article:modified_time\" content=\"2025-05-21T12:57:11+00:00\" \/>\n<meta property=\"og:image\" content=\"https:\/\/www.wloeser.com\/wp-content\/uploads\/2023\/05\/10844-dynabrade.jpg\" \/>\n<meta name=\"twitter:card\" content=\"summary_large_image\" \/>\n<meta name=\"twitter:label1\" content=\"Tiempo de lectura\" \/>\n\t<meta name=\"twitter:data1\" content=\"2 minutos\" \/>\n<script type=\"application\/ld+json\" class=\"yoast-schema-graph\">{\"@context\":\"https:\/\/schema.org\",\"@graph\":[{\"@type\":\"WebPage\",\"@id\":\"https:\/\/www.wloeser.com\/es\/cintas\/amoladoras-de-mano\/herramientas-neumaticas-con-pinza\/paquete-versatil-de-limadora-de-mano-en-linea-recta-dynabrade-10844\/\",\"url\":\"https:\/\/www.wloeser.com\/es\/cintas\/amoladoras-de-mano\/herramientas-neumaticas-con-pinza\/paquete-versatil-de-limadora-de-mano-en-linea-recta-dynabrade-10844\/\",\"name\":\"Paquete vers\u00e1til de limadora de mano en l\u00ednea recta Dynabrade 10844 - Loeser Schleifmaschinen\",\"isPartOf\":{\"@id\":\"https:\/\/www.wloeser.com\/es\/#website\"},\"primaryImageOfPage\":{\"@id\":\"https:\/\/www.wloeser.com\/es\/cintas\/amoladoras-de-mano\/herramientas-neumaticas-con-pinza\/paquete-versatil-de-limadora-de-mano-en-linea-recta-dynabrade-10844\/#primaryimage\"},\"image\":{\"@id\":\"https:\/\/www.wloeser.com\/es\/cintas\/amoladoras-de-mano\/herramientas-neumaticas-con-pinza\/paquete-versatil-de-limadora-de-mano-en-linea-recta-dynabrade-10844\/#primaryimage\"},\"thumbnailUrl\":\"https:\/\/www.wloeser.com\/wp-content\/uploads\/2023\/05\/10844-dynabrade.jpg\",\"datePublished\":\"2023-05-12T09:34:42+00:00\",\"dateModified\":\"2025-05-21T12:57:11+00:00\",\"description\":\"El kit de limas Dynabrade DynaPen 10844 ofrece una soluci\u00f3n integral para trabajos precisos de esmerilado y acabado.\",\"breadcrumb\":{\"@id\":\"https:\/\/www.wloeser.com\/es\/cintas\/amoladoras-de-mano\/herramientas-neumaticas-con-pinza\/paquete-versatil-de-limadora-de-mano-en-linea-recta-dynabrade-10844\/#breadcrumb\"},\"inLanguage\":\"es\",\"potentialAction\":[{\"@type\":\"ReadAction\",\"target\":[\"https:\/\/www.wloeser.com\/es\/cintas\/amoladoras-de-mano\/herramientas-neumaticas-con-pinza\/paquete-versatil-de-limadora-de-mano-en-linea-recta-dynabrade-10844\/\"]}]},{\"@type\":\"ImageObject\",\"inLanguage\":\"es\",\"@id\":\"https:\/\/www.wloeser.com\/es\/cintas\/amoladoras-de-mano\/herramientas-neumaticas-con-pinza\/paquete-versatil-de-limadora-de-mano-en-linea-recta-dynabrade-10844\/#primaryimage\",\"url\":\"https:\/\/www.wloeser.com\/wp-content\/uploads\/2023\/05\/10844-dynabrade.jpg\",\"contentUrl\":\"https:\/\/www.wloeser.com\/wp-content\/uploads\/2023\/05\/10844-dynabrade.jpg\"},{\"@type\":\"BreadcrumbList\",\"@id\":\"https:\/\/www.wloeser.com\/es\/cintas\/amoladoras-de-mano\/herramientas-neumaticas-con-pinza\/paquete-versatil-de-limadora-de-mano-en-linea-recta-dynabrade-10844\/#breadcrumb\",\"itemListElement\":[{\"@type\":\"ListItem\",\"position\":1,\"name\":\"P\u00e1gina de inicio\",\"item\":\"https:\/\/www.wloeser.com\/es\/\"},{\"@type\":\"ListItem\",\"position\":2,\"name\":\"Productos\",\"item\":\"https:\/\/www.wloeser.com\/es\/cintas\/\"},{\"@type\":\"ListItem\",\"position\":3,\"name\":\"Amoladoras de mano\",\"item\":\"https:\/\/www.wloeser.com\/es\/cintas\/amoladoras-de-mano\/\"},{\"@type\":\"ListItem\",\"position\":4,\"name\":\"Herramientas neum\u00e1ticas con pinza\",\"item\":\"https:\/\/www.wloeser.com\/es\/cintas\/amoladoras-de-mano\/herramientas-neumaticas-con-pinza\/\"},{\"@type\":\"ListItem\",\"position\":5,\"name\":\"Paquete vers\u00e1til de limadora de mano en l\u00ednea recta Dynabrade 10844\"}]},{\"@type\":\"WebSite\",\"@id\":\"https:\/\/www.wloeser.com\/es\/#website\",\"url\":\"https:\/\/www.wloeser.com\/es\/\",\"name\":\"Loeser Schleifmaschinen\",\"description\":\"\",\"publisher\":{\"@id\":\"https:\/\/www.wloeser.com\/es\/#organization\"},\"potentialAction\":[{\"@type\":\"SearchAction\",\"target\":{\"@type\":\"EntryPoint\",\"urlTemplate\":\"https:\/\/www.wloeser.com\/es\/?s={search_term_string}\"},\"query-input\":{\"@type\":\"PropertyValueSpecification\",\"valueRequired\":true,\"valueName\":\"search_term_string\"}}],\"inLanguage\":\"es\"},{\"@type\":\"Organization\",\"@id\":\"https:\/\/www.wloeser.com\/es\/#organization\",\"name\":\"Loeser Schleifmaschinen\",\"url\":\"https:\/\/www.wloeser.com\/es\/\",\"logo\":{\"@type\":\"ImageObject\",\"inLanguage\":\"es\",\"@id\":\"https:\/\/www.wloeser.com\/es\/#\/schema\/logo\/image\/\",\"url\":\"https:\/\/www.wloeser.com\/wp-content\/uploads\/2023\/03\/cropped-loeser-logo-2023.jpg\",\"contentUrl\":\"https:\/\/www.wloeser.com\/wp-content\/uploads\/2023\/03\/cropped-loeser-logo-2023.jpg\",\"width\":500,\"height\":238,\"caption\":\"Loeser Schleifmaschinen\"},\"image\":{\"@id\":\"https:\/\/www.wloeser.com\/es\/#\/schema\/logo\/image\/\"}}]}<\/script>\n<!-- \/ Yoast SEO plugin. -->","yoast_head_json":{"title":"Paquete vers\u00e1til de limadora de mano en l\u00ednea recta Dynabrade 10844 - Loeser Schleifmaschinen","description":"El kit de limas Dynabrade DynaPen 10844 ofrece una soluci\u00f3n integral para trabajos precisos de esmerilado y acabado.","robots":{"index":"index","follow":"follow","max-snippet":"max-snippet:-1","max-image-preview":"max-image-preview:large","max-video-preview":"max-video-preview:-1"},"canonical":"https:\/\/www.wloeser.com\/es\/cintas\/amoladoras-de-mano\/herramientas-neumaticas-con-pinza\/paquete-versatil-de-limadora-de-mano-en-linea-recta-dynabrade-10844\/","og_locale":"es_ES","og_type":"article","og_title":"Paquete vers\u00e1til de limadora de mano en l\u00ednea recta Dynabrade 10844 - Loeser Schleifmaschinen","og_description":"El kit de limas Dynabrade DynaPen 10844 ofrece una soluci\u00f3n integral para trabajos precisos de esmerilado y acabado.","og_url":"https:\/\/www.wloeser.com\/es\/cintas\/amoladoras-de-mano\/herramientas-neumaticas-con-pinza\/paquete-versatil-de-limadora-de-mano-en-linea-recta-dynabrade-10844\/","og_site_name":"Loeser Schleifmaschinen","article_modified_time":"2025-05-21T12:57:11+00:00","og_image":[{"url":"https:\/\/www.wloeser.com\/wp-content\/uploads\/2023\/05\/10844-dynabrade.jpg","type":"","width":"","height":""}],"twitter_card":"summary_large_image","twitter_misc":{"Tiempo de lectura":"2 minutos"},"schema":{"@context":"https:\/\/schema.org","@graph":[{"@type":"WebPage","@id":"https:\/\/www.wloeser.com\/es\/cintas\/amoladoras-de-mano\/herramientas-neumaticas-con-pinza\/paquete-versatil-de-limadora-de-mano-en-linea-recta-dynabrade-10844\/","url":"https:\/\/www.wloeser.com\/es\/cintas\/amoladoras-de-mano\/herramientas-neumaticas-con-pinza\/paquete-versatil-de-limadora-de-mano-en-linea-recta-dynabrade-10844\/","name":"Paquete vers\u00e1til de limadora de mano en l\u00ednea recta Dynabrade 10844 - Loeser Schleifmaschinen","isPartOf":{"@id":"https:\/\/www.wloeser.com\/es\/#website"},"primaryImageOfPage":{"@id":"https:\/\/www.wloeser.com\/es\/cintas\/amoladoras-de-mano\/herramientas-neumaticas-con-pinza\/paquete-versatil-de-limadora-de-mano-en-linea-recta-dynabrade-10844\/#primaryimage"},"image":{"@id":"https:\/\/www.wloeser.com\/es\/cintas\/amoladoras-de-mano\/herramientas-neumaticas-con-pinza\/paquete-versatil-de-limadora-de-mano-en-linea-recta-dynabrade-10844\/#primaryimage"},"thumbnailUrl":"https:\/\/www.wloeser.com\/wp-content\/uploads\/2023\/05\/10844-dynabrade.jpg","datePublished":"2023-05-12T09:34:42+00:00","dateModified":"2025-05-21T12:57:11+00:00","description":"El kit de limas Dynabrade DynaPen 10844 ofrece una soluci\u00f3n integral para trabajos precisos de esmerilado y acabado.","breadcrumb":{"@id":"https:\/\/www.wloeser.com\/es\/cintas\/amoladoras-de-mano\/herramientas-neumaticas-con-pinza\/paquete-versatil-de-limadora-de-mano-en-linea-recta-dynabrade-10844\/#breadcrumb"},"inLanguage":"es","potentialAction":[{"@type":"ReadAction","target":["https:\/\/www.wloeser.com\/es\/cintas\/amoladoras-de-mano\/herramientas-neumaticas-con-pinza\/paquete-versatil-de-limadora-de-mano-en-linea-recta-dynabrade-10844\/"]}]},{"@type":"ImageObject","inLanguage":"es","@id":"https:\/\/www.wloeser.com\/es\/cintas\/amoladoras-de-mano\/herramientas-neumaticas-con-pinza\/paquete-versatil-de-limadora-de-mano-en-linea-recta-dynabrade-10844\/#primaryimage","url":"https:\/\/www.wloeser.com\/wp-content\/uploads\/2023\/05\/10844-dynabrade.jpg","contentUrl":"https:\/\/www.wloeser.com\/wp-content\/uploads\/2023\/05\/10844-dynabrade.jpg"},{"@type":"BreadcrumbList","@id":"https:\/\/www.wloeser.com\/es\/cintas\/amoladoras-de-mano\/herramientas-neumaticas-con-pinza\/paquete-versatil-de-limadora-de-mano-en-linea-recta-dynabrade-10844\/#breadcrumb","itemListElement":[{"@type":"ListItem","position":1,"name":"P\u00e1gina de inicio","item":"https:\/\/www.wloeser.com\/es\/"},{"@type":"ListItem","position":2,"name":"Productos","item":"https:\/\/www.wloeser.com\/es\/cintas\/"},{"@type":"ListItem","position":3,"name":"Amoladoras de mano","item":"https:\/\/www.wloeser.com\/es\/cintas\/amoladoras-de-mano\/"},{"@type":"ListItem","position":4,"name":"Herramientas neum\u00e1ticas con pinza","item":"https:\/\/www.wloeser.com\/es\/cintas\/amoladoras-de-mano\/herramientas-neumaticas-con-pinza\/"},{"@type":"ListItem","position":5,"name":"Paquete vers\u00e1til de limadora de mano en l\u00ednea recta Dynabrade 10844"}]},{"@type":"WebSite","@id":"https:\/\/www.wloeser.com\/es\/#website","url":"https:\/\/www.wloeser.com\/es\/","name":"Loeser Schleifmaschinen","description":"","publisher":{"@id":"https:\/\/www.wloeser.com\/es\/#organization"},"potentialAction":[{"@type":"SearchAction","target":{"@type":"EntryPoint","urlTemplate":"https:\/\/www.wloeser.com\/es\/?s={search_term_string}"},"query-input":{"@type":"PropertyValueSpecification","valueRequired":true,"valueName":"search_term_string"}}],"inLanguage":"es"},{"@type":"Organization","@id":"https:\/\/www.wloeser.com\/es\/#organization","name":"Loeser Schleifmaschinen","url":"https:\/\/www.wloeser.com\/es\/","logo":{"@type":"ImageObject","inLanguage":"es","@id":"https:\/\/www.wloeser.com\/es\/#\/schema\/logo\/image\/","url":"https:\/\/www.wloeser.com\/wp-content\/uploads\/2023\/03\/cropped-loeser-logo-2023.jpg","contentUrl":"https:\/\/www.wloeser.com\/wp-content\/uploads\/2023\/03\/cropped-loeser-logo-2023.jpg","width":500,"height":238,"caption":"Loeser Schleifmaschinen"},"image":{"@id":"https:\/\/www.wloeser.com\/es\/#\/schema\/logo\/image\/"}}]}},"_links":{"self":[{"href":"https:\/\/www.wloeser.com\/es\/wp-json\/wp\/v2\/pages\/8570","targetHints":{"allow":["GET"]}}],"collection":[{"href":"https:\/\/www.wloeser.com\/es\/wp-json\/wp\/v2\/pages"}],"about":[{"href":"https:\/\/www.wloeser.com\/es\/wp-json\/wp\/v2\/types\/page"}],"author":[{"embeddable":true,"href":"https:\/\/www.wloeser.com\/es\/wp-json\/wp\/v2\/users\/1"}],"replies":[{"embeddable":true,"href":"https:\/\/www.wloeser.com\/es\/wp-json\/wp\/v2\/comments?post=8570"}],"version-history":[{"count":11,"href":"https:\/\/www.wloeser.com\/es\/wp-json\/wp\/v2\/pages\/8570\/revisions"}],"predecessor-version":[{"id":20908,"href":"https:\/\/www.wloeser.com\/es\/wp-json\/wp\/v2\/pages\/8570\/revisions\/20908"}],"up":[{"embeddable":true,"href":"https:\/\/www.wloeser.com\/es\/wp-json\/wp\/v2\/pages\/8513"}],"wp:attachment":[{"href":"https:\/\/www.wloeser.com\/es\/wp-json\/wp\/v2\/media?parent=8570"}],"curies":[{"name":"wp","href":"https:\/\/api.w.org\/{rel}","templated":true}]}}