{"id":8533,"date":"2023-05-11T12:30:29","date_gmt":"2023-05-11T10:30:29","guid":{"rendered":"https:\/\/loeser.createch-media.com\/?page_id=8533"},"modified":"2025-05-21T14:55:45","modified_gmt":"2025-05-21T12:55:45","slug":"rectificadora-de-matrices-en-linea-recta-dynabrade-51300","status":"publish","type":"page","link":"https:\/\/www.wloeser.com\/es\/cintas\/amoladoras-de-mano\/herramientas-neumaticas-con-pinza\/rectificadora-de-matrices-en-linea-recta-dynabrade-51300\/","title":{"rendered":"Rectificadora de matrices en l\u00ednea recta Dynabrade 51300"},"content":{"rendered":"\n<div class=\"wp-block-stackable-columns stk-block-columns stk-block stk-7a8ef8a animated zoomIn\" data-block-id=\"7a8ef8a\"><style>@media screen and (max-width: 767px){.stk-7a8ef8a {--stk-col-order-1:2 !important;--stk-col-order-2:1 !important;}}<\/style><div class=\"stk-row stk-inner-blocks stk-block-content stk-content-align stk-7a8ef8a-column\">\n<div class=\"wp-block-stackable-column stk-block-column stk-column stk-block stk-7d2e3ef\" data-v=\"4\" data-block-id=\"7d2e3ef\"><style>.stk-7d2e3ef-container{margin-top:50px !important;}@media screen and (min-width: 768px){.stk-7d2e3ef {flex:var(--stk-flex-grow, 1) 1 calc(40% - var(--stk-column-gap, 0px) * 1 \/ 2 ) !important;}}<\/style><div class=\"stk-column-wrapper stk-block-column__content stk-container stk-7d2e3ef-container stk--no-background stk--no-padding\"><div class=\"stk-block-content stk-inner-blocks stk-7d2e3ef-inner-blocks\">\n<figure class=\"wp-block-image size-large\"><a href=\"https:\/\/www.wloeser.com\/wp-content\/uploads\/2023\/05\/51300-dynabrade.jpg\"><img loading=\"lazy\" decoding=\"async\" width=\"1024\" height=\"550\" src=\"https:\/\/www.wloeser.com\/wp-content\/uploads\/2023\/05\/51300-dynabrade-1024x550.jpg\" alt=\"Dynabrade Druckluft- Geradeschleifer 51300\" class=\"wp-image-4935\" srcset=\"https:\/\/www.wloeser.com\/wp-content\/uploads\/2023\/05\/51300-dynabrade-1024x550.jpg 1024w, https:\/\/www.wloeser.com\/wp-content\/uploads\/2023\/05\/51300-dynabrade-300x161.jpg 300w, https:\/\/www.wloeser.com\/wp-content\/uploads\/2023\/05\/51300-dynabrade-768x413.jpg 768w, https:\/\/www.wloeser.com\/wp-content\/uploads\/2023\/05\/51300-dynabrade.jpg 1200w\" sizes=\"auto, (max-width: 1024px) 100vw, 1024px\" \/><\/a><\/figure>\n<\/div><\/div><\/div>\n\n\n\n<div class=\"wp-block-stackable-column stk-block-column stk-column stk-block stk-835a466\" data-v=\"4\" data-block-id=\"835a466\"><style>@media screen and (min-width: 768px){.stk-835a466 {flex:var(--stk-flex-grow, 1) 1 calc(60% - var(--stk-column-gap, 0px) * 1 \/ 2 ) !important;}}<\/style><div class=\"stk-column-wrapper stk-block-column__content stk-container stk-835a466-container stk--no-background stk--no-padding\"><div class=\"stk-block-content stk-inner-blocks stk-835a466-inner-blocks\">\n<h1 class=\"wp-block-heading animated zoomIn\">Rectificadora de matrices en l\u00ednea recta Dynabrade 51300<\/h1>\n\n\n\n<div class=\"wp-block-stackable-icon-list stk-block-icon-list stk-block stk-d1ed66b\" data-block-id=\"d1ed66b\"><style>.stk-d1ed66b .stk-block-icon-list-item__content{gap:9px !important;align-items:baseline !important;}.stk-d1ed66b {--stk-icon-list-column-gap:0px !important;--stk-icon-list-row-gap:15px !important;--stk-icon-list-marker-color:#2c4f95 !important;--stk-icon-list-icon-size:12.5px !important;}.stk-d1ed66b ul, .stk-d1ed66b ol{padding-left:20px !important;}<\/style><svg style=\"display:none\"><defs><g id=\"stk-icon-list__icon-svg-def-d1ed66b\"><svg aria-hidden=\"true\" focusable=\"false\" data-prefix=\"fas\" data-icon=\"dot-circle\" class=\"svg-inline--fa fa-dot-circle fa-w-16\" role=\"img\" xmlns=\"http:\/\/www.w3.org\/2000\/svg\" viewBox=\"0 0 512 512\"><path fill=\"currentColor\" d=\"M256 8C119.033 8 8 119.033 8 256s111.033 248 248 248 248-111.033 248-248S392.967 8 256 8zm80 248c0 44.112-35.888 80-80 80s-80-35.888-80-80 35.888-80 80-80 80 35.888 80 80z\"><\/path><\/svg><\/g><\/defs><\/svg><div class=\"stk-block-icon-list__ul stk-block-icon-list--column\"><ul class=\"stk-block-icon-list__group\">\n<li class=\"wp-block-stackable-icon-list-item stk-block-icon-list-item stk-block stk-a5b2b7c\" data-block-id=\"a5b2b7c\"><div class=\"stk-block-icon-list-item__content\"><span class=\"stk--svg-wrapper\"><div class=\"stk--inner-svg\"><svg aria-hidden=\"true\" width=\"32\" height=\"32\"><use xlink:href=\"#stk-icon-list__icon-svg-def-d1ed66b\"><\/use><\/svg><\/div><\/span><span class=\"stk-block-icon-list-item__text\">Los peque\u00f1os poderosos<\/span><\/div><\/li>\n\n\n\n<li class=\"wp-block-stackable-icon-list-item stk-block-icon-list-item stk-block stk-05c527b\" data-block-id=\"05c527b\"><div class=\"stk-block-icon-list-item__content\"><span class=\"stk--svg-wrapper\"><div class=\"stk--inner-svg\"><svg aria-hidden=\"true\" width=\"32\" height=\"32\"><use xlink:href=\"#stk-icon-list__icon-svg-def-d1ed66b\"><\/use><\/svg><\/div><\/span><span class=\"stk-block-icon-list-item__text\">Insertos de pinza disponibles opcionalmente con 3, 6, 8 y 10 mm<\/span><\/div><\/li>\n\n\n\n<li class=\"wp-block-stackable-icon-list-item stk-block-icon-list-item stk-block stk-865ec4a\" data-block-id=\"865ec4a\"><div class=\"stk-block-icon-list-item__content\"><span class=\"stk--svg-wrapper\"><div class=\"stk--inner-svg\"><svg aria-hidden=\"true\" width=\"32\" height=\"32\"><use xlink:href=\"#stk-icon-list__icon-svg-def-d1ed66b\"><\/use><\/svg><\/div><\/span><span class=\"stk-block-icon-list-item__text\">Escape en la parte trasera con silenciador adicional<\/span><\/div><\/li>\n\n\n\n<li class=\"wp-block-stackable-icon-list-item stk-block-icon-list-item stk-block stk-45d3613\" data-block-id=\"45d3613\"><div class=\"stk-block-icon-list-item__content\"><span class=\"stk--svg-wrapper\"><div class=\"stk--inner-svg\"><svg aria-hidden=\"true\" width=\"32\" height=\"32\"><use xlink:href=\"#stk-icon-list__icon-svg-def-d1ed66b\"><\/use><\/svg><\/div><\/span><span class=\"stk-block-icon-list-item__text\">escape al frente<\/span><\/div><\/li>\n<\/ul><\/div><\/div>\n\n\n<div class=\"box-grey bd-toyv1dvlmxcbinpfj2jdortghplaei wp-block-bd--- wp-block-bd-block-18665\"><p class=\"b-header bd-op3bnr48jjjaf7zapgujp8bi7pt5g6\">Industrias:<\/p><p class=\"b-text bd-n3hxovf2dpvvbxo864pxpkbh8v8k29\"><a href=\"https:\/\/www.wloeser.com\/es\/productos\/construccion-metalica\/\">Construcci&#xF3;n met&#xE1;lica<\/a>, <a href=\"https:\/\/www.wloeser.com\/es\/productos\/proveedor-automotriz\/\">Proveedor automotriz<\/a>, <a href=\"https:\/\/www.wloeser.com\/es\/productos\/ingenieria-aeronautica\/\">Ingenier&#xED;a aeron&#xE1;utica<\/a>, <a href=\"https:\/\/www.wloeser.com\/es\/productos\/fabricacion-de-herramientas\/\">Fabricaci&#xF3;n de herramientas<\/a>, <a href=\"https:\/\/www.wloeser.com\/es\/productos\/tecnologia-medica\/\">Tecnolog&#xED;a medica<\/a>, <a href=\"https:\/\/www.wloeser.com\/es\/productos\/cerrajero\/\">Cerrajero<\/a>, <a href=\"https:\/\/www.wloeser.com\/es\/productos\/fundicion\/\">Fundici&#xF3;n<\/a>, <a href=\"https:\/\/www.wloeser.com\/es\/productos\/amoladora-de-contrato\/\">Amoladora de contrato<\/a><\/p><\/div>\n\n<div class=\"box-grey bd-srbqyrpkvqinrlv2smk1zr2p59ucxc wp-block-bd--- wp-block-bd-block-18666\"><p class=\"b-header bd-xwd4czafo7dtha7vthukfkmqre3uit\">Alcance:<\/p><p class=\"bd-32n06608ko2ftrnmos6efwozj1flkm\">Acero inoxidable, acero de alta aleaci&#xF3;n y sin alear, metales no ferrosos, acero fundido, aluminio, titanio, pl&#xE1;stico, vidrio, papel, para componentes, p. ej.  &#xC1;labes de turbina o piezas fundidas a presi&#xF3;n y de inversi&#xF3;n<\/p><p class=\"b-text bd-3t3wt1nvcdcp86sobnohnf5e8rfx1r\"><\/p><\/div>\n\n\n<p class=\"lieferzeit\">Tiempo de entrega: Disponible a corto plazo.<\/p>\n\n\n\n<div id=\"mySampleContent\" class=\"fancybox-hide\"><p class=\"wpcf7-contact-form-not-found\"><strong>Error:<\/strong> Formulario de contacto no encontrado.<\/p><\/div>\n<a href=\"#mySampleContent\" class=\"ari-fancybox popup-button es\" style=\"display: inline-block !important;\">Solicitar una cotizaci\u00f3n<\/a>\n<\/div><\/div><\/div>\n<\/div><\/div>\n\n\n\n<div class=\"wp-block-stackable-divider stk-block-divider stk-block stk-60ae79b\" data-block-id=\"60ae79b\"><hr class=\"stk-block-divider__hr\"\/><\/div>\n\n\n\n<h2 class=\"wp-block-heading has-text-align-left h2-details\" id=\"daten\">Especificaciones t\u00e9cnicas<\/h2>\n\n\n\n<h3 class=\"wp-block-heading animated zoomIn\"><em>Escape al frente<\/em><\/h3>\n\n\n\n<figure class=\"wp-block-table is-style-regular\"><table class=\"has-white-background-color has-background has-fixed-layout\"><tbody><tr><td><strong>N\u00famero de modelo<\/strong><\/td><td>51300<\/td><td>51301<\/td><td>51302<\/td><td>51303<\/td><\/tr><tr><td><strong>Potencia del motor<\/strong><\/td><td>380 W<\/td><td>380 W<\/td><td>380 W<\/td><td>380 W<\/td><\/tr><tr><td><strong>Velocidad por minuto<\/strong><\/td><td>15.000<\/td><td>18.000<\/td><td>20.000<\/td><td>24.000<\/td><\/tr><tr><td><strong>Nivel de ruido<\/strong><\/td><td>80 dB(A)<\/td><td>81 dB(A)<\/td><td>82 dB(A)<\/td><td>84 DB(A)<\/td><\/tr><tr><td><strong>Consumo de aire<\/strong><\/td><td>680 L\/min.<\/td><td>680 L\/min.<\/td><td>700 L\/min.<\/td><td>730 L\/min.<\/td><\/tr><tr><td><strong>Peso<\/strong><\/td><td>0,7 kg<\/td><td>0,7 kg<\/td><td>0,7 kg<\/td><td>0,7 kg<\/td><\/tr><tr><td><strong>Longitud<\/strong><\/td><td>178 mm<\/td><td>178 mm<\/td><td>178 mm<\/td><td> 178 mm<\/td><\/tr><tr><td><strong>Renovaci\u00f3n<\/strong><\/td><td>48 mm<\/td><td>48 mm<\/td><td>48 mm<\/td><td>48 mm<\/td><\/tr><\/tbody><\/table><\/figure>\n\n\n\n<h3 class=\"wp-block-heading animated zoomIn\"><em>Escape por la parte trasera<\/em><\/h3>\n\n\n\n<figure class=\"wp-block-table is-style-regular\"><table class=\"has-white-background-color has-background has-fixed-layout\"><tbody><tr><td><strong><strong>N\u00famero de modelo<\/strong><\/strong><\/td><td>51304<\/td><td>51305<\/td><td>51306<\/td><td>51307<\/td><\/tr><tr><td><strong><strong>Potencia del motor<\/strong><\/strong><\/td><td>380 W<\/td><td>380 W<\/td><td>373 W<\/td><td>373 W<\/td><\/tr><tr><td><strong><strong>Velocidad por minuto<\/strong><\/strong><\/td><td>15.000<\/td><td>18.000<\/td><td>20.000<\/td><td>24.000<\/td><\/tr><tr><td><strong><strong>Nivel de ruido<\/strong><\/strong><\/td><td>79 dB(A)<\/td><td>79 dB(A)<\/td><td>75 dB(A)<\/td><td>76 dB(A)<\/td><\/tr><tr><td><strong><strong>Consumo de aire<\/strong><\/strong><\/td><td>700 L\/min.<\/td><td>730 L\/min.<\/td><td>765 L\/min.<\/td><td>765 L\/min.<\/td><\/tr><tr><td><strong><strong>Peso<\/strong><\/strong><\/td><td>0,8 kg<\/td><td>0,8 kg<\/td><td>0,8 kg<\/td><td>0,8 kg<\/td><\/tr><tr><td><strong><strong>Longitud<\/strong><\/strong><\/td><td>235 mm<\/td><td>235 mm<\/td><td>235 mm<\/td><td> 235 mm<\/td><\/tr><tr><td><strong><strong>Renovaci\u00f3n<\/strong><\/strong><\/td><td>48 mm<\/td><td>48 mm<\/td><td>48 mm<\/td><td>48 mm<\/td><\/tr><\/tbody><\/table><\/figure>\n\n\n\n<div class=\"wp-block-stackable-divider stk-block-divider stk-block stk-vgo54ye\" data-block-id=\"vgo54ye\"><hr class=\"stk-block-divider__hr\"\/><\/div>\n\n\n\n<h2 class=\"wp-block-heading has-text-align-left h2-details\" id=\"zubehoer\">Hojas de datos y repuestos<\/h2>\n\n\n\n<div class=\"wp-block-file\"><a id=\"wp-block-file--media-c03a4b22-db67-41fc-a3a1-3c38bec8c377\" href=\"https:\/\/www.wloeser.com\/wp-content\/uploads\/2023\/05\/51300-dynabrade.pdf\" target=\"_blank\" rel=\"noreferrer noopener\">Manual de instrucciones y lista de repuestos Amoladora recta de aire comprimido Dynabrade 51300, 51301, 51302, 51303 (PDF)<\/a><\/div>\n\n\n\n<div class=\"wp-block-file\"><a id=\"wp-block-file--media-c03a4b22-db67-41fc-a3a1-3c38bec8c377\" href=\"https:\/\/www.wloeser.com\/wp-content\/uploads\/2023\/05\/51304-dynabrade.pdf\" target=\"_blank\" rel=\"noreferrer noopener\">Manual de instrucciones y lista de repuestos Amoladora recta neum\u00e1tica Dynabrade 51304, 51305, 51306, 51307 (PDF)<\/a><\/div>\n\n\n\n<a class=\"back\" href=\"javascript:history.back()\">Atr\u00e1s<\/a>\n","protected":false},"excerpt":{"rendered":"<p>Rectificadora de matrices en l\u00ednea recta Dynabrade 51300 Tiempo de entrega: Disponible a corto plazo. Solicitar una cotizaci\u00f3n Especificaciones t\u00e9cnicas Escape al frente N\u00famero de modelo 51300 51301 51302 51303 Potencia del motor 380 W 380 W 380 W 380 W Velocidad por minuto 15.000 18.000 20.000 24.000 Nivel de ruido 80 dB(A) 81 dB(A) [&hellip;]<\/p>\n","protected":false},"author":1,"featured_media":0,"parent":8513,"menu_order":4,"comment_status":"closed","ping_status":"closed","template":"templates\/template-full-width.php","meta":{"pgc_sgb_lightbox_settings":"","footnotes":""},"class_list":["post-8533","page","type-page","status-publish","hentry"],"yoast_head":"<!-- This site is optimized with the Yoast SEO plugin v26.8 - https:\/\/yoast.com\/product\/yoast-seo-wordpress\/ -->\n<title>Rectificadora de matrices en l\u00ednea recta Dynabrade 51300 - Loeser Schleifmaschinen<\/title>\n<meta name=\"description\" content=\"La amoladora recta de aire comprimido Dynabrade 51300 es una de las herramientas potentes y compactas que ofrece una amplia gama de aplicaciones.\" \/>\n<meta name=\"robots\" content=\"index, follow, max-snippet:-1, max-image-preview:large, max-video-preview:-1\" \/>\n<link rel=\"canonical\" href=\"https:\/\/www.wloeser.com\/es\/cintas\/amoladoras-de-mano\/herramientas-neumaticas-con-pinza\/rectificadora-de-matrices-en-linea-recta-dynabrade-51300\/\" \/>\n<meta property=\"og:locale\" content=\"es_ES\" \/>\n<meta property=\"og:type\" content=\"article\" \/>\n<meta property=\"og:title\" content=\"Rectificadora de matrices en l\u00ednea recta Dynabrade 51300 - Loeser Schleifmaschinen\" \/>\n<meta property=\"og:description\" content=\"La amoladora recta de aire comprimido Dynabrade 51300 es una de las herramientas potentes y compactas que ofrece una amplia gama de aplicaciones.\" \/>\n<meta property=\"og:url\" content=\"https:\/\/www.wloeser.com\/es\/cintas\/amoladoras-de-mano\/herramientas-neumaticas-con-pinza\/rectificadora-de-matrices-en-linea-recta-dynabrade-51300\/\" \/>\n<meta property=\"og:site_name\" content=\"Loeser Schleifmaschinen\" \/>\n<meta property=\"article:modified_time\" content=\"2025-05-21T12:55:45+00:00\" \/>\n<meta property=\"og:image\" content=\"https:\/\/www.wloeser.com\/wp-content\/uploads\/2023\/05\/51300-dynabrade.jpg\" \/>\n\t<meta property=\"og:image:width\" content=\"1200\" \/>\n\t<meta property=\"og:image:height\" content=\"645\" \/>\n\t<meta property=\"og:image:type\" content=\"image\/jpeg\" \/>\n<meta name=\"twitter:card\" content=\"summary_large_image\" \/>\n<meta name=\"twitter:label1\" content=\"Tiempo de lectura\" \/>\n\t<meta name=\"twitter:data1\" content=\"2 minutos\" \/>\n<script type=\"application\/ld+json\" class=\"yoast-schema-graph\">{\"@context\":\"https:\/\/schema.org\",\"@graph\":[{\"@type\":\"WebPage\",\"@id\":\"https:\/\/www.wloeser.com\/es\/cintas\/amoladoras-de-mano\/herramientas-neumaticas-con-pinza\/rectificadora-de-matrices-en-linea-recta-dynabrade-51300\/\",\"url\":\"https:\/\/www.wloeser.com\/es\/cintas\/amoladoras-de-mano\/herramientas-neumaticas-con-pinza\/rectificadora-de-matrices-en-linea-recta-dynabrade-51300\/\",\"name\":\"Rectificadora de matrices en l\u00ednea recta Dynabrade 51300 - Loeser Schleifmaschinen\",\"isPartOf\":{\"@id\":\"https:\/\/www.wloeser.com\/es\/#website\"},\"primaryImageOfPage\":{\"@id\":\"https:\/\/www.wloeser.com\/es\/cintas\/amoladoras-de-mano\/herramientas-neumaticas-con-pinza\/rectificadora-de-matrices-en-linea-recta-dynabrade-51300\/#primaryimage\"},\"image\":{\"@id\":\"https:\/\/www.wloeser.com\/es\/cintas\/amoladoras-de-mano\/herramientas-neumaticas-con-pinza\/rectificadora-de-matrices-en-linea-recta-dynabrade-51300\/#primaryimage\"},\"thumbnailUrl\":\"https:\/\/www.wloeser.com\/wp-content\/uploads\/2023\/05\/51300-dynabrade-1024x550.jpg\",\"datePublished\":\"2023-05-11T10:30:29+00:00\",\"dateModified\":\"2025-05-21T12:55:45+00:00\",\"description\":\"La amoladora recta de aire comprimido Dynabrade 51300 es una de las herramientas potentes y compactas que ofrece una amplia gama de aplicaciones.\",\"breadcrumb\":{\"@id\":\"https:\/\/www.wloeser.com\/es\/cintas\/amoladoras-de-mano\/herramientas-neumaticas-con-pinza\/rectificadora-de-matrices-en-linea-recta-dynabrade-51300\/#breadcrumb\"},\"inLanguage\":\"es\",\"potentialAction\":[{\"@type\":\"ReadAction\",\"target\":[\"https:\/\/www.wloeser.com\/es\/cintas\/amoladoras-de-mano\/herramientas-neumaticas-con-pinza\/rectificadora-de-matrices-en-linea-recta-dynabrade-51300\/\"]}]},{\"@type\":\"ImageObject\",\"inLanguage\":\"es\",\"@id\":\"https:\/\/www.wloeser.com\/es\/cintas\/amoladoras-de-mano\/herramientas-neumaticas-con-pinza\/rectificadora-de-matrices-en-linea-recta-dynabrade-51300\/#primaryimage\",\"url\":\"https:\/\/www.wloeser.com\/wp-content\/uploads\/2023\/05\/51300-dynabrade-1024x550.jpg\",\"contentUrl\":\"https:\/\/www.wloeser.com\/wp-content\/uploads\/2023\/05\/51300-dynabrade-1024x550.jpg\"},{\"@type\":\"BreadcrumbList\",\"@id\":\"https:\/\/www.wloeser.com\/es\/cintas\/amoladoras-de-mano\/herramientas-neumaticas-con-pinza\/rectificadora-de-matrices-en-linea-recta-dynabrade-51300\/#breadcrumb\",\"itemListElement\":[{\"@type\":\"ListItem\",\"position\":1,\"name\":\"P\u00e1gina de inicio\",\"item\":\"https:\/\/www.wloeser.com\/es\/\"},{\"@type\":\"ListItem\",\"position\":2,\"name\":\"Productos\",\"item\":\"https:\/\/www.wloeser.com\/es\/cintas\/\"},{\"@type\":\"ListItem\",\"position\":3,\"name\":\"Amoladoras de mano\",\"item\":\"https:\/\/www.wloeser.com\/es\/cintas\/amoladoras-de-mano\/\"},{\"@type\":\"ListItem\",\"position\":4,\"name\":\"Herramientas neum\u00e1ticas con pinza\",\"item\":\"https:\/\/www.wloeser.com\/es\/cintas\/amoladoras-de-mano\/herramientas-neumaticas-con-pinza\/\"},{\"@type\":\"ListItem\",\"position\":5,\"name\":\"Rectificadora de matrices en l\u00ednea recta Dynabrade 51300\"}]},{\"@type\":\"WebSite\",\"@id\":\"https:\/\/www.wloeser.com\/es\/#website\",\"url\":\"https:\/\/www.wloeser.com\/es\/\",\"name\":\"Loeser Schleifmaschinen\",\"description\":\"\",\"publisher\":{\"@id\":\"https:\/\/www.wloeser.com\/es\/#organization\"},\"potentialAction\":[{\"@type\":\"SearchAction\",\"target\":{\"@type\":\"EntryPoint\",\"urlTemplate\":\"https:\/\/www.wloeser.com\/es\/?s={search_term_string}\"},\"query-input\":{\"@type\":\"PropertyValueSpecification\",\"valueRequired\":true,\"valueName\":\"search_term_string\"}}],\"inLanguage\":\"es\"},{\"@type\":\"Organization\",\"@id\":\"https:\/\/www.wloeser.com\/es\/#organization\",\"name\":\"Loeser Schleifmaschinen\",\"url\":\"https:\/\/www.wloeser.com\/es\/\",\"logo\":{\"@type\":\"ImageObject\",\"inLanguage\":\"es\",\"@id\":\"https:\/\/www.wloeser.com\/es\/#\/schema\/logo\/image\/\",\"url\":\"https:\/\/www.wloeser.com\/wp-content\/uploads\/2023\/03\/cropped-loeser-logo-2023.jpg\",\"contentUrl\":\"https:\/\/www.wloeser.com\/wp-content\/uploads\/2023\/03\/cropped-loeser-logo-2023.jpg\",\"width\":500,\"height\":238,\"caption\":\"Loeser Schleifmaschinen\"},\"image\":{\"@id\":\"https:\/\/www.wloeser.com\/es\/#\/schema\/logo\/image\/\"}}]}<\/script>\n<!-- \/ Yoast SEO plugin. -->","yoast_head_json":{"title":"Rectificadora de matrices en l\u00ednea recta Dynabrade 51300 - Loeser Schleifmaschinen","description":"La amoladora recta de aire comprimido Dynabrade 51300 es una de las herramientas potentes y compactas que ofrece una amplia gama de aplicaciones.","robots":{"index":"index","follow":"follow","max-snippet":"max-snippet:-1","max-image-preview":"max-image-preview:large","max-video-preview":"max-video-preview:-1"},"canonical":"https:\/\/www.wloeser.com\/es\/cintas\/amoladoras-de-mano\/herramientas-neumaticas-con-pinza\/rectificadora-de-matrices-en-linea-recta-dynabrade-51300\/","og_locale":"es_ES","og_type":"article","og_title":"Rectificadora de matrices en l\u00ednea recta Dynabrade 51300 - Loeser Schleifmaschinen","og_description":"La amoladora recta de aire comprimido Dynabrade 51300 es una de las herramientas potentes y compactas que ofrece una amplia gama de aplicaciones.","og_url":"https:\/\/www.wloeser.com\/es\/cintas\/amoladoras-de-mano\/herramientas-neumaticas-con-pinza\/rectificadora-de-matrices-en-linea-recta-dynabrade-51300\/","og_site_name":"Loeser Schleifmaschinen","article_modified_time":"2025-05-21T12:55:45+00:00","og_image":[{"width":1200,"height":645,"url":"https:\/\/www.wloeser.com\/wp-content\/uploads\/2023\/05\/51300-dynabrade.jpg","type":"image\/jpeg"}],"twitter_card":"summary_large_image","twitter_misc":{"Tiempo de lectura":"2 minutos"},"schema":{"@context":"https:\/\/schema.org","@graph":[{"@type":"WebPage","@id":"https:\/\/www.wloeser.com\/es\/cintas\/amoladoras-de-mano\/herramientas-neumaticas-con-pinza\/rectificadora-de-matrices-en-linea-recta-dynabrade-51300\/","url":"https:\/\/www.wloeser.com\/es\/cintas\/amoladoras-de-mano\/herramientas-neumaticas-con-pinza\/rectificadora-de-matrices-en-linea-recta-dynabrade-51300\/","name":"Rectificadora de matrices en l\u00ednea recta Dynabrade 51300 - Loeser Schleifmaschinen","isPartOf":{"@id":"https:\/\/www.wloeser.com\/es\/#website"},"primaryImageOfPage":{"@id":"https:\/\/www.wloeser.com\/es\/cintas\/amoladoras-de-mano\/herramientas-neumaticas-con-pinza\/rectificadora-de-matrices-en-linea-recta-dynabrade-51300\/#primaryimage"},"image":{"@id":"https:\/\/www.wloeser.com\/es\/cintas\/amoladoras-de-mano\/herramientas-neumaticas-con-pinza\/rectificadora-de-matrices-en-linea-recta-dynabrade-51300\/#primaryimage"},"thumbnailUrl":"https:\/\/www.wloeser.com\/wp-content\/uploads\/2023\/05\/51300-dynabrade-1024x550.jpg","datePublished":"2023-05-11T10:30:29+00:00","dateModified":"2025-05-21T12:55:45+00:00","description":"La amoladora recta de aire comprimido Dynabrade 51300 es una de las herramientas potentes y compactas que ofrece una amplia gama de aplicaciones.","breadcrumb":{"@id":"https:\/\/www.wloeser.com\/es\/cintas\/amoladoras-de-mano\/herramientas-neumaticas-con-pinza\/rectificadora-de-matrices-en-linea-recta-dynabrade-51300\/#breadcrumb"},"inLanguage":"es","potentialAction":[{"@type":"ReadAction","target":["https:\/\/www.wloeser.com\/es\/cintas\/amoladoras-de-mano\/herramientas-neumaticas-con-pinza\/rectificadora-de-matrices-en-linea-recta-dynabrade-51300\/"]}]},{"@type":"ImageObject","inLanguage":"es","@id":"https:\/\/www.wloeser.com\/es\/cintas\/amoladoras-de-mano\/herramientas-neumaticas-con-pinza\/rectificadora-de-matrices-en-linea-recta-dynabrade-51300\/#primaryimage","url":"https:\/\/www.wloeser.com\/wp-content\/uploads\/2023\/05\/51300-dynabrade-1024x550.jpg","contentUrl":"https:\/\/www.wloeser.com\/wp-content\/uploads\/2023\/05\/51300-dynabrade-1024x550.jpg"},{"@type":"BreadcrumbList","@id":"https:\/\/www.wloeser.com\/es\/cintas\/amoladoras-de-mano\/herramientas-neumaticas-con-pinza\/rectificadora-de-matrices-en-linea-recta-dynabrade-51300\/#breadcrumb","itemListElement":[{"@type":"ListItem","position":1,"name":"P\u00e1gina de inicio","item":"https:\/\/www.wloeser.com\/es\/"},{"@type":"ListItem","position":2,"name":"Productos","item":"https:\/\/www.wloeser.com\/es\/cintas\/"},{"@type":"ListItem","position":3,"name":"Amoladoras de mano","item":"https:\/\/www.wloeser.com\/es\/cintas\/amoladoras-de-mano\/"},{"@type":"ListItem","position":4,"name":"Herramientas neum\u00e1ticas con pinza","item":"https:\/\/www.wloeser.com\/es\/cintas\/amoladoras-de-mano\/herramientas-neumaticas-con-pinza\/"},{"@type":"ListItem","position":5,"name":"Rectificadora de matrices en l\u00ednea recta Dynabrade 51300"}]},{"@type":"WebSite","@id":"https:\/\/www.wloeser.com\/es\/#website","url":"https:\/\/www.wloeser.com\/es\/","name":"Loeser Schleifmaschinen","description":"","publisher":{"@id":"https:\/\/www.wloeser.com\/es\/#organization"},"potentialAction":[{"@type":"SearchAction","target":{"@type":"EntryPoint","urlTemplate":"https:\/\/www.wloeser.com\/es\/?s={search_term_string}"},"query-input":{"@type":"PropertyValueSpecification","valueRequired":true,"valueName":"search_term_string"}}],"inLanguage":"es"},{"@type":"Organization","@id":"https:\/\/www.wloeser.com\/es\/#organization","name":"Loeser Schleifmaschinen","url":"https:\/\/www.wloeser.com\/es\/","logo":{"@type":"ImageObject","inLanguage":"es","@id":"https:\/\/www.wloeser.com\/es\/#\/schema\/logo\/image\/","url":"https:\/\/www.wloeser.com\/wp-content\/uploads\/2023\/03\/cropped-loeser-logo-2023.jpg","contentUrl":"https:\/\/www.wloeser.com\/wp-content\/uploads\/2023\/03\/cropped-loeser-logo-2023.jpg","width":500,"height":238,"caption":"Loeser Schleifmaschinen"},"image":{"@id":"https:\/\/www.wloeser.com\/es\/#\/schema\/logo\/image\/"}}]}},"_links":{"self":[{"href":"https:\/\/www.wloeser.com\/es\/wp-json\/wp\/v2\/pages\/8533","targetHints":{"allow":["GET"]}}],"collection":[{"href":"https:\/\/www.wloeser.com\/es\/wp-json\/wp\/v2\/pages"}],"about":[{"href":"https:\/\/www.wloeser.com\/es\/wp-json\/wp\/v2\/types\/page"}],"author":[{"embeddable":true,"href":"https:\/\/www.wloeser.com\/es\/wp-json\/wp\/v2\/users\/1"}],"replies":[{"embeddable":true,"href":"https:\/\/www.wloeser.com\/es\/wp-json\/wp\/v2\/comments?post=8533"}],"version-history":[{"count":11,"href":"https:\/\/www.wloeser.com\/es\/wp-json\/wp\/v2\/pages\/8533\/revisions"}],"predecessor-version":[{"id":20903,"href":"https:\/\/www.wloeser.com\/es\/wp-json\/wp\/v2\/pages\/8533\/revisions\/20903"}],"up":[{"embeddable":true,"href":"https:\/\/www.wloeser.com\/es\/wp-json\/wp\/v2\/pages\/8513"}],"wp:attachment":[{"href":"https:\/\/www.wloeser.com\/es\/wp-json\/wp\/v2\/media?parent=8533"}],"curies":[{"name":"wp","href":"https:\/\/api.w.org\/{rel}","templated":true}]}}