{"id":8313,"date":"2023-04-17T10:29:50","date_gmt":"2023-04-17T08:29:50","guid":{"rendered":"https:\/\/loeser.createch-media.com\/?page_id=8313"},"modified":"2025-05-21T14:53:36","modified_gmt":"2025-05-21T12:53:36","slug":"herramienta-de-banda-abrasiva-dynabrade-15002","status":"publish","type":"page","link":"https:\/\/www.wloeser.com\/es\/cintas\/amoladoras-de-mano\/herramientas-abrasivas-de-banda\/herramienta-de-banda-abrasiva-dynabrade-15002\/","title":{"rendered":"Herramienta de banda abrasiva Dynabrade 15002, 15003"},"content":{"rendered":"\n<div class=\"wp-block-stackable-columns stk-block-columns stk-block stk-7a8ef8a animated zoomIn\" data-block-id=\"7a8ef8a\"><style>@media screen and (max-width: 767px){.stk-7a8ef8a {--stk-col-order-1:2 !important;--stk-col-order-2:1 !important;}}<\/style><div class=\"stk-row stk-inner-blocks stk-block-content stk-content-align stk-7a8ef8a-column\">\n<div class=\"wp-block-stackable-column stk-block-column stk-column stk-block stk-7d2e3ef\" data-v=\"4\" data-block-id=\"7d2e3ef\"><style>.stk-7d2e3ef-container{margin-top:50px !important;}@media screen and (min-width: 768px){.stk-7d2e3ef {flex:var(--stk-flex-grow, 1) 1 calc(40% - var(--stk-column-gap, 0px) * 1 \/ 2 ) !important;}}<\/style><div class=\"stk-column-wrapper stk-block-column__content stk-container stk-7d2e3ef-container stk--no-background stk--no-padding\"><div class=\"stk-block-content stk-inner-blocks stk-7d2e3ef-inner-blocks\">\n<figure class=\"wp-block-image size-full\"><a href=\"https:\/\/www.wloeser.com\/wp-content\/uploads\/2023\/04\/dynabrade-15002.jpg\"><img loading=\"lazy\" decoding=\"async\" width=\"800\" height=\"327\" src=\"https:\/\/www.wloeser.com\/wp-content\/uploads\/2023\/04\/dynabrade-15002.jpg\" alt=\"\" class=\"wp-image-2108\" srcset=\"https:\/\/www.wloeser.com\/wp-content\/uploads\/2023\/04\/dynabrade-15002.jpg 800w, https:\/\/www.wloeser.com\/wp-content\/uploads\/2023\/04\/dynabrade-15002-300x123.jpg 300w, https:\/\/www.wloeser.com\/wp-content\/uploads\/2023\/04\/dynabrade-15002-768x314.jpg 768w\" sizes=\"auto, (max-width: 800px) 100vw, 800px\" \/><\/a><\/figure>\n<\/div><\/div><\/div>\n\n\n\n<div class=\"wp-block-stackable-column stk-block-column stk-column stk-block stk-835a466\" data-v=\"4\" data-block-id=\"835a466\"><style>@media screen and (min-width: 768px){.stk-835a466 {flex:var(--stk-flex-grow, 1) 1 calc(60% - var(--stk-column-gap, 0px) * 1 \/ 2 ) !important;}}<\/style><div class=\"stk-column-wrapper stk-block-column__content stk-container stk-835a466-container stk--no-background stk--no-padding\"><div class=\"stk-block-content stk-inner-blocks stk-835a466-inner-blocks\">\n<h1 class=\"wp-block-heading animated zoomIn\">Herramienta de banda abrasiva Dynabrade 15002, 15003<\/h1>\n\n\n\n<div class=\"wp-block-stackable-icon-list stk-block-icon-list stk-block stk-d1ed66b\" data-block-id=\"d1ed66b\"><style>.stk-d1ed66b .stk-block-icon-list-item__content{gap:9px !important;align-items:baseline !important;}.stk-d1ed66b {--stk-icon-list-column-gap:0px !important;--stk-icon-list-row-gap:15px !important;--stk-icon-list-marker-color:#2c4f95 !important;--stk-icon-list-icon-size:12.5px !important;}.stk-d1ed66b ul, .stk-d1ed66b ol{padding-left:20px !important;}<\/style><svg style=\"display:none\"><defs><g id=\"stk-icon-list__icon-svg-def-d1ed66b\"><svg aria-hidden=\"true\" focusable=\"false\" data-prefix=\"fas\" data-icon=\"dot-circle\" class=\"svg-inline--fa fa-dot-circle fa-w-16\" role=\"img\" xmlns=\"http:\/\/www.w3.org\/2000\/svg\" viewBox=\"0 0 512 512\"><path fill=\"currentColor\" d=\"M256 8C119.033 8 8 119.033 8 256s111.033 248 248 248 248-111.033 248-248S392.967 8 256 8zm80 248c0 44.112-35.888 80-80 80s-80-35.888-80-80 35.888-80 80-80 80 35.888 80 80z\"><\/path><\/svg><\/g><\/defs><\/svg><div class=\"stk-block-icon-list__ul stk-block-icon-list--column\"><ul class=\"stk-block-icon-list__group\">\n<li class=\"wp-block-stackable-icon-list-item stk-block-icon-list-item stk-block stk-0793a56\" data-block-id=\"0793a56\"><div class=\"stk-block-icon-list-item__content\"><span class=\"stk--svg-wrapper\"><div class=\"stk--inner-svg\"><svg aria-hidden=\"true\" width=\"32\" height=\"32\"><use xlink:href=\"#stk-icon-list__icon-svg-def-d1ed66b\"><\/use><\/svg><\/div><\/span><span class=\"stk-block-icon-list-item__text\">Ideal para pulido con correas y trabajo en espacios angostos. La herramienta incluye un brazo de contacto 15026 para correas abrasivas de 1\/2 pulgada de ancho por 12 pulgadas de largo y la rueda de tracci\u00f3n 15118.Universeller Einsatz durch austauschbare Kontaktarme<\/span><\/div><\/li>\n\n\n\n<li class=\"wp-block-stackable-icon-list-item stk-block-icon-list-item stk-block stk-9fc1688\" data-block-id=\"9fc1688\"><div class=\"stk-block-icon-list-item__content\"><span class=\"stk--svg-wrapper\"><div class=\"stk--inner-svg\"><svg aria-hidden=\"true\" width=\"32\" height=\"32\"><use xlink:href=\"#stk-icon-list__icon-svg-def-d1ed66b\"><\/use><\/svg><\/div><\/span><span class=\"stk-block-icon-list-item__text\">La empu\u00f1adura de dise\u00f1o liviano y ergon\u00f3mico tiene un desplazamiento de 7 grados. El cabezal de esmerilado multiposici\u00f3n gira 360 grados.F\u00fcr Schleifb\u00e4nder 3 und 13 x 305 mm<\/span><\/div><\/li>\n\n\n\n<li class=\"wp-block-stackable-icon-list-item stk-block-icon-list-item stk-block stk-5156dc7\" data-block-id=\"5156dc7\"><div class=\"stk-block-icon-list-item__content\"><span class=\"stk--svg-wrapper\"><div class=\"stk--inner-svg\"><svg aria-hidden=\"true\" width=\"32\" height=\"32\"><use xlink:href=\"#stk-icon-list__icon-svg-def-d1ed66b\"><\/use><\/svg><\/div><\/span><span class=\"stk-block-icon-list-item__text\">La cubierta de protecci\u00f3n de la correa se desmonta f\u00e1cilmente para cambiar los abrasivos con rapidez; perilla para ajustar f\u00e1cilmente la alineaci\u00f3n de la correa.Mit Absauganschluss am Geh\u00e4use<\/span><\/div><\/li>\n\n\n\n<li class=\"wp-block-stackable-icon-list-item stk-block-icon-list-item stk-block stk-a645fd1\" data-block-id=\"a645fd1\"><div class=\"stk-block-icon-list-item__content\"><span class=\"stk--svg-wrapper\"><div class=\"stk--inner-svg\"><svg aria-hidden=\"true\" width=\"32\" height=\"32\"><use xlink:href=\"#stk-icon-list__icon-svg-def-d1ed66b\"><\/use><\/svg><\/div><\/span><span class=\"stk-block-icon-list-item__text\">Para ofrecer mayor versatilidad, la herramienta puede convertirse f\u00e1cilmente en rectificadora de matrices con el conector roscado opcional para porta-pinzas 01644 (1\/4 pulgada).<\/span><\/div><\/li>\n\n\n\n<li class=\"wp-block-stackable-icon-list-item stk-block-icon-list-item stk-block stk-5bbe9c0\" data-block-id=\"5bbe9c0\"><div class=\"stk-block-icon-list-item__content\"><span class=\"stk--svg-wrapper\"><div class=\"stk--inner-svg\"><svg aria-hidden=\"true\" width=\"32\" height=\"32\"><use xlink:href=\"#stk-icon-list__icon-svg-def-d1ed66b\"><\/use><\/svg><\/div><\/span><span class=\"stk-block-icon-list-item__text\">La rueda de tracci\u00f3n de goma 40378 puede pedirse por separado, para uso eficiente con correas de nylon sin trama opcionales.<\/span><\/div><\/li>\n<\/ul><\/div><\/div>\n\n\n<div class=\"box-grey bd-toyv1dvlmxcbinpfj2jdortghplaei wp-block-bd--- wp-block-bd-block-18665\"><p class=\"b-header bd-op3bnr48jjjaf7zapgujp8bi7pt5g6\">Industrias:<\/p><p class=\"b-text bd-n3hxovf2dpvvbxo864pxpkbh8v8k29\"><a href=\"https:\/\/www.wloeser.com\/es\/productos\/construccion-metalica\/\">Construcci&#xF3;n met&#xE1;lica<\/a>, <a href=\"https:\/\/www.wloeser.com\/es\/productos\/proveedor-automotriz\/\">Proveedor automotriz<\/a>, <a href=\"https:\/\/www.wloeser.com\/es\/productos\/ingenieria-aeronautica\/\">Ingenier&#xED;a aeron&#xE1;utica<\/a>, <a href=\"https:\/\/www.wloeser.com\/es\/productos\/fabricacion-de-herramientas\/\">Fabricaci&#xF3;n de herramientas<\/a>, <a href=\"https:\/\/www.wloeser.com\/es\/productos\/tecnologia-medica\/\">Tecnolog&#xED;a medica<\/a>, <a href=\"https:\/\/www.wloeser.com\/es\/productos\/cerrajero\/\">Cerrajero<\/a>, <a href=\"https:\/\/www.wloeser.com\/es\/productos\/fundicion\/\">Fundici&#xF3;n<\/a>, <a href=\"https:\/\/www.wloeser.com\/es\/productos\/amoladora-de-contrato\/\">Amoladora de contrato<\/a><\/p><\/div>\n\n<div class=\"box-grey bd-srbqyrpkvqinrlv2smk1zr2p59ucxc wp-block-bd--- wp-block-bd-block-18666\"><p class=\"b-header bd-xwd4czafo7dtha7vthukfkmqre3uit\">Alcance:<\/p><p class=\"bd-32n06608ko2ftrnmos6efwozj1flkm\">Acero inoxidable, acero de alta aleaci&#xF3;n y sin alear, metales no ferrosos, acero fundido, aluminio, titanio, pl&#xE1;stico, vidrio, papel, para componentes, p. ej.  &#xC1;labes de turbina o piezas fundidas a presi&#xF3;n y de inversi&#xF3;n<\/p><p class=\"b-text bd-3t3wt1nvcdcp86sobnohnf5e8rfx1r\"><\/p><\/div>\n\n\n<p class=\"lieferzeit\">Tiempo de entrega: Disponible a corto plazo.<\/p>\n\n\n\n<div id=\"mySampleContent\" class=\"fancybox-hide\"><p class=\"wpcf7-contact-form-not-found\"><strong>Error:<\/strong> Formulario de contacto no encontrado.<\/p><\/div>\n<a href=\"#mySampleContent\" class=\"ari-fancybox popup-button es\" style=\"display: inline-block !important;\">Solicitar una cotizaci\u00f3n<\/a>\n<\/div><\/div><\/div>\n<\/div><\/div>\n\n\n\n<div class=\"wp-block-stackable-divider stk-block-divider stk-block stk-60ae79b\" data-block-id=\"60ae79b\"><hr class=\"stk-block-divider__hr\"\/><\/div>\n\n\n\n<h2 class=\"wp-block-heading has-text-align-left h2-details\" id=\"daten\">Especificaciones t\u00e9cnicas<\/h2>\n\n\n\n<figure class=\"wp-block-table is-style-regular\"><table class=\"has-white-background-color has-background has-fixed-layout\"><tbody><tr><td><strong>N\u00famero de modelo<\/strong><\/td><td>15002<\/td><td>15003<\/td><\/tr><tr><td><strong>Potencia del motor<\/strong><\/td><td>298 W<\/td><td>321 W<\/td><\/tr><tr><td><strong>Velocidad por minuto<\/strong><\/td><td>25.000<\/td><td>25.000<\/td><\/tr><tr><td><strong>Nivel de ruido<\/strong><\/td><td>83 dB(A)<\/td><td>75 dB(A)<\/td><\/tr><tr><td><strong>Peso<\/strong><\/td><td>0,74 kg<\/td><td>0.77 kg<\/td><\/tr><tr><td><strong>Longitud<\/strong><\/td><td>294 mm<\/td><td>298 mm<\/td><\/tr><\/tbody><\/table><\/figure>\n\n\n\n<div class=\"wp-block-stackable-divider stk-block-divider stk-block stk-1z48fmr\" data-block-id=\"1z48fmr\"><hr class=\"stk-block-divider__hr\"\/><\/div>\n\n\n\n<h2 class=\"wp-block-heading has-text-align-left h2-details\" id=\"zubehoer\">Hojas de datos y repuestos<\/h2>\n\n\n\n<div class=\"wp-block-file\"><a id=\"wp-block-file--media-c03a4b22-db67-41fc-a3a1-3c38bec8c377\" href=\"https:\/\/www.wloeser.com\/wp-content\/uploads\/2023\/05\/15002-dynabrade.pdf\" target=\"_blank\" rel=\"noreferrer noopener\">Manual de instrucciones y lista de piezas de repuesto Esmeriladora de banda neum\u00e1tica Dynabrade 15002 (PDF)<\/a><\/div>\n\n\n\n<div class=\"wp-block-file\"><a id=\"wp-block-file--media-c03a4b22-db67-41fc-a3a1-3c38bec8c377\" href=\"https:\/\/www.wloeser.com\/wp-content\/uploads\/2023\/05\/15003-dynabrade.pdf\" target=\"_blank\" rel=\"noreferrer noopener\">Manual de instrucciones y lista de piezas de repuesto Esmeriladora de banda neum\u00e1tica Dynabrade 15003 (PDF)<\/a><\/div>\n\n\n\n<a class=\"back\" href=\"javascript:history.back()\">Atr\u00e1s<\/a>\n","protected":false},"excerpt":{"rendered":"<p>Herramienta de banda abrasiva Dynabrade 15002, 15003 Tiempo de entrega: Disponible a corto plazo. Solicitar una cotizaci\u00f3n Especificaciones t\u00e9cnicas N\u00famero de modelo 15002 15003 Potencia del motor 298 W 321 W Velocidad por minuto 25.000 25.000 Nivel de ruido 83 dB(A) 75 dB(A) Peso 0,74 kg 0.77 kg Longitud 294 mm 298 mm Hojas de [&hellip;]<\/p>\n","protected":false},"author":1,"featured_media":0,"parent":8358,"menu_order":1,"comment_status":"closed","ping_status":"closed","template":"templates\/template-full-width.php","meta":{"pgc_sgb_lightbox_settings":"","footnotes":""},"class_list":["post-8313","page","type-page","status-publish","hentry"],"yoast_head":"<!-- This site is optimized with the Yoast SEO plugin v26.8 - https:\/\/yoast.com\/product\/yoast-seo-wordpress\/ -->\n<title>Herramienta de banda abrasiva Dynabrade 15002, 15003 - Loeser Schleifmaschinen<\/title>\n<meta name=\"description\" content=\"La amoladora de banda de aire comprimido Dynabrade 15002 es una m\u00e1quina compacta y manejable, ideal para trabajos de amolado vers\u00e1tiles.\" \/>\n<meta name=\"robots\" content=\"index, follow, max-snippet:-1, max-image-preview:large, max-video-preview:-1\" \/>\n<link rel=\"canonical\" href=\"https:\/\/www.wloeser.com\/es\/cintas\/amoladoras-de-mano\/herramientas-abrasivas-de-banda\/herramienta-de-banda-abrasiva-dynabrade-15002\/\" \/>\n<meta property=\"og:locale\" content=\"es_ES\" \/>\n<meta property=\"og:type\" content=\"article\" \/>\n<meta property=\"og:title\" content=\"Herramienta de banda abrasiva Dynabrade 15002, 15003 - Loeser Schleifmaschinen\" \/>\n<meta property=\"og:description\" content=\"La amoladora de banda de aire comprimido Dynabrade 15002 es una m\u00e1quina compacta y manejable, ideal para trabajos de amolado vers\u00e1tiles.\" \/>\n<meta property=\"og:url\" content=\"https:\/\/www.wloeser.com\/es\/cintas\/amoladoras-de-mano\/herramientas-abrasivas-de-banda\/herramienta-de-banda-abrasiva-dynabrade-15002\/\" \/>\n<meta property=\"og:site_name\" content=\"Loeser Schleifmaschinen\" \/>\n<meta property=\"article:modified_time\" content=\"2025-05-21T12:53:36+00:00\" \/>\n<meta property=\"og:image\" content=\"https:\/\/www.wloeser.com\/wp-content\/uploads\/2023\/04\/dynabrade-15002.jpg\" \/>\n\t<meta property=\"og:image:width\" content=\"800\" \/>\n\t<meta property=\"og:image:height\" content=\"327\" \/>\n\t<meta property=\"og:image:type\" content=\"image\/jpeg\" \/>\n<meta name=\"twitter:card\" content=\"summary_large_image\" \/>\n<meta name=\"twitter:label1\" content=\"Tiempo de lectura\" \/>\n\t<meta name=\"twitter:data1\" content=\"2 minutos\" \/>\n<script type=\"application\/ld+json\" class=\"yoast-schema-graph\">{\"@context\":\"https:\/\/schema.org\",\"@graph\":[{\"@type\":\"WebPage\",\"@id\":\"https:\/\/www.wloeser.com\/es\/cintas\/amoladoras-de-mano\/herramientas-abrasivas-de-banda\/herramienta-de-banda-abrasiva-dynabrade-15002\/\",\"url\":\"https:\/\/www.wloeser.com\/es\/cintas\/amoladoras-de-mano\/herramientas-abrasivas-de-banda\/herramienta-de-banda-abrasiva-dynabrade-15002\/\",\"name\":\"Herramienta de banda abrasiva Dynabrade 15002, 15003 - Loeser Schleifmaschinen\",\"isPartOf\":{\"@id\":\"https:\/\/www.wloeser.com\/es\/#website\"},\"primaryImageOfPage\":{\"@id\":\"https:\/\/www.wloeser.com\/es\/cintas\/amoladoras-de-mano\/herramientas-abrasivas-de-banda\/herramienta-de-banda-abrasiva-dynabrade-15002\/#primaryimage\"},\"image\":{\"@id\":\"https:\/\/www.wloeser.com\/es\/cintas\/amoladoras-de-mano\/herramientas-abrasivas-de-banda\/herramienta-de-banda-abrasiva-dynabrade-15002\/#primaryimage\"},\"thumbnailUrl\":\"https:\/\/www.wloeser.com\/wp-content\/uploads\/2023\/04\/dynabrade-15002.jpg\",\"datePublished\":\"2023-04-17T08:29:50+00:00\",\"dateModified\":\"2025-05-21T12:53:36+00:00\",\"description\":\"La amoladora de banda de aire comprimido Dynabrade 15002 es una m\u00e1quina compacta y manejable, ideal para trabajos de amolado vers\u00e1tiles.\",\"breadcrumb\":{\"@id\":\"https:\/\/www.wloeser.com\/es\/cintas\/amoladoras-de-mano\/herramientas-abrasivas-de-banda\/herramienta-de-banda-abrasiva-dynabrade-15002\/#breadcrumb\"},\"inLanguage\":\"es\",\"potentialAction\":[{\"@type\":\"ReadAction\",\"target\":[\"https:\/\/www.wloeser.com\/es\/cintas\/amoladoras-de-mano\/herramientas-abrasivas-de-banda\/herramienta-de-banda-abrasiva-dynabrade-15002\/\"]}]},{\"@type\":\"ImageObject\",\"inLanguage\":\"es\",\"@id\":\"https:\/\/www.wloeser.com\/es\/cintas\/amoladoras-de-mano\/herramientas-abrasivas-de-banda\/herramienta-de-banda-abrasiva-dynabrade-15002\/#primaryimage\",\"url\":\"https:\/\/www.wloeser.com\/wp-content\/uploads\/2023\/04\/dynabrade-15002.jpg\",\"contentUrl\":\"https:\/\/www.wloeser.com\/wp-content\/uploads\/2023\/04\/dynabrade-15002.jpg\"},{\"@type\":\"BreadcrumbList\",\"@id\":\"https:\/\/www.wloeser.com\/es\/cintas\/amoladoras-de-mano\/herramientas-abrasivas-de-banda\/herramienta-de-banda-abrasiva-dynabrade-15002\/#breadcrumb\",\"itemListElement\":[{\"@type\":\"ListItem\",\"position\":1,\"name\":\"P\u00e1gina de inicio\",\"item\":\"https:\/\/www.wloeser.com\/es\/\"},{\"@type\":\"ListItem\",\"position\":2,\"name\":\"Productos\",\"item\":\"https:\/\/www.wloeser.com\/es\/cintas\/\"},{\"@type\":\"ListItem\",\"position\":3,\"name\":\"Amoladoras de mano\",\"item\":\"https:\/\/www.wloeser.com\/es\/cintas\/amoladoras-de-mano\/\"},{\"@type\":\"ListItem\",\"position\":4,\"name\":\"Herramientas abrasivas de banda\",\"item\":\"https:\/\/www.wloeser.com\/es\/cintas\/amoladoras-de-mano\/herramientas-abrasivas-de-banda\/\"},{\"@type\":\"ListItem\",\"position\":5,\"name\":\"Herramienta de banda abrasiva Dynabrade 15002, 15003\"}]},{\"@type\":\"WebSite\",\"@id\":\"https:\/\/www.wloeser.com\/es\/#website\",\"url\":\"https:\/\/www.wloeser.com\/es\/\",\"name\":\"Loeser Schleifmaschinen\",\"description\":\"\",\"publisher\":{\"@id\":\"https:\/\/www.wloeser.com\/es\/#organization\"},\"potentialAction\":[{\"@type\":\"SearchAction\",\"target\":{\"@type\":\"EntryPoint\",\"urlTemplate\":\"https:\/\/www.wloeser.com\/es\/?s={search_term_string}\"},\"query-input\":{\"@type\":\"PropertyValueSpecification\",\"valueRequired\":true,\"valueName\":\"search_term_string\"}}],\"inLanguage\":\"es\"},{\"@type\":\"Organization\",\"@id\":\"https:\/\/www.wloeser.com\/es\/#organization\",\"name\":\"Loeser Schleifmaschinen\",\"url\":\"https:\/\/www.wloeser.com\/es\/\",\"logo\":{\"@type\":\"ImageObject\",\"inLanguage\":\"es\",\"@id\":\"https:\/\/www.wloeser.com\/es\/#\/schema\/logo\/image\/\",\"url\":\"https:\/\/www.wloeser.com\/wp-content\/uploads\/2023\/03\/cropped-loeser-logo-2023.jpg\",\"contentUrl\":\"https:\/\/www.wloeser.com\/wp-content\/uploads\/2023\/03\/cropped-loeser-logo-2023.jpg\",\"width\":500,\"height\":238,\"caption\":\"Loeser Schleifmaschinen\"},\"image\":{\"@id\":\"https:\/\/www.wloeser.com\/es\/#\/schema\/logo\/image\/\"}}]}<\/script>\n<!-- \/ Yoast SEO plugin. -->","yoast_head_json":{"title":"Herramienta de banda abrasiva Dynabrade 15002, 15003 - Loeser Schleifmaschinen","description":"La amoladora de banda de aire comprimido Dynabrade 15002 es una m\u00e1quina compacta y manejable, ideal para trabajos de amolado vers\u00e1tiles.","robots":{"index":"index","follow":"follow","max-snippet":"max-snippet:-1","max-image-preview":"max-image-preview:large","max-video-preview":"max-video-preview:-1"},"canonical":"https:\/\/www.wloeser.com\/es\/cintas\/amoladoras-de-mano\/herramientas-abrasivas-de-banda\/herramienta-de-banda-abrasiva-dynabrade-15002\/","og_locale":"es_ES","og_type":"article","og_title":"Herramienta de banda abrasiva Dynabrade 15002, 15003 - Loeser Schleifmaschinen","og_description":"La amoladora de banda de aire comprimido Dynabrade 15002 es una m\u00e1quina compacta y manejable, ideal para trabajos de amolado vers\u00e1tiles.","og_url":"https:\/\/www.wloeser.com\/es\/cintas\/amoladoras-de-mano\/herramientas-abrasivas-de-banda\/herramienta-de-banda-abrasiva-dynabrade-15002\/","og_site_name":"Loeser Schleifmaschinen","article_modified_time":"2025-05-21T12:53:36+00:00","og_image":[{"width":800,"height":327,"url":"https:\/\/www.wloeser.com\/wp-content\/uploads\/2023\/04\/dynabrade-15002.jpg","type":"image\/jpeg"}],"twitter_card":"summary_large_image","twitter_misc":{"Tiempo de lectura":"2 minutos"},"schema":{"@context":"https:\/\/schema.org","@graph":[{"@type":"WebPage","@id":"https:\/\/www.wloeser.com\/es\/cintas\/amoladoras-de-mano\/herramientas-abrasivas-de-banda\/herramienta-de-banda-abrasiva-dynabrade-15002\/","url":"https:\/\/www.wloeser.com\/es\/cintas\/amoladoras-de-mano\/herramientas-abrasivas-de-banda\/herramienta-de-banda-abrasiva-dynabrade-15002\/","name":"Herramienta de banda abrasiva Dynabrade 15002, 15003 - Loeser Schleifmaschinen","isPartOf":{"@id":"https:\/\/www.wloeser.com\/es\/#website"},"primaryImageOfPage":{"@id":"https:\/\/www.wloeser.com\/es\/cintas\/amoladoras-de-mano\/herramientas-abrasivas-de-banda\/herramienta-de-banda-abrasiva-dynabrade-15002\/#primaryimage"},"image":{"@id":"https:\/\/www.wloeser.com\/es\/cintas\/amoladoras-de-mano\/herramientas-abrasivas-de-banda\/herramienta-de-banda-abrasiva-dynabrade-15002\/#primaryimage"},"thumbnailUrl":"https:\/\/www.wloeser.com\/wp-content\/uploads\/2023\/04\/dynabrade-15002.jpg","datePublished":"2023-04-17T08:29:50+00:00","dateModified":"2025-05-21T12:53:36+00:00","description":"La amoladora de banda de aire comprimido Dynabrade 15002 es una m\u00e1quina compacta y manejable, ideal para trabajos de amolado vers\u00e1tiles.","breadcrumb":{"@id":"https:\/\/www.wloeser.com\/es\/cintas\/amoladoras-de-mano\/herramientas-abrasivas-de-banda\/herramienta-de-banda-abrasiva-dynabrade-15002\/#breadcrumb"},"inLanguage":"es","potentialAction":[{"@type":"ReadAction","target":["https:\/\/www.wloeser.com\/es\/cintas\/amoladoras-de-mano\/herramientas-abrasivas-de-banda\/herramienta-de-banda-abrasiva-dynabrade-15002\/"]}]},{"@type":"ImageObject","inLanguage":"es","@id":"https:\/\/www.wloeser.com\/es\/cintas\/amoladoras-de-mano\/herramientas-abrasivas-de-banda\/herramienta-de-banda-abrasiva-dynabrade-15002\/#primaryimage","url":"https:\/\/www.wloeser.com\/wp-content\/uploads\/2023\/04\/dynabrade-15002.jpg","contentUrl":"https:\/\/www.wloeser.com\/wp-content\/uploads\/2023\/04\/dynabrade-15002.jpg"},{"@type":"BreadcrumbList","@id":"https:\/\/www.wloeser.com\/es\/cintas\/amoladoras-de-mano\/herramientas-abrasivas-de-banda\/herramienta-de-banda-abrasiva-dynabrade-15002\/#breadcrumb","itemListElement":[{"@type":"ListItem","position":1,"name":"P\u00e1gina de inicio","item":"https:\/\/www.wloeser.com\/es\/"},{"@type":"ListItem","position":2,"name":"Productos","item":"https:\/\/www.wloeser.com\/es\/cintas\/"},{"@type":"ListItem","position":3,"name":"Amoladoras de mano","item":"https:\/\/www.wloeser.com\/es\/cintas\/amoladoras-de-mano\/"},{"@type":"ListItem","position":4,"name":"Herramientas abrasivas de banda","item":"https:\/\/www.wloeser.com\/es\/cintas\/amoladoras-de-mano\/herramientas-abrasivas-de-banda\/"},{"@type":"ListItem","position":5,"name":"Herramienta de banda abrasiva Dynabrade 15002, 15003"}]},{"@type":"WebSite","@id":"https:\/\/www.wloeser.com\/es\/#website","url":"https:\/\/www.wloeser.com\/es\/","name":"Loeser Schleifmaschinen","description":"","publisher":{"@id":"https:\/\/www.wloeser.com\/es\/#organization"},"potentialAction":[{"@type":"SearchAction","target":{"@type":"EntryPoint","urlTemplate":"https:\/\/www.wloeser.com\/es\/?s={search_term_string}"},"query-input":{"@type":"PropertyValueSpecification","valueRequired":true,"valueName":"search_term_string"}}],"inLanguage":"es"},{"@type":"Organization","@id":"https:\/\/www.wloeser.com\/es\/#organization","name":"Loeser Schleifmaschinen","url":"https:\/\/www.wloeser.com\/es\/","logo":{"@type":"ImageObject","inLanguage":"es","@id":"https:\/\/www.wloeser.com\/es\/#\/schema\/logo\/image\/","url":"https:\/\/www.wloeser.com\/wp-content\/uploads\/2023\/03\/cropped-loeser-logo-2023.jpg","contentUrl":"https:\/\/www.wloeser.com\/wp-content\/uploads\/2023\/03\/cropped-loeser-logo-2023.jpg","width":500,"height":238,"caption":"Loeser Schleifmaschinen"},"image":{"@id":"https:\/\/www.wloeser.com\/es\/#\/schema\/logo\/image\/"}}]}},"_links":{"self":[{"href":"https:\/\/www.wloeser.com\/es\/wp-json\/wp\/v2\/pages\/8313","targetHints":{"allow":["GET"]}}],"collection":[{"href":"https:\/\/www.wloeser.com\/es\/wp-json\/wp\/v2\/pages"}],"about":[{"href":"https:\/\/www.wloeser.com\/es\/wp-json\/wp\/v2\/types\/page"}],"author":[{"embeddable":true,"href":"https:\/\/www.wloeser.com\/es\/wp-json\/wp\/v2\/users\/1"}],"replies":[{"embeddable":true,"href":"https:\/\/www.wloeser.com\/es\/wp-json\/wp\/v2\/comments?post=8313"}],"version-history":[{"count":13,"href":"https:\/\/www.wloeser.com\/es\/wp-json\/wp\/v2\/pages\/8313\/revisions"}],"predecessor-version":[{"id":20895,"href":"https:\/\/www.wloeser.com\/es\/wp-json\/wp\/v2\/pages\/8313\/revisions\/20895"}],"up":[{"embeddable":true,"href":"https:\/\/www.wloeser.com\/es\/wp-json\/wp\/v2\/pages\/8358"}],"wp:attachment":[{"href":"https:\/\/www.wloeser.com\/es\/wp-json\/wp\/v2\/media?parent=8313"}],"curies":[{"name":"wp","href":"https:\/\/api.w.org\/{rel}","templated":true}]}}