{"id":21818,"date":"2025-08-14T11:24:06","date_gmt":"2025-08-14T09:24:06","guid":{"rendered":"https:\/\/neu.wloeser.com\/?page_id=21818"},"modified":"2025-08-14T12:05:25","modified_gmt":"2025-08-14T10:05:25","slug":"sistema-de-extraccion-estacionarios-pc-01-tv-q","status":"publish","type":"page","link":"https:\/\/www.wloeser.com\/es\/cintas\/muelas\/sistemas-de-extraccion-estacionarios\/sistema-de-extraccion-estacionarios-pc-01-tv-q\/","title":{"rendered":"Sistema de extracci\u00f3n estacionarios PC 01\/TV-Q"},"content":{"rendered":"\n<div class=\"wp-block-stackable-columns stk-block-columns stk-block stk-d9b0168\" data-block-id=\"d9b0168\"><div class=\"stk-row stk-inner-blocks stk-block-content stk-content-align stk-d9b0168-column\">\n<div class=\"wp-block-stackable-column stk-block-column stk-column stk-block stk-4850159\" data-v=\"4\" data-block-id=\"4850159\"><style>@media screen and (min-width: 768px){.stk-4850159 {flex:var(--stk-flex-grow, 1) 1 calc(40% - var(--stk-column-gap, 0px) * 1 \/ 2 ) !important;}}<\/style><div class=\"stk-column-wrapper stk-block-column__content stk-container stk-4850159-container stk--no-background stk--no-padding\"><div class=\"stk-block-content stk-inner-blocks stk-4850159-inner-blocks\">\n<figure class=\"wp-block-image size-full is-resized\"><img loading=\"lazy\" decoding=\"async\" width=\"312\" height=\"882\" src=\"https:\/\/www.wloeser.com\/wp-content\/uploads\/2024\/03\/absaugung-pc01-1.jpg\" alt=\"Station\u00e4re Absaugung PC 01\" class=\"wp-image-14606\" style=\"width:200px\" srcset=\"https:\/\/www.wloeser.com\/wp-content\/uploads\/2024\/03\/absaugung-pc01-1.jpg 312w, https:\/\/www.wloeser.com\/wp-content\/uploads\/2024\/03\/absaugung-pc01-1-106x300.jpg 106w\" sizes=\"auto, (max-width: 312px) 100vw, 312px\" \/><\/figure>\n<\/div><\/div><\/div>\n\n\n\n<div class=\"wp-block-stackable-column stk-block-column stk-column stk-block stk-476eaf3\" data-v=\"4\" data-block-id=\"476eaf3\"><style>@media screen and (min-width: 768px){.stk-476eaf3 {flex:var(--stk-flex-grow, 1) 1 calc(60% - var(--stk-column-gap, 0px) * 1 \/ 2 ) !important;}}<\/style><div class=\"stk-column-wrapper stk-block-column__content stk-container stk-476eaf3-container stk--no-background stk--no-padding\"><div class=\"stk-block-content stk-inner-blocks stk-476eaf3-inner-blocks\">\n<h1 class=\"wp-block-heading\">Sistema de extracci\u00f3n estacionarios PC 01\/TV-Q<\/h1>\n\n\n\n<p><strong>Areas de aplicaci\u00f3n<br><\/strong>Aspiraci\u00f3n de polvo de esmerilado y pulido.<\/p>\n\n\n\n<p>Clasificando el polvo seg\u00fan tipo, tama\u00f1o de part\u00edcula y concentraci\u00f3n, es posible determinar la mejor tecnolog\u00eda posible y dimensionar correctamente el sistema de filtrado.<\/p>\n\n\n\n<p><strong>Ventajas especiales<\/strong><\/p>\n\n\n\n<div class=\"wp-block-stackable-icon-list stk-block-icon-list has-text-align-left stk-block stk-aa2f0ca\" data-block-id=\"aa2f0ca\"><style>.stk-aa2f0ca .stk-block-icon-list-item__content{gap:9px !important;align-items:baseline !important;}.stk-aa2f0ca {--stk-icon-list-column-gap:0px !important;--stk-icon-list-row-gap:15px !important;--stk-icon-list-marker-color:#2c4f95 !important;--stk-icon-list-icon-size:12.5px !important;}.stk-aa2f0ca ul, .stk-aa2f0ca ol{padding-left:20px !important;}.stk-aa2f0ca .stk-block-icon-list__group{margin-inline:0 auto !important;}<\/style><svg style=\"display:none\"><defs><g id=\"stk-icon-list__icon-svg-def-aa2f0ca\"><svg aria-hidden=\"true\" focusable=\"false\" data-prefix=\"fas\" data-icon=\"dot-circle\" class=\"svg-inline--fa fa-dot-circle fa-w-16\" role=\"img\" xmlns=\"http:\/\/www.w3.org\/2000\/svg\" viewBox=\"0 0 512 512\"><path fill=\"currentColor\" d=\"M256 8C119.033 8 8 119.033 8 256s111.033 248 248 248 248-111.033 248-248S392.967 8 256 8zm80 248c0 44.112-35.888 80-80 80s-80-35.888-80-80 35.888-80 80-80 80 35.888 80 80z\"><\/path><\/svg><\/g><\/defs><\/svg><div class=\"stk-block-icon-list__ul stk-block-icon-list--column\"><ul class=\"stk-block-icon-list__group\">\n<li class=\"wp-block-stackable-icon-list-item stk-block-icon-list-item stk-block stk-07ce609\" data-block-id=\"07ce609\"><div class=\"stk-block-icon-list-item__content\"><span class=\"stk--svg-wrapper\"><div class=\"stk--inner-svg\"><svg aria-hidden=\"true\" width=\"32\" height=\"32\"><use xlink:href=\"#stk-icon-list__icon-svg-def-aa2f0ca\"><\/use><\/svg><\/div><\/span><span class=\"stk-block-icon-list-item__text\">Alta \u00e1rea de filtrado y efectividad<\/span><\/div><\/li>\n\n\n\n<li class=\"wp-block-stackable-icon-list-item stk-block-icon-list-item stk-block stk-9779bdb\" data-block-id=\"9779bdb\"><div class=\"stk-block-icon-list-item__content\"><span class=\"stk--svg-wrapper\"><div class=\"stk--inner-svg\"><svg aria-hidden=\"true\" width=\"32\" height=\"32\"><use xlink:href=\"#stk-icon-list__icon-svg-def-aa2f0ca\"><\/use><\/svg><\/div><\/span><span class=\"stk-block-icon-list-item__text\">Amplia selecci\u00f3n de material filtrante.<\/span><\/div><\/li>\n\n\n\n<li class=\"wp-block-stackable-icon-list-item stk-block-icon-list-item stk-block stk-c41ff85\" data-block-id=\"c41ff85\"><div class=\"stk-block-icon-list-item__content\"><span class=\"stk--svg-wrapper\"><div class=\"stk--inner-svg\"><svg aria-hidden=\"true\" width=\"32\" height=\"32\"><use xlink:href=\"#stk-icon-list__icon-svg-def-aa2f0ca\"><\/use><\/svg><\/div><\/span><span class=\"stk-block-icon-list-item__text\">Filtro absoluto para polvo de acero inoxidable.<\/span><\/div><\/li>\n\n\n\n<li class=\"wp-block-stackable-icon-list-item stk-block-icon-list-item stk-block stk-da768a6\" data-block-id=\"da768a6\"><div class=\"stk-block-icon-list-item__content\"><span class=\"stk--svg-wrapper\"><div class=\"stk--inner-svg\"><svg aria-hidden=\"true\" width=\"32\" height=\"32\"><use xlink:href=\"#stk-icon-list__icon-svg-def-aa2f0ca\"><\/use><\/svg><\/div><\/span><span class=\"stk-block-icon-list-item__text\">Apagado autom\u00e1tico en caso de parada de emergencia<\/span><\/div><\/li>\n<\/ul><\/div><\/div>\n\n\n\n<div id=\"mySampleContent2\" class=\"fancybox-hide\"><p class=\"wpcf7-contact-form-not-found\"><strong>Error:<\/strong> Formulario de contacto no encontrado.<\/p><\/div>\n<a href=\"#mySampleContent2\" class=\"ari-fancybox popup-button\" style=\"display: inline-block !important;\">Solicitar una cotizaci\u00f3n<\/a>\n<\/div><\/div><\/div>\n<\/div><\/div>\n\n\n\n<div class=\"wp-block-stackable-columns stk-block-columns stk-block stk-0a56b35\" data-block-id=\"0a56b35\"><div class=\"stk-row stk-inner-blocks stk-block-content stk-content-align stk-0a56b35-column\">\n<div class=\"wp-block-stackable-column stk-block-column stk-column stk-block stk-841d1bf\" data-v=\"4\" data-block-id=\"841d1bf\"><div class=\"stk-column-wrapper stk-block-column__content stk-container stk-841d1bf-container stk--no-background stk--no-padding\"><div class=\"stk-block-content stk-inner-blocks stk-841d1bf-inner-blocks\">\n<figure class=\"wp-block-image size-full is-resized\"><img loading=\"lazy\" decoding=\"async\" width=\"504\" height=\"672\" src=\"https:\/\/www.wloeser.com\/wp-content\/uploads\/2024\/03\/absaugung-pc01-feinstfilter-en.jpg\" alt=\"Dust extraction unit PC 01\" class=\"wp-image-14657\" style=\"width:400px\" srcset=\"https:\/\/www.wloeser.com\/wp-content\/uploads\/2024\/03\/absaugung-pc01-feinstfilter-en.jpg 504w, https:\/\/www.wloeser.com\/wp-content\/uploads\/2024\/03\/absaugung-pc01-feinstfilter-en-225x300.jpg 225w\" sizes=\"auto, (max-width: 504px) 100vw, 504px\" \/><\/figure>\n<\/div><\/div><\/div>\n\n\n\n<div class=\"wp-block-stackable-column stk-block-column stk-column stk-block stk-0b7910a\" data-v=\"4\" data-block-id=\"0b7910a\"><div class=\"stk-column-wrapper stk-block-column__content stk-container stk-0b7910a-container stk--no-background stk--no-padding\"><div class=\"stk-block-content stk-inner-blocks stk-0b7910a-inner-blocks\">\n<figure class=\"wp-block-image size-full\"><img loading=\"lazy\" decoding=\"async\" width=\"645\" height=\"501\" src=\"https:\/\/www.wloeser.com\/wp-content\/uploads\/2024\/03\/absaugung-pc01-prallblech-en.jpg\" alt=\"Dust extraction unit PC 01\" class=\"wp-image-14662\" style=\"object-fit:cover\" srcset=\"https:\/\/www.wloeser.com\/wp-content\/uploads\/2024\/03\/absaugung-pc01-prallblech-en.jpg 645w, https:\/\/www.wloeser.com\/wp-content\/uploads\/2024\/03\/absaugung-pc01-prallblech-en-300x233.jpg 300w\" sizes=\"auto, (max-width: 645px) 100vw, 645px\" \/><\/figure>\n<\/div><\/div><\/div>\n<\/div><\/div>\n\n\n\n<div class=\"wp-block-stackable-columns stk-block-columns stk-block stk-b81c7cc\" data-block-id=\"b81c7cc\"><div class=\"stk-row stk-inner-blocks stk-block-content stk-content-align stk-b81c7cc-column\">\n<div class=\"wp-block-stackable-column stk-block-column stk-column stk-block stk-6c92d8e\" data-v=\"4\" data-block-id=\"6c92d8e\"><style>@media screen and (min-width: 768px){.stk-6c92d8e {flex:var(--stk-flex-grow, 1) 1 calc(60% - var(--stk-column-gap, 0px) * 1 \/ 2 ) !important;}}<\/style><div class=\"stk-column-wrapper stk-block-column__content stk-container stk-6c92d8e-container stk--no-background stk--no-padding\"><div class=\"stk-block-content stk-inner-blocks stk-6c92d8e-inner-blocks\">\n<p><strong>Descripci\u00f3n y funcionalidad<\/strong><\/p>\n\n\n\n<p>El aire a tratar fluye hacia el filtro (1) y entra en una antec\u00e1mara (1), que favorece la separaci\u00f3n de las part\u00edculas contaminantes gruesas. Luego, la corriente de aire pasa a trav\u00e9s del cartucho de filtro (2) y deposita los contaminantes fuera del cartucho de filtro mientras el aire limpio sale por la parte superior del filtro (6). Un dispositivo electr\u00f3nico (4) controla la limpieza de los elementos filtrantes (2) mediante un sistema de chorro pulsado.<\/p>\n\n\n\n<p>El sistema de limpieza Pulse Jet consiste en la inyecci\u00f3n a contracorriente de una corriente de aire a alta presi\u00f3n para poder eliminar el polvo de los elementos filtrantes sin interrumpir el funcionamiento. La correcta limpieza del tejido filtrante garantiza el flujo de aire del aire aspirado.<\/p>\n<\/div><\/div><\/div>\n\n\n\n<div class=\"wp-block-stackable-column stk-block-column stk-column stk-block stk-45f7f1b\" data-v=\"4\" data-block-id=\"45f7f1b\"><style>@media screen and (min-width: 768px){.stk-45f7f1b {flex:var(--stk-flex-grow, 1) 1 calc(40% - var(--stk-column-gap, 0px) * 1 \/ 2 ) !important;}}<\/style><div class=\"stk-column-wrapper stk-block-column__content stk-container stk-45f7f1b-container stk--no-background stk--no-padding\"><div class=\"stk-block-content stk-inner-blocks stk-45f7f1b-inner-blocks\">\n<figure class=\"wp-block-image size-full\"><img loading=\"lazy\" decoding=\"async\" width=\"612\" height=\"399\" src=\"https:\/\/www.wloeser.com\/wp-content\/uploads\/2024\/03\/absaugung-pc01-funktion.png\" alt=\"Absaugung PC 01 Funktionsweise\" class=\"wp-image-14635\" srcset=\"https:\/\/www.wloeser.com\/wp-content\/uploads\/2024\/03\/absaugung-pc01-funktion.png 612w, https:\/\/www.wloeser.com\/wp-content\/uploads\/2024\/03\/absaugung-pc01-funktion-300x196.png 300w\" sizes=\"auto, (max-width: 612px) 100vw, 612px\" \/><\/figure>\n<\/div><\/div><\/div>\n<\/div><\/div>\n\n\n\n<div class=\"wp-block-stackable-divider stk-block-divider stk-block stk-60ae79b\" data-block-id=\"60ae79b\"><hr class=\"stk-block-divider__hr\"\/><\/div>\n\n\n\n<h2 class=\"wp-block-heading has-text-align-left h2-details\" id=\"daten\">Datos t\u00e9cnicos<\/h2>\n\n\n\n<figure class=\"wp-block-table is-style-regular\"><table class=\"has-white-background-color has-background has-fixed-layout\"><tbody><tr><td>Rendimiento de motor:<\/td><td>1,1 kW<\/td><\/tr><tr><td>Superficie del filtro:<\/td><td>10 m\u00b2<\/td><\/tr><tr><td>Rendimiento de succi\u00f3n:<\/td><td>800 m\u00b3\/h<\/td><\/tr><tr><td>Dimensi\u00f3n:<\/td><td>500x500x1900 mm<\/td><\/tr><\/tbody><\/table><\/figure>\n\n\n\n<a class=\"back\" href=\"javascript:history.back()\">Atr\u00e1s<\/a>\n","protected":false},"excerpt":{"rendered":"<p>Sistema de extracci\u00f3n estacionarios PC 01\/TV-Q Areas de aplicaci\u00f3nAspiraci\u00f3n de polvo de esmerilado y pulido. Clasificando el polvo seg\u00fan tipo, tama\u00f1o de part\u00edcula y concentraci\u00f3n, es posible determinar la mejor tecnolog\u00eda posible y dimensionar correctamente el sistema de filtrado. Ventajas especiales Solicitar una cotizaci\u00f3n Descripci\u00f3n y funcionalidad El aire a tratar fluye hacia el filtro [&hellip;]<\/p>\n","protected":false},"author":1,"featured_media":0,"parent":12434,"menu_order":0,"comment_status":"closed","ping_status":"closed","template":"templates\/template-full-width.php","meta":{"pgc_sgb_lightbox_settings":"","footnotes":""},"class_list":["post-21818","page","type-page","status-publish","hentry"],"yoast_head":"<!-- This site is optimized with the Yoast SEO plugin v26.8 - https:\/\/yoast.com\/product\/yoast-seo-wordpress\/ -->\n<title>Sistema de extracci\u00f3n estacionarios PC 01\/TV-Q - Loeser Schleifmaschinen<\/title>\n<meta name=\"description\" content=\"Nuestros sistemas de extracci\u00f3n estacionarios ofrecen una soluci\u00f3n eficiente para extraer el polvo de las lijadoras de banda y otras aplicaciones.\" \/>\n<meta name=\"robots\" content=\"index, follow, max-snippet:-1, max-image-preview:large, max-video-preview:-1\" \/>\n<link rel=\"canonical\" href=\"https:\/\/www.wloeser.com\/es\/cintas\/muelas\/sistemas-de-extraccion-estacionarios\/sistema-de-extraccion-estacionarios-pc-01-tv-q\/\" \/>\n<meta property=\"og:locale\" content=\"es_ES\" \/>\n<meta property=\"og:type\" content=\"article\" \/>\n<meta property=\"og:title\" content=\"Sistema de extracci\u00f3n estacionarios PC 01\/TV-Q - Loeser Schleifmaschinen\" \/>\n<meta property=\"og:description\" content=\"Nuestros sistemas de extracci\u00f3n estacionarios ofrecen una soluci\u00f3n eficiente para extraer el polvo de las lijadoras de banda y otras aplicaciones.\" \/>\n<meta property=\"og:url\" content=\"https:\/\/www.wloeser.com\/es\/cintas\/muelas\/sistemas-de-extraccion-estacionarios\/sistema-de-extraccion-estacionarios-pc-01-tv-q\/\" \/>\n<meta property=\"og:site_name\" content=\"Loeser Schleifmaschinen\" \/>\n<meta property=\"article:modified_time\" content=\"2025-08-14T10:05:25+00:00\" \/>\n<meta property=\"og:image\" content=\"https:\/\/www.wloeser.com\/wp-content\/uploads\/2024\/03\/absaugung-pc01-1.jpg\" \/>\n\t<meta property=\"og:image:width\" content=\"312\" \/>\n\t<meta property=\"og:image:height\" content=\"882\" \/>\n\t<meta property=\"og:image:type\" content=\"image\/jpeg\" \/>\n<meta name=\"twitter:card\" content=\"summary_large_image\" \/>\n<meta name=\"twitter:label1\" content=\"Tiempo de lectura\" \/>\n\t<meta name=\"twitter:data1\" content=\"7 minutos\" \/>\n<script type=\"application\/ld+json\" class=\"yoast-schema-graph\">{\"@context\":\"https:\/\/schema.org\",\"@graph\":[{\"@type\":\"WebPage\",\"@id\":\"https:\/\/www.wloeser.com\/es\/cintas\/muelas\/sistemas-de-extraccion-estacionarios\/sistema-de-extraccion-estacionarios-pc-01-tv-q\/\",\"url\":\"https:\/\/www.wloeser.com\/es\/cintas\/muelas\/sistemas-de-extraccion-estacionarios\/sistema-de-extraccion-estacionarios-pc-01-tv-q\/\",\"name\":\"Sistema de extracci\u00f3n estacionarios PC 01\/TV-Q - Loeser Schleifmaschinen\",\"isPartOf\":{\"@id\":\"https:\/\/www.wloeser.com\/es\/#website\"},\"primaryImageOfPage\":{\"@id\":\"https:\/\/www.wloeser.com\/es\/cintas\/muelas\/sistemas-de-extraccion-estacionarios\/sistema-de-extraccion-estacionarios-pc-01-tv-q\/#primaryimage\"},\"image\":{\"@id\":\"https:\/\/www.wloeser.com\/es\/cintas\/muelas\/sistemas-de-extraccion-estacionarios\/sistema-de-extraccion-estacionarios-pc-01-tv-q\/#primaryimage\"},\"thumbnailUrl\":\"https:\/\/www.wloeser.com\/wp-content\/uploads\/2024\/03\/absaugung-pc01-1.jpg\",\"datePublished\":\"2025-08-14T09:24:06+00:00\",\"dateModified\":\"2025-08-14T10:05:25+00:00\",\"description\":\"Nuestros sistemas de extracci\u00f3n estacionarios ofrecen una soluci\u00f3n eficiente para extraer el polvo de las lijadoras de banda y otras aplicaciones.\",\"breadcrumb\":{\"@id\":\"https:\/\/www.wloeser.com\/es\/cintas\/muelas\/sistemas-de-extraccion-estacionarios\/sistema-de-extraccion-estacionarios-pc-01-tv-q\/#breadcrumb\"},\"inLanguage\":\"es\",\"potentialAction\":[{\"@type\":\"ReadAction\",\"target\":[\"https:\/\/www.wloeser.com\/es\/cintas\/muelas\/sistemas-de-extraccion-estacionarios\/sistema-de-extraccion-estacionarios-pc-01-tv-q\/\"]}]},{\"@type\":\"ImageObject\",\"inLanguage\":\"es\",\"@id\":\"https:\/\/www.wloeser.com\/es\/cintas\/muelas\/sistemas-de-extraccion-estacionarios\/sistema-de-extraccion-estacionarios-pc-01-tv-q\/#primaryimage\",\"url\":\"https:\/\/www.wloeser.com\/wp-content\/uploads\/2024\/03\/absaugung-pc01-1.jpg\",\"contentUrl\":\"https:\/\/www.wloeser.com\/wp-content\/uploads\/2024\/03\/absaugung-pc01-1.jpg\"},{\"@type\":\"BreadcrumbList\",\"@id\":\"https:\/\/www.wloeser.com\/es\/cintas\/muelas\/sistemas-de-extraccion-estacionarios\/sistema-de-extraccion-estacionarios-pc-01-tv-q\/#breadcrumb\",\"itemListElement\":[{\"@type\":\"ListItem\",\"position\":1,\"name\":\"P\u00e1gina de inicio\",\"item\":\"https:\/\/www.wloeser.com\/es\/\"},{\"@type\":\"ListItem\",\"position\":2,\"name\":\"Productos\",\"item\":\"https:\/\/www.wloeser.com\/es\/cintas\/\"},{\"@type\":\"ListItem\",\"position\":3,\"name\":\"Muelas\",\"item\":\"https:\/\/www.wloeser.com\/es\/cintas\/muelas\/\"},{\"@type\":\"ListItem\",\"position\":4,\"name\":\"Sistemas de extracci\u00f3n estacionarios\",\"item\":\"https:\/\/www.wloeser.com\/es\/cintas\/muelas\/sistemas-de-extraccion-estacionarios\/\"},{\"@type\":\"ListItem\",\"position\":5,\"name\":\"Sistema de extracci\u00f3n estacionarios PC 01\/TV-Q\"}]},{\"@type\":\"WebSite\",\"@id\":\"https:\/\/www.wloeser.com\/es\/#website\",\"url\":\"https:\/\/www.wloeser.com\/es\/\",\"name\":\"Loeser Schleifmaschinen\",\"description\":\"\",\"publisher\":{\"@id\":\"https:\/\/www.wloeser.com\/es\/#organization\"},\"potentialAction\":[{\"@type\":\"SearchAction\",\"target\":{\"@type\":\"EntryPoint\",\"urlTemplate\":\"https:\/\/www.wloeser.com\/es\/?s={search_term_string}\"},\"query-input\":{\"@type\":\"PropertyValueSpecification\",\"valueRequired\":true,\"valueName\":\"search_term_string\"}}],\"inLanguage\":\"es\"},{\"@type\":\"Organization\",\"@id\":\"https:\/\/www.wloeser.com\/es\/#organization\",\"name\":\"Loeser Schleifmaschinen\",\"url\":\"https:\/\/www.wloeser.com\/es\/\",\"logo\":{\"@type\":\"ImageObject\",\"inLanguage\":\"es\",\"@id\":\"https:\/\/www.wloeser.com\/es\/#\/schema\/logo\/image\/\",\"url\":\"https:\/\/www.wloeser.com\/wp-content\/uploads\/2023\/03\/cropped-loeser-logo-2023.jpg\",\"contentUrl\":\"https:\/\/www.wloeser.com\/wp-content\/uploads\/2023\/03\/cropped-loeser-logo-2023.jpg\",\"width\":500,\"height\":238,\"caption\":\"Loeser Schleifmaschinen\"},\"image\":{\"@id\":\"https:\/\/www.wloeser.com\/es\/#\/schema\/logo\/image\/\"}}]}<\/script>\n<!-- \/ Yoast SEO plugin. -->","yoast_head_json":{"title":"Sistema de extracci\u00f3n estacionarios PC 01\/TV-Q - Loeser Schleifmaschinen","description":"Nuestros sistemas de extracci\u00f3n estacionarios ofrecen una soluci\u00f3n eficiente para extraer el polvo de las lijadoras de banda y otras aplicaciones.","robots":{"index":"index","follow":"follow","max-snippet":"max-snippet:-1","max-image-preview":"max-image-preview:large","max-video-preview":"max-video-preview:-1"},"canonical":"https:\/\/www.wloeser.com\/es\/cintas\/muelas\/sistemas-de-extraccion-estacionarios\/sistema-de-extraccion-estacionarios-pc-01-tv-q\/","og_locale":"es_ES","og_type":"article","og_title":"Sistema de extracci\u00f3n estacionarios PC 01\/TV-Q - Loeser Schleifmaschinen","og_description":"Nuestros sistemas de extracci\u00f3n estacionarios ofrecen una soluci\u00f3n eficiente para extraer el polvo de las lijadoras de banda y otras aplicaciones.","og_url":"https:\/\/www.wloeser.com\/es\/cintas\/muelas\/sistemas-de-extraccion-estacionarios\/sistema-de-extraccion-estacionarios-pc-01-tv-q\/","og_site_name":"Loeser Schleifmaschinen","article_modified_time":"2025-08-14T10:05:25+00:00","og_image":[{"width":312,"height":882,"url":"https:\/\/www.wloeser.com\/wp-content\/uploads\/2024\/03\/absaugung-pc01-1.jpg","type":"image\/jpeg"}],"twitter_card":"summary_large_image","twitter_misc":{"Tiempo de lectura":"7 minutos"},"schema":{"@context":"https:\/\/schema.org","@graph":[{"@type":"WebPage","@id":"https:\/\/www.wloeser.com\/es\/cintas\/muelas\/sistemas-de-extraccion-estacionarios\/sistema-de-extraccion-estacionarios-pc-01-tv-q\/","url":"https:\/\/www.wloeser.com\/es\/cintas\/muelas\/sistemas-de-extraccion-estacionarios\/sistema-de-extraccion-estacionarios-pc-01-tv-q\/","name":"Sistema de extracci\u00f3n estacionarios PC 01\/TV-Q - Loeser Schleifmaschinen","isPartOf":{"@id":"https:\/\/www.wloeser.com\/es\/#website"},"primaryImageOfPage":{"@id":"https:\/\/www.wloeser.com\/es\/cintas\/muelas\/sistemas-de-extraccion-estacionarios\/sistema-de-extraccion-estacionarios-pc-01-tv-q\/#primaryimage"},"image":{"@id":"https:\/\/www.wloeser.com\/es\/cintas\/muelas\/sistemas-de-extraccion-estacionarios\/sistema-de-extraccion-estacionarios-pc-01-tv-q\/#primaryimage"},"thumbnailUrl":"https:\/\/www.wloeser.com\/wp-content\/uploads\/2024\/03\/absaugung-pc01-1.jpg","datePublished":"2025-08-14T09:24:06+00:00","dateModified":"2025-08-14T10:05:25+00:00","description":"Nuestros sistemas de extracci\u00f3n estacionarios ofrecen una soluci\u00f3n eficiente para extraer el polvo de las lijadoras de banda y otras aplicaciones.","breadcrumb":{"@id":"https:\/\/www.wloeser.com\/es\/cintas\/muelas\/sistemas-de-extraccion-estacionarios\/sistema-de-extraccion-estacionarios-pc-01-tv-q\/#breadcrumb"},"inLanguage":"es","potentialAction":[{"@type":"ReadAction","target":["https:\/\/www.wloeser.com\/es\/cintas\/muelas\/sistemas-de-extraccion-estacionarios\/sistema-de-extraccion-estacionarios-pc-01-tv-q\/"]}]},{"@type":"ImageObject","inLanguage":"es","@id":"https:\/\/www.wloeser.com\/es\/cintas\/muelas\/sistemas-de-extraccion-estacionarios\/sistema-de-extraccion-estacionarios-pc-01-tv-q\/#primaryimage","url":"https:\/\/www.wloeser.com\/wp-content\/uploads\/2024\/03\/absaugung-pc01-1.jpg","contentUrl":"https:\/\/www.wloeser.com\/wp-content\/uploads\/2024\/03\/absaugung-pc01-1.jpg"},{"@type":"BreadcrumbList","@id":"https:\/\/www.wloeser.com\/es\/cintas\/muelas\/sistemas-de-extraccion-estacionarios\/sistema-de-extraccion-estacionarios-pc-01-tv-q\/#breadcrumb","itemListElement":[{"@type":"ListItem","position":1,"name":"P\u00e1gina de inicio","item":"https:\/\/www.wloeser.com\/es\/"},{"@type":"ListItem","position":2,"name":"Productos","item":"https:\/\/www.wloeser.com\/es\/cintas\/"},{"@type":"ListItem","position":3,"name":"Muelas","item":"https:\/\/www.wloeser.com\/es\/cintas\/muelas\/"},{"@type":"ListItem","position":4,"name":"Sistemas de extracci\u00f3n estacionarios","item":"https:\/\/www.wloeser.com\/es\/cintas\/muelas\/sistemas-de-extraccion-estacionarios\/"},{"@type":"ListItem","position":5,"name":"Sistema de extracci\u00f3n estacionarios PC 01\/TV-Q"}]},{"@type":"WebSite","@id":"https:\/\/www.wloeser.com\/es\/#website","url":"https:\/\/www.wloeser.com\/es\/","name":"Loeser Schleifmaschinen","description":"","publisher":{"@id":"https:\/\/www.wloeser.com\/es\/#organization"},"potentialAction":[{"@type":"SearchAction","target":{"@type":"EntryPoint","urlTemplate":"https:\/\/www.wloeser.com\/es\/?s={search_term_string}"},"query-input":{"@type":"PropertyValueSpecification","valueRequired":true,"valueName":"search_term_string"}}],"inLanguage":"es"},{"@type":"Organization","@id":"https:\/\/www.wloeser.com\/es\/#organization","name":"Loeser Schleifmaschinen","url":"https:\/\/www.wloeser.com\/es\/","logo":{"@type":"ImageObject","inLanguage":"es","@id":"https:\/\/www.wloeser.com\/es\/#\/schema\/logo\/image\/","url":"https:\/\/www.wloeser.com\/wp-content\/uploads\/2023\/03\/cropped-loeser-logo-2023.jpg","contentUrl":"https:\/\/www.wloeser.com\/wp-content\/uploads\/2023\/03\/cropped-loeser-logo-2023.jpg","width":500,"height":238,"caption":"Loeser Schleifmaschinen"},"image":{"@id":"https:\/\/www.wloeser.com\/es\/#\/schema\/logo\/image\/"}}]}},"_links":{"self":[{"href":"https:\/\/www.wloeser.com\/es\/wp-json\/wp\/v2\/pages\/21818","targetHints":{"allow":["GET"]}}],"collection":[{"href":"https:\/\/www.wloeser.com\/es\/wp-json\/wp\/v2\/pages"}],"about":[{"href":"https:\/\/www.wloeser.com\/es\/wp-json\/wp\/v2\/types\/page"}],"author":[{"embeddable":true,"href":"https:\/\/www.wloeser.com\/es\/wp-json\/wp\/v2\/users\/1"}],"replies":[{"embeddable":true,"href":"https:\/\/www.wloeser.com\/es\/wp-json\/wp\/v2\/comments?post=21818"}],"version-history":[{"count":1,"href":"https:\/\/www.wloeser.com\/es\/wp-json\/wp\/v2\/pages\/21818\/revisions"}],"predecessor-version":[{"id":21828,"href":"https:\/\/www.wloeser.com\/es\/wp-json\/wp\/v2\/pages\/21818\/revisions\/21828"}],"up":[{"embeddable":true,"href":"https:\/\/www.wloeser.com\/es\/wp-json\/wp\/v2\/pages\/12434"}],"wp:attachment":[{"href":"https:\/\/www.wloeser.com\/es\/wp-json\/wp\/v2\/media?parent=21818"}],"curies":[{"name":"wp","href":"https:\/\/api.w.org\/{rel}","templated":true}]}}