{"id":13689,"date":"2023-06-15T11:18:22","date_gmt":"2023-06-15T09:18:22","guid":{"rendered":"https:\/\/neu.wloeser.com\/?page_id=13689"},"modified":"2025-05-21T14:59:59","modified_gmt":"2025-05-21T12:59:59","slug":"amoladora-de-flores-3m-av32-2","status":"publish","type":"page","link":"https:\/\/www.wloeser.com\/es\/cintas\/amoladoras-de-mano\/lijadoras-orbital\/amoladora-de-flores-3m-av32-2\/","title":{"rendered":"Amoladora de flores 3M AV32-2"},"content":{"rendered":"\n<div class=\"wp-block-stackable-columns stk-block-columns stk-block stk-7a8ef8a animated zoomIn\" data-block-id=\"7a8ef8a\"><style>@media screen and (max-width: 767px){.stk-7a8ef8a {--stk-col-order-1:2 !important;--stk-col-order-2:1 !important;}}<\/style><div class=\"stk-row stk-inner-blocks stk-block-content stk-content-align stk-7a8ef8a-column\">\n<div class=\"wp-block-stackable-column stk-block-column stk-column stk-block stk-7d2e3ef\" data-v=\"4\" data-block-id=\"7d2e3ef\"><style>.stk-7d2e3ef-container{margin-top:50px !important;}@media screen and (min-width: 768px){.stk-7d2e3ef {flex:var(--stk-flex-grow, 1) 1 calc(40% - var(--stk-column-gap, 0px) * 1 \/ 2 ) !important;}}<\/style><div class=\"stk-column-wrapper stk-block-column__content stk-container stk-7d2e3ef-container stk--no-background stk--no-padding\"><div class=\"stk-block-content stk-inner-blocks stk-7d2e3ef-inner-blocks\">\n<figure class=\"wp-block-image size-full\"><a href=\"https:\/\/www.wloeser.com\/wp-content\/uploads\/2023\/06\/3m-av32-2.png\"><img loading=\"lazy\" decoding=\"async\" width=\"800\" height=\"458\" src=\"https:\/\/www.wloeser.com\/wp-content\/uploads\/2023\/06\/3m-av32-2.png\" alt=\"3M Bl\u00fctenschleifer AV32-2\n\" class=\"wp-image-13391\" srcset=\"https:\/\/www.wloeser.com\/wp-content\/uploads\/2023\/06\/3m-av32-2.png 800w, https:\/\/www.wloeser.com\/wp-content\/uploads\/2023\/06\/3m-av32-2-300x172.png 300w, https:\/\/www.wloeser.com\/wp-content\/uploads\/2023\/06\/3m-av32-2-768x440.png 768w\" sizes=\"auto, (max-width: 800px) 100vw, 800px\" \/><\/a><\/figure>\n<\/div><\/div><\/div>\n\n\n\n<div class=\"wp-block-stackable-column stk-block-column stk-column stk-block stk-835a466\" data-v=\"4\" data-block-id=\"835a466\"><style>@media screen and (min-width: 768px){.stk-835a466 {flex:var(--stk-flex-grow, 1) 1 calc(60% - var(--stk-column-gap, 0px) * 1 \/ 2 ) !important;}}<\/style><div class=\"stk-column-wrapper stk-block-column__content stk-container stk-835a466-container stk--no-background stk--no-padding\"><div class=\"stk-block-content stk-inner-blocks stk-835a466-inner-blocks\">\n<h1 class=\"wp-block-heading animated zoomIn\">Amoladora de flores 3M AV32-2<\/h1>\n\n\n\n<div class=\"wp-block-stackable-icon-list stk-block-icon-list stk-block stk-d1ed66b\" data-block-id=\"d1ed66b\"><style>.stk-d1ed66b .stk-block-icon-list-item__content{gap:9px !important;align-items:baseline !important;}.stk-d1ed66b {--stk-icon-list-column-gap:0px !important;--stk-icon-list-row-gap:15px !important;--stk-icon-list-marker-color:#2c4f95 !important;--stk-icon-list-icon-size:12.5px !important;}.stk-d1ed66b ul, .stk-d1ed66b ol{padding-left:20px !important;}<\/style><svg style=\"display:none\"><defs><g id=\"stk-icon-list__icon-svg-def-d1ed66b\"><svg aria-hidden=\"true\" focusable=\"false\" data-prefix=\"fas\" data-icon=\"dot-circle\" class=\"svg-inline--fa fa-dot-circle fa-w-16\" role=\"img\" xmlns=\"http:\/\/www.w3.org\/2000\/svg\" viewBox=\"0 0 512 512\"><path fill=\"currentColor\" d=\"M256 8C119.033 8 8 119.033 8 256s111.033 248 248 248 248-111.033 248-248S392.967 8 256 8zm80 248c0 44.112-35.888 80-80 80s-80-35.888-80-80 35.888-80 80-80 80 35.888 80 80z\"><\/path><\/svg><\/g><\/defs><\/svg><div class=\"stk-block-icon-list__ul stk-block-icon-list--column\"><ul class=\"stk-block-icon-list__group\">\n<li class=\"wp-block-stackable-icon-list-item stk-block-icon-list-item stk-block stk-2373da9\" data-block-id=\"2373da9\"><div class=\"stk-block-icon-list-item__content\"><span class=\"stk--svg-wrapper\"><div class=\"stk--inner-svg\"><svg aria-hidden=\"true\" width=\"32\" height=\"32\"><use xlink:href=\"#stk-icon-list__icon-svg-def-d1ed66b\"><\/use><\/svg><\/div><\/span><span class=\"stk-block-icon-list-item__text\">C\u00f3modo manejo y manejo de la m\u00e1quina.<\/span><\/div><\/li>\n\n\n\n<li class=\"wp-block-stackable-icon-list-item stk-block-icon-list-item stk-block stk-576d51a\" data-block-id=\"576d51a\"><div class=\"stk-block-icon-list-item__content\"><span class=\"stk--svg-wrapper\"><div class=\"stk--inner-svg\"><svg aria-hidden=\"true\" width=\"32\" height=\"32\"><use xlink:href=\"#stk-icon-list__icon-svg-def-d1ed66b\"><\/use><\/svg><\/div><\/span><span class=\"stk-block-icon-list-item__text\">Cojinete de placa exc\u00e9ntrica, incluida placa y adaptador de 6 puntos<\/span><\/div><\/li>\n\n\n\n<li class=\"wp-block-stackable-icon-list-item stk-block-icon-list-item stk-block stk-91e4388\" data-block-id=\"91e4388\"><div class=\"stk-block-icon-list-item__content\"><span class=\"stk--svg-wrapper\"><div class=\"stk--inner-svg\"><svg aria-hidden=\"true\" width=\"32\" height=\"32\"><use xlink:href=\"#stk-icon-list__icon-svg-def-d1ed66b\"><\/use><\/svg><\/div><\/span><span class=\"stk-block-icon-list-item__text\">Trabajo particularmente r\u00e1pido y f\u00e1cil con aproximadamente 7.000 &#8211; 8.000 rpm (aprox. ajuste medio).<\/span><\/div><\/li>\n\n\n\n<li class=\"wp-block-stackable-icon-list-item stk-block-icon-list-item stk-block stk-c1dcdaf\" data-block-id=\"c1dcdaf\"><div class=\"stk-block-icon-list-item__content\"><span class=\"stk--svg-wrapper\"><div class=\"stk--inner-svg\"><svg aria-hidden=\"true\" width=\"32\" height=\"32\"><use xlink:href=\"#stk-icon-list__icon-svg-def-d1ed66b\"><\/use><\/svg><\/div><\/span><span class=\"stk-block-icon-list-item__text\">\u00d8 32 mm, carrera de 3 mm, 15.000 rpm<\/span><\/div><\/li>\n<\/ul><\/div><\/div>\n\n\n<div class=\"box-grey bd-toyv1dvlmxcbinpfj2jdortghplaei wp-block-bd--- wp-block-bd-block-18665\"><p class=\"b-header bd-op3bnr48jjjaf7zapgujp8bi7pt5g6\">Industrias:<\/p><p class=\"b-text bd-n3hxovf2dpvvbxo864pxpkbh8v8k29\"><a href=\"https:\/\/www.wloeser.com\/es\/productos\/construccion-metalica\/\">Construcci&#xF3;n met&#xE1;lica<\/a>, <a href=\"https:\/\/www.wloeser.com\/es\/productos\/proveedor-automotriz\/\">Proveedor automotriz<\/a>, <a href=\"https:\/\/www.wloeser.com\/es\/productos\/ingenieria-aeronautica\/\">Ingenier&#xED;a aeron&#xE1;utica<\/a>, <a href=\"https:\/\/www.wloeser.com\/es\/productos\/fabricacion-de-herramientas\/\">Fabricaci&#xF3;n de herramientas<\/a>, <a href=\"https:\/\/www.wloeser.com\/es\/productos\/tecnologia-medica\/\">Tecnolog&#xED;a medica<\/a>, <a href=\"https:\/\/www.wloeser.com\/es\/productos\/cerrajero\/\">Cerrajero<\/a>, <a href=\"https:\/\/www.wloeser.com\/es\/productos\/fundicion\/\">Fundici&#xF3;n<\/a>, <a href=\"https:\/\/www.wloeser.com\/es\/productos\/amoladora-de-contrato\/\">Amoladora de contrato<\/a><\/p><\/div>\n\n<div class=\"box-grey bd-srbqyrpkvqinrlv2smk1zr2p59ucxc wp-block-bd--- wp-block-bd-block-18666\"><p class=\"b-header bd-xwd4czafo7dtha7vthukfkmqre3uit\">Alcance:<\/p><p class=\"bd-32n06608ko2ftrnmos6efwozj1flkm\">Acero inoxidable, acero de alta aleaci&#xF3;n y sin alear, metales no ferrosos, acero fundido, aluminio, titanio, pl&#xE1;stico, vidrio, papel, para componentes, p. ej.  &#xC1;labes de turbina o piezas fundidas a presi&#xF3;n y de inversi&#xF3;n<\/p><p class=\"b-text bd-3t3wt1nvcdcp86sobnohnf5e8rfx1r\"><\/p><\/div>\n\n\n<p class=\"lieferzeit\">Tiempo de entrega: Disponible a corto plazo.<\/p>\n\n\n\n<div id=\"mySampleContent\" class=\"fancybox-hide\"><p class=\"wpcf7-contact-form-not-found\"><strong>Error:<\/strong> Formulario de contacto no encontrado.<\/p><\/div>\n<a href=\"#mySampleContent\" class=\"ari-fancybox popup-button es\" style=\"display: inline-block !important;\">Solicitar una cotizaci\u00f3n<\/a>\n<\/div><\/div><\/div>\n<\/div><\/div>\n\n\n\n<div class=\"wp-block-stackable-divider stk-block-divider stk-block stk-60ae79b\" data-block-id=\"60ae79b\"><hr class=\"stk-block-divider__hr\"\/><\/div>\n\n\n\n<h2 class=\"wp-block-heading has-text-align-left h2-details\" id=\"daten\">Especificaciones t\u00e9cnicas<\/h2>\n\n\n\n<figure class=\"wp-block-table is-style-regular\"><table class=\"has-white-background-color has-background has-fixed-layout\"><tbody><tr><td><strong>N\u00famero de modelo<\/strong><\/td><td>AV 32 &#8211; 2<\/td><\/tr><tr><td><strong>Potencia del motor<\/strong><\/td><td>300 Watt<\/td><\/tr><tr><td><strong>Nivel de ruido<\/strong><\/td><td>75 dBA<\/td><\/tr><tr><td><strong>Eje de velocidad<\/strong><\/td><td>15.000\/min.<\/td><\/tr><tr><td><strong>Consumo de aire<\/strong><\/td><td>0,4m\u00b3\/min<\/td><\/tr><tr><td><strong><strong>Peso<\/strong><\/strong><\/td><td>0,7 kg<\/td><\/tr><tr><td><strong>Longitud<\/strong><\/td><td>155mm<\/td><\/tr><tr><td><strong>Vibraci\u00f3n m\/s<\/strong><\/td><td>2<\/td><\/tr><\/tbody><\/table><\/figure>\n\n\n\n<a class=\"back\" href=\"javascript:history.back()\">Atr\u00e1s<\/a>\n","protected":false},"excerpt":{"rendered":"<p>Amoladora de flores 3M AV32-2 Tiempo de entrega: Disponible a corto plazo. Solicitar una cotizaci\u00f3n Especificaciones t\u00e9cnicas N\u00famero de modelo AV 32 &#8211; 2 Potencia del motor 300 Watt Nivel de ruido 75 dBA Eje de velocidad 15.000\/min. Consumo de aire 0,4m\u00b3\/min Peso 0,7 kg Longitud 155mm Vibraci\u00f3n m\/s 2<\/p>\n","protected":false},"author":1,"featured_media":0,"parent":8859,"menu_order":19,"comment_status":"closed","ping_status":"closed","template":"templates\/template-full-width.php","meta":{"pgc_sgb_lightbox_settings":"","footnotes":""},"class_list":["post-13689","page","type-page","status-publish","hentry"],"yoast_head":"<!-- This site is optimized with the Yoast SEO plugin v26.8 - https:\/\/yoast.com\/product\/yoast-seo-wordpress\/ -->\n<title>Amoladora de flores 3M AV32-2 - Loeser Schleifmaschinen<\/title>\n<meta name=\"description\" content=\"El molinillo de flores AV32-2 de 3M ofrece un manejo y funcionamiento c\u00f3modos para permitir un molido eficiente.\" \/>\n<meta name=\"robots\" content=\"index, follow, max-snippet:-1, max-image-preview:large, max-video-preview:-1\" \/>\n<link rel=\"canonical\" href=\"https:\/\/www.wloeser.com\/es\/cintas\/amoladoras-de-mano\/lijadoras-orbital\/amoladora-de-flores-3m-av32-2\/\" \/>\n<meta property=\"og:locale\" content=\"es_ES\" \/>\n<meta property=\"og:type\" content=\"article\" \/>\n<meta property=\"og:title\" content=\"Amoladora de flores 3M AV32-2 - Loeser Schleifmaschinen\" \/>\n<meta property=\"og:description\" content=\"El molinillo de flores AV32-2 de 3M ofrece un manejo y funcionamiento c\u00f3modos para permitir un molido eficiente.\" \/>\n<meta property=\"og:url\" content=\"https:\/\/www.wloeser.com\/es\/cintas\/amoladoras-de-mano\/lijadoras-orbital\/amoladora-de-flores-3m-av32-2\/\" \/>\n<meta property=\"og:site_name\" content=\"Loeser Schleifmaschinen\" \/>\n<meta property=\"article:modified_time\" content=\"2025-05-21T12:59:59+00:00\" \/>\n<meta property=\"og:image\" content=\"https:\/\/www.wloeser.com\/wp-content\/uploads\/2023\/06\/3m-av32-2.png\" \/>\n\t<meta property=\"og:image:width\" content=\"800\" \/>\n\t<meta property=\"og:image:height\" content=\"458\" \/>\n\t<meta property=\"og:image:type\" content=\"image\/png\" \/>\n<meta name=\"twitter:card\" content=\"summary_large_image\" \/>\n<meta name=\"twitter:label1\" content=\"Tiempo de lectura\" \/>\n\t<meta name=\"twitter:data1\" content=\"2 minutos\" \/>\n<script type=\"application\/ld+json\" class=\"yoast-schema-graph\">{\"@context\":\"https:\/\/schema.org\",\"@graph\":[{\"@type\":\"WebPage\",\"@id\":\"https:\/\/www.wloeser.com\/es\/cintas\/amoladoras-de-mano\/lijadoras-orbital\/amoladora-de-flores-3m-av32-2\/\",\"url\":\"https:\/\/www.wloeser.com\/es\/cintas\/amoladoras-de-mano\/lijadoras-orbital\/amoladora-de-flores-3m-av32-2\/\",\"name\":\"Amoladora de flores 3M AV32-2 - Loeser Schleifmaschinen\",\"isPartOf\":{\"@id\":\"https:\/\/www.wloeser.com\/es\/#website\"},\"primaryImageOfPage\":{\"@id\":\"https:\/\/www.wloeser.com\/es\/cintas\/amoladoras-de-mano\/lijadoras-orbital\/amoladora-de-flores-3m-av32-2\/#primaryimage\"},\"image\":{\"@id\":\"https:\/\/www.wloeser.com\/es\/cintas\/amoladoras-de-mano\/lijadoras-orbital\/amoladora-de-flores-3m-av32-2\/#primaryimage\"},\"thumbnailUrl\":\"https:\/\/www.wloeser.com\/wp-content\/uploads\/2023\/06\/3m-av32-2.png\",\"datePublished\":\"2023-06-15T09:18:22+00:00\",\"dateModified\":\"2025-05-21T12:59:59+00:00\",\"description\":\"El molinillo de flores AV32-2 de 3M ofrece un manejo y funcionamiento c\u00f3modos para permitir un molido eficiente.\",\"breadcrumb\":{\"@id\":\"https:\/\/www.wloeser.com\/es\/cintas\/amoladoras-de-mano\/lijadoras-orbital\/amoladora-de-flores-3m-av32-2\/#breadcrumb\"},\"inLanguage\":\"es\",\"potentialAction\":[{\"@type\":\"ReadAction\",\"target\":[\"https:\/\/www.wloeser.com\/es\/cintas\/amoladoras-de-mano\/lijadoras-orbital\/amoladora-de-flores-3m-av32-2\/\"]}]},{\"@type\":\"ImageObject\",\"inLanguage\":\"es\",\"@id\":\"https:\/\/www.wloeser.com\/es\/cintas\/amoladoras-de-mano\/lijadoras-orbital\/amoladora-de-flores-3m-av32-2\/#primaryimage\",\"url\":\"https:\/\/www.wloeser.com\/wp-content\/uploads\/2023\/06\/3m-av32-2.png\",\"contentUrl\":\"https:\/\/www.wloeser.com\/wp-content\/uploads\/2023\/06\/3m-av32-2.png\"},{\"@type\":\"BreadcrumbList\",\"@id\":\"https:\/\/www.wloeser.com\/es\/cintas\/amoladoras-de-mano\/lijadoras-orbital\/amoladora-de-flores-3m-av32-2\/#breadcrumb\",\"itemListElement\":[{\"@type\":\"ListItem\",\"position\":1,\"name\":\"P\u00e1gina de inicio\",\"item\":\"https:\/\/www.wloeser.com\/es\/\"},{\"@type\":\"ListItem\",\"position\":2,\"name\":\"Productos\",\"item\":\"https:\/\/www.wloeser.com\/es\/cintas\/\"},{\"@type\":\"ListItem\",\"position\":3,\"name\":\"Amoladoras de mano\",\"item\":\"https:\/\/www.wloeser.com\/es\/cintas\/amoladoras-de-mano\/\"},{\"@type\":\"ListItem\",\"position\":4,\"name\":\"Lijadoras orbital\",\"item\":\"https:\/\/www.wloeser.com\/es\/cintas\/amoladoras-de-mano\/lijadoras-orbital\/\"},{\"@type\":\"ListItem\",\"position\":5,\"name\":\"Amoladora de flores 3M AV32-2\"}]},{\"@type\":\"WebSite\",\"@id\":\"https:\/\/www.wloeser.com\/es\/#website\",\"url\":\"https:\/\/www.wloeser.com\/es\/\",\"name\":\"Loeser Schleifmaschinen\",\"description\":\"\",\"publisher\":{\"@id\":\"https:\/\/www.wloeser.com\/es\/#organization\"},\"potentialAction\":[{\"@type\":\"SearchAction\",\"target\":{\"@type\":\"EntryPoint\",\"urlTemplate\":\"https:\/\/www.wloeser.com\/es\/?s={search_term_string}\"},\"query-input\":{\"@type\":\"PropertyValueSpecification\",\"valueRequired\":true,\"valueName\":\"search_term_string\"}}],\"inLanguage\":\"es\"},{\"@type\":\"Organization\",\"@id\":\"https:\/\/www.wloeser.com\/es\/#organization\",\"name\":\"Loeser Schleifmaschinen\",\"url\":\"https:\/\/www.wloeser.com\/es\/\",\"logo\":{\"@type\":\"ImageObject\",\"inLanguage\":\"es\",\"@id\":\"https:\/\/www.wloeser.com\/es\/#\/schema\/logo\/image\/\",\"url\":\"https:\/\/www.wloeser.com\/wp-content\/uploads\/2023\/03\/cropped-loeser-logo-2023.jpg\",\"contentUrl\":\"https:\/\/www.wloeser.com\/wp-content\/uploads\/2023\/03\/cropped-loeser-logo-2023.jpg\",\"width\":500,\"height\":238,\"caption\":\"Loeser Schleifmaschinen\"},\"image\":{\"@id\":\"https:\/\/www.wloeser.com\/es\/#\/schema\/logo\/image\/\"}}]}<\/script>\n<!-- \/ Yoast SEO plugin. -->","yoast_head_json":{"title":"Amoladora de flores 3M AV32-2 - Loeser Schleifmaschinen","description":"El molinillo de flores AV32-2 de 3M ofrece un manejo y funcionamiento c\u00f3modos para permitir un molido eficiente.","robots":{"index":"index","follow":"follow","max-snippet":"max-snippet:-1","max-image-preview":"max-image-preview:large","max-video-preview":"max-video-preview:-1"},"canonical":"https:\/\/www.wloeser.com\/es\/cintas\/amoladoras-de-mano\/lijadoras-orbital\/amoladora-de-flores-3m-av32-2\/","og_locale":"es_ES","og_type":"article","og_title":"Amoladora de flores 3M AV32-2 - Loeser Schleifmaschinen","og_description":"El molinillo de flores AV32-2 de 3M ofrece un manejo y funcionamiento c\u00f3modos para permitir un molido eficiente.","og_url":"https:\/\/www.wloeser.com\/es\/cintas\/amoladoras-de-mano\/lijadoras-orbital\/amoladora-de-flores-3m-av32-2\/","og_site_name":"Loeser Schleifmaschinen","article_modified_time":"2025-05-21T12:59:59+00:00","og_image":[{"width":800,"height":458,"url":"https:\/\/www.wloeser.com\/wp-content\/uploads\/2023\/06\/3m-av32-2.png","type":"image\/png"}],"twitter_card":"summary_large_image","twitter_misc":{"Tiempo de lectura":"2 minutos"},"schema":{"@context":"https:\/\/schema.org","@graph":[{"@type":"WebPage","@id":"https:\/\/www.wloeser.com\/es\/cintas\/amoladoras-de-mano\/lijadoras-orbital\/amoladora-de-flores-3m-av32-2\/","url":"https:\/\/www.wloeser.com\/es\/cintas\/amoladoras-de-mano\/lijadoras-orbital\/amoladora-de-flores-3m-av32-2\/","name":"Amoladora de flores 3M AV32-2 - Loeser Schleifmaschinen","isPartOf":{"@id":"https:\/\/www.wloeser.com\/es\/#website"},"primaryImageOfPage":{"@id":"https:\/\/www.wloeser.com\/es\/cintas\/amoladoras-de-mano\/lijadoras-orbital\/amoladora-de-flores-3m-av32-2\/#primaryimage"},"image":{"@id":"https:\/\/www.wloeser.com\/es\/cintas\/amoladoras-de-mano\/lijadoras-orbital\/amoladora-de-flores-3m-av32-2\/#primaryimage"},"thumbnailUrl":"https:\/\/www.wloeser.com\/wp-content\/uploads\/2023\/06\/3m-av32-2.png","datePublished":"2023-06-15T09:18:22+00:00","dateModified":"2025-05-21T12:59:59+00:00","description":"El molinillo de flores AV32-2 de 3M ofrece un manejo y funcionamiento c\u00f3modos para permitir un molido eficiente.","breadcrumb":{"@id":"https:\/\/www.wloeser.com\/es\/cintas\/amoladoras-de-mano\/lijadoras-orbital\/amoladora-de-flores-3m-av32-2\/#breadcrumb"},"inLanguage":"es","potentialAction":[{"@type":"ReadAction","target":["https:\/\/www.wloeser.com\/es\/cintas\/amoladoras-de-mano\/lijadoras-orbital\/amoladora-de-flores-3m-av32-2\/"]}]},{"@type":"ImageObject","inLanguage":"es","@id":"https:\/\/www.wloeser.com\/es\/cintas\/amoladoras-de-mano\/lijadoras-orbital\/amoladora-de-flores-3m-av32-2\/#primaryimage","url":"https:\/\/www.wloeser.com\/wp-content\/uploads\/2023\/06\/3m-av32-2.png","contentUrl":"https:\/\/www.wloeser.com\/wp-content\/uploads\/2023\/06\/3m-av32-2.png"},{"@type":"BreadcrumbList","@id":"https:\/\/www.wloeser.com\/es\/cintas\/amoladoras-de-mano\/lijadoras-orbital\/amoladora-de-flores-3m-av32-2\/#breadcrumb","itemListElement":[{"@type":"ListItem","position":1,"name":"P\u00e1gina de inicio","item":"https:\/\/www.wloeser.com\/es\/"},{"@type":"ListItem","position":2,"name":"Productos","item":"https:\/\/www.wloeser.com\/es\/cintas\/"},{"@type":"ListItem","position":3,"name":"Amoladoras de mano","item":"https:\/\/www.wloeser.com\/es\/cintas\/amoladoras-de-mano\/"},{"@type":"ListItem","position":4,"name":"Lijadoras orbital","item":"https:\/\/www.wloeser.com\/es\/cintas\/amoladoras-de-mano\/lijadoras-orbital\/"},{"@type":"ListItem","position":5,"name":"Amoladora de flores 3M AV32-2"}]},{"@type":"WebSite","@id":"https:\/\/www.wloeser.com\/es\/#website","url":"https:\/\/www.wloeser.com\/es\/","name":"Loeser Schleifmaschinen","description":"","publisher":{"@id":"https:\/\/www.wloeser.com\/es\/#organization"},"potentialAction":[{"@type":"SearchAction","target":{"@type":"EntryPoint","urlTemplate":"https:\/\/www.wloeser.com\/es\/?s={search_term_string}"},"query-input":{"@type":"PropertyValueSpecification","valueRequired":true,"valueName":"search_term_string"}}],"inLanguage":"es"},{"@type":"Organization","@id":"https:\/\/www.wloeser.com\/es\/#organization","name":"Loeser Schleifmaschinen","url":"https:\/\/www.wloeser.com\/es\/","logo":{"@type":"ImageObject","inLanguage":"es","@id":"https:\/\/www.wloeser.com\/es\/#\/schema\/logo\/image\/","url":"https:\/\/www.wloeser.com\/wp-content\/uploads\/2023\/03\/cropped-loeser-logo-2023.jpg","contentUrl":"https:\/\/www.wloeser.com\/wp-content\/uploads\/2023\/03\/cropped-loeser-logo-2023.jpg","width":500,"height":238,"caption":"Loeser Schleifmaschinen"},"image":{"@id":"https:\/\/www.wloeser.com\/es\/#\/schema\/logo\/image\/"}}]}},"_links":{"self":[{"href":"https:\/\/www.wloeser.com\/es\/wp-json\/wp\/v2\/pages\/13689","targetHints":{"allow":["GET"]}}],"collection":[{"href":"https:\/\/www.wloeser.com\/es\/wp-json\/wp\/v2\/pages"}],"about":[{"href":"https:\/\/www.wloeser.com\/es\/wp-json\/wp\/v2\/types\/page"}],"author":[{"embeddable":true,"href":"https:\/\/www.wloeser.com\/es\/wp-json\/wp\/v2\/users\/1"}],"replies":[{"embeddable":true,"href":"https:\/\/www.wloeser.com\/es\/wp-json\/wp\/v2\/comments?post=13689"}],"version-history":[{"count":9,"href":"https:\/\/www.wloeser.com\/es\/wp-json\/wp\/v2\/pages\/13689\/revisions"}],"predecessor-version":[{"id":20916,"href":"https:\/\/www.wloeser.com\/es\/wp-json\/wp\/v2\/pages\/13689\/revisions\/20916"}],"up":[{"embeddable":true,"href":"https:\/\/www.wloeser.com\/es\/wp-json\/wp\/v2\/pages\/8859"}],"wp:attachment":[{"href":"https:\/\/www.wloeser.com\/es\/wp-json\/wp\/v2\/media?parent=13689"}],"curies":[{"name":"wp","href":"https:\/\/api.w.org\/{rel}","templated":true}]}}