{"id":12322,"date":"2023-02-20T12:11:16","date_gmt":"2023-02-20T11:11:16","guid":{"rendered":"https:\/\/loeser.createch-media.com\/?page_id=12322"},"modified":"2023-06-12T16:23:03","modified_gmt":"2023-06-12T14:23:03","slug":"proteccion-de-datos","status":"publish","type":"page","link":"https:\/\/www.wloeser.com\/es\/proteccion-de-datos\/","title":{"rendered":"Protecci\u00f3n de Datos"},"content":{"rendered":"\n<h1 class=\"wp-block-heading\">Protecci\u00f3n de Datos<\/h1>\n\n\n\n<div class=\"wp-block-stackable-columns stk-block-columns stk-block stk-d364dfa\" data-block-id=\"d364dfa\"><div class=\"stk-row stk-inner-blocks stk-block-content stk-content-align stk-d364dfa-column\">\n<div class=\"wp-block-stackable-column stk-block-column stk-block-column--v3 stk-column stk-block-column--v2 stk-block stk-9142e42\" data-block-id=\"9142e42\"><div class=\"stk-column-wrapper stk-block-column__content stk-container stk-9142e42-container stk--no-background stk--no-padding\"><div class=\"stk-block-content stk-inner-blocks stk-9142e42-inner-blocks\">\n<div class=\"wp-block-stackable-columns stk-block-columns stk-block stk-83ab968\" data-block-id=\"83ab968\"><div class=\"stk-row stk-inner-blocks stk-block-content stk-content-align stk-83ab968-column\">\n<div class=\"wp-block-stackable-column stk-block-column stk-block-column--v3 stk-column stk-block-column--v2 stk-block stk-697ff97\" data-block-id=\"697ff97\"><div class=\"stk-column-wrapper stk-block-column__content stk-container stk-697ff97-container stk--no-background stk--no-padding\"><div class=\"stk-block-content stk-inner-blocks stk-697ff97-inner-blocks\">\n<p>El organismo responsable en el sentido de las leyes de protecci\u00f3n de datos, en particular el Reglamento General de Protecci\u00f3n de Datos (GDPR) de la UE, es:<\/p>\n\n\n\n<p>Waldemar Loeser GmbH &amp; Co. KG, Siemensstr. 9, 67346 Speyer<\/p>\n\n\n\n<p>Tel\u00e9fono 06232 87593-0<br>Correo electr\u00f3nico: info@wloeser.com<\/p>\n\n\n\n<h2 class=\"wp-block-heading\">Sus derechos como sujeto de datos<\/h2>\n\n\n\n<p>Puede ejercer los siguientes derechos en cualquier momento utilizando los datos de contacto proporcionados por nuestro oficial de protecci\u00f3n de datos:<\/p>\n\n\n\n<ul class=\"wp-block-list\">\n<li>Informaci\u00f3n sobre sus datos almacenados por nosotros y su procesamiento,<\/li>\n\n\n\n<li>rectificaci\u00f3n de datos personales inexactos,<\/li>\n\n\n\n<li>Eliminaci\u00f3n de sus datos almacenados con nosotros,<\/li>\n\n\n\n<li>Restricci\u00f3n del procesamiento de datos si a\u00fan no se nos permite eliminar sus datos debido a obligaciones legales,<\/li>\n\n\n\n<li>Objeci\u00f3n al procesamiento de sus datos por nuestra parte y<\/li>\n\n\n\n<li>Transferibilidad de datos si ha dado su consentimiento para el procesamiento de datos o si ha celebrado un contrato con nosotros.<\/li>\n<\/ul>\n\n\n\n<p>Si nos ha dado su consentimiento, puede revocarlo en cualquier momento con efecto para el futuro.<\/p>\n\n\n\n<p>Puede ponerse en contacto con la autoridad supervisora \u200b\u200bresponsable de usted en cualquier momento con una queja. Su autoridad supervisora \u200b\u200bresponsable depende del estado de su residencia, su trabajo o la supuesta infracci\u00f3n. Puede encontrar una lista de las autoridades supervisoras (para el \u00e1rea no p\u00fablica) con sus direcciones en: https:\/\/www.bfdi.bund.de\/DE\/Infothek\/Anschriften_Links\/anschriften_links-node.html.<\/p>\n\n\n\n<h2 class=\"wp-block-heading\">Finalidades del tratamiento de datos por parte del responsable y terceros<\/h2>\n\n\n\n<p>Solo procesamos sus datos personales para los fines establecidos en esta declaraci\u00f3n de protecci\u00f3n de datos. Sus datos personales no ser\u00e1n transmitidos a terceros para finalidades distintas a las mencionadas. Solo transmitimos sus datos personales a terceros si:<\/p>\n\n\n\n<ul class=\"wp-block-list\">\n<li>usted ha dado su consentimiento expreso,<\/li>\n\n\n\n<li>el procesamiento es necesario para la ejecuci\u00f3n de un contrato con usted,<\/li>\n\n\n\n<li>el procesamiento es necesario para cumplir una obligaci\u00f3n legal,<\/li>\n\n\n\n<li>el procesamiento es necesario para proteger intereses leg\u00edtimos y no hay raz\u00f3n para suponer que tiene un inter\u00e9s leg\u00edtimo superior en no divulgar sus datos.<\/li>\n<\/ul>\n\n\n\n<h2 class=\"wp-block-heading\">Eliminaci\u00f3n o bloqueo de los datos<\/h2>\n\n\n\n<p>Nos adherimos a los principios de evitaci\u00f3n de datos y econom\u00eda de datos. Por lo tanto, solo almacenamos sus datos personales durante el tiempo que sea necesario para lograr los fines establecidos aqu\u00ed o seg\u00fan lo previsto por los diversos per\u00edodos de almacenamiento previstos por la legislaci\u00f3n. Una vez que haya dejado de existir la finalidad respectiva o hayan vencido estos plazos, los datos correspondientes ser\u00e1n bloqueados o eliminados de forma rutinaria y de conformidad con las disposiciones legales.<\/p>\n\n\n\n<h2 class=\"wp-block-heading\">Recopilaci\u00f3n de informaci\u00f3n general al visitar nuestro sitio web<\/h2>\n\n\n\n<p>Cuando accede a nuestro sitio web, se recopila autom\u00e1ticamente informaci\u00f3n de car\u00e1cter general mediante una cookie. Esta informaci\u00f3n (archivos de registro del servidor) incluye el tipo de navegador web, el sistema operativo utilizado, el nombre de dominio de su proveedor de servicios de Internet y similares. Se trata exclusivamente de informaci\u00f3n que no permite sacar conclusiones sobre su persona.<\/p>\n\n\n\n<p>Esta informaci\u00f3n es t\u00e9cnicamente necesaria para entregar correctamente el contenido que ha solicitado de los sitios web y es obligatoria cuando se utiliza Internet. En particular, son tratados para las siguientes finalidades:<\/p>\n\n\n\n<ul class=\"wp-block-list\">\n<li>Garantizar una conexi\u00f3n sin problemas al sitio web,<\/li>\n\n\n\n<li>garantizar un uso fluido de nuestro sitio web,<\/li>\n\n\n\n<li>Evaluaci\u00f3n de la seguridad y estabilidad del sistema.<\/li>\n\n\n\n<li>para otros fines administrativos.<\/li>\n<\/ul>\n\n\n\n<p>El procesamiento de sus datos personales se basa en nuestro inter\u00e9s leg\u00edtimo en los fines de recopilaci\u00f3n de datos antes mencionados. No utilizamos sus datos para sacar conclusiones sobre su persona. Los destinatarios de los datos son \u00fanicamente el responsable y, en su caso, el encargado del tratamiento.<\/p>\n\n\n\n<p>Podemos evaluar estad\u00edsticamente la informaci\u00f3n an\u00f3nima de este tipo para optimizar nuestro sitio web y la tecnolog\u00eda detr\u00e1s de \u00e9l.<\/p>\n\n\n\n<h2 class=\"wp-block-heading\">Cookies<\/h2>\n\n\n\n<p>Como muchos otros sitios web, tambi\u00e9n utilizamos las llamadas \u00abcookies\u00bb. Las cookies son peque\u00f1os archivos de texto que el servidor de un sitio web transfiere a su disco duro. Como resultado, recibimos autom\u00e1ticamente ciertos datos, p. B. Direcci\u00f3n IP, navegador utilizado, sistema operativo y su conexi\u00f3n a Internet.<\/p>\n\n\n\n<p>Las cookies no se pueden utilizar para iniciar programas o enviar virus a una computadora. En funci\u00f3n de la informaci\u00f3n contenida en las cookies, podemos facilitarle la navegaci\u00f3n y permitir que nuestros sitios web se muestren correctamente.<\/p>\n\n\n\n<p>En ning\u00fan caso los datos que recopilamos se ceder\u00e1n a terceros ni se vincular\u00e1n a datos personales sin su consentimiento.<\/p>\n\n\n\n<p>Por supuesto, tambi\u00e9n puede ver nuestro sitio web sin cookies. Los navegadores de Internet se configuran regularmente para aceptar cookies. Con car\u00e1cter general, puede deshabilitar el uso de cookies en cualquier momento a trav\u00e9s de la configuraci\u00f3n de su navegador. Utilice las funciones de ayuda de su navegador de Internet para averiguar c\u00f3mo puede cambiar esta configuraci\u00f3n. Tenga en cuenta que las funciones individuales de nuestro sitio web pueden no funcionar si ha desactivado el uso de cookies.<\/p>\n\n\n\n<h2 class=\"wp-block-heading\">Cifrado SSL<\/h2>\n\n\n\n<p>Para proteger la seguridad de sus datos durante la transmisi\u00f3n, utilizamos m\u00e9todos de cifrado de \u00faltima generaci\u00f3n (p. ej., SSL) a trav\u00e9s de HTTPS.<\/p>\n\n\n\n<h2 class=\"wp-block-heading\">Formulario de contacto<\/h2>\n\n\n\n<p>Si se pone en contacto con nosotros a trav\u00e9s del correo electr\u00f3nico o del formulario de contacto con preguntas de cualquier tipo, d\u00e9nos su consentimiento voluntario a efectos de establecer contacto. Esto requiere la especificaci\u00f3n de una direcci\u00f3n de correo electr\u00f3nico v\u00e1lida. Esto se usa para asignar la solicitud y luego para responderla. Proporcionar m\u00e1s datos es opcional. La informaci\u00f3n que proporcione se almacenar\u00e1 con el fin de procesar la solicitud y para posibles preguntas de seguimiento. Una vez atendida la solicitud que ha realizado, los datos personales ser\u00e1n eliminados autom\u00e1ticamente.<\/p>\n\n\n\n<h2 class=\"wp-block-heading\">Cambiar a nuestra pol\u00edtica de privacidad<\/h2>\n\n\n\n<p>Nos reservamos el derecho de adaptar ocasionalmente esta declaraci\u00f3n de protecci\u00f3n de datos para que siempre corresponda a los requisitos legales vigentes o de implementar cambios en nuestros servicios en la declaraci\u00f3n de protecci\u00f3n de datos, p. B. al introducir nuevos servicios. La nueva declaraci\u00f3n de protecci\u00f3n de datos se aplicar\u00e1 a su pr\u00f3xima visita.<\/p>\n\n\n\n<h2 class=\"wp-block-heading\">Preguntas al delegado de protecci\u00f3n de datos<\/h2>\n\n\n\n<p>Si tiene alguna pregunta sobre protecci\u00f3n de datos, env\u00edenos un correo electr\u00f3nico:<\/p>\n\n\n\n<p><a href=\"info@wloeser.com\">info(at)wloeser.com<\/a><\/p>\n\n\n\n<p>La declaraci\u00f3n de protecci\u00f3n de datos se cre\u00f3 con el <a href=\"https:\/\/www.activemind.de\/datenschutz\/generatoren\/datenschutzerklaerung\/\" target=\"_blank\" rel=\"noreferrer noopener\">generador de declaraciones de protecci\u00f3n de datos de activeMind AG<\/a>.<\/p>\n<\/div><\/div><\/div>\n<\/div><\/div>\n<\/div><\/div><\/div>\n<\/div><\/div>\n","protected":false},"excerpt":{"rendered":"<p>Protecci\u00f3n de Datos El organismo responsable en el sentido de las leyes de protecci\u00f3n de datos, en particular el Reglamento General de Protecci\u00f3n de Datos (GDPR) de la UE, es: Waldemar Loeser GmbH &amp; Co. KG, Siemensstr. 9, 67346 Speyer Tel\u00e9fono 06232 87593-0Correo electr\u00f3nico: info@wloeser.com Sus derechos como sujeto de datos Puede ejercer los siguientes [&hellip;]<\/p>\n","protected":false},"author":1,"featured_media":0,"parent":0,"menu_order":0,"comment_status":"closed","ping_status":"open","template":"templates\/template-full-width.php","meta":{"pgc_sgb_lightbox_settings":"","footnotes":""},"class_list":["post-12322","page","type-page","status-publish","hentry"],"yoast_head":"<!-- This site is optimized with the Yoast SEO plugin v26.8 - https:\/\/yoast.com\/product\/yoast-seo-wordpress\/ -->\n<title>Protecci\u00f3n de Datos - Loeser Schleifmaschinen<\/title>\n<meta name=\"robots\" content=\"index, follow, max-snippet:-1, max-image-preview:large, max-video-preview:-1\" \/>\n<link rel=\"canonical\" href=\"https:\/\/www.wloeser.com\/es\/proteccion-de-datos\/\" \/>\n<meta property=\"og:locale\" content=\"es_ES\" \/>\n<meta property=\"og:type\" content=\"article\" \/>\n<meta property=\"og:title\" content=\"Protecci\u00f3n de Datos - Loeser Schleifmaschinen\" \/>\n<meta property=\"og:description\" content=\"Protecci\u00f3n de Datos El organismo responsable en el sentido de las leyes de protecci\u00f3n de datos, en particular el Reglamento General de Protecci\u00f3n de Datos (GDPR) de la UE, es: Waldemar Loeser GmbH &amp; Co. KG, Siemensstr. 9, 67346 Speyer Tel\u00e9fono 06232 87593-0Correo electr\u00f3nico: info@wloeser.com Sus derechos como sujeto de datos Puede ejercer los siguientes [&hellip;]\" \/>\n<meta property=\"og:url\" content=\"https:\/\/www.wloeser.com\/es\/proteccion-de-datos\/\" \/>\n<meta property=\"og:site_name\" content=\"Loeser Schleifmaschinen\" \/>\n<meta property=\"article:modified_time\" content=\"2023-06-12T14:23:03+00:00\" \/>\n<meta name=\"twitter:card\" content=\"summary_large_image\" \/>\n<meta name=\"twitter:label1\" content=\"Tiempo de lectura\" \/>\n\t<meta name=\"twitter:data1\" content=\"6 minutos\" \/>\n<script type=\"application\/ld+json\" class=\"yoast-schema-graph\">{\"@context\":\"https:\/\/schema.org\",\"@graph\":[{\"@type\":\"WebPage\",\"@id\":\"https:\/\/www.wloeser.com\/es\/proteccion-de-datos\/\",\"url\":\"https:\/\/www.wloeser.com\/es\/proteccion-de-datos\/\",\"name\":\"Protecci\u00f3n de Datos - Loeser Schleifmaschinen\",\"isPartOf\":{\"@id\":\"https:\/\/www.wloeser.com\/es\/#website\"},\"datePublished\":\"2023-02-20T11:11:16+00:00\",\"dateModified\":\"2023-06-12T14:23:03+00:00\",\"breadcrumb\":{\"@id\":\"https:\/\/www.wloeser.com\/es\/proteccion-de-datos\/#breadcrumb\"},\"inLanguage\":\"es\",\"potentialAction\":[{\"@type\":\"ReadAction\",\"target\":[\"https:\/\/www.wloeser.com\/es\/proteccion-de-datos\/\"]}]},{\"@type\":\"BreadcrumbList\",\"@id\":\"https:\/\/www.wloeser.com\/es\/proteccion-de-datos\/#breadcrumb\",\"itemListElement\":[{\"@type\":\"ListItem\",\"position\":1,\"name\":\"P\u00e1gina de inicio\",\"item\":\"https:\/\/www.wloeser.com\/es\/\"},{\"@type\":\"ListItem\",\"position\":2,\"name\":\"Protecci\u00f3n de Datos\"}]},{\"@type\":\"WebSite\",\"@id\":\"https:\/\/www.wloeser.com\/es\/#website\",\"url\":\"https:\/\/www.wloeser.com\/es\/\",\"name\":\"Loeser Schleifmaschinen\",\"description\":\"\",\"publisher\":{\"@id\":\"https:\/\/www.wloeser.com\/es\/#organization\"},\"potentialAction\":[{\"@type\":\"SearchAction\",\"target\":{\"@type\":\"EntryPoint\",\"urlTemplate\":\"https:\/\/www.wloeser.com\/es\/?s={search_term_string}\"},\"query-input\":{\"@type\":\"PropertyValueSpecification\",\"valueRequired\":true,\"valueName\":\"search_term_string\"}}],\"inLanguage\":\"es\"},{\"@type\":\"Organization\",\"@id\":\"https:\/\/www.wloeser.com\/es\/#organization\",\"name\":\"Loeser Schleifmaschinen\",\"url\":\"https:\/\/www.wloeser.com\/es\/\",\"logo\":{\"@type\":\"ImageObject\",\"inLanguage\":\"es\",\"@id\":\"https:\/\/www.wloeser.com\/es\/#\/schema\/logo\/image\/\",\"url\":\"https:\/\/www.wloeser.com\/wp-content\/uploads\/2023\/03\/cropped-loeser-logo-2023.jpg\",\"contentUrl\":\"https:\/\/www.wloeser.com\/wp-content\/uploads\/2023\/03\/cropped-loeser-logo-2023.jpg\",\"width\":500,\"height\":238,\"caption\":\"Loeser Schleifmaschinen\"},\"image\":{\"@id\":\"https:\/\/www.wloeser.com\/es\/#\/schema\/logo\/image\/\"}}]}<\/script>\n<!-- \/ Yoast SEO plugin. -->","yoast_head_json":{"title":"Protecci\u00f3n de Datos - Loeser Schleifmaschinen","robots":{"index":"index","follow":"follow","max-snippet":"max-snippet:-1","max-image-preview":"max-image-preview:large","max-video-preview":"max-video-preview:-1"},"canonical":"https:\/\/www.wloeser.com\/es\/proteccion-de-datos\/","og_locale":"es_ES","og_type":"article","og_title":"Protecci\u00f3n de Datos - Loeser Schleifmaschinen","og_description":"Protecci\u00f3n de Datos El organismo responsable en el sentido de las leyes de protecci\u00f3n de datos, en particular el Reglamento General de Protecci\u00f3n de Datos (GDPR) de la UE, es: Waldemar Loeser GmbH &amp; Co. KG, Siemensstr. 9, 67346 Speyer Tel\u00e9fono 06232 87593-0Correo electr\u00f3nico: info@wloeser.com Sus derechos como sujeto de datos Puede ejercer los siguientes [&hellip;]","og_url":"https:\/\/www.wloeser.com\/es\/proteccion-de-datos\/","og_site_name":"Loeser Schleifmaschinen","article_modified_time":"2023-06-12T14:23:03+00:00","twitter_card":"summary_large_image","twitter_misc":{"Tiempo de lectura":"6 minutos"},"schema":{"@context":"https:\/\/schema.org","@graph":[{"@type":"WebPage","@id":"https:\/\/www.wloeser.com\/es\/proteccion-de-datos\/","url":"https:\/\/www.wloeser.com\/es\/proteccion-de-datos\/","name":"Protecci\u00f3n de Datos - Loeser Schleifmaschinen","isPartOf":{"@id":"https:\/\/www.wloeser.com\/es\/#website"},"datePublished":"2023-02-20T11:11:16+00:00","dateModified":"2023-06-12T14:23:03+00:00","breadcrumb":{"@id":"https:\/\/www.wloeser.com\/es\/proteccion-de-datos\/#breadcrumb"},"inLanguage":"es","potentialAction":[{"@type":"ReadAction","target":["https:\/\/www.wloeser.com\/es\/proteccion-de-datos\/"]}]},{"@type":"BreadcrumbList","@id":"https:\/\/www.wloeser.com\/es\/proteccion-de-datos\/#breadcrumb","itemListElement":[{"@type":"ListItem","position":1,"name":"P\u00e1gina de inicio","item":"https:\/\/www.wloeser.com\/es\/"},{"@type":"ListItem","position":2,"name":"Protecci\u00f3n de Datos"}]},{"@type":"WebSite","@id":"https:\/\/www.wloeser.com\/es\/#website","url":"https:\/\/www.wloeser.com\/es\/","name":"Loeser Schleifmaschinen","description":"","publisher":{"@id":"https:\/\/www.wloeser.com\/es\/#organization"},"potentialAction":[{"@type":"SearchAction","target":{"@type":"EntryPoint","urlTemplate":"https:\/\/www.wloeser.com\/es\/?s={search_term_string}"},"query-input":{"@type":"PropertyValueSpecification","valueRequired":true,"valueName":"search_term_string"}}],"inLanguage":"es"},{"@type":"Organization","@id":"https:\/\/www.wloeser.com\/es\/#organization","name":"Loeser Schleifmaschinen","url":"https:\/\/www.wloeser.com\/es\/","logo":{"@type":"ImageObject","inLanguage":"es","@id":"https:\/\/www.wloeser.com\/es\/#\/schema\/logo\/image\/","url":"https:\/\/www.wloeser.com\/wp-content\/uploads\/2023\/03\/cropped-loeser-logo-2023.jpg","contentUrl":"https:\/\/www.wloeser.com\/wp-content\/uploads\/2023\/03\/cropped-loeser-logo-2023.jpg","width":500,"height":238,"caption":"Loeser Schleifmaschinen"},"image":{"@id":"https:\/\/www.wloeser.com\/es\/#\/schema\/logo\/image\/"}}]}},"_links":{"self":[{"href":"https:\/\/www.wloeser.com\/es\/wp-json\/wp\/v2\/pages\/12322","targetHints":{"allow":["GET"]}}],"collection":[{"href":"https:\/\/www.wloeser.com\/es\/wp-json\/wp\/v2\/pages"}],"about":[{"href":"https:\/\/www.wloeser.com\/es\/wp-json\/wp\/v2\/types\/page"}],"author":[{"embeddable":true,"href":"https:\/\/www.wloeser.com\/es\/wp-json\/wp\/v2\/users\/1"}],"replies":[{"embeddable":true,"href":"https:\/\/www.wloeser.com\/es\/wp-json\/wp\/v2\/comments?post=12322"}],"version-history":[{"count":1,"href":"https:\/\/www.wloeser.com\/es\/wp-json\/wp\/v2\/pages\/12322\/revisions"}],"predecessor-version":[{"id":12325,"href":"https:\/\/www.wloeser.com\/es\/wp-json\/wp\/v2\/pages\/12322\/revisions\/12325"}],"wp:attachment":[{"href":"https:\/\/www.wloeser.com\/es\/wp-json\/wp\/v2\/media?parent=12322"}],"curies":[{"name":"wp","href":"https:\/\/api.w.org\/{rel}","templated":true}]}}