{"id":12293,"date":"2023-04-05T14:11:27","date_gmt":"2023-04-05T12:11:27","guid":{"rendered":"https:\/\/loeser.createch-media.com\/?page_id=12293"},"modified":"2023-06-12T13:56:00","modified_gmt":"2023-06-12T11:56:00","slug":"imprimir","status":"publish","type":"page","link":"https:\/\/www.wloeser.com\/es\/imprimir\/","title":{"rendered":"Imprimir"},"content":{"rendered":"\n<h1 class=\"wp-block-heading has-text-align-center\">Imprimir<\/h1>\n\n\n\n<div class=\"wp-block-stackable-columns stk-block-columns stk-block stk-92e7a8a\" data-block-id=\"92e7a8a\"><div class=\"stk-row stk-inner-blocks stk-block-content stk-content-align stk-92e7a8a-column\">\n<div class=\"wp-block-stackable-column stk-block-column stk-block-column--v3 stk-column stk-block-column--v2 stk-block stk-888984d\" data-block-id=\"888984d\"><div class=\"stk-column-wrapper stk-block-column__content stk-container stk-888984d-container stk--no-background stk--no-padding\"><div class=\"stk-block-content stk-inner-blocks stk-888984d-inner-blocks\">\n<h2 class=\"wp-block-heading\">Seg\u00fan el \u00a7 5 TMG:<\/h2>\n<\/div><\/div><\/div>\n<\/div><\/div>\n\n\n\n<p><strong>Waldemar Loeser GmbH &amp; Co. KG<\/strong><\/p>\n\n\n\n<p>Siemensstr. 9<br>67346 Speyer<\/p>\n\n\n\n<p>Tel\u00e9fono 06232 87593-0<br>Fax 06232 87593-10<\/p>\n\n\n\n<p>Correo electr\u00f3nico: info(arroba)wloeser.com<br>Internet: www.wloeser.com<\/p>\n\n\n\n<p><strong>Director general: <\/strong>Thomas L\u00f6ser<\/p>\n\n\n\n<p>Tribunal de registro: tribunal de distrito de Ludwigshafen<br>N\u00famero de registro: HR A 1617<\/p>\n\n\n\n<p>N\u00famero de identificaci\u00f3n fiscal sobre las ventas: DE 811600448<\/p>\n\n\n\n<p>Esta impresi\u00f3n tambi\u00e9n se aplica a nuestra presencia en Facebook en https:\/\/www.facebook.com\/wloeserkg<\/p>\n\n\n\n<div style=\"height:1px\" aria-hidden=\"true\" class=\"wp-block-spacer\"><\/div>\n\n\n\n<h2 class=\"wp-block-heading\">Im\u00e1genes utilizadas<\/h2>\n\n\n\n<p>2966189 &#8211; schaufeln einer turbine eines flugzeugs, Startseite (Header &#8211; Bild Turbine), \u00a9 fotolium &#8211; Fotolia.com<\/p>\n\n\n\n<p>54113901 &#8211; Metal Pipes, Startseite (Header &#8211; Bild Rohre), \u00a9 md3d &#8211; Fotolia.com<\/p>\n","protected":false},"excerpt":{"rendered":"<p>Imprimir Seg\u00fan el \u00a7 5 TMG: Waldemar Loeser GmbH &amp; Co. KG Siemensstr. 967346 Speyer Tel\u00e9fono 06232 87593-0Fax 06232 87593-10 Correo electr\u00f3nico: info(arroba)wloeser.comInternet: www.wloeser.com Director general: Thomas L\u00f6ser Tribunal de registro: tribunal de distrito de LudwigshafenN\u00famero de registro: HR A 1617 N\u00famero de identificaci\u00f3n fiscal sobre las ventas: DE 811600448 Esta impresi\u00f3n tambi\u00e9n se aplica [&hellip;]<\/p>\n","protected":false},"author":1,"featured_media":0,"parent":0,"menu_order":0,"comment_status":"closed","ping_status":"closed","template":"templates\/template-full-width.php","meta":{"pgc_sgb_lightbox_settings":"","footnotes":""},"class_list":["post-12293","page","type-page","status-publish","hentry"],"yoast_head":"<!-- This site is optimized with the Yoast SEO plugin v26.8 - https:\/\/yoast.com\/product\/yoast-seo-wordpress\/ -->\n<title>Imprimir - Loeser Schleifmaschinen<\/title>\n<meta name=\"robots\" content=\"index, follow, max-snippet:-1, max-image-preview:large, max-video-preview:-1\" \/>\n<link rel=\"canonical\" href=\"https:\/\/www.wloeser.com\/es\/imprimir\/\" \/>\n<meta property=\"og:locale\" content=\"es_ES\" \/>\n<meta property=\"og:type\" content=\"article\" \/>\n<meta property=\"og:title\" content=\"Imprimir - Loeser Schleifmaschinen\" \/>\n<meta property=\"og:description\" content=\"Imprimir Seg\u00fan el \u00a7 5 TMG: Waldemar Loeser GmbH &amp; Co. KG Siemensstr. 967346 Speyer Tel\u00e9fono 06232 87593-0Fax 06232 87593-10 Correo electr\u00f3nico: info(arroba)wloeser.comInternet: www.wloeser.com Director general: Thomas L\u00f6ser Tribunal de registro: tribunal de distrito de LudwigshafenN\u00famero de registro: HR A 1617 N\u00famero de identificaci\u00f3n fiscal sobre las ventas: DE 811600448 Esta impresi\u00f3n tambi\u00e9n se aplica [&hellip;]\" \/>\n<meta property=\"og:url\" content=\"https:\/\/www.wloeser.com\/es\/imprimir\/\" \/>\n<meta property=\"og:site_name\" content=\"Loeser Schleifmaschinen\" \/>\n<meta property=\"article:modified_time\" content=\"2023-06-12T11:56:00+00:00\" \/>\n<meta name=\"twitter:card\" content=\"summary_large_image\" \/>\n<meta name=\"twitter:label1\" content=\"Tiempo de lectura\" \/>\n\t<meta name=\"twitter:data1\" content=\"1 minuto\" \/>\n<script type=\"application\/ld+json\" class=\"yoast-schema-graph\">{\"@context\":\"https:\/\/schema.org\",\"@graph\":[{\"@type\":\"WebPage\",\"@id\":\"https:\/\/www.wloeser.com\/es\/imprimir\/\",\"url\":\"https:\/\/www.wloeser.com\/es\/imprimir\/\",\"name\":\"Imprimir - Loeser Schleifmaschinen\",\"isPartOf\":{\"@id\":\"https:\/\/www.wloeser.com\/es\/#website\"},\"datePublished\":\"2023-04-05T12:11:27+00:00\",\"dateModified\":\"2023-06-12T11:56:00+00:00\",\"breadcrumb\":{\"@id\":\"https:\/\/www.wloeser.com\/es\/imprimir\/#breadcrumb\"},\"inLanguage\":\"es\",\"potentialAction\":[{\"@type\":\"ReadAction\",\"target\":[\"https:\/\/www.wloeser.com\/es\/imprimir\/\"]}]},{\"@type\":\"BreadcrumbList\",\"@id\":\"https:\/\/www.wloeser.com\/es\/imprimir\/#breadcrumb\",\"itemListElement\":[{\"@type\":\"ListItem\",\"position\":1,\"name\":\"P\u00e1gina de inicio\",\"item\":\"https:\/\/www.wloeser.com\/es\/\"},{\"@type\":\"ListItem\",\"position\":2,\"name\":\"Imprimir\"}]},{\"@type\":\"WebSite\",\"@id\":\"https:\/\/www.wloeser.com\/es\/#website\",\"url\":\"https:\/\/www.wloeser.com\/es\/\",\"name\":\"Loeser Schleifmaschinen\",\"description\":\"\",\"publisher\":{\"@id\":\"https:\/\/www.wloeser.com\/es\/#organization\"},\"potentialAction\":[{\"@type\":\"SearchAction\",\"target\":{\"@type\":\"EntryPoint\",\"urlTemplate\":\"https:\/\/www.wloeser.com\/es\/?s={search_term_string}\"},\"query-input\":{\"@type\":\"PropertyValueSpecification\",\"valueRequired\":true,\"valueName\":\"search_term_string\"}}],\"inLanguage\":\"es\"},{\"@type\":\"Organization\",\"@id\":\"https:\/\/www.wloeser.com\/es\/#organization\",\"name\":\"Loeser Schleifmaschinen\",\"url\":\"https:\/\/www.wloeser.com\/es\/\",\"logo\":{\"@type\":\"ImageObject\",\"inLanguage\":\"es\",\"@id\":\"https:\/\/www.wloeser.com\/es\/#\/schema\/logo\/image\/\",\"url\":\"https:\/\/www.wloeser.com\/wp-content\/uploads\/2023\/03\/cropped-loeser-logo-2023.jpg\",\"contentUrl\":\"https:\/\/www.wloeser.com\/wp-content\/uploads\/2023\/03\/cropped-loeser-logo-2023.jpg\",\"width\":500,\"height\":238,\"caption\":\"Loeser Schleifmaschinen\"},\"image\":{\"@id\":\"https:\/\/www.wloeser.com\/es\/#\/schema\/logo\/image\/\"}}]}<\/script>\n<!-- \/ Yoast SEO plugin. -->","yoast_head_json":{"title":"Imprimir - Loeser Schleifmaschinen","robots":{"index":"index","follow":"follow","max-snippet":"max-snippet:-1","max-image-preview":"max-image-preview:large","max-video-preview":"max-video-preview:-1"},"canonical":"https:\/\/www.wloeser.com\/es\/imprimir\/","og_locale":"es_ES","og_type":"article","og_title":"Imprimir - Loeser Schleifmaschinen","og_description":"Imprimir Seg\u00fan el \u00a7 5 TMG: Waldemar Loeser GmbH &amp; Co. KG Siemensstr. 967346 Speyer Tel\u00e9fono 06232 87593-0Fax 06232 87593-10 Correo electr\u00f3nico: info(arroba)wloeser.comInternet: www.wloeser.com Director general: Thomas L\u00f6ser Tribunal de registro: tribunal de distrito de LudwigshafenN\u00famero de registro: HR A 1617 N\u00famero de identificaci\u00f3n fiscal sobre las ventas: DE 811600448 Esta impresi\u00f3n tambi\u00e9n se aplica [&hellip;]","og_url":"https:\/\/www.wloeser.com\/es\/imprimir\/","og_site_name":"Loeser Schleifmaschinen","article_modified_time":"2023-06-12T11:56:00+00:00","twitter_card":"summary_large_image","twitter_misc":{"Tiempo de lectura":"1 minuto"},"schema":{"@context":"https:\/\/schema.org","@graph":[{"@type":"WebPage","@id":"https:\/\/www.wloeser.com\/es\/imprimir\/","url":"https:\/\/www.wloeser.com\/es\/imprimir\/","name":"Imprimir - Loeser Schleifmaschinen","isPartOf":{"@id":"https:\/\/www.wloeser.com\/es\/#website"},"datePublished":"2023-04-05T12:11:27+00:00","dateModified":"2023-06-12T11:56:00+00:00","breadcrumb":{"@id":"https:\/\/www.wloeser.com\/es\/imprimir\/#breadcrumb"},"inLanguage":"es","potentialAction":[{"@type":"ReadAction","target":["https:\/\/www.wloeser.com\/es\/imprimir\/"]}]},{"@type":"BreadcrumbList","@id":"https:\/\/www.wloeser.com\/es\/imprimir\/#breadcrumb","itemListElement":[{"@type":"ListItem","position":1,"name":"P\u00e1gina de inicio","item":"https:\/\/www.wloeser.com\/es\/"},{"@type":"ListItem","position":2,"name":"Imprimir"}]},{"@type":"WebSite","@id":"https:\/\/www.wloeser.com\/es\/#website","url":"https:\/\/www.wloeser.com\/es\/","name":"Loeser Schleifmaschinen","description":"","publisher":{"@id":"https:\/\/www.wloeser.com\/es\/#organization"},"potentialAction":[{"@type":"SearchAction","target":{"@type":"EntryPoint","urlTemplate":"https:\/\/www.wloeser.com\/es\/?s={search_term_string}"},"query-input":{"@type":"PropertyValueSpecification","valueRequired":true,"valueName":"search_term_string"}}],"inLanguage":"es"},{"@type":"Organization","@id":"https:\/\/www.wloeser.com\/es\/#organization","name":"Loeser Schleifmaschinen","url":"https:\/\/www.wloeser.com\/es\/","logo":{"@type":"ImageObject","inLanguage":"es","@id":"https:\/\/www.wloeser.com\/es\/#\/schema\/logo\/image\/","url":"https:\/\/www.wloeser.com\/wp-content\/uploads\/2023\/03\/cropped-loeser-logo-2023.jpg","contentUrl":"https:\/\/www.wloeser.com\/wp-content\/uploads\/2023\/03\/cropped-loeser-logo-2023.jpg","width":500,"height":238,"caption":"Loeser Schleifmaschinen"},"image":{"@id":"https:\/\/www.wloeser.com\/es\/#\/schema\/logo\/image\/"}}]}},"_links":{"self":[{"href":"https:\/\/www.wloeser.com\/es\/wp-json\/wp\/v2\/pages\/12293","targetHints":{"allow":["GET"]}}],"collection":[{"href":"https:\/\/www.wloeser.com\/es\/wp-json\/wp\/v2\/pages"}],"about":[{"href":"https:\/\/www.wloeser.com\/es\/wp-json\/wp\/v2\/types\/page"}],"author":[{"embeddable":true,"href":"https:\/\/www.wloeser.com\/es\/wp-json\/wp\/v2\/users\/1"}],"replies":[{"embeddable":true,"href":"https:\/\/www.wloeser.com\/es\/wp-json\/wp\/v2\/comments?post=12293"}],"version-history":[{"count":1,"href":"https:\/\/www.wloeser.com\/es\/wp-json\/wp\/v2\/pages\/12293\/revisions"}],"predecessor-version":[{"id":12301,"href":"https:\/\/www.wloeser.com\/es\/wp-json\/wp\/v2\/pages\/12293\/revisions\/12301"}],"wp:attachment":[{"href":"https:\/\/www.wloeser.com\/es\/wp-json\/wp\/v2\/media?parent=12293"}],"curies":[{"name":"wp","href":"https:\/\/api.w.org\/{rel}","templated":true}]}}