{"id":11539,"date":"2023-02-20T15:21:12","date_gmt":"2023-02-20T14:21:12","guid":{"rendered":"https:\/\/loeser.createch-media.com\/?page_id=11539"},"modified":"2026-01-21T11:15:08","modified_gmt":"2026-01-21T10:15:08","slug":"la-empresa","status":"publish","type":"page","link":"https:\/\/www.wloeser.com\/es\/la-empresa\/","title":{"rendered":"La empresa"},"content":{"rendered":"\n<h1 class=\"wp-block-heading animated zoomIn\">La empresa<\/h1>\n\n\n\n<div class=\"wp-block-stackable-columns stk-block-columns stk-block stk-d036b1f animated zoomIn\" data-block-id=\"d036b1f\"><div class=\"stk-row stk-inner-blocks stk-block-content stk-content-align stk-d036b1f-column\">\n<div class=\"wp-block-stackable-column stk-block-column stk-column stk-block stk-a9f2eb8\" data-v=\"4\" data-block-id=\"a9f2eb8\"><style>.stk-a9f2eb8-container{margin-left:0px !important;}@media screen and (min-width: 768px){.stk-a9f2eb8 {flex:var(--stk-flex-grow, 1) 1 66.7% !important;}}<\/style><div class=\"stk-column-wrapper stk-block-column__content stk-container stk-a9f2eb8-container stk--no-background stk--no-padding\"><div class=\"stk-block-content stk-inner-blocks stk-a9f2eb8-inner-blocks\">\n<p>Loeser es uno de los mayores y m\u00e1s competentes proveedores de la gama completa de tecnolog\u00eda de rectificado de cinta en Alemania. Siempre que se trate de mejorar superficies, Loeser es su poderoso socio para resolver sus problemas de rectificado.<\/p>\n\n\n\n<p>Adem\u00e1s de nuestras propias rectificadoras, contamos con el programa completo de Dynabrade y siempre tenemos cientos de m\u00e1quinas y sus repuestos en stock.<\/p>\n\n\n\n<p>Productos sobresalientes, empleados altamente calificados y el compromiso del fundador de la empresa de \u00abproducir solo lo que otros no pueden ofrecer mejor\u00bb nos hacen ser lo que somos.<\/p>\n<\/div><\/div><\/div>\n\n\n\n<div class=\"wp-block-stackable-column stk-block-column stk-column stk-block stk-7333df4\" data-v=\"4\" data-block-id=\"7333df4\"><style>@media screen and (min-width: 768px){.stk-7333df4 {flex:var(--stk-flex-grow, 1) 1 33.3% !important;}}<\/style><div class=\"stk-column-wrapper stk-block-column__content stk-container stk-7333df4-container stk--no-background stk--no-padding\"><div class=\"stk-block-content stk-inner-blocks stk-7333df4-inner-blocks\">\n<figure class=\"wp-block-image size-large\"><img loading=\"lazy\" decoding=\"async\" width=\"903\" height=\"1024\" src=\"https:\/\/www.wloeser.com\/wp-content\/uploads\/2023\/05\/Eingang-loeser-s-903x1024.jpg\" alt=\"Eingang Waldemar Loeser GmbH &amp; Co. KG\" class=\"wp-image-5908\" srcset=\"https:\/\/www.wloeser.com\/wp-content\/uploads\/2023\/05\/Eingang-loeser-s-903x1024.jpg 903w, https:\/\/www.wloeser.com\/wp-content\/uploads\/2023\/05\/Eingang-loeser-s-265x300.jpg 265w, https:\/\/www.wloeser.com\/wp-content\/uploads\/2023\/05\/Eingang-loeser-s-768x871.jpg 768w, https:\/\/www.wloeser.com\/wp-content\/uploads\/2023\/05\/Eingang-loeser-s-1200x1361.jpg 1200w, https:\/\/www.wloeser.com\/wp-content\/uploads\/2023\/05\/Eingang-loeser-s.jpg 1300w\" sizes=\"auto, (max-width: 903px) 100vw, 903px\" \/><\/figure>\n<\/div><\/div><\/div>\n<\/div><\/div>\n\n\n\n<div class=\"wp-block-stackable-columns stk-block-columns stk-block stk-ec8dc79\" data-block-id=\"ec8dc79\"><div class=\"stk-row stk-inner-blocks stk-block-content stk-content-align stk-ec8dc79-column\">\n<div class=\"wp-block-stackable-column stk-block-column stk-column stk-block stk-c92d56a\" data-v=\"4\" data-block-id=\"c92d56a\"><div class=\"stk-column-wrapper stk-block-column__content stk-container stk-c92d56a-container stk--no-background stk--no-padding\"><div class=\"stk-block-content stk-inner-blocks stk-c92d56a-inner-blocks\"><\/div><\/div><\/div>\n<\/div><\/div>\n\n\n\n<div class=\"wp-block-stackable-divider stk-block-divider stk-block stk-60ae79b\" data-block-id=\"60ae79b\"><hr class=\"stk-block-divider__hr\"\/><\/div>\n\n\n\n<h2 class=\"wp-block-heading has-text-align-left animated zoomIn\">Servicio de reparaci\u00f3n de amoladoras Dynabrade y 3M<\/h2>\n\n\n\n<div class=\"wp-block-stackable-columns stk-block-columns stk-block stk-e271d6b animated zoomIn\" data-block-id=\"e271d6b\"><div class=\"stk-row stk-inner-blocks stk-block-content stk-content-align stk-e271d6b-column\">\n<div class=\"wp-block-stackable-column stk-block-column stk-column stk-block stk-0fff0d2\" data-v=\"4\" data-block-id=\"0fff0d2\"><style>.stk-0fff0d2-container{margin-left:0px !important;}@media screen and (min-width: 768px){.stk-0fff0d2 {flex:var(--stk-flex-grow, 1) 1 calc(66.7% - var(--stk-column-gap, 0px) * 1 \/ 2 ) !important;}}<\/style><div class=\"stk-column-wrapper stk-block-column__content stk-container stk-0fff0d2-container stk--no-background stk--no-padding\"><div class=\"stk-block-content stk-inner-blocks stk-0fff0d2-inner-blocks\">\n<p><strong>\u00a1Tenemos 38 a\u00f1os de experiencia en reparaci\u00f3n de m\u00e1quinas Dynabrade!<\/strong><\/p>\n<\/div><\/div><\/div>\n\n\n\n<div class=\"wp-block-stackable-column stk-block-column stk-column stk-block stk-42c4182\" data-v=\"4\" data-block-id=\"42c4182\"><style>@media screen and (min-width: 768px){.stk-42c4182 {flex:var(--stk-flex-grow, 1) 1 calc(33.3% - var(--stk-column-gap, 0px) * 1 \/ 2 ) !important;}}<\/style><div class=\"stk-column-wrapper stk-block-column__content stk-container stk-42c4182-container stk--no-background stk--no-padding\"><div class=\"stk-block-content stk-inner-blocks stk-42c4182-inner-blocks\"><\/div><\/div><\/div>\n<\/div><\/div>\n\n\n\n<div class=\"wp-block-stackable-columns stk-block-columns stk-block stk-b5ea372 animated zoomIn\" data-block-id=\"b5ea372\"><div class=\"stk-row stk-inner-blocks stk-block-content stk-content-align stk-b5ea372-column\">\n<div class=\"wp-block-stackable-column stk-block-column stk-column stk-block stk-edc6111\" data-v=\"4\" data-block-id=\"edc6111\"><style>.stk-edc6111-container{margin-left:0px !important;}@media screen and (min-width: 768px){.stk-edc6111 {flex:var(--stk-flex-grow, 1) 1 66.7% !important;}}<\/style><div class=\"stk-column-wrapper stk-block-column__content stk-container stk-edc6111-container stk--no-background stk--no-padding\"><div class=\"stk-block-content stk-inner-blocks stk-edc6111-inner-blocks\">\n<h4 class=\"wp-block-heading\">Gama de servicios Servicio de reparaci\u00f3n para amoladoras Dynabrade y 3M:<\/h4>\n\n\n\n<div class=\"wp-block-stackable-icon-list stk-block-icon-list stk-block stk-d1ed66b\" data-block-id=\"d1ed66b\"><style>.stk-d1ed66b .stk-block-icon-list-item__content{gap:9px !important;align-items:baseline !important;}.stk-d1ed66b {--stk-icon-list-column-gap:0px !important;--stk-icon-list-row-gap:15px !important;--stk-icon-list-marker-color:#2c4f95 !important;--stk-icon-list-icon-size:12.5px !important;}.stk-d1ed66b ul, .stk-d1ed66b ol{padding-left:20px !important;}<\/style><svg style=\"display:none\"><defs><g id=\"stk-icon-list__icon-svg-def-d1ed66b\"><svg aria-hidden=\"true\" focusable=\"false\" data-prefix=\"fas\" data-icon=\"dot-circle\" class=\"svg-inline--fa fa-dot-circle fa-w-16\" role=\"img\" xmlns=\"http:\/\/www.w3.org\/2000\/svg\" viewBox=\"0 0 512 512\"><path fill=\"currentColor\" d=\"M256 8C119.033 8 8 119.033 8 256s111.033 248 248 248 248-111.033 248-248S392.967 8 256 8zm80 248c0 44.112-35.888 80-80 80s-80-35.888-80-80 35.888-80 80-80 80 35.888 80 80z\"><\/path><\/svg><\/g><\/defs><\/svg><div class=\"stk-block-icon-list__ul stk-block-icon-list--column\"><ul class=\"stk-block-icon-list__group\">\n<li class=\"wp-block-stackable-icon-list-item stk-block-icon-list-item stk-block stk-253d120\" data-block-id=\"253d120\"><div class=\"stk-block-icon-list-item__content\"><span class=\"stk--svg-wrapper\"><div class=\"stk--inner-svg\"><svg aria-hidden=\"true\" width=\"32\" height=\"32\"><use xlink:href=\"#stk-icon-list__icon-svg-def-d1ed66b\"><\/use><\/svg><\/div><\/span><span class=\"stk-block-icon-list-item__text\">Almacenamiento de piezas<\/span><\/div><\/li>\n\n\n\n<li class=\"wp-block-stackable-icon-list-item stk-block-icon-list-item stk-block stk-7dafece\" data-block-id=\"7dafece\"><div class=\"stk-block-icon-list-item__content\"><span class=\"stk--svg-wrapper\"><div class=\"stk--inner-svg\"><svg aria-hidden=\"true\" width=\"32\" height=\"32\"><use xlink:href=\"#stk-icon-list__icon-svg-def-d1ed66b\"><\/use><\/svg><\/div><\/span><span class=\"stk-block-icon-list-item__text\">Costo estimado<\/span><\/div><\/li>\n\n\n\n<li class=\"wp-block-stackable-icon-list-item stk-block-icon-list-item stk-block stk-fdf4179\" data-block-id=\"fdf4179\"><div class=\"stk-block-icon-list-item__content\"><span class=\"stk--svg-wrapper\"><div class=\"stk--inner-svg\"><svg aria-hidden=\"true\" width=\"32\" height=\"32\"><use xlink:href=\"#stk-icon-list__icon-svg-def-d1ed66b\"><\/use><\/svg><\/div><\/span><span class=\"stk-block-icon-list-item__text\">Limpieza por dispositivo ultras\u00f3nico<\/span><\/div><\/li>\n\n\n\n<li class=\"wp-block-stackable-icon-list-item stk-block-icon-list-item stk-block stk-3c89352\" data-block-id=\"3c89352\"><div class=\"stk-block-icon-list-item__content\"><span class=\"stk--svg-wrapper\"><div class=\"stk--inner-svg\"><svg aria-hidden=\"true\" width=\"32\" height=\"32\"><use xlink:href=\"#stk-icon-list__icon-svg-def-d1ed66b\"><\/use><\/svg><\/div><\/span><span class=\"stk-block-icon-list-item__text\">servicio r\u00e1pido<\/span><\/div><\/li>\n<\/ul><\/div><\/div>\n<\/div><\/div><\/div>\n\n\n\n<div class=\"wp-block-stackable-column stk-block-column stk-column stk-block stk-e26ad3f\" data-v=\"4\" data-block-id=\"e26ad3f\"><style>@media screen and (min-width: 768px){.stk-e26ad3f {flex:var(--stk-flex-grow, 1) 1 33.3% !important;}}<\/style><div class=\"stk-column-wrapper stk-block-column__content stk-container stk-e26ad3f-container stk--no-background stk--no-padding\"><div class=\"stk-block-content stk-inner-blocks stk-e26ad3f-inner-blocks\">\n<figure class=\"wp-block-image size-full\"><img loading=\"lazy\" decoding=\"async\" width=\"220\" height=\"147\" src=\"https:\/\/www.wloeser.com\/wp-content\/uploads\/2023\/05\/csm_dynabrade-logo_401e498b03.jpg\" alt=\"\" class=\"wp-image-2875\"\/><\/figure>\n\n\n\n<figure class=\"wp-block-image size-full\"><img loading=\"lazy\" decoding=\"async\" width=\"220\" height=\"137\" src=\"https:\/\/www.wloeser.com\/wp-content\/uploads\/2023\/05\/csm_3mlogo_eb85894518.gif\" alt=\"\" class=\"wp-image-2880\"\/><\/figure>\n<\/div><\/div><\/div>\n<\/div><\/div>\n","protected":false},"excerpt":{"rendered":"<p>La empresa Loeser es uno de los mayores y m\u00e1s competentes proveedores de la gama completa de tecnolog\u00eda de rectificado de cinta en Alemania. Siempre que se trate de mejorar superficies, Loeser es su poderoso socio para resolver sus problemas de rectificado. Adem\u00e1s de nuestras propias rectificadoras, contamos con el programa completo de Dynabrade y [&hellip;]<\/p>\n","protected":false},"author":1,"featured_media":0,"parent":0,"menu_order":0,"comment_status":"closed","ping_status":"closed","template":"templates\/template-full-width.php","meta":{"pgc_sgb_lightbox_settings":"","footnotes":""},"class_list":["post-11539","page","type-page","status-publish","hentry"],"yoast_head":"<!-- This site is optimized with the Yoast SEO plugin v26.8 - https:\/\/yoast.com\/product\/yoast-seo-wordpress\/ -->\n<title>La empresa - Loeser Schleifmaschinen<\/title>\n<meta name=\"description\" content=\"Loeser es una empresa l\u00edder en Alemania y uno de los mayores proveedores de tecnolog\u00eda de rectificado de cinta.\" \/>\n<meta name=\"robots\" content=\"index, follow, max-snippet:-1, max-image-preview:large, max-video-preview:-1\" \/>\n<link rel=\"canonical\" href=\"https:\/\/www.wloeser.com\/es\/la-empresa\/\" \/>\n<meta property=\"og:locale\" content=\"es_ES\" \/>\n<meta property=\"og:type\" content=\"article\" \/>\n<meta property=\"og:title\" content=\"La empresa - Loeser Schleifmaschinen\" \/>\n<meta property=\"og:description\" content=\"Loeser es una empresa l\u00edder en Alemania y uno de los mayores proveedores de tecnolog\u00eda de rectificado de cinta.\" \/>\n<meta property=\"og:url\" content=\"https:\/\/www.wloeser.com\/es\/la-empresa\/\" \/>\n<meta property=\"og:site_name\" content=\"Loeser Schleifmaschinen\" \/>\n<meta property=\"article:modified_time\" content=\"2026-01-21T10:15:08+00:00\" \/>\n<meta property=\"og:image\" content=\"https:\/\/www.wloeser.com\/wp-content\/uploads\/2023\/05\/Eingang-loeser-s.jpg\" \/>\n\t<meta property=\"og:image:width\" content=\"1300\" \/>\n\t<meta property=\"og:image:height\" content=\"1474\" \/>\n\t<meta property=\"og:image:type\" content=\"image\/jpeg\" \/>\n<meta name=\"twitter:card\" content=\"summary_large_image\" \/>\n<meta name=\"twitter:label1\" content=\"Tiempo de lectura\" \/>\n\t<meta name=\"twitter:data1\" content=\"2 minutos\" \/>\n<script type=\"application\/ld+json\" class=\"yoast-schema-graph\">{\"@context\":\"https:\/\/schema.org\",\"@graph\":[{\"@type\":\"WebPage\",\"@id\":\"https:\/\/www.wloeser.com\/es\/la-empresa\/\",\"url\":\"https:\/\/www.wloeser.com\/es\/la-empresa\/\",\"name\":\"La empresa - Loeser Schleifmaschinen\",\"isPartOf\":{\"@id\":\"https:\/\/www.wloeser.com\/es\/#website\"},\"primaryImageOfPage\":{\"@id\":\"https:\/\/www.wloeser.com\/es\/la-empresa\/#primaryimage\"},\"image\":{\"@id\":\"https:\/\/www.wloeser.com\/es\/la-empresa\/#primaryimage\"},\"thumbnailUrl\":\"https:\/\/www.wloeser.com\/wp-content\/uploads\/2023\/05\/Eingang-loeser-s-903x1024.jpg\",\"datePublished\":\"2023-02-20T14:21:12+00:00\",\"dateModified\":\"2026-01-21T10:15:08+00:00\",\"description\":\"Loeser es una empresa l\u00edder en Alemania y uno de los mayores proveedores de tecnolog\u00eda de rectificado de cinta.\",\"breadcrumb\":{\"@id\":\"https:\/\/www.wloeser.com\/es\/la-empresa\/#breadcrumb\"},\"inLanguage\":\"es\",\"potentialAction\":[{\"@type\":\"ReadAction\",\"target\":[\"https:\/\/www.wloeser.com\/es\/la-empresa\/\"]}]},{\"@type\":\"ImageObject\",\"inLanguage\":\"es\",\"@id\":\"https:\/\/www.wloeser.com\/es\/la-empresa\/#primaryimage\",\"url\":\"https:\/\/www.wloeser.com\/wp-content\/uploads\/2023\/05\/Eingang-loeser-s-903x1024.jpg\",\"contentUrl\":\"https:\/\/www.wloeser.com\/wp-content\/uploads\/2023\/05\/Eingang-loeser-s-903x1024.jpg\"},{\"@type\":\"BreadcrumbList\",\"@id\":\"https:\/\/www.wloeser.com\/es\/la-empresa\/#breadcrumb\",\"itemListElement\":[{\"@type\":\"ListItem\",\"position\":1,\"name\":\"P\u00e1gina de inicio\",\"item\":\"https:\/\/www.wloeser.com\/es\/\"},{\"@type\":\"ListItem\",\"position\":2,\"name\":\"La empresa\"}]},{\"@type\":\"WebSite\",\"@id\":\"https:\/\/www.wloeser.com\/es\/#website\",\"url\":\"https:\/\/www.wloeser.com\/es\/\",\"name\":\"Loeser Schleifmaschinen\",\"description\":\"\",\"publisher\":{\"@id\":\"https:\/\/www.wloeser.com\/es\/#organization\"},\"potentialAction\":[{\"@type\":\"SearchAction\",\"target\":{\"@type\":\"EntryPoint\",\"urlTemplate\":\"https:\/\/www.wloeser.com\/es\/?s={search_term_string}\"},\"query-input\":{\"@type\":\"PropertyValueSpecification\",\"valueRequired\":true,\"valueName\":\"search_term_string\"}}],\"inLanguage\":\"es\"},{\"@type\":\"Organization\",\"@id\":\"https:\/\/www.wloeser.com\/es\/#organization\",\"name\":\"Loeser Schleifmaschinen\",\"url\":\"https:\/\/www.wloeser.com\/es\/\",\"logo\":{\"@type\":\"ImageObject\",\"inLanguage\":\"es\",\"@id\":\"https:\/\/www.wloeser.com\/es\/#\/schema\/logo\/image\/\",\"url\":\"https:\/\/www.wloeser.com\/wp-content\/uploads\/2023\/03\/cropped-loeser-logo-2023.jpg\",\"contentUrl\":\"https:\/\/www.wloeser.com\/wp-content\/uploads\/2023\/03\/cropped-loeser-logo-2023.jpg\",\"width\":500,\"height\":238,\"caption\":\"Loeser Schleifmaschinen\"},\"image\":{\"@id\":\"https:\/\/www.wloeser.com\/es\/#\/schema\/logo\/image\/\"}}]}<\/script>\n<!-- \/ Yoast SEO plugin. -->","yoast_head_json":{"title":"La empresa - Loeser Schleifmaschinen","description":"Loeser es una empresa l\u00edder en Alemania y uno de los mayores proveedores de tecnolog\u00eda de rectificado de cinta.","robots":{"index":"index","follow":"follow","max-snippet":"max-snippet:-1","max-image-preview":"max-image-preview:large","max-video-preview":"max-video-preview:-1"},"canonical":"https:\/\/www.wloeser.com\/es\/la-empresa\/","og_locale":"es_ES","og_type":"article","og_title":"La empresa - Loeser Schleifmaschinen","og_description":"Loeser es una empresa l\u00edder en Alemania y uno de los mayores proveedores de tecnolog\u00eda de rectificado de cinta.","og_url":"https:\/\/www.wloeser.com\/es\/la-empresa\/","og_site_name":"Loeser Schleifmaschinen","article_modified_time":"2026-01-21T10:15:08+00:00","og_image":[{"width":1300,"height":1474,"url":"https:\/\/www.wloeser.com\/wp-content\/uploads\/2023\/05\/Eingang-loeser-s.jpg","type":"image\/jpeg"}],"twitter_card":"summary_large_image","twitter_misc":{"Tiempo de lectura":"2 minutos"},"schema":{"@context":"https:\/\/schema.org","@graph":[{"@type":"WebPage","@id":"https:\/\/www.wloeser.com\/es\/la-empresa\/","url":"https:\/\/www.wloeser.com\/es\/la-empresa\/","name":"La empresa - Loeser Schleifmaschinen","isPartOf":{"@id":"https:\/\/www.wloeser.com\/es\/#website"},"primaryImageOfPage":{"@id":"https:\/\/www.wloeser.com\/es\/la-empresa\/#primaryimage"},"image":{"@id":"https:\/\/www.wloeser.com\/es\/la-empresa\/#primaryimage"},"thumbnailUrl":"https:\/\/www.wloeser.com\/wp-content\/uploads\/2023\/05\/Eingang-loeser-s-903x1024.jpg","datePublished":"2023-02-20T14:21:12+00:00","dateModified":"2026-01-21T10:15:08+00:00","description":"Loeser es una empresa l\u00edder en Alemania y uno de los mayores proveedores de tecnolog\u00eda de rectificado de cinta.","breadcrumb":{"@id":"https:\/\/www.wloeser.com\/es\/la-empresa\/#breadcrumb"},"inLanguage":"es","potentialAction":[{"@type":"ReadAction","target":["https:\/\/www.wloeser.com\/es\/la-empresa\/"]}]},{"@type":"ImageObject","inLanguage":"es","@id":"https:\/\/www.wloeser.com\/es\/la-empresa\/#primaryimage","url":"https:\/\/www.wloeser.com\/wp-content\/uploads\/2023\/05\/Eingang-loeser-s-903x1024.jpg","contentUrl":"https:\/\/www.wloeser.com\/wp-content\/uploads\/2023\/05\/Eingang-loeser-s-903x1024.jpg"},{"@type":"BreadcrumbList","@id":"https:\/\/www.wloeser.com\/es\/la-empresa\/#breadcrumb","itemListElement":[{"@type":"ListItem","position":1,"name":"P\u00e1gina de inicio","item":"https:\/\/www.wloeser.com\/es\/"},{"@type":"ListItem","position":2,"name":"La empresa"}]},{"@type":"WebSite","@id":"https:\/\/www.wloeser.com\/es\/#website","url":"https:\/\/www.wloeser.com\/es\/","name":"Loeser Schleifmaschinen","description":"","publisher":{"@id":"https:\/\/www.wloeser.com\/es\/#organization"},"potentialAction":[{"@type":"SearchAction","target":{"@type":"EntryPoint","urlTemplate":"https:\/\/www.wloeser.com\/es\/?s={search_term_string}"},"query-input":{"@type":"PropertyValueSpecification","valueRequired":true,"valueName":"search_term_string"}}],"inLanguage":"es"},{"@type":"Organization","@id":"https:\/\/www.wloeser.com\/es\/#organization","name":"Loeser Schleifmaschinen","url":"https:\/\/www.wloeser.com\/es\/","logo":{"@type":"ImageObject","inLanguage":"es","@id":"https:\/\/www.wloeser.com\/es\/#\/schema\/logo\/image\/","url":"https:\/\/www.wloeser.com\/wp-content\/uploads\/2023\/03\/cropped-loeser-logo-2023.jpg","contentUrl":"https:\/\/www.wloeser.com\/wp-content\/uploads\/2023\/03\/cropped-loeser-logo-2023.jpg","width":500,"height":238,"caption":"Loeser Schleifmaschinen"},"image":{"@id":"https:\/\/www.wloeser.com\/es\/#\/schema\/logo\/image\/"}}]}},"_links":{"self":[{"href":"https:\/\/www.wloeser.com\/es\/wp-json\/wp\/v2\/pages\/11539","targetHints":{"allow":["GET"]}}],"collection":[{"href":"https:\/\/www.wloeser.com\/es\/wp-json\/wp\/v2\/pages"}],"about":[{"href":"https:\/\/www.wloeser.com\/es\/wp-json\/wp\/v2\/types\/page"}],"author":[{"embeddable":true,"href":"https:\/\/www.wloeser.com\/es\/wp-json\/wp\/v2\/users\/1"}],"replies":[{"embeddable":true,"href":"https:\/\/www.wloeser.com\/es\/wp-json\/wp\/v2\/comments?post=11539"}],"version-history":[{"count":7,"href":"https:\/\/www.wloeser.com\/es\/wp-json\/wp\/v2\/pages\/11539\/revisions"}],"predecessor-version":[{"id":22079,"href":"https:\/\/www.wloeser.com\/es\/wp-json\/wp\/v2\/pages\/11539\/revisions\/22079"}],"wp:attachment":[{"href":"https:\/\/www.wloeser.com\/es\/wp-json\/wp\/v2\/media?parent=11539"}],"curies":[{"name":"wp","href":"https:\/\/api.w.org\/{rel}","templated":true}]}}